{"id":8068,"date":"2024-11-12T22:10:39","date_gmt":"2024-11-12T21:10:39","guid":{"rendered":"https:\/\/tempsetor.be\/galerie\/?post_type=product&#038;p=8068"},"modified":"2024-11-12T22:13:31","modified_gmt":"2024-11-12T21:13:31","slug":"montre-hommes-festina-calendrier-titane-bleu-f20698-2","status":"publish","type":"product","link":"https:\/\/tempsetor.be\/galerie\/produit\/montre-hommes-festina-calendrier-titane-bleu-f20698-2\/","title":{"rendered":"Montre hommes &#8211; Festina &#8211; Calendrier &#8211; Titane bleu- F20698\/2"},"content":{"rendered":"<p>La montre pour homme Festina F20698\/2 allie modernit\u00e9 et \u00e9l\u00e9gance avec son bo\u00eetier et bracelet en titane, connus pour leur l\u00e9g\u00e8ret\u00e9, r\u00e9sistance aux chocs et propri\u00e9t\u00e9s anallergiques. Ce mod\u00e8le est dot\u00e9 d\u2019un verre min\u00e9ral et d\u2019un mouvement japonais quartz Miyota Gr02, avec un calendrier int\u00e9gr\u00e9. \u00c9tanche jusqu&#8217;\u00e0 10 ATM, elle se distingue par son excellent rapport qualit\u00e9-prix<\/p>\n","protected":false},"excerpt":{"rendered":"<p><img loading=\"lazy\" decoding=\"async\" class=\"wp-image-4096 size-full alignleft\" src=\"https:\/\/tempsetor.be\/galerie\/wp-content\/uploads\/2018\/11\/festina.png\" alt=\"logo Festina\" width=\"150\" height=\"92\" srcset=\"https:\/\/tempsetor.be\/galerie\/wp-content\/uploads\/2018\/11\/festina.png 150w, https:\/\/tempsetor.be\/galerie\/wp-content\/uploads\/2018\/11\/festina-50x31.png 50w, https:\/\/tempsetor.be\/galerie\/wp-content\/uploads\/2018\/11\/festina-122x75.png 122w\" sizes=\"auto, (max-width:767px) 150px, 150px\" \/><\/p>\n<p>La montre Festina F20698\/2 pour homme est une pi\u00e8ce de la collection &#8220;Calendrier&#8221; qui incarne \u00e0 merveille l\u2019esprit de la marque : \u00e9l\u00e9gance et modernit\u00e9 accessibles. Fabriqu\u00e9e avec un bo\u00eetier et un bracelet en titane, cette montre se d\u00e9marque par la l\u00e9g\u00e8ret\u00e9 et la r\u00e9sistance de ce mat\u00e9riau anallergique et anticorrosion, particuli\u00e8rement appr\u00e9ci\u00e9 pour sa durabilit\u00e9 et son confort.<\/p>\n<p>Avec un diam\u00e8tre de 43 mm et une \u00e9paisseur de 10,5 mm, le bo\u00eetier rond et le verre min\u00e9ral prot\u00e8gent un cadran gris \u00e9pur\u00e9, agr\u00e9ment\u00e9 de trois aiguilles fines et pr\u00e9cises. Ce mod\u00e8le embarque un mouvement quartz japonais Miyota Gr02, reconnu pour sa fiabilit\u00e9, et fonctionne gr\u00e2ce \u00e0 une pile Sr621sw. Dot\u00e9e d&#8217;une fonction calendrier, la Festina F20698\/2 est \u00e9tanche jusqu&#8217;\u00e0 10 ATM, ce qui permet de la porter au quotidien sans se soucier des \u00e9claboussures ou m\u00eame d&#8217;une immersion accidentelle.<\/p>\n<p>Ce mod\u00e8le, avec ses nuances grises et m\u00e9talliques, saura s\u00e9duire les amateurs de montres sobres et \u00e9l\u00e9gantes. Au prix de 149\u20ac, la Festina F20698\/1 est un choix id\u00e9al pour les hommes \u00e0 la recherche d\u2019un accessoire de qualit\u00e9, fonctionnel et esth\u00e9tique, \u00e0 un prix raisonnable.<\/p>\n<p>D\u00e9j\u00e0 garanties 2 ans, la bijouterie <strong>Temps &amp; OR<\/strong> vous apporte une confiance suppl\u00e9mentaire pour ces produits. Selon vos besoins, ces montres peuvent \u00eatre \u00e9galement r\u00e9serv\u00e9es \u00e0 la bijouterie. La mise \u00e0 mesure offerte ainsi qu&#8217;un emballage cadeau vous y seront propos\u00e9s.<\/p>\n<p><div class=\"alert alert_error\"><div class=\"alert_icon\"><svg viewBox=\"0 0 28 28\"><defs><style>.path{fill:none;stroke:#000;stroke-miterlimit:10;stroke-width:1.5px;}<\/style><\/defs><g><circle cx=\"14\" cy=\"20\" r=\"0.33\" class=\"path\"\/><line x1=\"14\" y1=\"8.72\" x2=\"14\" y2=\"16.72\" class=\"path\"\/><path d=\"M12.6,3.42,1.54,22.58A1.61,1.61,0,0,0,2.93,25H25.07a1.61,1.61,0,0,0,1.39-2.42L15.4,3.42A1.61,1.61,0,0,0,12.6,3.42Z\" class=\"path\"\/><\/g><\/svg><\/div><div class=\"alert_wrapper\">Le montant affich\u00e9 peut \u00eatre modifi\u00e9 par le fournisseur sans que nous en soyons inform\u00e9s. Une diff\u00e9rence entre le prix affich\u00e9 ici et en magasin reste possible.<\/div><a href=\"#\" class=\"close mfn-close-icon\"><span class=\"icon\">\u2715<\/span><\/a><\/div>\n<div class=\"alert alert_info\"><div class=\"alert_icon\"><svg viewBox=\"0 0 28 28\"><defs><style>.path{fill:none;stroke:#000;stroke-miterlimit:10;stroke-width:1.5px;}<\/style><\/defs><g><circle class=\"path\" cx=\"14\" cy=\"14\" r=\"12\"\/><path class=\"path\" d=\"M11.2,9.12a3.4,3.4,0,0,1,3-1.69,2.84,2.84,0,0,1,3,2.76,3.16,3.16,0,0,1-.84,2.23c-.63.74-1.58,1.18-2.19,1.88a1,1,0,0,0-.26.64v2.32\"\/><circle class=\"path\" cx=\"14\" cy=\"20\" r=\"0.33\"\/><\/g><\/svg><\/div><div class=\"alert_wrapper\">Faites vos demandes particuli\u00e8res ou passez votre commande via ce formulaire <\/div><a href=\"#\" class=\"close mfn-close-icon\"><span class=\"icon\">\u2715<\/span><\/a><\/div>\n <a class=\"button  button_size_3\" href=\"https:\/\/tempsetor.be\/galerie\/ma-commande\/\"     target=\"_blank\"    title=\"\"><span class=\"button_label\">&gt; Formulaire<\/span><\/a>\n<\/p>\n","protected":false},"featured_media":8070,"template":"","meta":{"_monsterinsights_skip_tracking":false,"_monsterinsights_sitenote_active":false,"_monsterinsights_sitenote_note":"","_monsterinsights_sitenote_category":0},"product_brand":[],"product_cat":[795,40,39],"product_tag":[],"class_list":{"0":"post-8068","1":"product","2":"type-product","3":"status-publish","4":"has-post-thumbnail","6":"product_cat-festina-hommes","7":"product_cat-montres-hommes","8":"product_cat-hommes","10":"first","11":"instock","12":"shipping-taxable","13":"purchasable","14":"product-type-simple"},"_links":{"self":[{"href":"https:\/\/tempsetor.be\/galerie\/wp-json\/wp\/v2\/product\/8068","targetHints":{"allow":["GET"]}}],"collection":[{"href":"https:\/\/tempsetor.be\/galerie\/wp-json\/wp\/v2\/product"}],"about":[{"href":"https:\/\/tempsetor.be\/galerie\/wp-json\/wp\/v2\/types\/product"}],"wp:featuredmedia":[{"embeddable":true,"href":"https:\/\/tempsetor.be\/galerie\/wp-json\/wp\/v2\/media\/8070"}],"wp:attachment":[{"href":"https:\/\/tempsetor.be\/galerie\/wp-json\/wp\/v2\/media?parent=8068"}],"wp:term":[{"taxonomy":"product_brand","embeddable":true,"href":"https:\/\/tempsetor.be\/galerie\/wp-json\/wp\/v2\/product_brand?post=8068"},{"taxonomy":"product_cat","embeddable":true,"href":"https:\/\/tempsetor.be\/galerie\/wp-json\/wp\/v2\/product_cat?post=8068"},{"taxonomy":"product_tag","embeddable":true,"href":"https:\/\/tempsetor.be\/galerie\/wp-json\/wp\/v2\/product_tag?post=8068"}],"curies":[{"name":"wp","href":"https:\/\/api.w.org\/{rel}","templated":true}]}}