{"id":8071,"date":"2024-11-12T22:22:21","date_gmt":"2024-11-12T21:22:21","guid":{"rendered":"https:\/\/tempsetor.be\/galerie\/?post_type=product&#038;p=8071"},"modified":"2024-11-12T22:26:30","modified_gmt":"2024-11-12T21:26:30","slug":"montre-hommes-festina-calendrier-titane-gris-f20696-2","status":"publish","type":"product","link":"https:\/\/tempsetor.be\/galerie\/produit\/montre-hommes-festina-calendrier-titane-gris-f20696-2\/","title":{"rendered":"Montre hommes &#8211; Festina &#8211; Calendrier &#8211; Titane gris &#8211; F20696\/2"},"content":{"rendered":"<p>La montre pour homme Festina F20696\/2, au bo\u00eetier et bracelet en titane, allie design moderne et fonctionnalit\u00e9. Son bo\u00eetier rond de 41 mm, ses 10 ATM d&#8217;\u00e9tanch\u00e9it\u00e9 et son mouvement quartz japonais Miyota 2315 en font une montre r\u00e9sistante et \u00e9l\u00e9gante. Elle est parfaite pour les hommes \u00e0 la recherche d\u2019un mod\u00e8le \u00e0 la fois l\u00e9ger et robuste<\/p>\n","protected":false},"excerpt":{"rendered":"<p><img loading=\"lazy\" decoding=\"async\" class=\"wp-image-4096 size-full alignleft\" src=\"https:\/\/tempsetor.be\/galerie\/wp-content\/uploads\/2018\/11\/festina.png\" alt=\"logo Festina\" width=\"150\" height=\"92\" srcset=\"https:\/\/tempsetor.be\/galerie\/wp-content\/uploads\/2018\/11\/festina.png 150w, https:\/\/tempsetor.be\/galerie\/wp-content\/uploads\/2018\/11\/festina-50x31.png 50w, https:\/\/tempsetor.be\/galerie\/wp-content\/uploads\/2018\/11\/festina-122x75.png 122w\" sizes=\"auto, (max-width:767px) 150px, 150px\" \/><\/p>\n<p>La montre Festina F20696\/2 pour homme est une pi\u00e8ce remarquable de la collection &#8220;Calendrier&#8221;, qui incarne parfaitement l&#8217;essence de la marque Festina : un subtil m\u00e9lange de modernit\u00e9 et d&#8217;\u00e9l\u00e9gance intemporelle. Avec un bo\u00eetier et un bracelet en titane, mat\u00e9riau l\u00e9ger et anallergique, ce mod\u00e8le est id\u00e9al pour les hommes qui recherchent confort et durabilit\u00e9. Le titane, appr\u00e9ci\u00e9 pour sa r\u00e9sistance aux chocs et \u00e0 la corrosion, apporte une touche contemporaine et sophistiqu\u00e9e, reconnaissable \u00e0 sa teinte gris fonc\u00e9.<\/p>\n<p>Cette montre pr\u00e9sente un bo\u00eetier rond de 41 mm de diam\u00e8tre et une \u00e9paisseur de 11,7 mm, id\u00e9al pour un look raffin\u00e9 sans exc\u00e8s. Son cadran gris, prot\u00e9g\u00e9 par un verre min\u00e9ral, est \u00e9quip\u00e9 de trois aiguilles fines pour une lecture pr\u00e9cise de l\u2019heure et de la date. Dot\u00e9e du mouvement quartz japonais Miyota 2315, elle est fiable et \u00e9conome en \u00e9nergie, aliment\u00e9e par une pile Sr626sw.<\/p>\n<p>Avec une \u00e9tanch\u00e9it\u00e9 \u00e0 10 ATM, la Festina F20696\/2 est parfaitement adapt\u00e9e \u00e0 un usage quotidien, r\u00e9sistant aux \u00e9claboussures et aux immersions occasionnelles. Cette montre au style \u00e9pur\u00e9, propos\u00e9e \u00e0 139 \u20ac, est le choix id\u00e9al pour les hommes appr\u00e9ciant l\u2019\u00e9l\u00e9gance fonctionnelle et le design moderne \u00e0 un excellent rapport qualit\u00e9-prix.<\/p>\n<p>D\u00e9j\u00e0 garanties 2 ans, la bijouterie <strong>Temps &amp; OR<\/strong> vous apporte une confiance suppl\u00e9mentaire pour ces produits. Selon vos besoins, ces montres peuvent \u00eatre \u00e9galement r\u00e9serv\u00e9es \u00e0 la bijouterie. La mise \u00e0 mesure offerte ainsi qu&#8217;un emballage cadeau vous y seront propos\u00e9s.<\/p>\n<p><div class=\"alert alert_error\"><div class=\"alert_icon\"><svg viewBox=\"0 0 28 28\"><defs><style>.path{fill:none;stroke:#000;stroke-miterlimit:10;stroke-width:1.5px;}<\/style><\/defs><g><circle cx=\"14\" cy=\"20\" r=\"0.33\" class=\"path\"\/><line x1=\"14\" y1=\"8.72\" x2=\"14\" y2=\"16.72\" class=\"path\"\/><path d=\"M12.6,3.42,1.54,22.58A1.61,1.61,0,0,0,2.93,25H25.07a1.61,1.61,0,0,0,1.39-2.42L15.4,3.42A1.61,1.61,0,0,0,12.6,3.42Z\" class=\"path\"\/><\/g><\/svg><\/div><div class=\"alert_wrapper\">Le montant affich\u00e9 peut \u00eatre modifi\u00e9 par le fournisseur sans que nous en soyons inform\u00e9s. Une diff\u00e9rence entre le prix affich\u00e9 ici et en magasin reste possible.<\/div><a href=\"#\" class=\"close mfn-close-icon\"><span class=\"icon\">\u2715<\/span><\/a><\/div>\n<div class=\"alert alert_info\"><div class=\"alert_icon\"><svg viewBox=\"0 0 28 28\"><defs><style>.path{fill:none;stroke:#000;stroke-miterlimit:10;stroke-width:1.5px;}<\/style><\/defs><g><circle class=\"path\" cx=\"14\" cy=\"14\" r=\"12\"\/><path class=\"path\" d=\"M11.2,9.12a3.4,3.4,0,0,1,3-1.69,2.84,2.84,0,0,1,3,2.76,3.16,3.16,0,0,1-.84,2.23c-.63.74-1.58,1.18-2.19,1.88a1,1,0,0,0-.26.64v2.32\"\/><circle class=\"path\" cx=\"14\" cy=\"20\" r=\"0.33\"\/><\/g><\/svg><\/div><div class=\"alert_wrapper\">Faites vos demandes particuli\u00e8res ou passez votre commande via ce formulaire <\/div><a href=\"#\" class=\"close mfn-close-icon\"><span class=\"icon\">\u2715<\/span><\/a><\/div>\n <a class=\"button  button_size_3\" href=\"https:\/\/tempsetor.be\/galerie\/ma-commande\/\"     target=\"_blank\"    title=\"\"><span class=\"button_label\">&gt; Formulaire<\/span><\/a>\n<\/p>\n","protected":false},"featured_media":8072,"template":"","meta":{"_monsterinsights_skip_tracking":false,"_monsterinsights_sitenote_active":false,"_monsterinsights_sitenote_note":"","_monsterinsights_sitenote_category":0},"product_brand":[],"product_cat":[795,40,39],"product_tag":[],"class_list":{"0":"post-8071","1":"product","2":"type-product","3":"status-publish","4":"has-post-thumbnail","6":"product_cat-festina-hommes","7":"product_cat-montres-hommes","8":"product_cat-hommes","10":"first","11":"instock","12":"shipping-taxable","13":"purchasable","14":"product-type-simple"},"_links":{"self":[{"href":"https:\/\/tempsetor.be\/galerie\/wp-json\/wp\/v2\/product\/8071","targetHints":{"allow":["GET"]}}],"collection":[{"href":"https:\/\/tempsetor.be\/galerie\/wp-json\/wp\/v2\/product"}],"about":[{"href":"https:\/\/tempsetor.be\/galerie\/wp-json\/wp\/v2\/types\/product"}],"wp:featuredmedia":[{"embeddable":true,"href":"https:\/\/tempsetor.be\/galerie\/wp-json\/wp\/v2\/media\/8072"}],"wp:attachment":[{"href":"https:\/\/tempsetor.be\/galerie\/wp-json\/wp\/v2\/media?parent=8071"}],"wp:term":[{"taxonomy":"product_brand","embeddable":true,"href":"https:\/\/tempsetor.be\/galerie\/wp-json\/wp\/v2\/product_brand?post=8071"},{"taxonomy":"product_cat","embeddable":true,"href":"https:\/\/tempsetor.be\/galerie\/wp-json\/wp\/v2\/product_cat?post=8071"},{"taxonomy":"product_tag","embeddable":true,"href":"https:\/\/tempsetor.be\/galerie\/wp-json\/wp\/v2\/product_tag?post=8071"}],"curies":[{"name":"wp","href":"https:\/\/api.w.org\/{rel}","templated":true}]}}