{"id":8084,"date":"2024-11-12T23:36:44","date_gmt":"2024-11-12T22:36:44","guid":{"rendered":"https:\/\/tempsetor.be\/galerie\/?post_type=product&#038;p=8084"},"modified":"2024-11-12T23:43:06","modified_gmt":"2024-11-12T22:43:06","slug":"montre-hommes-festina-on-the-square-f20677-1","status":"publish","type":"product","link":"https:\/\/tempsetor.be\/galerie\/produit\/montre-hommes-festina-on-the-square-f20677-1\/","title":{"rendered":"Montre hommes &#8211; Festina &#8211; On the Square &#8211;  F20677\/1"},"content":{"rendered":"<p>L&#8217;\u00e9l\u00e9gance g\u00e9om\u00e9trique au masculin : la montre Festina F20678\/1 de la collection &#8220;On the Square&#8221; vous attend ! Avec son bo\u00eetier rectangulaire en acier inoxydable et un cadran gris sobre, elle allie style moderne et sophistication intemporelle. Prix : 119 \u20ac.<\/p>\n","protected":false},"excerpt":{"rendered":"<p><img loading=\"lazy\" decoding=\"async\" class=\"wp-image-4096 size-full alignleft\" src=\"https:\/\/tempsetor.be\/galerie\/wp-content\/uploads\/2018\/11\/festina.png\" alt=\"logo Festina\" width=\"150\" height=\"92\" srcset=\"https:\/\/tempsetor.be\/galerie\/wp-content\/uploads\/2018\/11\/festina.png 150w, https:\/\/tempsetor.be\/galerie\/wp-content\/uploads\/2018\/11\/festina-50x31.png 50w, https:\/\/tempsetor.be\/galerie\/wp-content\/uploads\/2018\/11\/festina-122x75.png 122w\" sizes=\"auto, (max-width:767px) 150px, 150px\" \/><\/p>\n<p>La montre Festina F20678\/1 pour homme de la collection &#8220;On the Square&#8221; est un mod\u00e8le qui associe le design moderne \u00e0 l&#8217;\u00e9l\u00e9gance intemporelle, avec un prix abordable de 119 \u20ac. Son bo\u00eetier rectangulaire en acier inoxydable de 9 mm d\u2019\u00e9paisseur et 0,36 mm de largeur est con\u00e7u pour un look audacieux et affirm\u00e9. Ce mod\u00e8le int\u00e8gre un cadran gris sobre, prot\u00e9g\u00e9 par un verre min\u00e9ral robuste, et son bracelet en acier inoxydable gris avec un fermoir d\u00e9ployant assure confort et durabilit\u00e9.<\/p>\n<p>Dot\u00e9e d&#8217;un mouvement quartz japonais Miyota GR12, cette montre garantit pr\u00e9cision et fiabilit\u00e9, avec une r\u00e9sistance \u00e0 l&#8217;eau jusqu&#8217;\u00e0 5 ATM, id\u00e9ale pour un usage quotidien. Sa fonctionnalit\u00e9 principale inclut un affichage des heures et des minutes, et elle est \u00e9quip\u00e9e d\u2019un calendrier.<\/p>\n<p>La collection &#8220;On the Square&#8221; se d\u00e9marque par ses lignes g\u00e9om\u00e9triques, un accent sur la simplicit\u00e9, et des d\u00e9tails \u00e9l\u00e9gants. Polyvalente, cette montre convient \u00e0 des occasions vari\u00e9es, qu&#8217;il s&#8217;agisse de r\u00e9unions d&#8217;affaires ou de sorties plus formelles, ajoutant une touche de raffinement intemporel \u00e0 votre look.<\/p>\n<p>D\u00e9j\u00e0 garanties 2 ans, la bijouterie <strong>Temps &amp; OR<\/strong> vous apporte une confiance suppl\u00e9mentaire pour ces produits. Selon vos besoins, ces montres peuvent \u00eatre \u00e9galement r\u00e9serv\u00e9es \u00e0 la bijouterie. La mise \u00e0 mesure offerte ainsi qu&#8217;un emballage cadeau vous y seront propos\u00e9s.<\/p>\n<p><div class=\"alert alert_error\"><div class=\"alert_icon\"><svg viewBox=\"0 0 28 28\"><defs><style>.path{fill:none;stroke:#000;stroke-miterlimit:10;stroke-width:1.5px;}<\/style><\/defs><g><circle cx=\"14\" cy=\"20\" r=\"0.33\" class=\"path\"\/><line x1=\"14\" y1=\"8.72\" x2=\"14\" y2=\"16.72\" class=\"path\"\/><path d=\"M12.6,3.42,1.54,22.58A1.61,1.61,0,0,0,2.93,25H25.07a1.61,1.61,0,0,0,1.39-2.42L15.4,3.42A1.61,1.61,0,0,0,12.6,3.42Z\" class=\"path\"\/><\/g><\/svg><\/div><div class=\"alert_wrapper\">Le montant affich\u00e9 peut \u00eatre modifi\u00e9 par le fournisseur sans que nous en soyons inform\u00e9s. Une diff\u00e9rence entre le prix affich\u00e9 ici et en magasin reste possible.<\/div><a href=\"#\" class=\"close mfn-close-icon\"><span class=\"icon\">\u2715<\/span><\/a><\/div>\n<div class=\"alert alert_info\"><div class=\"alert_icon\"><svg viewBox=\"0 0 28 28\"><defs><style>.path{fill:none;stroke:#000;stroke-miterlimit:10;stroke-width:1.5px;}<\/style><\/defs><g><circle class=\"path\" cx=\"14\" cy=\"14\" r=\"12\"\/><path class=\"path\" d=\"M11.2,9.12a3.4,3.4,0,0,1,3-1.69,2.84,2.84,0,0,1,3,2.76,3.16,3.16,0,0,1-.84,2.23c-.63.74-1.58,1.18-2.19,1.88a1,1,0,0,0-.26.64v2.32\"\/><circle class=\"path\" cx=\"14\" cy=\"20\" r=\"0.33\"\/><\/g><\/svg><\/div><div class=\"alert_wrapper\">Faites vos demandes particuli\u00e8res ou passez votre commande via ce formulaire <\/div><a href=\"#\" class=\"close mfn-close-icon\"><span class=\"icon\">\u2715<\/span><\/a><\/div>\n <a class=\"button  button_size_3\" href=\"https:\/\/tempsetor.be\/galerie\/ma-commande\/\"     target=\"_blank\"    title=\"\"><span class=\"button_label\">&gt; Formulaire<\/span><\/a>\n<\/p>\n","protected":false},"featured_media":8086,"template":"","meta":{"_monsterinsights_skip_tracking":false,"_monsterinsights_sitenote_active":false,"_monsterinsights_sitenote_note":"","_monsterinsights_sitenote_category":0},"product_brand":[],"product_cat":[795,40,39],"product_tag":[],"class_list":{"0":"post-8084","1":"product","2":"type-product","3":"status-publish","4":"has-post-thumbnail","6":"product_cat-festina-hommes","7":"product_cat-montres-hommes","8":"product_cat-hommes","10":"first","11":"instock","12":"shipping-taxable","13":"purchasable","14":"product-type-simple"},"_links":{"self":[{"href":"https:\/\/tempsetor.be\/galerie\/wp-json\/wp\/v2\/product\/8084","targetHints":{"allow":["GET"]}}],"collection":[{"href":"https:\/\/tempsetor.be\/galerie\/wp-json\/wp\/v2\/product"}],"about":[{"href":"https:\/\/tempsetor.be\/galerie\/wp-json\/wp\/v2\/types\/product"}],"wp:featuredmedia":[{"embeddable":true,"href":"https:\/\/tempsetor.be\/galerie\/wp-json\/wp\/v2\/media\/8086"}],"wp:attachment":[{"href":"https:\/\/tempsetor.be\/galerie\/wp-json\/wp\/v2\/media?parent=8084"}],"wp:term":[{"taxonomy":"product_brand","embeddable":true,"href":"https:\/\/tempsetor.be\/galerie\/wp-json\/wp\/v2\/product_brand?post=8084"},{"taxonomy":"product_cat","embeddable":true,"href":"https:\/\/tempsetor.be\/galerie\/wp-json\/wp\/v2\/product_cat?post=8084"},{"taxonomy":"product_tag","embeddable":true,"href":"https:\/\/tempsetor.be\/galerie\/wp-json\/wp\/v2\/product_tag?post=8084"}],"curies":[{"name":"wp","href":"https:\/\/api.w.org\/{rel}","templated":true}]}}