{"id":8091,"date":"2024-11-12T23:53:19","date_gmt":"2024-11-12T22:53:19","guid":{"rendered":"https:\/\/tempsetor.be\/galerie\/?post_type=product&#038;p=8091"},"modified":"2024-11-13T00:00:38","modified_gmt":"2024-11-12T23:00:38","slug":"montre-hommes-festina-timeless-chronograph-beige-f20705-2","status":"publish","type":"product","link":"https:\/\/tempsetor.be\/galerie\/produit\/montre-hommes-festina-timeless-chronograph-beige-f20705-2\/","title":{"rendered":"Montre hommes &#8211; Festina &#8211; TIMELESS CHRONOGRAPH &#8211; beige &#8211; F20705\/2"},"content":{"rendered":"<p>D\u00e9couvrez la montre Festina Timeless Chronograph F20705\/2 pour hommes, un bijou d\u2019\u00e9l\u00e9gance et de fonctionnalit\u00e9. Ce mod\u00e8le, au bo\u00eetier et bracelet en acier inoxydable dor\u00e9 et cadran beige, offre un chronographe pr\u00e9cis, un calendrier int\u00e9gr\u00e9, et une \u00e9tanch\u00e9it\u00e9 \u00e0 10 ATM. Parfaite pour les amateurs de sophistication au quotidien.<\/p>\n","protected":false},"excerpt":{"rendered":"<p><img loading=\"lazy\" decoding=\"async\" class=\"wp-image-4096 size-full alignleft\" src=\"https:\/\/tempsetor.be\/galerie\/wp-content\/uploads\/2018\/11\/festina.png\" alt=\"logo Festina\" width=\"150\" height=\"92\" srcset=\"https:\/\/tempsetor.be\/galerie\/wp-content\/uploads\/2018\/11\/festina.png 150w, https:\/\/tempsetor.be\/galerie\/wp-content\/uploads\/2018\/11\/festina-50x31.png 50w, https:\/\/tempsetor.be\/galerie\/wp-content\/uploads\/2018\/11\/festina-122x75.png 122w\" sizes=\"auto, (max-width:767px) 150px, 150px\" \/><\/p>\n<p>La montre Festina Timeless Chronograph F20705\/2 pour homme incarne l\u2019\u00e9l\u00e9gance et la modernit\u00e9 dans un design sophistiqu\u00e9. Avec son bo\u00eetier en acier inoxydable dor\u00e9 et un diam\u00e8tre de 45 mm, cette montre se d\u00e9marque par sa solidit\u00e9 et son allure audacieuse. Le cadran beige, prot\u00e9g\u00e9 par un verre min\u00e9ral, est orn\u00e9 de six aiguilles, int\u00e9grant un chronographe pr\u00e9cis et un calendrier, parfaits pour l\u2019homme qui recherche une montre \u00e9l\u00e9gante et fonctionnelle.<\/p>\n<p>Le bracelet dor\u00e9, large de 21.95 mm et \u00e9quip\u00e9 d\u2019un fermoir \u00e0 double bouton poussoir, garantit un confort et une s\u00e9curit\u00e9 renforc\u00e9s. Ce mod\u00e8le abrite un mouvement quartz japonais de haute pr\u00e9cision, le Miyota Js15, aliment\u00e9 par une batterie Sr621sw. Festina met un point d&#8217;honneur \u00e0 proposer des montres \u00e0 l\u2019excellent rapport qualit\u00e9-prix, et la collection Timeless Chronograph ne fait pas exception. \u00c9tanche jusqu&#8217;\u00e0 10 ATM, cette montre est un compagnon fiable en toutes circonstances, que ce soit pour le bureau ou des occasions sp\u00e9ciales.<\/p>\n<p>La Festina Timeless Chronograph F20705\/2 est bien plus qu&#8217;une montre : c&#8217;est un accessoire de style, id\u00e9al pour les hommes qui appr\u00e9cient les pi\u00e8ces \u00e0 la fois pratiques et \u00e9l\u00e9gantes.<\/p>\n<p>D\u00e9j\u00e0 garanties 2 ans, la bijouterie <strong>Temps &amp; OR<\/strong> vous apporte une confiance suppl\u00e9mentaire pour ces produits. Selon vos besoins, ces montres peuvent \u00eatre \u00e9galement r\u00e9serv\u00e9es \u00e0 la bijouterie. La mise \u00e0 mesure offerte ainsi qu&#8217;un emballage cadeau vous y seront propos\u00e9s.<\/p>\n<p><div class=\"alert alert_error\"><div class=\"alert_icon\"><svg viewBox=\"0 0 28 28\"><defs><style>.path{fill:none;stroke:#000;stroke-miterlimit:10;stroke-width:1.5px;}<\/style><\/defs><g><circle cx=\"14\" cy=\"20\" r=\"0.33\" class=\"path\"\/><line x1=\"14\" y1=\"8.72\" x2=\"14\" y2=\"16.72\" class=\"path\"\/><path d=\"M12.6,3.42,1.54,22.58A1.61,1.61,0,0,0,2.93,25H25.07a1.61,1.61,0,0,0,1.39-2.42L15.4,3.42A1.61,1.61,0,0,0,12.6,3.42Z\" class=\"path\"\/><\/g><\/svg><\/div><div class=\"alert_wrapper\">Le montant affich\u00e9 peut \u00eatre modifi\u00e9 par le fournisseur sans que nous en soyons inform\u00e9s. Une diff\u00e9rence entre le prix affich\u00e9 ici et en magasin reste possible.<\/div><a href=\"#\" class=\"close mfn-close-icon\"><span class=\"icon\">\u2715<\/span><\/a><\/div>\n<div class=\"alert alert_info\"><div class=\"alert_icon\"><svg viewBox=\"0 0 28 28\"><defs><style>.path{fill:none;stroke:#000;stroke-miterlimit:10;stroke-width:1.5px;}<\/style><\/defs><g><circle class=\"path\" cx=\"14\" cy=\"14\" r=\"12\"\/><path class=\"path\" d=\"M11.2,9.12a3.4,3.4,0,0,1,3-1.69,2.84,2.84,0,0,1,3,2.76,3.16,3.16,0,0,1-.84,2.23c-.63.74-1.58,1.18-2.19,1.88a1,1,0,0,0-.26.64v2.32\"\/><circle class=\"path\" cx=\"14\" cy=\"20\" r=\"0.33\"\/><\/g><\/svg><\/div><div class=\"alert_wrapper\">Faites vos demandes particuli\u00e8res ou passez votre commande via ce formulaire <\/div><a href=\"#\" class=\"close mfn-close-icon\"><span class=\"icon\">\u2715<\/span><\/a><\/div>\n <a class=\"button  button_size_3\" href=\"https:\/\/tempsetor.be\/galerie\/ma-commande\/\"     target=\"_blank\"    title=\"\"><span class=\"button_label\">&gt; Formulaire<\/span><\/a>\n<\/p>\n","protected":false},"featured_media":8092,"template":"","meta":{"_monsterinsights_skip_tracking":false,"_monsterinsights_sitenote_active":false,"_monsterinsights_sitenote_note":"","_monsterinsights_sitenote_category":0},"product_brand":[],"product_cat":[795,40,39],"product_tag":[],"class_list":{"0":"post-8091","1":"product","2":"type-product","3":"status-publish","4":"has-post-thumbnail","6":"product_cat-festina-hommes","7":"product_cat-montres-hommes","8":"product_cat-hommes","10":"first","11":"instock","12":"shipping-taxable","13":"purchasable","14":"product-type-simple"},"_links":{"self":[{"href":"https:\/\/tempsetor.be\/galerie\/wp-json\/wp\/v2\/product\/8091","targetHints":{"allow":["GET"]}}],"collection":[{"href":"https:\/\/tempsetor.be\/galerie\/wp-json\/wp\/v2\/product"}],"about":[{"href":"https:\/\/tempsetor.be\/galerie\/wp-json\/wp\/v2\/types\/product"}],"wp:featuredmedia":[{"embeddable":true,"href":"https:\/\/tempsetor.be\/galerie\/wp-json\/wp\/v2\/media\/8092"}],"wp:attachment":[{"href":"https:\/\/tempsetor.be\/galerie\/wp-json\/wp\/v2\/media?parent=8091"}],"wp:term":[{"taxonomy":"product_brand","embeddable":true,"href":"https:\/\/tempsetor.be\/galerie\/wp-json\/wp\/v2\/product_brand?post=8091"},{"taxonomy":"product_cat","embeddable":true,"href":"https:\/\/tempsetor.be\/galerie\/wp-json\/wp\/v2\/product_cat?post=8091"},{"taxonomy":"product_tag","embeddable":true,"href":"https:\/\/tempsetor.be\/galerie\/wp-json\/wp\/v2\/product_tag?post=8091"}],"curies":[{"name":"wp","href":"https:\/\/api.w.org\/{rel}","templated":true}]}}