{"id":8112,"date":"2024-11-15T15:26:54","date_gmt":"2024-11-15T14:26:54","guid":{"rendered":"https:\/\/tempsetor.be\/galerie\/?post_type=product&#038;p=8112"},"modified":"2024-11-15T15:34:05","modified_gmt":"2024-11-15T14:34:05","slug":"montre-hommes-hugo-boss-troper-automatique-1514202","status":"publish","type":"product","link":"https:\/\/tempsetor.be\/galerie\/produit\/montre-hommes-hugo-boss-troper-automatique-1514202\/","title":{"rendered":"Montre hommes &#8211; Hugo Boss &#8211; Troper &#8211; automatique &#8211; 1514202"},"content":{"rendered":"<p>La montre Hugo Boss Troper pour homme combine une m\u00e9canique automatique avec un design soign\u00e9. Son bo\u00eetier inox de 42 mm et son bracelet m\u00e9tallique argent\u00e9 lui conf\u00e8rent un style moderne et raffin\u00e9. Dot\u00e9e d\u2019un mouvement Miyota, cette montre assure une r\u00e9serve de marche de 42 heures et une \u00e9tanch\u00e9it\u00e9 de 10 ATM, id\u00e9ale pour la natation. Elle est livr\u00e9e avec une garantie de 2 ans.<\/p>\n","protected":false},"excerpt":{"rendered":"<p><img loading=\"lazy\" decoding=\"async\" class=\"alignleft size-full wp-image-3176\" src=\"https:\/\/tempsetor.be\/galerie\/wp-content\/uploads\/2017\/12\/Hugo-Boss-logo-e1512852406736.jpg\" alt=\"logo Hugo Boss\" width=\"151\" height=\"60\" \/><\/p>\n<p>La montre Hugo Boss Troper pour homme est une v\u00e9ritable fusion de technologie et d&#8217;\u00e9l\u00e9gance. Son bo\u00eetier inox de 42 mm de diam\u00e8tre, avec une \u00e9paisseur de 12,3 mm, est \u00e0 la fois solide et raffin\u00e9. Le bracelet m\u00e9tallique argent\u00e9 compl\u00e8te le design de la montre, apportant un look contemporain qui s\u2019adapte \u00e0 toutes les occasions.<\/p>\n<p>Le mod\u00e8le Troper est \u00e9quip\u00e9 d\u2019un mouvement m\u00e9canique automatique Miyota, offrant une pr\u00e9cision irr\u00e9prochable avec une r\u00e9serve de marche de 42 heures. Sa fr\u00e9quence de 21 600 oscillations par heure et ses 21 rubis assurent une performance optimale au quotidien. Le syst\u00e8me de mouvement m\u00e9canique est une belle alternative aux montres \u00e0 quartz, offrant une sensation authentique et une long\u00e9vit\u00e9 accrue.<\/p>\n<p>Le verre min\u00e9ral prot\u00e8ge le cadran noir, tandis que l\u2019\u00e9tanch\u00e9it\u00e9 de 10 ATM permet une utilisation sans souci dans des environnements aquatiques comme la natation. Avec sa boucle d\u00e9ployante \u00e0 boutons poussoirs et son bracelet ajustable, la montre s&#8217;adapte confortablement \u00e0 des poignets de 160 mm \u00e0 215 mm.<\/p>\n<p>D\u00e9j\u00e0 garanties 2 ans, le service apr\u00e8s-vente de la bijouterie <strong>Temps &amp; OR<\/strong> vous apporte une confiance suppl\u00e9mentaire pour ces produits. Selon vos besoins, ces montres peuvent \u00eatre \u00e9galement r\u00e9serv\u00e9es \u00e0 la bijouterie. La mise \u00e0 mesure offerte ainsi qu&#8217;un emballage cadeau vous y seront propos\u00e9s.<\/p>\n<p><div class=\"alert alert_error\"><div class=\"alert_icon\"><svg viewBox=\"0 0 28 28\"><defs><style>.path{fill:none;stroke:#000;stroke-miterlimit:10;stroke-width:1.5px;}<\/style><\/defs><g><circle cx=\"14\" cy=\"20\" r=\"0.33\" class=\"path\"\/><line x1=\"14\" y1=\"8.72\" x2=\"14\" y2=\"16.72\" class=\"path\"\/><path d=\"M12.6,3.42,1.54,22.58A1.61,1.61,0,0,0,2.93,25H25.07a1.61,1.61,0,0,0,1.39-2.42L15.4,3.42A1.61,1.61,0,0,0,12.6,3.42Z\" class=\"path\"\/><\/g><\/svg><\/div><div class=\"alert_wrapper\">Le montant affich\u00e9 peut \u00eatre modifi\u00e9 par le fournisseur sans que nous en soyons inform\u00e9s. Une diff\u00e9rence entre le prix affich\u00e9 ici et en magasin reste possible.<\/div><a href=\"#\" class=\"close mfn-close-icon\"><span class=\"icon\">\u2715<\/span><\/a><\/div>\n<div class=\"alert alert_info\"><div class=\"alert_icon\"><svg viewBox=\"0 0 28 28\"><defs><style>.path{fill:none;stroke:#000;stroke-miterlimit:10;stroke-width:1.5px;}<\/style><\/defs><g><circle class=\"path\" cx=\"14\" cy=\"14\" r=\"12\"\/><path class=\"path\" d=\"M11.2,9.12a3.4,3.4,0,0,1,3-1.69,2.84,2.84,0,0,1,3,2.76,3.16,3.16,0,0,1-.84,2.23c-.63.74-1.58,1.18-2.19,1.88a1,1,0,0,0-.26.64v2.32\"\/><circle class=\"path\" cx=\"14\" cy=\"20\" r=\"0.33\"\/><\/g><\/svg><\/div><div class=\"alert_wrapper\">Faites vos demandes particuli\u00e8res ou passez votre commande via ce formulaire <\/div><a href=\"#\" class=\"close mfn-close-icon\"><span class=\"icon\">\u2715<\/span><\/a><\/div>\n <a class=\"button  button_size_3\" href=\"https:\/\/tempsetor.be\/galerie\/ma-commande\/\"     target=\"_blank\"    title=\"\"><span class=\"button_label\">&gt; Formulaire<\/span><\/a>\n<\/p>\n","protected":false},"featured_media":8114,"template":"","meta":{"_monsterinsights_skip_tracking":false,"_monsterinsights_sitenote_active":false,"_monsterinsights_sitenote_note":"","_monsterinsights_sitenote_category":0},"product_brand":[],"product_cat":[64,40,39],"product_tag":[],"class_list":{"0":"post-8112","1":"product","2":"type-product","3":"status-publish","4":"has-post-thumbnail","6":"product_cat-boss-hommes","7":"product_cat-montres-hommes","8":"product_cat-hommes","10":"first","11":"instock","12":"shipping-taxable","13":"purchasable","14":"product-type-simple"},"_links":{"self":[{"href":"https:\/\/tempsetor.be\/galerie\/wp-json\/wp\/v2\/product\/8112","targetHints":{"allow":["GET"]}}],"collection":[{"href":"https:\/\/tempsetor.be\/galerie\/wp-json\/wp\/v2\/product"}],"about":[{"href":"https:\/\/tempsetor.be\/galerie\/wp-json\/wp\/v2\/types\/product"}],"wp:featuredmedia":[{"embeddable":true,"href":"https:\/\/tempsetor.be\/galerie\/wp-json\/wp\/v2\/media\/8114"}],"wp:attachment":[{"href":"https:\/\/tempsetor.be\/galerie\/wp-json\/wp\/v2\/media?parent=8112"}],"wp:term":[{"taxonomy":"product_brand","embeddable":true,"href":"https:\/\/tempsetor.be\/galerie\/wp-json\/wp\/v2\/product_brand?post=8112"},{"taxonomy":"product_cat","embeddable":true,"href":"https:\/\/tempsetor.be\/galerie\/wp-json\/wp\/v2\/product_cat?post=8112"},{"taxonomy":"product_tag","embeddable":true,"href":"https:\/\/tempsetor.be\/galerie\/wp-json\/wp\/v2\/product_tag?post=8112"}],"curies":[{"name":"wp","href":"https:\/\/api.w.org\/{rel}","templated":true}]}}