{"id":8139,"date":"2024-11-19T17:49:12","date_gmt":"2024-11-19T16:49:12","guid":{"rendered":"https:\/\/tempsetor.be\/galerie\/?post_type=product&#038;p=8139"},"modified":"2024-11-19T22:01:04","modified_gmt":"2024-11-19T21:01:04","slug":"montre-hommes-hugo-boss-skytraveller-1514161","status":"publish","type":"product","link":"https:\/\/tempsetor.be\/galerie\/produit\/montre-hommes-hugo-boss-skytraveller-1514161\/","title":{"rendered":"Montre hommes &#8211; Hugo Boss &#8211; Skytraveller &#8211; 1514161"},"content":{"rendered":"<p>D\u00e9couvrez la montre <strong>Hugo Boss Skytraveller<\/strong>, un chronographe \u00e9l\u00e9gant avec un bo\u00eetier en inox de 44 mm, un cadran argent\u00e9 et un bracelet en cuir brun. Dot\u00e9e d\u2019un mouvement Seiko Instruments Inc., elle est r\u00e9sistante \u00e0 l\u2019eau jusqu\u2019\u00e0 5 ATM. Disponible au prix de 299 \u20ac.<\/p>\n","protected":false},"excerpt":{"rendered":"<p><img loading=\"lazy\" decoding=\"async\" class=\"alignleft size-full wp-image-3176\" src=\"https:\/\/tempsetor.be\/galerie\/wp-content\/uploads\/2017\/12\/Hugo-Boss-logo-e1512852406736.jpg\" alt=\"logo Hugo Boss\" width=\"151\" height=\"60\" \/><\/p>\n<p>La <strong>Hugo Boss Skytraveller<\/strong> est bien plus qu\u2019une montre : c\u2019est une v\u00e9ritable d\u00e9claration de style. Cette pi\u00e8ce embl\u00e9matique de la collection Skytraveller combine design raffin\u00e9, performances avanc\u00e9es et confort au poignet.<\/p>\n<p>Le bo\u00eetier rond en inox, d\u2019un diam\u00e8tre de 44 mm et d\u2019une \u00e9paisseur de 10,9 mm, offre une pr\u00e9sence remarquable tout en restant parfaitement \u00e9quilibr\u00e9. Son cadran argent\u00e9, rehauss\u00e9 d\u2019aiguilles dor\u00e9es, capte la lumi\u00e8re avec \u00e9l\u00e9gance, tandis que le bracelet en cuir brun garantit un confort optimal et un ajustement pr\u00e9cis gr\u00e2ce \u00e0 son fermoir \u00e0 boucle.<\/p>\n<p>Sous son verre min\u00e9ral r\u00e9sistant se trouve un mouvement quartz Seiko Instruments Inc., synonyme de pr\u00e9cision et de fiabilit\u00e9. Ce chronographe sophistiqu\u00e9 propose des fonctionnalit\u00e9s avanc\u00e9es, id\u00e9ales pour les hommes qui exigent l\u2019excellence. Avec une r\u00e9sistance \u00e0 l\u2019eau de 5 ATM, elle est adapt\u00e9e \u00e0 un usage quotidien, m\u00eame sous la douche.<\/p>\n<p>Propos\u00e9e au prix de 299 \u20ac, la <strong>Hugo Boss Skytraveller<\/strong> incarne l\u2019alliance parfaite entre style et fonctionnalit\u00e9. Une montre qui s\u2019impose comme un choix incontournable pour l\u2019homme moderne.<\/p>\n<p>D\u00e9j\u00e0 garanties 2 ans, le service apr\u00e8s-vente de la bijouterie <strong>Temps &amp; OR<\/strong> vous apporte une confiance suppl\u00e9mentaire pour ces produits. Selon vos besoins, ces montres peuvent \u00eatre \u00e9galement r\u00e9serv\u00e9es \u00e0 la bijouterie. La mise \u00e0 mesure offerte ainsi qu&#8217;un emballage cadeau vous y seront propos\u00e9s.<\/p>\n<p><div class=\"alert alert_error\"><div class=\"alert_icon\"><svg viewBox=\"0 0 28 28\"><defs><style>.path{fill:none;stroke:#000;stroke-miterlimit:10;stroke-width:1.5px;}<\/style><\/defs><g><circle cx=\"14\" cy=\"20\" r=\"0.33\" class=\"path\"\/><line x1=\"14\" y1=\"8.72\" x2=\"14\" y2=\"16.72\" class=\"path\"\/><path d=\"M12.6,3.42,1.54,22.58A1.61,1.61,0,0,0,2.93,25H25.07a1.61,1.61,0,0,0,1.39-2.42L15.4,3.42A1.61,1.61,0,0,0,12.6,3.42Z\" class=\"path\"\/><\/g><\/svg><\/div><div class=\"alert_wrapper\">Le montant affich\u00e9 peut \u00eatre modifi\u00e9 par le fournisseur sans que nous en soyons inform\u00e9s. Une diff\u00e9rence entre le prix affich\u00e9 ici et en magasin reste possible.<\/div><a href=\"#\" class=\"close mfn-close-icon\"><span class=\"icon\">\u2715<\/span><\/a><\/div>\n<div class=\"alert alert_info\"><div class=\"alert_icon\"><svg viewBox=\"0 0 28 28\"><defs><style>.path{fill:none;stroke:#000;stroke-miterlimit:10;stroke-width:1.5px;}<\/style><\/defs><g><circle class=\"path\" cx=\"14\" cy=\"14\" r=\"12\"\/><path class=\"path\" d=\"M11.2,9.12a3.4,3.4,0,0,1,3-1.69,2.84,2.84,0,0,1,3,2.76,3.16,3.16,0,0,1-.84,2.23c-.63.74-1.58,1.18-2.19,1.88a1,1,0,0,0-.26.64v2.32\"\/><circle class=\"path\" cx=\"14\" cy=\"20\" r=\"0.33\"\/><\/g><\/svg><\/div><div class=\"alert_wrapper\">Faites vos demandes particuli\u00e8res ou passez votre commande via ce formulaire <\/div><a href=\"#\" class=\"close mfn-close-icon\"><span class=\"icon\">\u2715<\/span><\/a><\/div>\n <a class=\"button  button_size_3\" href=\"https:\/\/tempsetor.be\/galerie\/ma-commande\/\"     target=\"_blank\"    title=\"\"><span class=\"button_label\">&gt; Formulaire<\/span><\/a>\n<\/p>\n","protected":false},"featured_media":8140,"template":"","meta":{"_monsterinsights_skip_tracking":false,"_monsterinsights_sitenote_active":false,"_monsterinsights_sitenote_note":"","_monsterinsights_sitenote_category":0},"product_brand":[],"product_cat":[64,40,39],"product_tag":[],"class_list":{"0":"post-8139","1":"product","2":"type-product","3":"status-publish","4":"has-post-thumbnail","6":"product_cat-boss-hommes","7":"product_cat-montres-hommes","8":"product_cat-hommes","10":"first","11":"instock","12":"shipping-taxable","13":"purchasable","14":"product-type-simple"},"_links":{"self":[{"href":"https:\/\/tempsetor.be\/galerie\/wp-json\/wp\/v2\/product\/8139","targetHints":{"allow":["GET"]}}],"collection":[{"href":"https:\/\/tempsetor.be\/galerie\/wp-json\/wp\/v2\/product"}],"about":[{"href":"https:\/\/tempsetor.be\/galerie\/wp-json\/wp\/v2\/types\/product"}],"wp:featuredmedia":[{"embeddable":true,"href":"https:\/\/tempsetor.be\/galerie\/wp-json\/wp\/v2\/media\/8140"}],"wp:attachment":[{"href":"https:\/\/tempsetor.be\/galerie\/wp-json\/wp\/v2\/media?parent=8139"}],"wp:term":[{"taxonomy":"product_brand","embeddable":true,"href":"https:\/\/tempsetor.be\/galerie\/wp-json\/wp\/v2\/product_brand?post=8139"},{"taxonomy":"product_cat","embeddable":true,"href":"https:\/\/tempsetor.be\/galerie\/wp-json\/wp\/v2\/product_cat?post=8139"},{"taxonomy":"product_tag","embeddable":true,"href":"https:\/\/tempsetor.be\/galerie\/wp-json\/wp\/v2\/product_tag?post=8139"}],"curies":[{"name":"wp","href":"https:\/\/api.w.org\/{rel}","templated":true}]}}