{"id":8165,"date":"2024-11-29T15:21:48","date_gmt":"2024-11-29T14:21:48","guid":{"rendered":"https:\/\/tempsetor.be\/galerie\/?post_type=product&#038;p=8165"},"modified":"2024-11-29T15:48:47","modified_gmt":"2024-11-29T14:48:47","slug":"bague-brusi-or-jaune-18-karats-aa2364g1","status":"publish","type":"product","link":"https:\/\/tempsetor.be\/galerie\/produit\/bague-brusi-or-jaune-18-karats-aa2364g1\/","title":{"rendered":"Bague Brusi &#8211; or jaune 18 karats &#8211; AA2364G1"},"content":{"rendered":"<p>Sublimez votre style avec la bague Brusi en or jaune 18 carats, orn\u00e9e de 0,24 carat de diamants et 3,91 carats de saphirs verts. Une pi\u00e8ce de joaillerie exceptionnelle \u00e0 4 100 \u20ac.<\/p>\n","protected":false},"excerpt":{"rendered":"<div id=\"oorsprong_tekst\">\n<p><img loading=\"lazy\" decoding=\"async\" class=\"size-full wp-image-5146 alignnone\" src=\"https:\/\/tempsetor.be\/galerie\/wp-content\/uploads\/2020\/07\/brusi.jpg\" alt=\"logo Brusi\" width=\"150\" height=\"31\" srcset=\"https:\/\/tempsetor.be\/galerie\/wp-content\/uploads\/2020\/07\/brusi.jpg 150w, https:\/\/tempsetor.be\/galerie\/wp-content\/uploads\/2020\/07\/brusi-50x10.jpg 50w\" sizes=\"auto, (max-width:767px) 150px, 150px\" \/> Dans la ville de Milan au d\u00e9but des ann\u00e9es 1930. Maintenant, apr\u00e8s trois g\u00e9n\u00e9rations, la passion et l&#8217;engagement sont toujours aussi forts.<br \/>\nTous les bijoux de Brusi sont non seulement faits \u00e0 la main, mais \u00e9galement 100% fabriqu\u00e9s en Italie, malgr\u00e9 les tendances r\u00e9centes qui voient de plus en plus d&#8217;entreprises se d\u00e9placer vers l&#8217;Extr\u00eame-Orient afin de r\u00e9duire les co\u00fbts de production.<\/p>\n<p>La marque <strong>Brusi<\/strong>, connue pour ses cr\u00e9ations alliant tradition et modernit\u00e9, d\u00e9voile une bague qui incarne le luxe \u00e0 son apog\u00e9e.<\/p>\n<p>Cette bague en <strong>or jaune 18 carats<\/strong> est une v\u00e9ritable \u0153uvre d\u2019art, orn\u00e9e de <strong>0,24 carat de diamants scintillants<\/strong> qui refl\u00e8tent la lumi\u00e8re de mani\u00e8re spectaculaire. Ses <strong>3,91 carats de saphirs verts<\/strong> apportent une touche de couleur et d\u2019originalit\u00e9, faisant de ce bijou une pi\u00e8ce aussi unique qu&#8217;\u00e9l\u00e9gante.<\/p>\n<p>Chaque d\u00e9tail de cette bague a \u00e9t\u00e9 soigneusement pens\u00e9 pour sublimer votre allure et ajouter une touche de sophistication \u00e0 vos tenues. Que ce soit pour c\u00e9l\u00e9brer un moment inoubliable ou simplement pour se faire plaisir, cette cr\u00e9ation Brusi est un choix incomparable.<\/p>\n<p><div class=\"alert alert_error\"><div class=\"alert_icon\"><svg viewBox=\"0 0 28 28\"><defs><style>.path{fill:none;stroke:#000;stroke-miterlimit:10;stroke-width:1.5px;}<\/style><\/defs><g><circle cx=\"14\" cy=\"20\" r=\"0.33\" class=\"path\"\/><line x1=\"14\" y1=\"8.72\" x2=\"14\" y2=\"16.72\" class=\"path\"\/><path d=\"M12.6,3.42,1.54,22.58A1.61,1.61,0,0,0,2.93,25H25.07a1.61,1.61,0,0,0,1.39-2.42L15.4,3.42A1.61,1.61,0,0,0,12.6,3.42Z\" class=\"path\"\/><\/g><\/svg><\/div><div class=\"alert_wrapper\">Le montant affich\u00e9 peut \u00eatre modifi\u00e9 par le fournisseur sans que nous en soyons inform\u00e9s. Une diff\u00e9rence entre le prix affich\u00e9 ici et en magasin reste possible.<\/div><a href=\"#\" class=\"close mfn-close-icon\"><span class=\"icon\">\u2715<\/span><\/a><\/div>\n<div class=\"alert alert_info\"><div class=\"alert_icon\"><svg viewBox=\"0 0 28 28\"><defs><style>.path{fill:none;stroke:#000;stroke-miterlimit:10;stroke-width:1.5px;}<\/style><\/defs><g><circle class=\"path\" cx=\"14\" cy=\"14\" r=\"12\"\/><path class=\"path\" d=\"M11.2,9.12a3.4,3.4,0,0,1,3-1.69,2.84,2.84,0,0,1,3,2.76,3.16,3.16,0,0,1-.84,2.23c-.63.74-1.58,1.18-2.19,1.88a1,1,0,0,0-.26.64v2.32\"\/><circle class=\"path\" cx=\"14\" cy=\"20\" r=\"0.33\"\/><\/g><\/svg><\/div><div class=\"alert_wrapper\">Faites vos demandes particuli\u00e8res ou passez votre commande via ce formulaire <\/div><a href=\"#\" class=\"close mfn-close-icon\"><span class=\"icon\">\u2715<\/span><\/a><\/div>\n <a class=\"button  button_size_3\" href=\"https:\/\/tempsetor.be\/galerie\/ma-commande\/\"     target=\"_blank\"    title=\"\"><span class=\"button_label\">&gt; Formulaire<\/span><\/a>\n<\/p>\n<\/div>\n","protected":false},"featured_media":8166,"template":"","meta":{"_monsterinsights_skip_tracking":false,"_monsterinsights_sitenote_active":false,"_monsterinsights_sitenote_note":"","_monsterinsights_sitenote_category":0},"product_brand":[],"product_cat":[30,1462,27],"product_tag":[],"class_list":{"0":"post-8165","1":"product","2":"type-product","3":"status-publish","4":"has-post-thumbnail","6":"product_cat-bagues-femmes","7":"product_cat-brusi-bague","8":"product_cat-dames","10":"first","11":"instock","12":"shipping-taxable","13":"purchasable","14":"product-type-simple"},"_links":{"self":[{"href":"https:\/\/tempsetor.be\/galerie\/wp-json\/wp\/v2\/product\/8165","targetHints":{"allow":["GET"]}}],"collection":[{"href":"https:\/\/tempsetor.be\/galerie\/wp-json\/wp\/v2\/product"}],"about":[{"href":"https:\/\/tempsetor.be\/galerie\/wp-json\/wp\/v2\/types\/product"}],"wp:featuredmedia":[{"embeddable":true,"href":"https:\/\/tempsetor.be\/galerie\/wp-json\/wp\/v2\/media\/8166"}],"wp:attachment":[{"href":"https:\/\/tempsetor.be\/galerie\/wp-json\/wp\/v2\/media?parent=8165"}],"wp:term":[{"taxonomy":"product_brand","embeddable":true,"href":"https:\/\/tempsetor.be\/galerie\/wp-json\/wp\/v2\/product_brand?post=8165"},{"taxonomy":"product_cat","embeddable":true,"href":"https:\/\/tempsetor.be\/galerie\/wp-json\/wp\/v2\/product_cat?post=8165"},{"taxonomy":"product_tag","embeddable":true,"href":"https:\/\/tempsetor.be\/galerie\/wp-json\/wp\/v2\/product_tag?post=8165"}],"curies":[{"name":"wp","href":"https:\/\/api.w.org\/{rel}","templated":true}]}}