{"id":8167,"date":"2024-11-29T15:51:21","date_gmt":"2024-11-29T14:51:21","guid":{"rendered":"https:\/\/tempsetor.be\/galerie\/?post_type=product&#038;p=8167"},"modified":"2024-12-05T15:53:14","modified_gmt":"2024-12-05T14:53:14","slug":"boucle-doreilles-brusi-or-jaune-18-karats-oo2462gt","status":"publish","type":"product","link":"https:\/\/tempsetor.be\/galerie\/produit\/boucle-doreilles-brusi-or-jaune-18-karats-oo2462gt\/","title":{"rendered":"Boucle d&#8217;oreilles Brusi &#8211; or jaune 18 karats &#8211; OO2462GT"},"content":{"rendered":"<p>Sublimez votre \u00e9l\u00e9gance avec les boucles d\u2019oreilles Brusi en or jaune 18 carats, orn\u00e9es de 0,20 carat de diamants et 2,61 carats de saphirs verts. Disponible \u00e0 2 650 \u20ac.<\/p>\n","protected":false},"excerpt":{"rendered":"<div id=\"oorsprong_tekst\">\n<p><img loading=\"lazy\" decoding=\"async\" class=\"size-full wp-image-5146 alignnone\" src=\"https:\/\/tempsetor.be\/galerie\/wp-content\/uploads\/2020\/07\/brusi.jpg\" alt=\"logo Brusi\" width=\"150\" height=\"31\" srcset=\"https:\/\/tempsetor.be\/galerie\/wp-content\/uploads\/2020\/07\/brusi.jpg 150w, https:\/\/tempsetor.be\/galerie\/wp-content\/uploads\/2020\/07\/brusi-50x10.jpg 50w\" sizes=\"auto, (max-width:767px) 150px, 150px\" \/> Dans la ville de Milan au d\u00e9but des ann\u00e9es 1930. Maintenant, apr\u00e8s trois g\u00e9n\u00e9rations, la passion et l&#8217;engagement sont toujours aussi forts.<br \/>\nTous les bijoux de Brusi sont non seulement faits \u00e0 la main, mais \u00e9galement 100% fabriqu\u00e9s en Italie, malgr\u00e9 les tendances r\u00e9centes qui voient de plus en plus d&#8217;entreprises se d\u00e9placer vers l&#8217;Extr\u00eame-Orient afin de r\u00e9duire les co\u00fbts de production.<\/p>\n<p>La maison <strong>Brusi<\/strong>, symbole d\u2019\u00e9l\u00e9gance et de savoir-faire joaillier, vous propose une cr\u00e9ation exceptionnelle avec ces boucles d\u2019oreilles uniques.<\/p>\n<p>Con\u00e7ues en <strong>or jaune 18 carats<\/strong>, elles sont orn\u00e9es de <strong>0,20 carat de diamants scintillants<\/strong>, qui capturent et refl\u00e8tent la lumi\u00e8re pour un \u00e9clat in\u00e9gal\u00e9. Les <strong>2,61 carats de saphirs verts<\/strong>, soigneusement s\u00e9lectionn\u00e9s pour leur couleur vibrante, apportent une touche d&#8217;originalit\u00e9 et de charme.<\/p>\n<p>Ces boucles d\u2019oreilles sont parfaites pour ajouter une note de sophistication \u00e0 vos tenues, que ce soit au quotidien ou pour une occasion sp\u00e9ciale. \u00c9l\u00e9gantes, intemporelles et luxueuses, elles incarnent l\u2019art de la joaillerie \u00e0 son sommet.<\/p>\n<p>Offrez-vous ou partagez un bijou qui allie \u00e0 la perfection tradition et modernit\u00e9, sign\u00e9 Brusi.<\/p>\n<p><div class=\"alert alert_error\"><div class=\"alert_icon\"><svg viewBox=\"0 0 28 28\"><defs><style>.path{fill:none;stroke:#000;stroke-miterlimit:10;stroke-width:1.5px;}<\/style><\/defs><g><circle cx=\"14\" cy=\"20\" r=\"0.33\" class=\"path\"\/><line x1=\"14\" y1=\"8.72\" x2=\"14\" y2=\"16.72\" class=\"path\"\/><path d=\"M12.6,3.42,1.54,22.58A1.61,1.61,0,0,0,2.93,25H25.07a1.61,1.61,0,0,0,1.39-2.42L15.4,3.42A1.61,1.61,0,0,0,12.6,3.42Z\" class=\"path\"\/><\/g><\/svg><\/div><div class=\"alert_wrapper\">Le montant affich\u00e9 peut \u00eatre modifi\u00e9 par le fournisseur sans que nous en soyons inform\u00e9s. Une diff\u00e9rence entre le prix affich\u00e9 ici et en magasin reste possible.<\/div><a href=\"#\" class=\"close mfn-close-icon\"><span class=\"icon\">\u2715<\/span><\/a><\/div>\n<div class=\"alert alert_info\"><div class=\"alert_icon\"><svg viewBox=\"0 0 28 28\"><defs><style>.path{fill:none;stroke:#000;stroke-miterlimit:10;stroke-width:1.5px;}<\/style><\/defs><g><circle class=\"path\" cx=\"14\" cy=\"14\" r=\"12\"\/><path class=\"path\" d=\"M11.2,9.12a3.4,3.4,0,0,1,3-1.69,2.84,2.84,0,0,1,3,2.76,3.16,3.16,0,0,1-.84,2.23c-.63.74-1.58,1.18-2.19,1.88a1,1,0,0,0-.26.64v2.32\"\/><circle class=\"path\" cx=\"14\" cy=\"20\" r=\"0.33\"\/><\/g><\/svg><\/div><div class=\"alert_wrapper\">Faites vos demandes particuli\u00e8res ou passez votre commande via ce formulaire <\/div><a href=\"#\" class=\"close mfn-close-icon\"><span class=\"icon\">\u2715<\/span><\/a><\/div>\n <a class=\"button  button_size_3\" href=\"https:\/\/tempsetor.be\/galerie\/ma-commande\/\"     target=\"_blank\"    title=\"\"><span class=\"button_label\">&gt; Formulaire<\/span><\/a>\n<\/p>\n<\/div>\n","protected":false},"featured_media":8196,"template":"","meta":{"_monsterinsights_skip_tracking":false,"_monsterinsights_sitenote_active":false,"_monsterinsights_sitenote_note":"","_monsterinsights_sitenote_category":0},"product_brand":[],"product_cat":[53,1465,27],"product_tag":[],"class_list":{"0":"post-8167","1":"product","2":"type-product","3":"status-publish","4":"has-post-thumbnail","6":"product_cat-boucles-doreilles-dames","7":"product_cat-brusi-boucle-doreilles","8":"product_cat-dames","10":"first","11":"instock","12":"shipping-taxable","13":"purchasable","14":"product-type-simple"},"_links":{"self":[{"href":"https:\/\/tempsetor.be\/galerie\/wp-json\/wp\/v2\/product\/8167","targetHints":{"allow":["GET"]}}],"collection":[{"href":"https:\/\/tempsetor.be\/galerie\/wp-json\/wp\/v2\/product"}],"about":[{"href":"https:\/\/tempsetor.be\/galerie\/wp-json\/wp\/v2\/types\/product"}],"wp:featuredmedia":[{"embeddable":true,"href":"https:\/\/tempsetor.be\/galerie\/wp-json\/wp\/v2\/media\/8196"}],"wp:attachment":[{"href":"https:\/\/tempsetor.be\/galerie\/wp-json\/wp\/v2\/media?parent=8167"}],"wp:term":[{"taxonomy":"product_brand","embeddable":true,"href":"https:\/\/tempsetor.be\/galerie\/wp-json\/wp\/v2\/product_brand?post=8167"},{"taxonomy":"product_cat","embeddable":true,"href":"https:\/\/tempsetor.be\/galerie\/wp-json\/wp\/v2\/product_cat?post=8167"},{"taxonomy":"product_tag","embeddable":true,"href":"https:\/\/tempsetor.be\/galerie\/wp-json\/wp\/v2\/product_tag?post=8167"}],"curies":[{"name":"wp","href":"https:\/\/api.w.org\/{rel}","templated":true}]}}