{"id":8170,"date":"2024-11-29T16:13:19","date_gmt":"2024-11-29T15:13:19","guid":{"rendered":"https:\/\/tempsetor.be\/galerie\/?post_type=product&#038;p=8170"},"modified":"2024-11-29T16:35:04","modified_gmt":"2024-11-29T15:35:04","slug":"montre-dames-balmain-haute-elegance-b8132-39-12","status":"publish","type":"product","link":"https:\/\/tempsetor.be\/galerie\/produit\/montre-dames-balmain-haute-elegance-b8132-39-12\/","title":{"rendered":"Montre dames Balmain &#8211; Haute Elegance &#8211; B8132.39.12"},"content":{"rendered":"<p class=\"Textbody\">D\u00e9couvrez la montre Balmain Haute \u00c9l\u00e9gance pour femme : une cr\u00e9ation raffin\u00e9e avec un bo\u00eetier bicolore en acier inoxydable et PVD jaune, un cadran argent\u00e9 orn\u00e9 d&#8217;arabesques, et un bracelet en acier. \u00c9l\u00e9gance intemporelle au poignet, garantie Swiss made 2 ans. Prix : 760 \u20ac.<\/p>\n","protected":false},"excerpt":{"rendered":"<p><img loading=\"lazy\" decoding=\"async\" class=\"wp-image-5728 alignleft\" src=\"https:\/\/tempsetor.be\/galerie\/wp-content\/uploads\/2021\/04\/balmain-logo-300x88.png\" alt=\"logo Balmain\" width=\"150\" height=\"44\" \/><\/p>\n<p><strong>Balmain Haute \u00c9l\u00e9gance \u2013 La montre parfaite pour les femmes \u00e9l\u00e9gantes<\/strong><\/p>\n<p>La montre Balmain Haute \u00c9l\u00e9gance incarne le mariage harmonieux de l\u2019art horloger suisse et d\u2019un design sophistiqu\u00e9. Son bo\u00eetier rond de 30 mm, en acier inoxydable avec rev\u00eatement PVD jaune, offre un look \u00e0 la fois chic et intemporel. Ce mod\u00e8le se distingue par son cadran argent\u00e9 d\u00e9licatement orn\u00e9 d\u2019arabesques, prot\u00e9g\u00e9 par une glace saphir, garantissant une r\u00e9sistance optimale aux rayures.<\/p>\n<p>Son mouvement Quartz <strong>ETA 282.002<\/strong>, aliment\u00e9 par une pile Renata 30.346\/1.55V, garantit une pr\u00e9cision sans faille, tandis que son bracelet en acier bicolore, avec boucle d\u00e9ployante \u00e0 boutons-poussoirs, assure un confort in\u00e9gal\u00e9.<\/p>\n<p>Avec une \u00e9tanch\u00e9it\u00e9 jusqu\u2019\u00e0 3 bar, cette montre est pens\u00e9e pour les femmes qui recherchent un accessoire \u00e9l\u00e9gant au quotidien. Offrant une garantie Swiss made de 2 ans, elle refl\u00e8te l\u2019excellence et le savoir-faire horloger.<\/p>\n<p><strong>Caract\u00e9ristiques techniques :<\/strong><\/p>\n<ul>\n<li><strong>Genre :<\/strong> Femme<\/li>\n<li><strong>Bo\u00eetier :<\/strong> Bicolore, acier inoxydable et rev\u00eatement PVD jaune<\/li>\n<li><strong>Diam\u00e8tre :<\/strong> 30 mm<\/li>\n<li><strong>\u00c9paisseur :<\/strong> 6,50 mm<\/li>\n<li><strong>Cadran :<\/strong> Argent\u00e9 avec arabesques<\/li>\n<li><strong>Glace :<\/strong> Saphir<\/li>\n<li><strong>\u00c9tanch\u00e9it\u00e9 :<\/strong> 3 bar<\/li>\n<li><strong>Mouvement :<\/strong> Quartz ETA 282.002<\/li>\n<li><strong>Bracelet :<\/strong> Acier avec boucle d\u00e9ployante<\/li>\n<\/ul>\n<p>D\u00e9j\u00e0 garanties 2 ans, le service apr\u00e8s-vente de la bijouterie <strong>Temps &amp; OR<\/strong> vous apporte une confiance suppl\u00e9mentaire pour ces produits. Selon vos besoins, ces montres peuvent \u00eatre \u00e9galement r\u00e9serv\u00e9es \u00e0 la bijouterie. La mise \u00e0 mesure offerte ainsi qu&#8217;un emballage cadeau vous y seront propos\u00e9s.<\/p>\n<p><div class=\"alert alert_error\"><div class=\"alert_icon\"><svg viewBox=\"0 0 28 28\"><defs><style>.path{fill:none;stroke:#000;stroke-miterlimit:10;stroke-width:1.5px;}<\/style><\/defs><g><circle cx=\"14\" cy=\"20\" r=\"0.33\" class=\"path\"\/><line x1=\"14\" y1=\"8.72\" x2=\"14\" y2=\"16.72\" class=\"path\"\/><path d=\"M12.6,3.42,1.54,22.58A1.61,1.61,0,0,0,2.93,25H25.07a1.61,1.61,0,0,0,1.39-2.42L15.4,3.42A1.61,1.61,0,0,0,12.6,3.42Z\" class=\"path\"\/><\/g><\/svg><\/div><div class=\"alert_wrapper\">Le montant affich\u00e9 peut \u00eatre modifi\u00e9 par le fournisseur sans que nous en soyons inform\u00e9s. Une diff\u00e9rence entre le prix affich\u00e9 ici et en magasin reste possible.<\/div><a href=\"#\" class=\"close mfn-close-icon\"><span class=\"icon\">\u2715<\/span><\/a><\/div>\n<div class=\"alert alert_info\"><div class=\"alert_icon\"><svg viewBox=\"0 0 28 28\"><defs><style>.path{fill:none;stroke:#000;stroke-miterlimit:10;stroke-width:1.5px;}<\/style><\/defs><g><circle class=\"path\" cx=\"14\" cy=\"14\" r=\"12\"\/><path class=\"path\" d=\"M11.2,9.12a3.4,3.4,0,0,1,3-1.69,2.84,2.84,0,0,1,3,2.76,3.16,3.16,0,0,1-.84,2.23c-.63.74-1.58,1.18-2.19,1.88a1,1,0,0,0-.26.64v2.32\"\/><circle class=\"path\" cx=\"14\" cy=\"20\" r=\"0.33\"\/><\/g><\/svg><\/div><div class=\"alert_wrapper\">Faites vos demandes particuli\u00e8res ou passez votre commande via ce formulaire <\/div><a href=\"#\" class=\"close mfn-close-icon\"><span class=\"icon\">\u2715<\/span><\/a><\/div>\n <a class=\"button  button_size_3\" href=\"https:\/\/tempsetor.be\/galerie\/ma-commande\/\"     target=\"_blank\"    title=\"\"><span class=\"button_label\">&gt; Formulaire<\/span><\/a>\n<\/p>\n","protected":false},"featured_media":8172,"template":"","meta":{"_monsterinsights_skip_tracking":false,"_monsterinsights_sitenote_active":false,"_monsterinsights_sitenote_note":"","_monsterinsights_sitenote_category":0},"product_brand":[],"product_cat":[35,28,27],"product_tag":[],"class_list":{"0":"post-8170","1":"product","2":"type-product","3":"status-publish","4":"has-post-thumbnail","6":"product_cat-balmain-dames","7":"product_cat-montres-dames","8":"product_cat-dames","10":"first","11":"instock","12":"shipping-taxable","13":"purchasable","14":"product-type-simple"},"_links":{"self":[{"href":"https:\/\/tempsetor.be\/galerie\/wp-json\/wp\/v2\/product\/8170","targetHints":{"allow":["GET"]}}],"collection":[{"href":"https:\/\/tempsetor.be\/galerie\/wp-json\/wp\/v2\/product"}],"about":[{"href":"https:\/\/tempsetor.be\/galerie\/wp-json\/wp\/v2\/types\/product"}],"wp:featuredmedia":[{"embeddable":true,"href":"https:\/\/tempsetor.be\/galerie\/wp-json\/wp\/v2\/media\/8172"}],"wp:attachment":[{"href":"https:\/\/tempsetor.be\/galerie\/wp-json\/wp\/v2\/media?parent=8170"}],"wp:term":[{"taxonomy":"product_brand","embeddable":true,"href":"https:\/\/tempsetor.be\/galerie\/wp-json\/wp\/v2\/product_brand?post=8170"},{"taxonomy":"product_cat","embeddable":true,"href":"https:\/\/tempsetor.be\/galerie\/wp-json\/wp\/v2\/product_cat?post=8170"},{"taxonomy":"product_tag","embeddable":true,"href":"https:\/\/tempsetor.be\/galerie\/wp-json\/wp\/v2\/product_tag?post=8170"}],"curies":[{"name":"wp","href":"https:\/\/api.w.org\/{rel}","templated":true}]}}