{"id":8181,"date":"2024-11-29T17:34:33","date_gmt":"2024-11-29T16:34:33","guid":{"rendered":"https:\/\/tempsetor.be\/galerie\/?post_type=product&#038;p=8181"},"modified":"2024-11-29T17:42:33","modified_gmt":"2024-11-29T16:42:33","slug":"montre-dames-balmain-balmainia-bijou-b6251-33-66","status":"publish","type":"product","link":"https:\/\/tempsetor.be\/galerie\/produit\/montre-dames-balmain-balmainia-bijou-b6251-33-66\/","title":{"rendered":"Montre dames Balmain &#8211; Balmainia Bijou &#8211; B6251.33.66"},"content":{"rendered":"<p class=\"Textbody\">D\u00e9couvrez l&#8217;\u00e9l\u00e9gance de la montre <strong>Balmain Balmainia Bijou<\/strong> pour femme. Son bo\u00eetier rond en acier inoxydable, son cadran noir raffin\u00e9, et son mouvement Quartz <strong>ETA G15.212AB<\/strong> font de cette montre un choix id\u00e9al pour un style chic et moderne.<\/p>\n","protected":false},"excerpt":{"rendered":"<p><img loading=\"lazy\" decoding=\"async\" class=\"wp-image-5728 alignleft\" src=\"https:\/\/tempsetor.be\/galerie\/wp-content\/uploads\/2021\/04\/balmain-logo-300x88.png\" alt=\"logo Balmain\" width=\"150\" height=\"44\" \/><\/p>\n<p><strong>Balmain Balmainia Bijou \u2013 \u00c9l\u00e9gance et performance r\u00e9unies<\/strong><\/p>\n<p>La montre <strong>Balmain Balmainia Bijou<\/strong> est une pi\u00e8ce essentielle pour la femme moderne qui appr\u00e9cie l\u2019alliance du luxe et de la fonctionnalit\u00e9. Son bo\u00eetier rond de 36 mm en acier inoxydable, combin\u00e9 \u00e0 un cadran noir \u00e9pur\u00e9, lui conf\u00e8re un look \u00e0 la fois intemporel et contemporain. Son design \u00e9l\u00e9gant est accentu\u00e9 par la douceur de son bracelet en acier inoxydable, offrant confort et durabilit\u00e9.<\/p>\n<p>Sous son bo\u00eetier se cache un mouvement Quartz <strong>ETA G15.212AB<\/strong>, r\u00e9put\u00e9 pour sa pr\u00e9cision suisse. Le verre saphir prot\u00e8ge le cadran des rayures, tandis que son \u00e9tanch\u00e9it\u00e9 de 5 bar vous permet de profiter de votre montre en toute tranquillit\u00e9, m\u00eame dans des conditions humides.<\/p>\n<p>Cette montre est la touche finale id\u00e9ale pour toute tenue, qu\u2019il s\u2019agisse d\u2019un look d\u00e9contract\u00e9 ou plus habill\u00e9. Avec sa garantie Swiss made de 2 ans, la montre Balmain Balmainia Bijou est un investissement s\u00fbr pour les ann\u00e9es \u00e0 venir.<\/p>\n<p><strong>Caract\u00e9ristiques techniques :<\/strong><\/p>\n<ul>\n<li><strong>Genre :<\/strong> Femme<\/li>\n<li><strong>Bo\u00eetier :<\/strong> Acier inoxydable<\/li>\n<li><strong>Diam\u00e8tre :<\/strong> 36 mm<\/li>\n<li><strong>\u00c9paisseur :<\/strong> 10,25 mm<\/li>\n<li><strong>Cadran :<\/strong> Noir<\/li>\n<li><strong>Glace :<\/strong> Saphir<\/li>\n<li><strong>\u00c9tanch\u00e9it\u00e9 :<\/strong> 5 bar<\/li>\n<li><strong>Mouvement :<\/strong> Quartz ETA G15.212AB<\/li>\n<li><strong>Bracelet :<\/strong> Acier avec boucle d\u00e9ployante \u00e0 boutons-poussoirs<\/li>\n<\/ul>\n<p>D\u00e9j\u00e0 garanties 2 ans, le service apr\u00e8s-vente de la bijouterie <strong>Temps &amp; OR<\/strong> vous apporte une confiance suppl\u00e9mentaire pour ces produits. Selon vos besoins, ces montres peuvent \u00eatre \u00e9galement r\u00e9serv\u00e9es \u00e0 la bijouterie. La mise \u00e0 mesure offerte ainsi qu&#8217;un emballage cadeau vous y seront propos\u00e9s.<\/p>\n<p><div class=\"alert alert_error\"><div class=\"alert_icon\"><svg viewBox=\"0 0 28 28\"><defs><style>.path{fill:none;stroke:#000;stroke-miterlimit:10;stroke-width:1.5px;}<\/style><\/defs><g><circle cx=\"14\" cy=\"20\" r=\"0.33\" class=\"path\"\/><line x1=\"14\" y1=\"8.72\" x2=\"14\" y2=\"16.72\" class=\"path\"\/><path d=\"M12.6,3.42,1.54,22.58A1.61,1.61,0,0,0,2.93,25H25.07a1.61,1.61,0,0,0,1.39-2.42L15.4,3.42A1.61,1.61,0,0,0,12.6,3.42Z\" class=\"path\"\/><\/g><\/svg><\/div><div class=\"alert_wrapper\">Le montant affich\u00e9 peut \u00eatre modifi\u00e9 par le fournisseur sans que nous en soyons inform\u00e9s. Une diff\u00e9rence entre le prix affich\u00e9 ici et en magasin reste possible.<\/div><a href=\"#\" class=\"close mfn-close-icon\"><span class=\"icon\">\u2715<\/span><\/a><\/div>\n<div class=\"alert alert_info\"><div class=\"alert_icon\"><svg viewBox=\"0 0 28 28\"><defs><style>.path{fill:none;stroke:#000;stroke-miterlimit:10;stroke-width:1.5px;}<\/style><\/defs><g><circle class=\"path\" cx=\"14\" cy=\"14\" r=\"12\"\/><path class=\"path\" d=\"M11.2,9.12a3.4,3.4,0,0,1,3-1.69,2.84,2.84,0,0,1,3,2.76,3.16,3.16,0,0,1-.84,2.23c-.63.74-1.58,1.18-2.19,1.88a1,1,0,0,0-.26.64v2.32\"\/><circle class=\"path\" cx=\"14\" cy=\"20\" r=\"0.33\"\/><\/g><\/svg><\/div><div class=\"alert_wrapper\">Faites vos demandes particuli\u00e8res ou passez votre commande via ce formulaire <\/div><a href=\"#\" class=\"close mfn-close-icon\"><span class=\"icon\">\u2715<\/span><\/a><\/div>\n <a class=\"button  button_size_3\" href=\"https:\/\/tempsetor.be\/galerie\/ma-commande\/\"     target=\"_blank\"    title=\"\"><span class=\"button_label\">&gt; Formulaire<\/span><\/a>\n<\/p>\n","protected":false},"featured_media":8182,"template":"","meta":{"_monsterinsights_skip_tracking":false,"_monsterinsights_sitenote_active":false,"_monsterinsights_sitenote_note":"","_monsterinsights_sitenote_category":0},"product_brand":[],"product_cat":[35,28,27],"product_tag":[],"class_list":{"0":"post-8181","1":"product","2":"type-product","3":"status-publish","4":"has-post-thumbnail","6":"product_cat-balmain-dames","7":"product_cat-montres-dames","8":"product_cat-dames","10":"first","11":"instock","12":"shipping-taxable","13":"purchasable","14":"product-type-simple"},"_links":{"self":[{"href":"https:\/\/tempsetor.be\/galerie\/wp-json\/wp\/v2\/product\/8181","targetHints":{"allow":["GET"]}}],"collection":[{"href":"https:\/\/tempsetor.be\/galerie\/wp-json\/wp\/v2\/product"}],"about":[{"href":"https:\/\/tempsetor.be\/galerie\/wp-json\/wp\/v2\/types\/product"}],"wp:featuredmedia":[{"embeddable":true,"href":"https:\/\/tempsetor.be\/galerie\/wp-json\/wp\/v2\/media\/8182"}],"wp:attachment":[{"href":"https:\/\/tempsetor.be\/galerie\/wp-json\/wp\/v2\/media?parent=8181"}],"wp:term":[{"taxonomy":"product_brand","embeddable":true,"href":"https:\/\/tempsetor.be\/galerie\/wp-json\/wp\/v2\/product_brand?post=8181"},{"taxonomy":"product_cat","embeddable":true,"href":"https:\/\/tempsetor.be\/galerie\/wp-json\/wp\/v2\/product_cat?post=8181"},{"taxonomy":"product_tag","embeddable":true,"href":"https:\/\/tempsetor.be\/galerie\/wp-json\/wp\/v2\/product_tag?post=8181"}],"curies":[{"name":"wp","href":"https:\/\/api.w.org\/{rel}","templated":true}]}}