{"id":8198,"date":"2024-12-04T15:26:45","date_gmt":"2024-12-04T14:26:45","guid":{"rendered":"https:\/\/tempsetor.be\/galerie\/?post_type=product&#038;p=8198"},"modified":"2024-12-04T15:37:43","modified_gmt":"2024-12-04T14:37:43","slug":"montre-hommes-zeppelin-friedrichshafen-8568-5","status":"publish","type":"product","link":"https:\/\/tempsetor.be\/galerie\/produit\/montre-hommes-zeppelin-friedrichshafen-8568-5\/","title":{"rendered":"Montre hommes &#8211; Zeppelin &#8211; Friedrichshafen &#8211; 8568-5"},"content":{"rendered":"<p>D\u00e9couvrez la montre <strong>Zeppelin Friedrichshafen<\/strong> \u2013 un mod\u00e8le automatique \u00e9l\u00e9gant et classique. Son bo\u00eetier en acier inoxydable de 40 mm, son cadran dor\u00e9 avec un gaufrage &#8220;Clous de Paris&#8221; et son bracelet en cuir marron en font un choix raffin\u00e9. Mouvement automatique Citizen-Miyota 82S7, \u00e9tanch\u00e9it\u00e9 5 ATM, verre min\u00e9ral. Prix : 349 \u20ac.<\/p>\n","protected":false},"excerpt":{"rendered":"<p><img loading=\"lazy\" decoding=\"async\" class=\"size-full wp-image-5108 alignleft\" src=\"https:\/\/tempsetor.be\/galerie\/wp-content\/uploads\/2018\/01\/zeppelin-e1593511746260.png\" alt=\"logo Zeppelin\" width=\"150\" height=\"63\" \/><\/p>\n<p>La <strong>Zeppelin Friedrichshafen<\/strong> est une montre homme alliant tradition horlog\u00e8re et design intemporel. Son cadran dor\u00e9, orn\u00e9 d\u2019un \u00e9l\u00e9gant gaufrage \u00ab Clous de Paris \u00bb, lui conf\u00e8re un caract\u00e8re raffin\u00e9 et une lisibilit\u00e9 optimale gr\u00e2ce aux chiffres et index noirs. Le bo\u00eetier en acier inoxydable de 40 mm de diam\u00e8tre, accompagn\u00e9 d\u2019une hauteur de 11 mm, s\u2019adapte parfaitement \u00e0 tous les poignets, offrant une silhouette discr\u00e8te, mais \u00e9l\u00e9gante.<\/p>\n<p>\u00c9quip\u00e9e d\u2019un mouvement automatique japonais <strong>Citizen-Miyota 82S7<\/strong>, la <strong>Friedrichshafen<\/strong> garantit une pr\u00e9cision impeccable avec ses 21 rubis. Le verre min\u00e9ral K1 de s\u00e9curit\u00e9 prot\u00e8ge le cadran des rayures et des chocs, assurant une long\u00e9vit\u00e9 remarquable. Son \u00e9tanch\u00e9it\u00e9 \u00e0 5 ATM permet de la porter au quotidien sans souci, que ce soit sous la pluie ou lors du lavage des mains.<\/p>\n<p>Le bracelet en <strong>cuir v\u00e9ritable marron<\/strong> et la <strong>boucle ardillon<\/strong> ajoutent une touche classique et confortable, tandis que le cadran champagne magnifie ce mod\u00e8le. Fonction dateur pour plus de praticit\u00e9.\u00a0La <strong>Zeppelin Friedrichshafen<\/strong> est un choix id\u00e9al pour ceux qui recherchent une montre \u00e0 la fois fonctionnelle, \u00e9l\u00e9gante et durable.<\/p>\n<p>D\u00e9j\u00e0 garanties 2 ans, le service apr\u00e8s-vente de la bijouterie <strong>Temps &amp; OR<\/strong> vous apporte une confiance suppl\u00e9mentaire pour ces produits. Selon vos besoins, ces montres peuvent \u00eatre \u00e9galement r\u00e9serv\u00e9es \u00e0 la bijouterie. La mise \u00e0 mesure offerte ainsi qu&#8217;un emballage cadeau vous y seront propos\u00e9s.<\/p>\n<p><div class=\"alert alert_error\"><div class=\"alert_icon\"><svg viewBox=\"0 0 28 28\"><defs><style>.path{fill:none;stroke:#000;stroke-miterlimit:10;stroke-width:1.5px;}<\/style><\/defs><g><circle cx=\"14\" cy=\"20\" r=\"0.33\" class=\"path\"\/><line x1=\"14\" y1=\"8.72\" x2=\"14\" y2=\"16.72\" class=\"path\"\/><path d=\"M12.6,3.42,1.54,22.58A1.61,1.61,0,0,0,2.93,25H25.07a1.61,1.61,0,0,0,1.39-2.42L15.4,3.42A1.61,1.61,0,0,0,12.6,3.42Z\" class=\"path\"\/><\/g><\/svg><\/div><div class=\"alert_wrapper\">Le montant affich\u00e9 peut \u00eatre modifi\u00e9 par le fournisseur sans que nous en soyons inform\u00e9s. Une diff\u00e9rence entre le prix affich\u00e9 ici et en magasin reste possible.<\/div><a href=\"#\" class=\"close mfn-close-icon\"><span class=\"icon\">\u2715<\/span><\/a><\/div>\n<div class=\"alert alert_info\"><div class=\"alert_icon\"><svg viewBox=\"0 0 28 28\"><defs><style>.path{fill:none;stroke:#000;stroke-miterlimit:10;stroke-width:1.5px;}<\/style><\/defs><g><circle class=\"path\" cx=\"14\" cy=\"14\" r=\"12\"\/><path class=\"path\" d=\"M11.2,9.12a3.4,3.4,0,0,1,3-1.69,2.84,2.84,0,0,1,3,2.76,3.16,3.16,0,0,1-.84,2.23c-.63.74-1.58,1.18-2.19,1.88a1,1,0,0,0-.26.64v2.32\"\/><circle class=\"path\" cx=\"14\" cy=\"20\" r=\"0.33\"\/><\/g><\/svg><\/div><div class=\"alert_wrapper\">Faites vos demandes particuli\u00e8res ou passez votre commande via ce formulaire <\/div><a href=\"#\" class=\"close mfn-close-icon\"><span class=\"icon\">\u2715<\/span><\/a><\/div>\n <a class=\"button  button_size_3\" href=\"https:\/\/tempsetor.be\/galerie\/ma-commande\/\"     target=\"_blank\"    title=\"\"><span class=\"button_label\">&gt; Formulaire<\/span><\/a>\n<\/p>\n","protected":false},"featured_media":8199,"template":"","meta":{"_monsterinsights_skip_tracking":false,"_monsterinsights_sitenote_active":false,"_monsterinsights_sitenote_note":"","_monsterinsights_sitenote_category":0},"product_brand":[],"product_cat":[40,39,75],"product_tag":[],"class_list":{"0":"post-8198","1":"product","2":"type-product","3":"status-publish","4":"has-post-thumbnail","6":"product_cat-montres-hommes","7":"product_cat-hommes","8":"product_cat-zeppelin-hommes","10":"first","11":"instock","12":"shipping-taxable","13":"purchasable","14":"product-type-simple"},"_links":{"self":[{"href":"https:\/\/tempsetor.be\/galerie\/wp-json\/wp\/v2\/product\/8198","targetHints":{"allow":["GET"]}}],"collection":[{"href":"https:\/\/tempsetor.be\/galerie\/wp-json\/wp\/v2\/product"}],"about":[{"href":"https:\/\/tempsetor.be\/galerie\/wp-json\/wp\/v2\/types\/product"}],"wp:featuredmedia":[{"embeddable":true,"href":"https:\/\/tempsetor.be\/galerie\/wp-json\/wp\/v2\/media\/8199"}],"wp:attachment":[{"href":"https:\/\/tempsetor.be\/galerie\/wp-json\/wp\/v2\/media?parent=8198"}],"wp:term":[{"taxonomy":"product_brand","embeddable":true,"href":"https:\/\/tempsetor.be\/galerie\/wp-json\/wp\/v2\/product_brand?post=8198"},{"taxonomy":"product_cat","embeddable":true,"href":"https:\/\/tempsetor.be\/galerie\/wp-json\/wp\/v2\/product_cat?post=8198"},{"taxonomy":"product_tag","embeddable":true,"href":"https:\/\/tempsetor.be\/galerie\/wp-json\/wp\/v2\/product_tag?post=8198"}],"curies":[{"name":"wp","href":"https:\/\/api.w.org\/{rel}","templated":true}]}}