{"id":8210,"date":"2024-12-07T21:33:10","date_gmt":"2024-12-07T20:33:10","guid":{"rendered":"https:\/\/tempsetor.be\/galerie\/?post_type=product&#038;p=8210"},"modified":"2024-12-07T21:55:54","modified_gmt":"2024-12-07T20:55:54","slug":"montre-dames-hamilton-jazzmaster-performer-auto-h36235140","status":"publish","type":"product","link":"https:\/\/tempsetor.be\/galerie\/produit\/montre-dames-hamilton-jazzmaster-performer-auto-h36235140\/","title":{"rendered":"Montre dames Hamilton &#8211; Jazzmaster &#8211; Performer Auto &#8211; H36235140"},"content":{"rendered":"<p>D\u00e9couvrez la Jazzmaster Performer Automatic 38mm d\u2019Hamilton, une montre \u00e9l\u00e9gante et polyvalente \u00e9quip\u00e9e du mouvement automatique H-10, offrant une r\u00e9serve de marche de 80 heures. Son bo\u00eetier en acier inoxydable de 38 mm sublime un cadran bleu profond et un bracelet assorti. \u00c9tanche jusqu\u2019\u00e0 100 m. Prix : 1 225 \u20ac.<\/p>\n","protected":false},"excerpt":{"rendered":"<p><img loading=\"lazy\" decoding=\"async\" class=\"size-full wp-image-5425 alignleft\" src=\"https:\/\/www.tempsetor.be\/galerie\/wp-content\/uploads\/2020\/12\/Hamilton.png\" alt=\"logo Hamilton\" width=\"150\" height=\"29\" srcset=\"https:\/\/tempsetor.be\/galerie\/wp-content\/uploads\/2020\/12\/Hamilton.png 150w, https:\/\/tempsetor.be\/galerie\/wp-content\/uploads\/2020\/12\/Hamilton-50x10.png 50w\" sizes=\"auto, (max-width:767px) 150px, 150px\" \/><\/p>\n<p>L\u2019Hamilton Jazzmaster Performer Automatic 38mm incarne l\u2019\u00e9quilibre parfait entre sophistication et fonctionnalit\u00e9. Cette montre exceptionnelle, issue de la c\u00e9l\u00e8bre collection Jazzmaster, s\u2019adresse aux passionn\u00e9s de style affirm\u00e9 et de pr\u00e9cision horlog\u00e8re.<\/p>\n<p>Son bo\u00eetier en acier inoxydable de 38 mm met en valeur un cadran bleu profond et poudr\u00e9, apportant une touche de modernit\u00e9 et d\u2019\u00e9l\u00e9gance intemporelle. \u00c9quip\u00e9e du mouvement automatique H-10, elle garantit une r\u00e9serve de marche impressionnante de 80 heures, permettant de maintenir sa pr\u00e9cision m\u00eame apr\u00e8s plusieurs jours sans \u00eatre port\u00e9e. Ce mouvement sophistiqu\u00e9 est visible gr\u00e2ce \u00e0 son fond transparent, r\u00e9v\u00e9lant une finition soign\u00e9e alternant perlage et colima\u00e7on.<\/p>\n<p>Con\u00e7ue pour les environnements les plus exigeants, cette montre est \u00e9tanche jusqu\u2019\u00e0 10 bar (100 m), \u00e9quip\u00e9e d\u2019un verre saphir anti-reflet et d\u2019une couronne viss\u00e9e pour une protection optimale. Le bracelet en acier inoxydable, dot\u00e9 d\u2019une boucle papillon, assure confort et s\u00e9curit\u00e9 tout en renfor\u00e7ant son allure \u00e9l\u00e9gante.<\/p>\n<p>Avec son design polyvalent et ses performances exceptionnelles, la Jazzmaster Performer Automatic 38mm s\u2019impose comme une pi\u00e8ce ma\u00eetresse de l\u2019horlogerie moderne. Disponible au prix de 1 225 \u20ac.<\/p>\n<p>D\u00e9j\u00e0 garanties 2 ans, le service apr\u00e8s-vente de la bijouterie <strong>Temps &amp; OR<\/strong> vous apporte une confiance suppl\u00e9mentaire pour ces produits. Selon vos besoins, ces montres peuvent \u00eatre \u00e9galement r\u00e9serv\u00e9es \u00e0 la bijouterie. La mise \u00e0 mesure offerte ainsi qu&#8217;un emballage cadeau vous y seront propos\u00e9s.<\/p>\n<p><div class=\"alert alert_error\"><div class=\"alert_icon\"><svg viewBox=\"0 0 28 28\"><defs><style>.path{fill:none;stroke:#000;stroke-miterlimit:10;stroke-width:1.5px;}<\/style><\/defs><g><circle cx=\"14\" cy=\"20\" r=\"0.33\" class=\"path\"\/><line x1=\"14\" y1=\"8.72\" x2=\"14\" y2=\"16.72\" class=\"path\"\/><path d=\"M12.6,3.42,1.54,22.58A1.61,1.61,0,0,0,2.93,25H25.07a1.61,1.61,0,0,0,1.39-2.42L15.4,3.42A1.61,1.61,0,0,0,12.6,3.42Z\" class=\"path\"\/><\/g><\/svg><\/div><div class=\"alert_wrapper\">Le montant affich\u00e9 peut \u00eatre modifi\u00e9 par le fournisseur sans que nous en soyons inform\u00e9s. Une diff\u00e9rence entre le prix affich\u00e9 ici et en magasin reste possible.<\/div><a href=\"#\" class=\"close mfn-close-icon\"><span class=\"icon\">\u2715<\/span><\/a><\/div>\n<div class=\"alert alert_info\"><div class=\"alert_icon\"><svg viewBox=\"0 0 28 28\"><defs><style>.path{fill:none;stroke:#000;stroke-miterlimit:10;stroke-width:1.5px;}<\/style><\/defs><g><circle class=\"path\" cx=\"14\" cy=\"14\" r=\"12\"\/><path class=\"path\" d=\"M11.2,9.12a3.4,3.4,0,0,1,3-1.69,2.84,2.84,0,0,1,3,2.76,3.16,3.16,0,0,1-.84,2.23c-.63.74-1.58,1.18-2.19,1.88a1,1,0,0,0-.26.64v2.32\"\/><circle class=\"path\" cx=\"14\" cy=\"20\" r=\"0.33\"\/><\/g><\/svg><\/div><div class=\"alert_wrapper\">Faites vos demandes particuli\u00e8res ou passez votre commande via ce formulaire <\/div><a href=\"#\" class=\"close mfn-close-icon\"><span class=\"icon\">\u2715<\/span><\/a><\/div>\n <a class=\"button  button_size_3\" href=\"https:\/\/tempsetor.be\/galerie\/ma-commande\/\"     target=\"_blank\"    title=\"\"><span class=\"button_label\">&gt; Formulaire<\/span><\/a>\n<\/p>\n","protected":false},"featured_media":8211,"template":"","meta":{"_monsterinsights_skip_tracking":false,"_monsterinsights_sitenote_active":false,"_monsterinsights_sitenote_note":"","_monsterinsights_sitenote_category":0},"product_brand":[],"product_cat":[1739,28,27],"product_tag":[],"class_list":{"0":"post-8210","1":"product","2":"type-product","3":"status-publish","4":"has-post-thumbnail","6":"product_cat-hamilton-montres-dames","7":"product_cat-montres-dames","8":"product_cat-dames","10":"first","11":"instock","12":"shipping-taxable","13":"purchasable","14":"product-type-simple"},"_links":{"self":[{"href":"https:\/\/tempsetor.be\/galerie\/wp-json\/wp\/v2\/product\/8210","targetHints":{"allow":["GET"]}}],"collection":[{"href":"https:\/\/tempsetor.be\/galerie\/wp-json\/wp\/v2\/product"}],"about":[{"href":"https:\/\/tempsetor.be\/galerie\/wp-json\/wp\/v2\/types\/product"}],"wp:featuredmedia":[{"embeddable":true,"href":"https:\/\/tempsetor.be\/galerie\/wp-json\/wp\/v2\/media\/8211"}],"wp:attachment":[{"href":"https:\/\/tempsetor.be\/galerie\/wp-json\/wp\/v2\/media?parent=8210"}],"wp:term":[{"taxonomy":"product_brand","embeddable":true,"href":"https:\/\/tempsetor.be\/galerie\/wp-json\/wp\/v2\/product_brand?post=8210"},{"taxonomy":"product_cat","embeddable":true,"href":"https:\/\/tempsetor.be\/galerie\/wp-json\/wp\/v2\/product_cat?post=8210"},{"taxonomy":"product_tag","embeddable":true,"href":"https:\/\/tempsetor.be\/galerie\/wp-json\/wp\/v2\/product_tag?post=8210"}],"curies":[{"name":"wp","href":"https:\/\/api.w.org\/{rel}","templated":true}]}}