{"id":8216,"date":"2024-12-07T22:02:37","date_gmt":"2024-12-07T21:02:37","guid":{"rendered":"https:\/\/tempsetor.be\/galerie\/?post_type=product&#038;p=8216"},"modified":"2024-12-07T22:11:03","modified_gmt":"2024-12-07T21:11:03","slug":"montre-dames-hamilton-jazzmaster-performer-auto-h36606110","status":"publish","type":"product","link":"https:\/\/tempsetor.be\/galerie\/produit\/montre-dames-hamilton-jazzmaster-performer-auto-h36606110\/","title":{"rendered":"Montre dames Hamilton &#8211; Jazzmaster &#8211; Performer Auto &#8211; H36606110"},"content":{"rendered":"<p>La Hamilton Jazzmaster Performer Auto Chrono 42mm associe robustesse et raffinement. \u00c9quip\u00e9e du mouvement chronographe automatique H-31 avec 60 heures de r\u00e9serve de marche, elle se distingue par un cadran blanc classique, une lunette noire contrastante et un bo\u00eetier en acier inoxydable de 42 mm. \u00c9tanche jusqu\u2019\u00e0 100 m. Prix : 2.525 \u20ac.<\/p>\n","protected":false},"excerpt":{"rendered":"<p><img loading=\"lazy\" decoding=\"async\" class=\"size-full wp-image-5425 alignleft\" src=\"https:\/\/www.tempsetor.be\/galerie\/wp-content\/uploads\/2020\/12\/Hamilton.png\" alt=\"logo Hamilton\" width=\"150\" height=\"29\" srcset=\"https:\/\/tempsetor.be\/galerie\/wp-content\/uploads\/2020\/12\/Hamilton.png 150w, https:\/\/tempsetor.be\/galerie\/wp-content\/uploads\/2020\/12\/Hamilton-50x10.png 50w\" sizes=\"auto, (max-width:767px) 150px, 150px\" \/><\/p>\n<p>L\u2019Hamilton Jazzmaster Performer Auto Chrono 42mm illustre \u00e0 la perfection la fusion entre \u00e9l\u00e9gance et performance. Faisant partie de la prestigieuse collection Jazzmaster, cette montre s\u2019adresse \u00e0 ceux qui recherchent une pr\u00e9cision sans compromis associ\u00e9e \u00e0 un design sophistiqu\u00e9.<\/p>\n<p>Son bo\u00eetier en acier inoxydable de 42 mm est rehauss\u00e9 par un cadran blanc immacul\u00e9 et une lunette noire contrastante, cr\u00e9ant un \u00e9quilibre subtil entre tradition et modernit\u00e9. Anim\u00e9e par le mouvement chronographe automatique H-31, elle garantit une fiabilit\u00e9 exceptionnelle, une pr\u00e9cision optimale et une r\u00e9serve de marche de 60 heures, id\u00e9ale pour les modes de vie actifs.<\/p>\n<p>Le chronographe offre des fonctionnalit\u00e9s avanc\u00e9es pour mesurer vos performances, tandis que le guichet \u00e0 date ajoute une touche pratique \u00e0 son design \u00e9pur\u00e9. La montre est prot\u00e9g\u00e9e par un verre saphir anti-reflet et dispose d\u2019un fond transparent qui d\u00e9voile le m\u00e9canisme complexe, mettant en valeur l\u2019attention port\u00e9e aux d\u00e9tails.<\/p>\n<p>Avec une \u00e9tanch\u00e9it\u00e9 jusqu\u2019\u00e0 10 bar (100 m) et un bracelet en acier inoxydable \u00e9quip\u00e9 d\u2019une boucle papillon, la Jazzmaster Performer Auto Chrono 42mm se positionne comme un compagnon id\u00e9al, que ce soit pour des occasions formelles ou des aventures sportives.<\/p>\n<p>D\u00e9j\u00e0 garanties 2 ans, le service apr\u00e8s-vente de la bijouterie <strong>Temps &amp; OR<\/strong> vous apporte une confiance suppl\u00e9mentaire pour ces produits. Selon vos besoins, ces montres peuvent \u00eatre \u00e9galement r\u00e9serv\u00e9es \u00e0 la bijouterie. La mise \u00e0 mesure offerte ainsi qu&#8217;un emballage cadeau vous y seront propos\u00e9s.<\/p>\n<p><div class=\"alert alert_error\"><div class=\"alert_icon\"><svg viewBox=\"0 0 28 28\"><defs><style>.path{fill:none;stroke:#000;stroke-miterlimit:10;stroke-width:1.5px;}<\/style><\/defs><g><circle cx=\"14\" cy=\"20\" r=\"0.33\" class=\"path\"\/><line x1=\"14\" y1=\"8.72\" x2=\"14\" y2=\"16.72\" class=\"path\"\/><path d=\"M12.6,3.42,1.54,22.58A1.61,1.61,0,0,0,2.93,25H25.07a1.61,1.61,0,0,0,1.39-2.42L15.4,3.42A1.61,1.61,0,0,0,12.6,3.42Z\" class=\"path\"\/><\/g><\/svg><\/div><div class=\"alert_wrapper\">Le montant affich\u00e9 peut \u00eatre modifi\u00e9 par le fournisseur sans que nous en soyons inform\u00e9s. Une diff\u00e9rence entre le prix affich\u00e9 ici et en magasin reste possible.<\/div><a href=\"#\" class=\"close mfn-close-icon\"><span class=\"icon\">\u2715<\/span><\/a><\/div>\n<div class=\"alert alert_info\"><div class=\"alert_icon\"><svg viewBox=\"0 0 28 28\"><defs><style>.path{fill:none;stroke:#000;stroke-miterlimit:10;stroke-width:1.5px;}<\/style><\/defs><g><circle class=\"path\" cx=\"14\" cy=\"14\" r=\"12\"\/><path class=\"path\" d=\"M11.2,9.12a3.4,3.4,0,0,1,3-1.69,2.84,2.84,0,0,1,3,2.76,3.16,3.16,0,0,1-.84,2.23c-.63.74-1.58,1.18-2.19,1.88a1,1,0,0,0-.26.64v2.32\"\/><circle class=\"path\" cx=\"14\" cy=\"20\" r=\"0.33\"\/><\/g><\/svg><\/div><div class=\"alert_wrapper\">Faites vos demandes particuli\u00e8res ou passez votre commande via ce formulaire <\/div><a href=\"#\" class=\"close mfn-close-icon\"><span class=\"icon\">\u2715<\/span><\/a><\/div>\n <a class=\"button  button_size_3\" href=\"https:\/\/tempsetor.be\/galerie\/ma-commande\/\"     target=\"_blank\"    title=\"\"><span class=\"button_label\">&gt; Formulaire<\/span><\/a>\n<\/p>\n","protected":false},"featured_media":8217,"template":"","meta":{"_monsterinsights_skip_tracking":false,"_monsterinsights_sitenote_active":false,"_monsterinsights_sitenote_note":"","_monsterinsights_sitenote_category":0},"product_brand":[],"product_cat":[1739,28,27],"product_tag":[],"class_list":{"0":"post-8216","1":"product","2":"type-product","3":"status-publish","4":"has-post-thumbnail","6":"product_cat-hamilton-montres-dames","7":"product_cat-montres-dames","8":"product_cat-dames","10":"first","11":"instock","12":"shipping-taxable","13":"purchasable","14":"product-type-simple"},"_links":{"self":[{"href":"https:\/\/tempsetor.be\/galerie\/wp-json\/wp\/v2\/product\/8216","targetHints":{"allow":["GET"]}}],"collection":[{"href":"https:\/\/tempsetor.be\/galerie\/wp-json\/wp\/v2\/product"}],"about":[{"href":"https:\/\/tempsetor.be\/galerie\/wp-json\/wp\/v2\/types\/product"}],"wp:featuredmedia":[{"embeddable":true,"href":"https:\/\/tempsetor.be\/galerie\/wp-json\/wp\/v2\/media\/8217"}],"wp:attachment":[{"href":"https:\/\/tempsetor.be\/galerie\/wp-json\/wp\/v2\/media?parent=8216"}],"wp:term":[{"taxonomy":"product_brand","embeddable":true,"href":"https:\/\/tempsetor.be\/galerie\/wp-json\/wp\/v2\/product_brand?post=8216"},{"taxonomy":"product_cat","embeddable":true,"href":"https:\/\/tempsetor.be\/galerie\/wp-json\/wp\/v2\/product_cat?post=8216"},{"taxonomy":"product_tag","embeddable":true,"href":"https:\/\/tempsetor.be\/galerie\/wp-json\/wp\/v2\/product_tag?post=8216"}],"curies":[{"name":"wp","href":"https:\/\/api.w.org\/{rel}","templated":true}]}}