{"id":8226,"date":"2024-12-12T13:12:07","date_gmt":"2024-12-12T12:12:07","guid":{"rendered":"https:\/\/tempsetor.be\/galerie\/?post_type=product&#038;p=8226"},"modified":"2024-12-12T13:20:44","modified_gmt":"2024-12-12T12:20:44","slug":"montre-dames-bering-ceramic-or-rose-brillant-35036-367-copy","status":"publish","type":"product","link":"https:\/\/tempsetor.be\/galerie\/produit\/montre-dames-bering-ceramic-or-rose-brillant-35036-367-copy\/","title":{"rendered":"Montre dames &#8211; Bering &#8211; Classic | or brilliant\/bross\u00e9 | 14531-334"},"content":{"rendered":"<p>La Bering Classic 14531-334, avec son bo\u00eetier rond en acier inoxydable de 31 mm, offre une \u00e9l\u00e9gance minimaliste et un raffinement moderne. Son cadran blanc \u00e9pur\u00e9, prot\u00e9g\u00e9 par un verre saphir, s\u2019harmonise parfaitement avec un bracelet en maille milanaise or. \u00c9tanche jusqu\u2019\u00e0 5 ATM, cette montre quartz f\u00e9minine incarne le style danois avec sobri\u00e9t\u00e9. Prix : 199 \u20ac.<\/p>\n","protected":false},"excerpt":{"rendered":"<p><img loading=\"lazy\" decoding=\"async\" class=\"wp-image-4049 size-full\" src=\"https:\/\/tempsetor.be\/galerie\/wp-content\/uploads\/2018\/10\/logo-bering.png\" alt=\"logo bering\" width=\"150\" height=\"29\" srcset=\"https:\/\/tempsetor.be\/galerie\/wp-content\/uploads\/2018\/10\/logo-bering.png 150w, https:\/\/tempsetor.be\/galerie\/wp-content\/uploads\/2018\/10\/logo-bering-50x10.png 50w\" sizes=\"auto, (max-width:767px) 150px, 150px\" \/><\/p>\n<p>La Bering Classic 14531-334 est un hommage \u00e0 l\u2019\u00e9l\u00e9gance discr\u00e8te et au minimalisme nordique. Issue de la collection Classic, cette montre pour dames se distingue par un bo\u00eetier rond de 31 mm en acier inoxydable or, un cadran blanc lumineux et un bracelet en maille milanaise or, tous assembl\u00e9s avec un soin extr\u00eame. Inspir\u00e9 par le design danois, ce garde-temps n\u2019a pas recours \u00e0 des fonctions suppl\u00e9mentaires comme le chronographe, l\u2019altim\u00e8tre ou un guichet \u00e0 date, privil\u00e9giant une approche \u00e9pur\u00e9e et intemporelle.<\/p>\n<p>Le mouvement quartz assure une pr\u00e9cision fiable au quotidien, tandis que le verre saphir prot\u00e8ge efficacement le cadran des rayures. \u00c9tanche jusqu\u2019\u00e0 5 ATM, la montre offre une polyvalence parfaite, s\u2019int\u00e9grant avec aisance dans un mode de vie moderne et \u00e9l\u00e9gant. Port\u00e9e lors d\u2019un rendez-vous professionnel, d\u2019une sortie d\u00e9contract\u00e9e ou d\u2019une occasion particuli\u00e8re, la Bering Classic 14531-334 s\u2019impose comme une pi\u00e8ce incontournable, m\u00ealant sobri\u00e9t\u00e9, sophistication et raffinement danois.<\/p>\n<p>Prix : 199 \u20ac.<\/p>\n<p>D\u00e9j\u00e0 garanties 2 ans, le service apr\u00e8s-vente de la bijouterie <strong>Temps &amp; OR<\/strong> vous apporte une confiance suppl\u00e9mentaire pour ces produits. Selon vos besoins, ces montres peuvent \u00eatre \u00e9galement r\u00e9serv\u00e9es \u00e0 la bijouterie. La mise \u00e0 mesure offerte ainsi qu&#8217;un emballage cadeau vous y seront propos\u00e9s.<\/p>\n<p><div class=\"alert alert_error\"><div class=\"alert_icon\"><svg viewBox=\"0 0 28 28\"><defs><style>.path{fill:none;stroke:#000;stroke-miterlimit:10;stroke-width:1.5px;}<\/style><\/defs><g><circle cx=\"14\" cy=\"20\" r=\"0.33\" class=\"path\"\/><line x1=\"14\" y1=\"8.72\" x2=\"14\" y2=\"16.72\" class=\"path\"\/><path d=\"M12.6,3.42,1.54,22.58A1.61,1.61,0,0,0,2.93,25H25.07a1.61,1.61,0,0,0,1.39-2.42L15.4,3.42A1.61,1.61,0,0,0,12.6,3.42Z\" class=\"path\"\/><\/g><\/svg><\/div><div class=\"alert_wrapper\">Le montant affich\u00e9 peut \u00eatre modifi\u00e9 par le fournisseur sans que nous en soyons inform\u00e9s. Une diff\u00e9rence entre le prix affich\u00e9 ici et en magasin reste possible.<\/div><a href=\"#\" class=\"close mfn-close-icon\"><span class=\"icon\">\u2715<\/span><\/a><\/div>\n<div class=\"alert alert_info\"><div class=\"alert_icon\"><svg viewBox=\"0 0 28 28\"><defs><style>.path{fill:none;stroke:#000;stroke-miterlimit:10;stroke-width:1.5px;}<\/style><\/defs><g><circle class=\"path\" cx=\"14\" cy=\"14\" r=\"12\"\/><path class=\"path\" d=\"M11.2,9.12a3.4,3.4,0,0,1,3-1.69,2.84,2.84,0,0,1,3,2.76,3.16,3.16,0,0,1-.84,2.23c-.63.74-1.58,1.18-2.19,1.88a1,1,0,0,0-.26.64v2.32\"\/><circle class=\"path\" cx=\"14\" cy=\"20\" r=\"0.33\"\/><\/g><\/svg><\/div><div class=\"alert_wrapper\">Faites vos demandes particuli\u00e8res ou passez votre commande via ce formulaire <\/div><a href=\"#\" class=\"close mfn-close-icon\"><span class=\"icon\">\u2715<\/span><\/a><\/div>\n <a class=\"button  button_size_3\" href=\"https:\/\/tempsetor.be\/galerie\/ma-commande\/\"     target=\"_blank\"    title=\"\"><span class=\"button_label\">&gt; Formulaire<\/span><\/a>\n<\/p>\n","protected":false},"featured_media":8227,"template":"","meta":{"_monsterinsights_skip_tracking":false,"_monsterinsights_sitenote_active":false,"_monsterinsights_sitenote_note":"","_monsterinsights_sitenote_category":0},"product_brand":[],"product_cat":[776,28,27],"product_tag":[],"class_list":{"0":"post-8226","1":"product","2":"type-product","3":"status-publish","4":"has-post-thumbnail","6":"product_cat-bering-dames","7":"product_cat-montres-dames","8":"product_cat-dames","10":"first","11":"instock","12":"shipping-taxable","13":"purchasable","14":"product-type-simple"},"_links":{"self":[{"href":"https:\/\/tempsetor.be\/galerie\/wp-json\/wp\/v2\/product\/8226","targetHints":{"allow":["GET"]}}],"collection":[{"href":"https:\/\/tempsetor.be\/galerie\/wp-json\/wp\/v2\/product"}],"about":[{"href":"https:\/\/tempsetor.be\/galerie\/wp-json\/wp\/v2\/types\/product"}],"wp:featuredmedia":[{"embeddable":true,"href":"https:\/\/tempsetor.be\/galerie\/wp-json\/wp\/v2\/media\/8227"}],"wp:attachment":[{"href":"https:\/\/tempsetor.be\/galerie\/wp-json\/wp\/v2\/media?parent=8226"}],"wp:term":[{"taxonomy":"product_brand","embeddable":true,"href":"https:\/\/tempsetor.be\/galerie\/wp-json\/wp\/v2\/product_brand?post=8226"},{"taxonomy":"product_cat","embeddable":true,"href":"https:\/\/tempsetor.be\/galerie\/wp-json\/wp\/v2\/product_cat?post=8226"},{"taxonomy":"product_tag","embeddable":true,"href":"https:\/\/tempsetor.be\/galerie\/wp-json\/wp\/v2\/product_tag?post=8226"}],"curies":[{"name":"wp","href":"https:\/\/api.w.org\/{rel}","templated":true}]}}