{"id":8232,"date":"2024-12-12T13:27:05","date_gmt":"2024-12-12T12:27:05","guid":{"rendered":"https:\/\/tempsetor.be\/galerie\/?post_type=product&#038;p=8232"},"modified":"2024-12-12T13:46:35","modified_gmt":"2024-12-12T12:46:35","slug":"montre-dames-bering-classic-or-brilliant-12131-132-gwp","status":"publish","type":"product","link":"https:\/\/tempsetor.be\/galerie\/produit\/montre-dames-bering-classic-or-brilliant-12131-132-gwp\/","title":{"rendered":"Montre dames &#8211; Bering &#8211; Classic | or brilliant | 12131-132-GWP"},"content":{"rendered":"<p>La Bering Classic 12131-132-GWP se distingue par son bo\u00eetier ovale de 31 mm en acier inoxydable or, son cadran noir \u00e9pur\u00e9 prot\u00e9g\u00e9 par un verre saphir, et son bracelet en maille milanaise noire. Anim\u00e9e par un mouvement quartz, sans chronographe, altim\u00e8tre ni guichet \u00e0 date, elle est \u00e9tanche \u00e0 3 ATM. Cette pi\u00e8ce f\u00e9minine au style danois est disponible au prix de 169 \u20ac.<\/p>\n","protected":false},"excerpt":{"rendered":"<p><img loading=\"lazy\" decoding=\"async\" class=\"wp-image-4049 size-full\" src=\"https:\/\/tempsetor.be\/galerie\/wp-content\/uploads\/2018\/10\/logo-bering.png\" alt=\"logo bering\" width=\"150\" height=\"29\" srcset=\"https:\/\/tempsetor.be\/galerie\/wp-content\/uploads\/2018\/10\/logo-bering.png 150w, https:\/\/tempsetor.be\/galerie\/wp-content\/uploads\/2018\/10\/logo-bering-50x10.png 50w\" sizes=\"auto, (max-width:767px) 150px, 150px\" \/><\/p>\n<p>La Bering Classic 12131-132-GWP est une montre f\u00e9minine qui marie l\u2019inspiration du design danois \u00e0 une \u00e9l\u00e9gance discr\u00e8te, s\u2019imposant ainsi comme un choix parfait pour sublimer vos looks de tous les jours. Son bo\u00eetier ovale de 31 mm en acier inoxydable or, mis en valeur par un cadran noir pur, rappelle l\u2019importance des d\u00e9tails soign\u00e9s et des mat\u00e9riaux de qualit\u00e9. Le verre saphir assure une protection fiable, tandis que le bracelet en maille milanaise noire, doux au toucher, s\u2019ajuste confortablement \u00e0 votre poignet.<\/p>\n<p>Anim\u00e9e par un mouvement quartz pr\u00e9cis, cette montre opte pour une simplicit\u00e9 assum\u00e9e, sans chronographe, sans altim\u00e8tre ni guichet \u00e0 date, afin de mettre l\u2019accent sur l\u2019essentiel : la beaut\u00e9 du design et la lisibilit\u00e9. Son \u00e9tanch\u00e9it\u00e9 \u00e0 3 ATM la rend suffisamment robuste pour affronter le quotidien, tout en conservant un style \u00e9pur\u00e9 et intemporel. Offerte au prix de 169 \u20ac, elle refl\u00e8te \u00e0 merveille l\u2019art du minimalisme et la finesse des lignes propres \u00e0 la marque Bering.<\/p>\n<p>D\u00e9j\u00e0 garanties 2 ans, le service apr\u00e8s-vente de la bijouterie <strong>Temps &amp; OR<\/strong> vous apporte une confiance suppl\u00e9mentaire pour ces produits. Selon vos besoins, ces montres peuvent \u00eatre \u00e9galement r\u00e9serv\u00e9es \u00e0 la bijouterie. La mise \u00e0 mesure offerte ainsi qu&#8217;un emballage cadeau vous y seront propos\u00e9s.<\/p>\n<p><div class=\"alert alert_error\"><div class=\"alert_icon\"><svg viewBox=\"0 0 28 28\"><defs><style>.path{fill:none;stroke:#000;stroke-miterlimit:10;stroke-width:1.5px;}<\/style><\/defs><g><circle cx=\"14\" cy=\"20\" r=\"0.33\" class=\"path\"\/><line x1=\"14\" y1=\"8.72\" x2=\"14\" y2=\"16.72\" class=\"path\"\/><path d=\"M12.6,3.42,1.54,22.58A1.61,1.61,0,0,0,2.93,25H25.07a1.61,1.61,0,0,0,1.39-2.42L15.4,3.42A1.61,1.61,0,0,0,12.6,3.42Z\" class=\"path\"\/><\/g><\/svg><\/div><div class=\"alert_wrapper\">Le montant affich\u00e9 peut \u00eatre modifi\u00e9 par le fournisseur sans que nous en soyons inform\u00e9s. Une diff\u00e9rence entre le prix affich\u00e9 ici et en magasin reste possible.<\/div><a href=\"#\" class=\"close mfn-close-icon\"><span class=\"icon\">\u2715<\/span><\/a><\/div>\n<div class=\"alert alert_info\"><div class=\"alert_icon\"><svg viewBox=\"0 0 28 28\"><defs><style>.path{fill:none;stroke:#000;stroke-miterlimit:10;stroke-width:1.5px;}<\/style><\/defs><g><circle class=\"path\" cx=\"14\" cy=\"14\" r=\"12\"\/><path class=\"path\" d=\"M11.2,9.12a3.4,3.4,0,0,1,3-1.69,2.84,2.84,0,0,1,3,2.76,3.16,3.16,0,0,1-.84,2.23c-.63.74-1.58,1.18-2.19,1.88a1,1,0,0,0-.26.64v2.32\"\/><circle class=\"path\" cx=\"14\" cy=\"20\" r=\"0.33\"\/><\/g><\/svg><\/div><div class=\"alert_wrapper\">Faites vos demandes particuli\u00e8res ou passez votre commande via ce formulaire <\/div><a href=\"#\" class=\"close mfn-close-icon\"><span class=\"icon\">\u2715<\/span><\/a><\/div>\n <a class=\"button  button_size_3\" href=\"https:\/\/tempsetor.be\/galerie\/ma-commande\/\"     target=\"_blank\"    title=\"\"><span class=\"button_label\">&gt; Formulaire<\/span><\/a>\n<\/p>\n","protected":false},"featured_media":8233,"template":"","meta":{"_monsterinsights_skip_tracking":false,"_monsterinsights_sitenote_active":false,"_monsterinsights_sitenote_note":"","_monsterinsights_sitenote_category":0},"product_brand":[],"product_cat":[776,28,27],"product_tag":[],"class_list":{"0":"post-8232","1":"product","2":"type-product","3":"status-publish","4":"has-post-thumbnail","6":"product_cat-bering-dames","7":"product_cat-montres-dames","8":"product_cat-dames","10":"first","11":"instock","12":"shipping-taxable","13":"purchasable","14":"product-type-simple"},"_links":{"self":[{"href":"https:\/\/tempsetor.be\/galerie\/wp-json\/wp\/v2\/product\/8232","targetHints":{"allow":["GET"]}}],"collection":[{"href":"https:\/\/tempsetor.be\/galerie\/wp-json\/wp\/v2\/product"}],"about":[{"href":"https:\/\/tempsetor.be\/galerie\/wp-json\/wp\/v2\/types\/product"}],"wp:featuredmedia":[{"embeddable":true,"href":"https:\/\/tempsetor.be\/galerie\/wp-json\/wp\/v2\/media\/8233"}],"wp:attachment":[{"href":"https:\/\/tempsetor.be\/galerie\/wp-json\/wp\/v2\/media?parent=8232"}],"wp:term":[{"taxonomy":"product_brand","embeddable":true,"href":"https:\/\/tempsetor.be\/galerie\/wp-json\/wp\/v2\/product_brand?post=8232"},{"taxonomy":"product_cat","embeddable":true,"href":"https:\/\/tempsetor.be\/galerie\/wp-json\/wp\/v2\/product_cat?post=8232"},{"taxonomy":"product_tag","embeddable":true,"href":"https:\/\/tempsetor.be\/galerie\/wp-json\/wp\/v2\/product_tag?post=8232"}],"curies":[{"name":"wp","href":"https:\/\/api.w.org\/{rel}","templated":true}]}}