{"id":8239,"date":"2024-12-12T15:37:01","date_gmt":"2024-12-12T14:37:01","guid":{"rendered":"https:\/\/tempsetor.be\/galerie\/?post_type=product&#038;p=8239"},"modified":"2025-01-22T16:08:42","modified_gmt":"2025-01-22T15:08:42","slug":"montre-dames-bering-classic-or-brilliant-11022-334","status":"publish","type":"product","link":"https:\/\/tempsetor.be\/galerie\/produit\/montre-dames-bering-classic-or-brilliant-11022-334\/","title":{"rendered":"Montre dames &#8211; Bering &#8211; Classic | or brilliant | 11022-334"},"content":{"rendered":"<p>La Bering Classic 11022-334 incarne la d\u00e9licatesse du style danois, avec un bo\u00eetier rond de 22 mm en acier inoxydable or, un cadran \u00e9pur\u00e9 prot\u00e9g\u00e9 par un verre saphir et un mouvement quartz fiable. Sans chronographe, altim\u00e8tre ni guichet \u00e0 date, son design minimaliste s\u2019impose en toute simplicit\u00e9. \u00c9tanche \u00e0 3 ATM, elle est propos\u00e9e au prix de 129 \u20ac.<\/p>\n","protected":false},"excerpt":{"rendered":"<p><img loading=\"lazy\" decoding=\"async\" class=\"wp-image-4049 size-full\" src=\"https:\/\/tempsetor.be\/galerie\/wp-content\/uploads\/2018\/10\/logo-bering.png\" alt=\"logo bering\" width=\"150\" height=\"29\" srcset=\"https:\/\/tempsetor.be\/galerie\/wp-content\/uploads\/2018\/10\/logo-bering.png 150w, https:\/\/tempsetor.be\/galerie\/wp-content\/uploads\/2018\/10\/logo-bering-50x10.png 50w\" sizes=\"auto, (max-width:767px) 150px, 150px\" \/><\/p>\n<p>La Bering Classic 11022-334 traduit parfaitement l\u2019esprit de la marque, inspir\u00e9 par la sobri\u00e9t\u00e9 et la d\u00e9licatesse du design danois. Avec un bo\u00eetier rond de 22 mm en acier inoxydable or, un cadran \u00e9pur\u00e9 et lisible, et un verre saphir assurant une r\u00e9sistance optimale, cette montre exprime une \u00e9l\u00e9gance intemporelle. Son mouvement quartz de qualit\u00e9 refl\u00e8te un engagement envers la pr\u00e9cision, tandis que l\u2019absence de chronographe, d\u2019altim\u00e8tre ou de guichet \u00e0 date affirme un parti pris minimaliste et essentiel.<\/p>\n<p>\u00c9tanche \u00e0 3 ATM, elle fait preuve d\u2019une r\u00e9sistance suffisante pour accompagner votre quotidien, qu\u2019il soit rythm\u00e9 ou plus paisible. Son bracelet en maille milanaise offre un confort discret et raffin\u00e9, s\u2019adaptant avec naturel \u00e0 votre poignet. Avec son prix de 129 \u20ac, la Bering Classic 11022-334 invite \u00e0 un style parfaitement \u00e9quilibr\u00e9, conjuguant simplicit\u00e9, \u00e9l\u00e9gance et fonctionnalit\u00e9 dans un format d\u00e9licat.<\/p>\n<p>D\u00e9j\u00e0 garanties 2 ans, le service apr\u00e8s-vente de la bijouterie <strong>Temps &amp; OR<\/strong> vous apporte une confiance suppl\u00e9mentaire pour ces produits. Selon vos besoins, ces montres peuvent \u00eatre \u00e9galement r\u00e9serv\u00e9es \u00e0 la bijouterie. La mise \u00e0 mesure offerte ainsi qu&#8217;un emballage cadeau vous y seront propos\u00e9s.<\/p>\n<p><div class=\"alert alert_error\"><div class=\"alert_icon\"><svg viewBox=\"0 0 28 28\"><defs><style>.path{fill:none;stroke:#000;stroke-miterlimit:10;stroke-width:1.5px;}<\/style><\/defs><g><circle cx=\"14\" cy=\"20\" r=\"0.33\" class=\"path\"\/><line x1=\"14\" y1=\"8.72\" x2=\"14\" y2=\"16.72\" class=\"path\"\/><path d=\"M12.6,3.42,1.54,22.58A1.61,1.61,0,0,0,2.93,25H25.07a1.61,1.61,0,0,0,1.39-2.42L15.4,3.42A1.61,1.61,0,0,0,12.6,3.42Z\" class=\"path\"\/><\/g><\/svg><\/div><div class=\"alert_wrapper\">Le montant affich\u00e9 peut \u00eatre modifi\u00e9 par le fournisseur sans que nous en soyons inform\u00e9s. Une diff\u00e9rence entre le prix affich\u00e9 ici et en magasin reste possible.<\/div><a href=\"#\" class=\"close mfn-close-icon\"><span class=\"icon\">\u2715<\/span><\/a><\/div>\n<div class=\"alert alert_info\"><div class=\"alert_icon\"><svg viewBox=\"0 0 28 28\"><defs><style>.path{fill:none;stroke:#000;stroke-miterlimit:10;stroke-width:1.5px;}<\/style><\/defs><g><circle class=\"path\" cx=\"14\" cy=\"14\" r=\"12\"\/><path class=\"path\" d=\"M11.2,9.12a3.4,3.4,0,0,1,3-1.69,2.84,2.84,0,0,1,3,2.76,3.16,3.16,0,0,1-.84,2.23c-.63.74-1.58,1.18-2.19,1.88a1,1,0,0,0-.26.64v2.32\"\/><circle class=\"path\" cx=\"14\" cy=\"20\" r=\"0.33\"\/><\/g><\/svg><\/div><div class=\"alert_wrapper\">Faites vos demandes particuli\u00e8res ou passez votre commande via ce formulaire <\/div><a href=\"#\" class=\"close mfn-close-icon\"><span class=\"icon\">\u2715<\/span><\/a><\/div>\n <a class=\"button  button_size_3\" href=\"https:\/\/tempsetor.be\/galerie\/ma-commande\/\"     target=\"_blank\"    title=\"\"><span class=\"button_label\">&gt; Formulaire<\/span><\/a>\n<\/p>\n","protected":false},"featured_media":8240,"template":"","meta":{"_monsterinsights_skip_tracking":false,"_monsterinsights_sitenote_active":false,"_monsterinsights_sitenote_note":"","_monsterinsights_sitenote_category":0},"product_brand":[],"product_cat":[776,28,27],"product_tag":[],"class_list":{"0":"post-8239","1":"product","2":"type-product","3":"status-publish","4":"has-post-thumbnail","6":"product_cat-bering-dames","7":"product_cat-montres-dames","8":"product_cat-dames","10":"first","11":"instock","12":"shipping-taxable","13":"purchasable","14":"product-type-simple"},"_links":{"self":[{"href":"https:\/\/tempsetor.be\/galerie\/wp-json\/wp\/v2\/product\/8239","targetHints":{"allow":["GET"]}}],"collection":[{"href":"https:\/\/tempsetor.be\/galerie\/wp-json\/wp\/v2\/product"}],"about":[{"href":"https:\/\/tempsetor.be\/galerie\/wp-json\/wp\/v2\/types\/product"}],"wp:featuredmedia":[{"embeddable":true,"href":"https:\/\/tempsetor.be\/galerie\/wp-json\/wp\/v2\/media\/8240"}],"wp:attachment":[{"href":"https:\/\/tempsetor.be\/galerie\/wp-json\/wp\/v2\/media?parent=8239"}],"wp:term":[{"taxonomy":"product_brand","embeddable":true,"href":"https:\/\/tempsetor.be\/galerie\/wp-json\/wp\/v2\/product_brand?post=8239"},{"taxonomy":"product_cat","embeddable":true,"href":"https:\/\/tempsetor.be\/galerie\/wp-json\/wp\/v2\/product_cat?post=8239"},{"taxonomy":"product_tag","embeddable":true,"href":"https:\/\/tempsetor.be\/galerie\/wp-json\/wp\/v2\/product_tag?post=8239"}],"curies":[{"name":"wp","href":"https:\/\/api.w.org\/{rel}","templated":true}]}}