{"id":8243,"date":"2025-01-12T12:43:36","date_gmt":"2025-01-12T11:43:36","guid":{"rendered":"https:\/\/tempsetor.be\/galerie\/?post_type=product&#038;p=8243"},"modified":"2025-01-12T12:54:09","modified_gmt":"2025-01-12T11:54:09","slug":"bougie-baobab-lucky-love","status":"publish","type":"product","link":"https:\/\/tempsetor.be\/galerie\/produit\/bougie-baobab-lucky-love\/","title":{"rendered":"Bougie Baobab &#8211; Lucky Love"},"content":{"rendered":"<p>D\u00e9couvrez la <strong>bougie parfum\u00e9e Baobab Lucky Love<\/strong>, orn\u00e9e d&#8217;une s\u00e9rigraphie en or 24 carats et bleu nuit, avec un parfum raffin\u00e9 de <strong>brins de mimosa<\/strong>, <strong>aub\u00e9pine<\/strong> et <strong>musc<\/strong>. Une cr\u00e9ation qui allie \u00e9l\u00e9gance et savoir-faire artisanal. <strong>Prix : 105,00 \u20ac<\/strong>.<\/p>\n","protected":false},"excerpt":{"rendered":"<h3><img loading=\"lazy\" decoding=\"async\" class=\"size-full wp-image-4311 alignleft\" src=\"https:\/\/tempsetor.be\/galerie\/wp-content\/uploads\/2019\/03\/baobab.jpg\" alt=\"logo Baobab\" width=\"128\" height=\"142\" srcset=\"https:\/\/tempsetor.be\/galerie\/wp-content\/uploads\/2019\/03\/baobab.jpg 128w, https:\/\/tempsetor.be\/galerie\/wp-content\/uploads\/2019\/03\/baobab-45x50.jpg 45w, https:\/\/tempsetor.be\/galerie\/wp-content\/uploads\/2019\/03\/baobab-68x75.jpg 68w\" sizes=\"auto, (max-width:767px) 128px, 128px\" \/><\/h3>\n<h3><strong>Bougie Parfum\u00e9e Baobab Lucky Love \u2013 \u00c9l\u00e9gance et raffinement<\/strong><\/h3>\n<p>La <strong>bougie parfum\u00e9e Lucky Love<\/strong> de la collection <strong>Lucky Love<\/strong> par <strong>Baobab<\/strong> est une \u0153uvre unique qui allie luxe et symbolisme. Inspir\u00e9e des bijoux vintage des ann\u00e9es 60, elle est orn\u00e9e d\u2019une s\u00e9rigraphie en or 24 carats et bleu nuit, repr\u00e9sentant un tr\u00e8fle \u00e0 quatre feuilles form\u00e9 de c\u0153urs, symbole de chance et d\u2019amour.<\/p>\n<p><strong>Un design captivant :<\/strong> Chaque bougie est fabriqu\u00e9e avec soin pour devenir une v\u00e9ritable pi\u00e8ce d\u2019art. La s\u00e9rigraphie en or 24 carats et le motif d\u00e9licat en font une cr\u00e9ation intemporelle et luxueuse.<\/p>\n<h4>\ud83d\udd6f\ufe0f <strong>Notes olfactives :<\/strong><\/h4>\n<ul>\n<li><strong>Brins de Mimosa :<\/strong> Une douceur florale et ensoleill\u00e9e.<\/li>\n<li><strong>Aub\u00e9pine :<\/strong> Une note l\u00e9g\u00e8re et apaisante.<\/li>\n<li><strong>Musc :<\/strong> Une touche sensuelle et raffin\u00e9e qui ajoute profondeur et chaleur au parfum.<\/li>\n<\/ul>\n<p><\/br><\/p>\n<h4>\ud83c\udf0d <strong>Un artisanat exceptionnel :<\/strong><\/h4>\n<p>Chaque bougie t\u00e9moigne du savoir-faire unique des artisans de Baobab. Son parfum sophistiqu\u00e9 et son design \u00e9l\u00e9gant en font un choix id\u00e9al pour illuminer votre int\u00e9rieur avec une touche de luxe.<\/p>\n<h4>\u2728 <strong>Pourquoi choisir la bougie Lucky Love ?<\/strong><\/h4>\n<ul>\n<li>Un design raffin\u00e9 et inspir\u00e9 des bijoux des ann\u00e9es 60.<\/li>\n<li>Un parfum d\u00e9licat et \u00e9quilibr\u00e9, id\u00e9al pour les amateurs de senteurs florales et musqu\u00e9es.<\/li>\n<li>Une cr\u00e9ation artisanale qui incarne l\u2019\u00e9l\u00e9gance et le savoir-faire.<\/li>\n<\/ul>\n<p><strong>Offrez ou offrez-vous un objet d\u2019exception avec la bougie Lucky Love, une pi\u00e8ce qui c\u00e9l\u00e8bre l\u2019art et la beaut\u00e9.<\/strong><\/p>\n<div class=\"icon_box_jmn\">\n<h4>Tailles disponibles en magasin (en cm)<\/h4>\n<\/div>\n<p><div class=\"column one-third mobile-one\"><div class=\"mcb-column-inner\"><div class=\"icon_box icon_position_top has_border\"><div class=\"icon_wrapper\"><div class=\"icon\"><i class=\"icon-bitbucket\" aria-hidden=\"true\"><\/i><\/div><\/div><div class=\"desc_wrapper\"><h4 class=\"title \">Max 10<\/h4><div class=\"desc\">105\u20ac<\/div><\/div><\/div>\n<\/div><\/div>\n<div class=\"column one-third mobile-one\"><div class=\"mcb-column-inner\"><div class=\"icon_box icon_position_top has_border\"><div class=\"icon_wrapper\"><div class=\"icon\"><i class=\"icon-bitbucket\" aria-hidden=\"true\"><\/i><\/div><\/div><div class=\"desc_wrapper\"><h4 class=\"title \">Max 16<\/h4><div class=\"desc\">150\u20ac<\/div><\/div><\/div>\n<\/div><\/div>\n<div class=\"column one-third mobile-one\"><div class=\"mcb-column-inner\"><div class=\"icon_box icon_position_top has_border\"><div class=\"icon_wrapper\"><div class=\"icon\"><i class=\"icon-bitbucket\" aria-hidden=\"true\"><\/i><\/div><\/div><div class=\"desc_wrapper\"><h4 class=\"title \">Max 24<\/h4><div class=\"desc\">310\u20ac<\/div><\/div><\/div>\n<\/div><\/div>\n<\/p>\n<p><div class=\"alert alert_error\"><div class=\"alert_icon\"><svg viewBox=\"0 0 28 28\"><defs><style>.path{fill:none;stroke:#000;stroke-miterlimit:10;stroke-width:1.5px;}<\/style><\/defs><g><circle cx=\"14\" cy=\"20\" r=\"0.33\" class=\"path\"\/><line x1=\"14\" y1=\"8.72\" x2=\"14\" y2=\"16.72\" class=\"path\"\/><path d=\"M12.6,3.42,1.54,22.58A1.61,1.61,0,0,0,2.93,25H25.07a1.61,1.61,0,0,0,1.39-2.42L15.4,3.42A1.61,1.61,0,0,0,12.6,3.42Z\" class=\"path\"\/><\/g><\/svg><\/div><div class=\"alert_wrapper\">Le montant affich\u00e9 peut \u00eatre modifi\u00e9 par le fournisseur sans que nous en soyons inform\u00e9s. Une diff\u00e9rence entre le prix affich\u00e9 ici et en magasin reste possible.<\/div><a href=\"#\" class=\"close mfn-close-icon\"><span class=\"icon\">\u2715<\/span><\/a><\/div>\n<div class=\"alert alert_info\"><div class=\"alert_icon\"><svg viewBox=\"0 0 28 28\"><defs><style>.path{fill:none;stroke:#000;stroke-miterlimit:10;stroke-width:1.5px;}<\/style><\/defs><g><circle class=\"path\" cx=\"14\" cy=\"14\" r=\"12\"\/><path class=\"path\" d=\"M11.2,9.12a3.4,3.4,0,0,1,3-1.69,2.84,2.84,0,0,1,3,2.76,3.16,3.16,0,0,1-.84,2.23c-.63.74-1.58,1.18-2.19,1.88a1,1,0,0,0-.26.64v2.32\"\/><circle class=\"path\" cx=\"14\" cy=\"20\" r=\"0.33\"\/><\/g><\/svg><\/div><div class=\"alert_wrapper\">Faites vos demandes particuli\u00e8res ou passez votre commande via ce formulaire <\/div><a href=\"#\" class=\"close mfn-close-icon\"><span class=\"icon\">\u2715<\/span><\/a><\/div>\n <a class=\"button  button_size_3\" href=\"https:\/\/tempsetor.be\/galerie\/ma-commande\/\"     target=\"_blank\"    title=\"\"><span class=\"button_label\">&gt; Formulaire<\/span><\/a>\n<\/p>\n","protected":false},"featured_media":8246,"template":"","meta":{"_monsterinsights_skip_tracking":false,"_monsterinsights_sitenote_active":false,"_monsterinsights_sitenote_note":"","_monsterinsights_sitenote_category":0},"product_brand":[],"product_cat":[903,1005,964],"product_tag":[],"class_list":{"0":"post-8243","1":"product","2":"type-product","3":"status-publish","4":"has-post-thumbnail","6":"product_cat-baobab","7":"product_cat-baobab-bougies","8":"product_cat-les-exclusives-bougie","10":"first","11":"instock","12":"shipping-taxable","13":"purchasable","14":"product-type-simple"},"_links":{"self":[{"href":"https:\/\/tempsetor.be\/galerie\/wp-json\/wp\/v2\/product\/8243","targetHints":{"allow":["GET"]}}],"collection":[{"href":"https:\/\/tempsetor.be\/galerie\/wp-json\/wp\/v2\/product"}],"about":[{"href":"https:\/\/tempsetor.be\/galerie\/wp-json\/wp\/v2\/types\/product"}],"wp:featuredmedia":[{"embeddable":true,"href":"https:\/\/tempsetor.be\/galerie\/wp-json\/wp\/v2\/media\/8246"}],"wp:attachment":[{"href":"https:\/\/tempsetor.be\/galerie\/wp-json\/wp\/v2\/media?parent=8243"}],"wp:term":[{"taxonomy":"product_brand","embeddable":true,"href":"https:\/\/tempsetor.be\/galerie\/wp-json\/wp\/v2\/product_brand?post=8243"},{"taxonomy":"product_cat","embeddable":true,"href":"https:\/\/tempsetor.be\/galerie\/wp-json\/wp\/v2\/product_cat?post=8243"},{"taxonomy":"product_tag","embeddable":true,"href":"https:\/\/tempsetor.be\/galerie\/wp-json\/wp\/v2\/product_tag?post=8243"}],"curies":[{"name":"wp","href":"https:\/\/api.w.org\/{rel}","templated":true}]}}