{"id":8259,"date":"2025-01-22T16:56:31","date_gmt":"2025-01-22T15:56:31","guid":{"rendered":"https:\/\/tempsetor.be\/galerie\/?post_type=product&#038;p=8259"},"modified":"2025-01-22T17:03:14","modified_gmt":"2025-01-22T16:03:14","slug":"montre-hommes-bering-ultra-slim-grise-17240-777","status":"publish","type":"product","link":"https:\/\/tempsetor.be\/galerie\/produit\/montre-hommes-bering-ultra-slim-grise-17240-777\/","title":{"rendered":"Montre hommes &#8211; Bering &#8211; Ultra Slim &#8211; grise &#8211; 17240-777"},"content":{"rendered":"<p>D\u00e9couvrez la Bering Ultra Slim Polished\/Brushed Grey : une montre \u00e9l\u00e9gante et minimaliste, alliant design danois et finesse exceptionnelle.<\/p>\n","protected":false},"excerpt":{"rendered":"<p><img loading=\"lazy\" decoding=\"async\" class=\"wp-image-4049 size-full\" src=\"https:\/\/tempsetor.be\/galerie\/wp-content\/uploads\/2018\/10\/logo-bering.png\" alt=\"logo bering\" width=\"150\" height=\"29\" srcset=\"https:\/\/tempsetor.be\/galerie\/wp-content\/uploads\/2018\/10\/logo-bering.png 150w, https:\/\/tempsetor.be\/galerie\/wp-content\/uploads\/2018\/10\/logo-bering-50x10.png 50w\" sizes=\"auto, (max-width:767px) 150px, 150px\" \/><\/p>\n<p>La montre Bering Ultra Slim Polished\/Brushed Grey est une v\u00e9ritable prouesse de design et d&#8217;ing\u00e9nierie. Avec une \u00e9paisseur de seulement 6 mm, elle se classe parmi les montres les plus fines du march\u00e9, offrant une l\u00e9g\u00e8ret\u00e9 et un confort in\u00e9gal\u00e9s au poignet.<\/p>\n<p>Son bo\u00eetier en acier inoxydable poli et bross\u00e9 de 40 mm abrite un cadran gris \u00e9pur\u00e9, prot\u00e9g\u00e9 par un verre saphir plat r\u00e9sistant aux rayures, garantissant une durabilit\u00e9 optimale. Les aiguilles et index argent\u00e9s apportent une touche de sophistication, refl\u00e9tant l&#8217;esth\u00e9tique minimaliste danoise ch\u00e8re \u00e0 la marque.<\/p>\n<p>Le bracelet en acier inoxydable avec maillons assure un ajustement parfait et une long\u00e9vit\u00e9 accrue. Avec une r\u00e9sistance \u00e0 l&#8217;eau de 3 ATM, cette montre est adapt\u00e9e \u00e0 une utilisation quotidienne, r\u00e9sistant aux \u00e9claboussures et \u00e0 la pluie.<\/p>\n<p>Propos\u00e9e au prix de 219,00 \u20ac, la Bering Ultra Slim Polished\/Brushed Grey est disponible en magasin ou sur notre eshop. Elle s\u00e9duira les amateurs de montres raffin\u00e9es et discr\u00e8tes, incarnant l&#8217;\u00e9l\u00e9gance contemporaine.<\/p>\n<p>D\u00e9j\u00e0 garanties 2 ans, le service apr\u00e8s-vente de la bijouterie <strong>Temps &amp; OR<\/strong> vous apporte une confiance suppl\u00e9mentaire pour ces produits. Selon vos besoins, ces montres peuvent \u00eatre \u00e9galement r\u00e9serv\u00e9es \u00e0 la bijouterie. La mise \u00e0 mesure offerte ainsi qu&#8217;un emballage cadeau vous y seront propos\u00e9s.<\/p>\n<p><div class=\"alert alert_error\"><div class=\"alert_icon\"><svg viewBox=\"0 0 28 28\"><defs><style>.path{fill:none;stroke:#000;stroke-miterlimit:10;stroke-width:1.5px;}<\/style><\/defs><g><circle cx=\"14\" cy=\"20\" r=\"0.33\" class=\"path\"\/><line x1=\"14\" y1=\"8.72\" x2=\"14\" y2=\"16.72\" class=\"path\"\/><path d=\"M12.6,3.42,1.54,22.58A1.61,1.61,0,0,0,2.93,25H25.07a1.61,1.61,0,0,0,1.39-2.42L15.4,3.42A1.61,1.61,0,0,0,12.6,3.42Z\" class=\"path\"\/><\/g><\/svg><\/div><div class=\"alert_wrapper\">Le montant affich\u00e9 peut \u00eatre modifi\u00e9 par le fournisseur sans que nous en soyons inform\u00e9s. Une diff\u00e9rence entre le prix affich\u00e9 ici et en magasin reste possible.<\/div><a href=\"#\" class=\"close mfn-close-icon\"><span class=\"icon\">\u2715<\/span><\/a><\/div>\n<div class=\"alert alert_info\"><div class=\"alert_icon\"><svg viewBox=\"0 0 28 28\"><defs><style>.path{fill:none;stroke:#000;stroke-miterlimit:10;stroke-width:1.5px;}<\/style><\/defs><g><circle class=\"path\" cx=\"14\" cy=\"14\" r=\"12\"\/><path class=\"path\" d=\"M11.2,9.12a3.4,3.4,0,0,1,3-1.69,2.84,2.84,0,0,1,3,2.76,3.16,3.16,0,0,1-.84,2.23c-.63.74-1.58,1.18-2.19,1.88a1,1,0,0,0-.26.64v2.32\"\/><circle class=\"path\" cx=\"14\" cy=\"20\" r=\"0.33\"\/><\/g><\/svg><\/div><div class=\"alert_wrapper\">Faites vos demandes particuli\u00e8res ou passez votre commande via ce formulaire <\/div><a href=\"#\" class=\"close mfn-close-icon\"><span class=\"icon\">\u2715<\/span><\/a><\/div>\n <a class=\"button  button_size_3\" href=\"https:\/\/tempsetor.be\/galerie\/ma-commande\/\"     target=\"_blank\"    title=\"\"><span class=\"button_label\">&gt; Formulaire<\/span><\/a>\n<\/p>\n","protected":false},"featured_media":8260,"template":"","meta":{"_monsterinsights_skip_tracking":false,"_monsterinsights_sitenote_active":false,"_monsterinsights_sitenote_note":"","_monsterinsights_sitenote_category":0},"product_brand":[],"product_cat":[775,40,39],"product_tag":[],"class_list":{"0":"post-8259","1":"product","2":"type-product","3":"status-publish","4":"has-post-thumbnail","6":"product_cat-bering-hommes","7":"product_cat-montres-hommes","8":"product_cat-hommes","10":"first","11":"instock","12":"shipping-taxable","13":"purchasable","14":"product-type-simple"},"_links":{"self":[{"href":"https:\/\/tempsetor.be\/galerie\/wp-json\/wp\/v2\/product\/8259","targetHints":{"allow":["GET"]}}],"collection":[{"href":"https:\/\/tempsetor.be\/galerie\/wp-json\/wp\/v2\/product"}],"about":[{"href":"https:\/\/tempsetor.be\/galerie\/wp-json\/wp\/v2\/types\/product"}],"wp:featuredmedia":[{"embeddable":true,"href":"https:\/\/tempsetor.be\/galerie\/wp-json\/wp\/v2\/media\/8260"}],"wp:attachment":[{"href":"https:\/\/tempsetor.be\/galerie\/wp-json\/wp\/v2\/media?parent=8259"}],"wp:term":[{"taxonomy":"product_brand","embeddable":true,"href":"https:\/\/tempsetor.be\/galerie\/wp-json\/wp\/v2\/product_brand?post=8259"},{"taxonomy":"product_cat","embeddable":true,"href":"https:\/\/tempsetor.be\/galerie\/wp-json\/wp\/v2\/product_cat?post=8259"},{"taxonomy":"product_tag","embeddable":true,"href":"https:\/\/tempsetor.be\/galerie\/wp-json\/wp\/v2\/product_tag?post=8259"}],"curies":[{"name":"wp","href":"https:\/\/api.w.org\/{rel}","templated":true}]}}