{"id":8290,"date":"2025-01-29T14:31:22","date_gmt":"2025-01-29T13:31:22","guid":{"rendered":"https:\/\/tempsetor.be\/galerie\/?post_type=product&#038;p=8290"},"modified":"2025-04-26T15:24:50","modified_gmt":"2025-04-26T13:24:50","slug":"montre-hommes-ciga-design-y-series-jade-c012-wg01-w7w","status":"publish","type":"product","link":"https:\/\/tempsetor.be\/galerie\/produit\/montre-hommes-ciga-design-y-series-jade-c012-wg01-w7w\/","title":{"rendered":"Montre hommes CIGA Design &#8211; Y-Series Jade &#8211; C012-WG01-W7w"},"content":{"rendered":"<p><span class=\"relative -mx-px my-[-0.2rem] rounded px-px py-[0.2rem] transition-colors duration-100 ease-in-out\">La <strong data-start=\"3\" data-end=\"32\">CIGA Design Y-Series Jade<\/strong> allie esth\u00e9tique contemporaine et savoir-faire traditionnel.<\/span> <span class=\"relative -mx-px my-[-0.2rem] rounded px-px py-[0.2rem] transition-colors duration-100 ease-in-out\">Avec son bo\u00eetier en c\u00e9ramique jade, son cadran squelette et son mouvement automatique CD-02, elle incarne l&#8217;\u00e9l\u00e9gance et la pr\u00e9cision.<\/span><\/p>\n","protected":false},"excerpt":{"rendered":"<p class=\"product-single__vendor\"><img loading=\"lazy\" decoding=\"async\" class=\" wp-image-8047 alignleft\" src=\"https:\/\/tempsetor.be\/galerie\/wp-content\/uploads\/2024\/11\/logo-ciga-design-noir-300x88.png\" alt=\"logo ciga design noir\" width=\"150\" height=\"44\" srcset=\"https:\/\/tempsetor.be\/galerie\/wp-content\/uploads\/2024\/11\/logo-ciga-design-noir-300x88.png 300w, https:\/\/tempsetor.be\/galerie\/wp-content\/uploads\/2024\/11\/logo-ciga-design-noir-150x44.png 150w, https:\/\/tempsetor.be\/galerie\/wp-content\/uploads\/2024\/11\/logo-ciga-design-noir.png 312w\" sizes=\"auto, (max-width:767px) 150px, 150px\" \/><\/p>\n<p>La montre CIGA Design C012-WG01-W7W, \u00e9galement connue sous le nom de Eastern Jade de la s\u00e9rie Y, est une pi\u00e8ce horlog\u00e8re distinctive qui repousse les limites du design et de l\u2019innovation.<\/p>\n<p>Son bo\u00eetier en c\u00e9ramique blanche de 43 mm aux angles arrondis incarne une esth\u00e9tique avant-gardiste et raffin\u00e9e. Le cadran squelett\u00e9 d\u00e9voile chaque d\u00e9tail du mouvement m\u00e9canique automatique, mettant en valeur le savoir-faire technique de CIGA Design. Le tout est prot\u00e9g\u00e9 par un verre saphir r\u00e9sistant aux rayures, garantissant une durabilit\u00e9 et une lisibilit\u00e9 optimales.<\/p>\n<p>Le bracelet en c\u00e9ramique blanche, assorti au bo\u00eetier, conf\u00e8re \u00e0 cette montre une \u00e9l\u00e9gance intemporelle et un confort exceptionnel. Avec une r\u00e9serve de marche de 40 heures, elle assure une pr\u00e9cision fiable tout au long de la journ\u00e9e. Son \u00e9tanch\u00e9it\u00e9 jusqu\u2019\u00e0 30 m\u00e8tres la rend id\u00e9ale pour une utilisation quotidienne, r\u00e9sistant aux \u00e9claboussures et \u00e0 l\u2019humidit\u00e9.<\/p>\n<p>Disponible au prix de 649,00 \u20ac, la CIGA Design Eastern Jade est bien plus qu\u2019une montre : c\u2019est une \u0153uvre d\u2019art contemporaine pour les passionn\u00e9s de haute horlogerie. \u00c0 d\u00e9couvrir en magasin ou sur notre eshop.<\/p>\n<p><div class=\"alert alert_error\"><div class=\"alert_icon\"><svg viewBox=\"0 0 28 28\"><defs><style>.path{fill:none;stroke:#000;stroke-miterlimit:10;stroke-width:1.5px;}<\/style><\/defs><g><circle cx=\"14\" cy=\"20\" r=\"0.33\" class=\"path\"\/><line x1=\"14\" y1=\"8.72\" x2=\"14\" y2=\"16.72\" class=\"path\"\/><path d=\"M12.6,3.42,1.54,22.58A1.61,1.61,0,0,0,2.93,25H25.07a1.61,1.61,0,0,0,1.39-2.42L15.4,3.42A1.61,1.61,0,0,0,12.6,3.42Z\" class=\"path\"\/><\/g><\/svg><\/div><div class=\"alert_wrapper\">Le montant affich\u00e9 peut \u00eatre modifi\u00e9 par le fournisseur sans que nous en soyons inform\u00e9s. Une diff\u00e9rence entre le prix affich\u00e9 ici et en magasin reste possible.<\/div><a href=\"#\" class=\"close mfn-close-icon\"><span class=\"icon\">\u2715<\/span><\/a><\/div>\n<div class=\"alert alert_info\"><div class=\"alert_icon\"><svg viewBox=\"0 0 28 28\"><defs><style>.path{fill:none;stroke:#000;stroke-miterlimit:10;stroke-width:1.5px;}<\/style><\/defs><g><circle class=\"path\" cx=\"14\" cy=\"14\" r=\"12\"\/><path class=\"path\" d=\"M11.2,9.12a3.4,3.4,0,0,1,3-1.69,2.84,2.84,0,0,1,3,2.76,3.16,3.16,0,0,1-.84,2.23c-.63.74-1.58,1.18-2.19,1.88a1,1,0,0,0-.26.64v2.32\"\/><circle class=\"path\" cx=\"14\" cy=\"20\" r=\"0.33\"\/><\/g><\/svg><\/div><div class=\"alert_wrapper\">Faites vos demandes particuli\u00e8res ou passez votre commande via ce formulaire <\/div><a href=\"#\" class=\"close mfn-close-icon\"><span class=\"icon\">\u2715<\/span><\/a><\/div>\n <a class=\"button  button_size_3\" href=\"https:\/\/tempsetor.be\/galerie\/ma-commande\/\"     target=\"_blank\"    title=\"\"><span class=\"button_label\">&gt; Formulaire<\/span><\/a>\n<\/p>\n","protected":false},"featured_media":8291,"template":"","meta":{"_monsterinsights_skip_tracking":false,"_monsterinsights_sitenote_active":false,"_monsterinsights_sitenote_note":"","_monsterinsights_sitenote_category":0},"product_brand":[],"product_cat":[2428,40,39],"product_tag":[],"class_list":{"0":"post-8290","1":"product","2":"type-product","3":"status-publish","4":"has-post-thumbnail","6":"product_cat-ciga-design-hommes","7":"product_cat-montres-hommes","8":"product_cat-hommes","10":"first","11":"instock","12":"shipping-taxable","13":"purchasable","14":"product-type-simple"},"_links":{"self":[{"href":"https:\/\/tempsetor.be\/galerie\/wp-json\/wp\/v2\/product\/8290","targetHints":{"allow":["GET"]}}],"collection":[{"href":"https:\/\/tempsetor.be\/galerie\/wp-json\/wp\/v2\/product"}],"about":[{"href":"https:\/\/tempsetor.be\/galerie\/wp-json\/wp\/v2\/types\/product"}],"wp:featuredmedia":[{"embeddable":true,"href":"https:\/\/tempsetor.be\/galerie\/wp-json\/wp\/v2\/media\/8291"}],"wp:attachment":[{"href":"https:\/\/tempsetor.be\/galerie\/wp-json\/wp\/v2\/media?parent=8290"}],"wp:term":[{"taxonomy":"product_brand","embeddable":true,"href":"https:\/\/tempsetor.be\/galerie\/wp-json\/wp\/v2\/product_brand?post=8290"},{"taxonomy":"product_cat","embeddable":true,"href":"https:\/\/tempsetor.be\/galerie\/wp-json\/wp\/v2\/product_cat?post=8290"},{"taxonomy":"product_tag","embeddable":true,"href":"https:\/\/tempsetor.be\/galerie\/wp-json\/wp\/v2\/product_tag?post=8290"}],"curies":[{"name":"wp","href":"https:\/\/api.w.org\/{rel}","templated":true}]}}