{"id":8299,"date":"2025-01-30T14:31:11","date_gmt":"2025-01-30T13:31:11","guid":{"rendered":"https:\/\/tempsetor.be\/galerie\/?post_type=product&#038;p=8299"},"modified":"2025-01-30T14:47:48","modified_gmt":"2025-01-30T13:47:48","slug":"montre-hommes-hamilton-jazzmaster-open-heart-h32675560","status":"publish","type":"product","link":"https:\/\/tempsetor.be\/galerie\/produit\/montre-hommes-hamilton-jazzmaster-open-heart-h32675560\/","title":{"rendered":"Montre hommes Hamilton &#8211;  Jazzmaster Open Heart &#8211; H32675560"},"content":{"rendered":"<p>Plongez dans l&#8217;univers de l&#8217;horlogerie de luxe avec la Hamilton Jazzmaster Open Heart Auto H32675560. Son cadran vert fum\u00e9 avec d\u00e9coupes r\u00e9v\u00e8le le mouvement automatique H-10, offrant une r\u00e9serve de marche de 80 heures. Un chef-d&#8217;\u0153uvre alliant design contemporain et savoir-faire traditionnel.<\/p>\n","protected":false},"excerpt":{"rendered":"<p><img loading=\"lazy\" decoding=\"async\" class=\"size-full wp-image-5425 alignleft\" src=\"https:\/\/www.tempsetor.be\/galerie\/wp-content\/uploads\/2020\/12\/Hamilton.png\" alt=\"logo Hamilton\" width=\"150\" height=\"29\" srcset=\"https:\/\/tempsetor.be\/galerie\/wp-content\/uploads\/2020\/12\/Hamilton.png 150w, https:\/\/tempsetor.be\/galerie\/wp-content\/uploads\/2020\/12\/Hamilton-50x10.png 50w\" sizes=\"auto, (max-width:767px) 150px, 150px\" \/><\/p>\n<h1 class=\"page-title large\"><\/h1>\n<div class=\"product-main-attributes\">\n<p>D\u00e9couvrez l&#8217;\u00e9l\u00e9gance intemporelle de la Hamilton Jazzmaster Open Heart Auto, r\u00e9f\u00e9rence H32675560. Cette montre incarne le parfait \u00e9quilibre entre tradition horlog\u00e8re et design contemporain.<\/p>\n<p>Le bo\u00eetier en acier inoxydable de 40 mm de diam\u00e8tre et 11,05 mm d&#8217;\u00e9paisseur abrite un cadran vert fum\u00e9 captivant. Les d\u00e9coupes pr\u00e9cises sur le cadran offrent une vue fascinante sur le mouvement automatique calibre H-10, dot\u00e9 d&#8217;une impressionnante r\u00e9serve de marche de 80 heures. Le fond de bo\u00eetier transparent permet d&#8217;admirer davantage la m\u00e9canique interne, t\u00e9moignant du savoir-faire exceptionnel d&#8217;Hamilton.<\/p>\n<p>Prot\u00e9g\u00e9 par un verre saphir, le cadran pr\u00e9sente des index b\u00e2tons argent\u00e9s et des aiguilles assorties, ajoutant une touche de raffinement. Le bracelet en cuir de veau marron compl\u00e8te harmonieusement l&#8217;ensemble, assurant confort et style au poignet.<\/p>\n<p>Avec une \u00e9tanch\u00e9it\u00e9 de 5 ATM (50 m\u00e8tres), cette montre allie fonctionnalit\u00e9 et esth\u00e9tique, faisant d&#8217;elle le choix id\u00e9al pour l&#8217;homme moderne en qu\u00eate d&#8217;une pi\u00e8ce horlog\u00e8re distinctive.<\/p>\n<\/div>\n<p><div class=\"alert alert_error\"><div class=\"alert_icon\"><svg viewBox=\"0 0 28 28\"><defs><style>.path{fill:none;stroke:#000;stroke-miterlimit:10;stroke-width:1.5px;}<\/style><\/defs><g><circle cx=\"14\" cy=\"20\" r=\"0.33\" class=\"path\"\/><line x1=\"14\" y1=\"8.72\" x2=\"14\" y2=\"16.72\" class=\"path\"\/><path d=\"M12.6,3.42,1.54,22.58A1.61,1.61,0,0,0,2.93,25H25.07a1.61,1.61,0,0,0,1.39-2.42L15.4,3.42A1.61,1.61,0,0,0,12.6,3.42Z\" class=\"path\"\/><\/g><\/svg><\/div><div class=\"alert_wrapper\">Le montant affich\u00e9 peut \u00eatre modifi\u00e9 par le fournisseur sans que nous en soyons inform\u00e9s. Une diff\u00e9rence entre le prix affich\u00e9 ici et en magasin reste possible.<\/div><a href=\"#\" class=\"close mfn-close-icon\"><span class=\"icon\">\u2715<\/span><\/a><\/div>\n<div class=\"alert alert_info\"><div class=\"alert_icon\"><svg viewBox=\"0 0 28 28\"><defs><style>.path{fill:none;stroke:#000;stroke-miterlimit:10;stroke-width:1.5px;}<\/style><\/defs><g><circle class=\"path\" cx=\"14\" cy=\"14\" r=\"12\"\/><path class=\"path\" d=\"M11.2,9.12a3.4,3.4,0,0,1,3-1.69,2.84,2.84,0,0,1,3,2.76,3.16,3.16,0,0,1-.84,2.23c-.63.74-1.58,1.18-2.19,1.88a1,1,0,0,0-.26.64v2.32\"\/><circle class=\"path\" cx=\"14\" cy=\"20\" r=\"0.33\"\/><\/g><\/svg><\/div><div class=\"alert_wrapper\">Faites vos demandes particuli\u00e8res ou passez votre commande via ce formulaire <\/div><a href=\"#\" class=\"close mfn-close-icon\"><span class=\"icon\">\u2715<\/span><\/a><\/div>\n <a class=\"button  button_size_3\" href=\"https:\/\/tempsetor.be\/galerie\/ma-commande\/\"     target=\"_blank\"    title=\"\"><span class=\"button_label\">&gt; Formulaire<\/span><\/a>\n<\/p>\n","protected":false},"featured_media":8300,"template":"","meta":{"_monsterinsights_skip_tracking":false,"_monsterinsights_sitenote_active":false,"_monsterinsights_sitenote_note":"","_monsterinsights_sitenote_category":0},"product_brand":[],"product_cat":[1628,40,39],"product_tag":[],"class_list":{"0":"post-8299","1":"product","2":"type-product","3":"status-publish","4":"has-post-thumbnail","6":"product_cat-hamilton-hommes","7":"product_cat-montres-hommes","8":"product_cat-hommes","10":"first","11":"instock","12":"shipping-taxable","13":"purchasable","14":"product-type-simple"},"_links":{"self":[{"href":"https:\/\/tempsetor.be\/galerie\/wp-json\/wp\/v2\/product\/8299","targetHints":{"allow":["GET"]}}],"collection":[{"href":"https:\/\/tempsetor.be\/galerie\/wp-json\/wp\/v2\/product"}],"about":[{"href":"https:\/\/tempsetor.be\/galerie\/wp-json\/wp\/v2\/types\/product"}],"wp:featuredmedia":[{"embeddable":true,"href":"https:\/\/tempsetor.be\/galerie\/wp-json\/wp\/v2\/media\/8300"}],"wp:attachment":[{"href":"https:\/\/tempsetor.be\/galerie\/wp-json\/wp\/v2\/media?parent=8299"}],"wp:term":[{"taxonomy":"product_brand","embeddable":true,"href":"https:\/\/tempsetor.be\/galerie\/wp-json\/wp\/v2\/product_brand?post=8299"},{"taxonomy":"product_cat","embeddable":true,"href":"https:\/\/tempsetor.be\/galerie\/wp-json\/wp\/v2\/product_cat?post=8299"},{"taxonomy":"product_tag","embeddable":true,"href":"https:\/\/tempsetor.be\/galerie\/wp-json\/wp\/v2\/product_tag?post=8299"}],"curies":[{"name":"wp","href":"https:\/\/api.w.org\/{rel}","templated":true}]}}