{"id":8304,"date":"2025-01-30T15:06:02","date_gmt":"2025-01-30T14:06:02","guid":{"rendered":"https:\/\/tempsetor.be\/galerie\/?post_type=product&#038;p=8304"},"modified":"2025-01-30T15:14:00","modified_gmt":"2025-01-30T14:14:00","slug":"montre-dames-hamilton-jazzmaster-open-heart-h32215142","status":"publish","type":"product","link":"https:\/\/tempsetor.be\/galerie\/produit\/montre-dames-hamilton-jazzmaster-open-heart-h32215142\/","title":{"rendered":"Montre dames Hamilton &#8211;  Jazzmaster Open Heart &#8211; H32215142"},"content":{"rendered":"<p>\ud83d\udcab <strong>Hamilton Jazzmaster Open Heart Auto H32215142<\/strong> \u2013 \u00c9l\u00e9gance et raffinement. Cadran bleu scintillant avec vue sur le <strong>mouvement automatique H-10<\/strong> et sa <strong>r\u00e9serve de marche de 80 heures<\/strong>. Bo\u00eetier et bracelet en <strong>acier inoxydable<\/strong>, \u00e9tanch\u00e9it\u00e9 <strong>5 ATM<\/strong>.<\/p>\n","protected":false},"excerpt":{"rendered":"<p><img loading=\"lazy\" decoding=\"async\" class=\"size-full wp-image-5425 alignleft\" src=\"https:\/\/www.tempsetor.be\/galerie\/wp-content\/uploads\/2020\/12\/Hamilton.png\" alt=\"logo Hamilton\" width=\"150\" height=\"29\" srcset=\"https:\/\/tempsetor.be\/galerie\/wp-content\/uploads\/2020\/12\/Hamilton.png 150w, https:\/\/tempsetor.be\/galerie\/wp-content\/uploads\/2020\/12\/Hamilton-50x10.png 50w\" sizes=\"auto, (max-width:767px) 150px, 150px\" \/><\/p>\n<h1 class=\"page-title large\"><\/h1>\n<div class=\"product-main-attributes\">\n<p>D\u00e9couvrez l&#8217;\u00e9l\u00e9gance raffin\u00e9e de la <strong>Hamilton Jazzmaster Open Heart Auto<\/strong>, r\u00e9f\u00e9rence <strong>H32215142<\/strong>. Cette montre incarne l&#8217;harmonie parfaite entre tradition horlog\u00e8re et design moderne.<\/p>\n<p>Son <strong>bo\u00eetier en acier inoxydable de 36 mm<\/strong> de diam\u00e8tre et <strong>10 mm d&#8217;\u00e9paisseur<\/strong> abrite un cadran <strong>bleu nuit scintillant<\/strong>, inspir\u00e9 de l&#8217;aventurine et \u00e9voquant la profondeur du cosmos. Les <strong>d\u00e9coupes &#8220;Open Heart&#8221;<\/strong> sur le cadran offrent une vue fascinante sur le mouvement automatique <strong>calibre H-10<\/strong>, dot\u00e9 d&#8217;une impressionnante <strong>r\u00e9serve de marche de 80 heures<\/strong>. Ce mouvement est \u00e9quip\u00e9 d&#8217;un <strong>spiral en Nivachron\u2122<\/strong>, assurant une r\u00e9sistance accrue aux champs magn\u00e9tiques et garantissant une pr\u00e9cision optimale.<\/p>\n<p>Prot\u00e9g\u00e9 par un <strong>verre saphir avec traitement antireflet<\/strong>, le cadran pr\u00e9sente des <strong>aiguilles des heures et des minutes rev\u00eatues de Super-LumiNova<\/strong>, assurant une lisibilit\u00e9 parfaite m\u00eame dans l&#8217;obscurit\u00e9. La montre est accompagn\u00e9e d&#8217;un <strong>bracelet en acier inoxydable<\/strong>, offrant une allure \u00e9l\u00e9gante et contemporaine, s\u00e9curis\u00e9 par une <strong>boucle d\u00e9ployante<\/strong>.<\/p>\n<p>Avec une <strong>\u00e9tanch\u00e9it\u00e9 de 5 ATM (50 m\u00e8tres)<\/strong>, cette montre allie <strong>fonctionnalit\u00e9 et esth\u00e9tique<\/strong>, faisant d&#8217;elle le choix id\u00e9al pour ceux qui recherchent une pi\u00e8ce horlog\u00e8re sophistiqu\u00e9e et intemporelle.<\/p>\n<\/div>\n<p><div class=\"alert alert_error\"><div class=\"alert_icon\"><svg viewBox=\"0 0 28 28\"><defs><style>.path{fill:none;stroke:#000;stroke-miterlimit:10;stroke-width:1.5px;}<\/style><\/defs><g><circle cx=\"14\" cy=\"20\" r=\"0.33\" class=\"path\"\/><line x1=\"14\" y1=\"8.72\" x2=\"14\" y2=\"16.72\" class=\"path\"\/><path d=\"M12.6,3.42,1.54,22.58A1.61,1.61,0,0,0,2.93,25H25.07a1.61,1.61,0,0,0,1.39-2.42L15.4,3.42A1.61,1.61,0,0,0,12.6,3.42Z\" class=\"path\"\/><\/g><\/svg><\/div><div class=\"alert_wrapper\">Le montant affich\u00e9 peut \u00eatre modifi\u00e9 par le fournisseur sans que nous en soyons inform\u00e9s. Une diff\u00e9rence entre le prix affich\u00e9 ici et en magasin reste possible.<\/div><a href=\"#\" class=\"close mfn-close-icon\"><span class=\"icon\">\u2715<\/span><\/a><\/div>\n<div class=\"alert alert_info\"><div class=\"alert_icon\"><svg viewBox=\"0 0 28 28\"><defs><style>.path{fill:none;stroke:#000;stroke-miterlimit:10;stroke-width:1.5px;}<\/style><\/defs><g><circle class=\"path\" cx=\"14\" cy=\"14\" r=\"12\"\/><path class=\"path\" d=\"M11.2,9.12a3.4,3.4,0,0,1,3-1.69,2.84,2.84,0,0,1,3,2.76,3.16,3.16,0,0,1-.84,2.23c-.63.74-1.58,1.18-2.19,1.88a1,1,0,0,0-.26.64v2.32\"\/><circle class=\"path\" cx=\"14\" cy=\"20\" r=\"0.33\"\/><\/g><\/svg><\/div><div class=\"alert_wrapper\">Faites vos demandes particuli\u00e8res ou passez votre commande via ce formulaire <\/div><a href=\"#\" class=\"close mfn-close-icon\"><span class=\"icon\">\u2715<\/span><\/a><\/div>\n <a class=\"button  button_size_3\" href=\"https:\/\/tempsetor.be\/galerie\/ma-commande\/\"     target=\"_blank\"    title=\"\"><span class=\"button_label\">&gt; Formulaire<\/span><\/a>\n<\/p>\n","protected":false},"featured_media":8305,"template":"","meta":{"_monsterinsights_skip_tracking":false,"_monsterinsights_sitenote_active":false,"_monsterinsights_sitenote_note":"","_monsterinsights_sitenote_category":0},"product_brand":[],"product_cat":[1739,28,27],"product_tag":[],"class_list":{"0":"post-8304","1":"product","2":"type-product","3":"status-publish","4":"has-post-thumbnail","6":"product_cat-hamilton-montres-dames","7":"product_cat-montres-dames","8":"product_cat-dames","10":"first","11":"instock","12":"shipping-taxable","13":"purchasable","14":"product-type-simple"},"_links":{"self":[{"href":"https:\/\/tempsetor.be\/galerie\/wp-json\/wp\/v2\/product\/8304","targetHints":{"allow":["GET"]}}],"collection":[{"href":"https:\/\/tempsetor.be\/galerie\/wp-json\/wp\/v2\/product"}],"about":[{"href":"https:\/\/tempsetor.be\/galerie\/wp-json\/wp\/v2\/types\/product"}],"wp:featuredmedia":[{"embeddable":true,"href":"https:\/\/tempsetor.be\/galerie\/wp-json\/wp\/v2\/media\/8305"}],"wp:attachment":[{"href":"https:\/\/tempsetor.be\/galerie\/wp-json\/wp\/v2\/media?parent=8304"}],"wp:term":[{"taxonomy":"product_brand","embeddable":true,"href":"https:\/\/tempsetor.be\/galerie\/wp-json\/wp\/v2\/product_brand?post=8304"},{"taxonomy":"product_cat","embeddable":true,"href":"https:\/\/tempsetor.be\/galerie\/wp-json\/wp\/v2\/product_cat?post=8304"},{"taxonomy":"product_tag","embeddable":true,"href":"https:\/\/tempsetor.be\/galerie\/wp-json\/wp\/v2\/product_tag?post=8304"}],"curies":[{"name":"wp","href":"https:\/\/api.w.org\/{rel}","templated":true}]}}