{"id":8308,"date":"2025-01-30T15:33:18","date_gmt":"2025-01-30T14:33:18","guid":{"rendered":"https:\/\/tempsetor.be\/galerie\/?post_type=product&#038;p=8308"},"modified":"2025-01-30T15:46:21","modified_gmt":"2025-01-30T14:46:21","slug":"montre-hommes-festina-chronographe-f20041-1","status":"publish","type":"product","link":"https:\/\/tempsetor.be\/galerie\/produit\/montre-hommes-festina-chronographe-f20041-1\/","title":{"rendered":"Montre hommes &#8211; Festina &#8211; chronographe &#8211; F20041\/1"},"content":{"rendered":"<p>La montre Festina Automatic F20632\/1 pour homme allie sophistication et performance. Son bo\u00eetier en acier inoxydable 316L de 42,8 mm, son verre saphir et son bracelet assorti conf\u00e8rent \u00e0 ce mod\u00e8le une allure \u00e9l\u00e9gante et robuste. \u00c9quip\u00e9e d\u2019un mouvement automatique Miyota 8n24, cette montre offre une pr\u00e9cision sans faille et une durabilit\u00e9 exceptionnelle. Parfaite pour ceux qui recherchent une montre de qualit\u00e9 sup\u00e9rieure, sans compromis sur le style.<\/p>\n","protected":false},"excerpt":{"rendered":"<p><img loading=\"lazy\" decoding=\"async\" class=\"wp-image-4096 size-full alignleft\" src=\"https:\/\/tempsetor.be\/galerie\/wp-content\/uploads\/2018\/11\/festina.png\" alt=\"logo Festina\" width=\"150\" height=\"92\" srcset=\"https:\/\/tempsetor.be\/galerie\/wp-content\/uploads\/2018\/11\/festina.png 150w, https:\/\/tempsetor.be\/galerie\/wp-content\/uploads\/2018\/11\/festina-50x31.png 50w, https:\/\/tempsetor.be\/galerie\/wp-content\/uploads\/2018\/11\/festina-122x75.png 122w\" sizes=\"auto, (max-width:767px) 150px, 150px\" \/><\/p>\n<p>La montre Festina Automatic F20632\/1 pour homme est l\u2019expression ultime de l\u2019\u00e9l\u00e9gance et du savoir-faire horloger. Avec son bo\u00eetier rond de 42,8 mm en acier inoxydable 316L et son verre saphir, cette montre offre une robustesse \u00e0 toute \u00e9preuve tout en conservant une allure raffin\u00e9e. Le bracelet assorti en acier inoxydable noir compl\u00e8te ce mod\u00e8le pour un look moderne et sophistiqu\u00e9.<\/p>\n<p>Le mouvement automatique Miyota 8n24, un gage de pr\u00e9cision et de qualit\u00e9, permet \u00e0 cette montre de fonctionner sans pile, offrant ainsi une exp\u00e9rience horlog\u00e8re plus authentique et plus agr\u00e9able. Ce mod\u00e8le est con\u00e7u pour les hommes qui appr\u00e9cient la fiabilit\u00e9 et la praticit\u00e9, sans n\u00e9gliger l\u2019esth\u00e9tique. Bien qu\u2019elle n\u2019int\u00e8gre pas de calendrier, sa fonction principale reste les heures et les minutes, ce qui en fait un choix simple et \u00e9l\u00e9gant pour un usage quotidien.<\/p>\n<p>Avec une \u00e9tanch\u00e9it\u00e9 de 5 ATM, la Festina Automatic F20632\/1 r\u00e9siste aux \u00e9claboussures et peut \u00eatre port\u00e9e au quotidien, sans se soucier des conditions ext\u00e9rieures. Le fermoir \u00e0 double bouton poussoir permet de garantir une s\u00e9curit\u00e9 maximale au poignet, et le mouvement fluide de la trotteuse ajoute un charme ind\u00e9niable \u00e0 cette montre.<\/p>\n<p>Choisissez la Festina Automatic F20632\/1 pour allier technologie avanc\u00e9e et design intemporel dans un seul accessoire.<\/p>\n<p>D\u00e9j\u00e0 garanties 2 ans, la bijouterie <strong>Temps &amp; OR<\/strong> vous apporte une confiance suppl\u00e9mentaire pour ces produits. Selon vos besoins, ces montres peuvent \u00eatre \u00e9galement r\u00e9serv\u00e9es \u00e0 la bijouterie. La mise \u00e0 mesure offerte ainsi qu&#8217;un emballage cadeau vous y seront propos\u00e9s.<\/p>\n<p><div class=\"alert alert_error\"><div class=\"alert_icon\"><svg viewBox=\"0 0 28 28\"><defs><style>.path{fill:none;stroke:#000;stroke-miterlimit:10;stroke-width:1.5px;}<\/style><\/defs><g><circle cx=\"14\" cy=\"20\" r=\"0.33\" class=\"path\"\/><line x1=\"14\" y1=\"8.72\" x2=\"14\" y2=\"16.72\" class=\"path\"\/><path d=\"M12.6,3.42,1.54,22.58A1.61,1.61,0,0,0,2.93,25H25.07a1.61,1.61,0,0,0,1.39-2.42L15.4,3.42A1.61,1.61,0,0,0,12.6,3.42Z\" class=\"path\"\/><\/g><\/svg><\/div><div class=\"alert_wrapper\">Le montant affich\u00e9 peut \u00eatre modifi\u00e9 par le fournisseur sans que nous en soyons inform\u00e9s. Une diff\u00e9rence entre le prix affich\u00e9 ici et en magasin reste possible.<\/div><a href=\"#\" class=\"close mfn-close-icon\"><span class=\"icon\">\u2715<\/span><\/a><\/div>\n<div class=\"alert alert_info\"><div class=\"alert_icon\"><svg viewBox=\"0 0 28 28\"><defs><style>.path{fill:none;stroke:#000;stroke-miterlimit:10;stroke-width:1.5px;}<\/style><\/defs><g><circle class=\"path\" cx=\"14\" cy=\"14\" r=\"12\"\/><path class=\"path\" d=\"M11.2,9.12a3.4,3.4,0,0,1,3-1.69,2.84,2.84,0,0,1,3,2.76,3.16,3.16,0,0,1-.84,2.23c-.63.74-1.58,1.18-2.19,1.88a1,1,0,0,0-.26.64v2.32\"\/><circle class=\"path\" cx=\"14\" cy=\"20\" r=\"0.33\"\/><\/g><\/svg><\/div><div class=\"alert_wrapper\">Faites vos demandes particuli\u00e8res ou passez votre commande via ce formulaire <\/div><a href=\"#\" class=\"close mfn-close-icon\"><span class=\"icon\">\u2715<\/span><\/a><\/div>\n <a class=\"button  button_size_3\" href=\"https:\/\/tempsetor.be\/galerie\/ma-commande\/\"     target=\"_blank\"    title=\"\"><span class=\"button_label\">&gt; Formulaire<\/span><\/a>\n<\/p>\n","protected":false},"featured_media":8309,"template":"","meta":{"_monsterinsights_skip_tracking":false,"_monsterinsights_sitenote_active":false,"_monsterinsights_sitenote_note":"","_monsterinsights_sitenote_category":0},"product_brand":[],"product_cat":[795,40,39],"product_tag":[],"class_list":{"0":"post-8308","1":"product","2":"type-product","3":"status-publish","4":"has-post-thumbnail","6":"product_cat-festina-hommes","7":"product_cat-montres-hommes","8":"product_cat-hommes","10":"first","11":"instock","12":"shipping-taxable","13":"purchasable","14":"product-type-simple"},"_links":{"self":[{"href":"https:\/\/tempsetor.be\/galerie\/wp-json\/wp\/v2\/product\/8308","targetHints":{"allow":["GET"]}}],"collection":[{"href":"https:\/\/tempsetor.be\/galerie\/wp-json\/wp\/v2\/product"}],"about":[{"href":"https:\/\/tempsetor.be\/galerie\/wp-json\/wp\/v2\/types\/product"}],"wp:featuredmedia":[{"embeddable":true,"href":"https:\/\/tempsetor.be\/galerie\/wp-json\/wp\/v2\/media\/8309"}],"wp:attachment":[{"href":"https:\/\/tempsetor.be\/galerie\/wp-json\/wp\/v2\/media?parent=8308"}],"wp:term":[{"taxonomy":"product_brand","embeddable":true,"href":"https:\/\/tempsetor.be\/galerie\/wp-json\/wp\/v2\/product_brand?post=8308"},{"taxonomy":"product_cat","embeddable":true,"href":"https:\/\/tempsetor.be\/galerie\/wp-json\/wp\/v2\/product_cat?post=8308"},{"taxonomy":"product_tag","embeddable":true,"href":"https:\/\/tempsetor.be\/galerie\/wp-json\/wp\/v2\/product_tag?post=8308"}],"curies":[{"name":"wp","href":"https:\/\/api.w.org\/{rel}","templated":true}]}}