{"id":8313,"date":"2025-02-06T14:34:12","date_gmt":"2025-02-06T13:34:12","guid":{"rendered":"https:\/\/tempsetor.be\/galerie\/?post_type=product&#038;p=8313"},"modified":"2025-02-06T14:52:17","modified_gmt":"2025-02-06T13:52:17","slug":"montre-dames-balmain-haute-elegance-b8091-33-86","status":"publish","type":"product","link":"https:\/\/tempsetor.be\/galerie\/produit\/montre-dames-balmain-haute-elegance-b8091-33-86\/","title":{"rendered":"Montre dames Balmain &#8211; Haute Elegance &#8211; B8091.33.86"},"content":{"rendered":"<p class=\"Textbody\">D\u00e9couvrez la Balmain Haute Elegance Mini B80913386, une montre suisse pour femme alliant un bo\u00eetier en acier inoxydable de 24 mm, un cadran en nacre avec chiffres romains argent\u00e9s, et un bracelet assorti. Son mouvement \u00e0 quartz et son \u00e9tanch\u00e9it\u00e9 de 5 ATM en font le choix parfait pour l&#8217;\u00e9l\u00e9gance quotidienne.<\/p>\n","protected":false},"excerpt":{"rendered":"<p><img loading=\"lazy\" decoding=\"async\" class=\"wp-image-5728 alignleft\" src=\"https:\/\/tempsetor.be\/galerie\/wp-content\/uploads\/2021\/04\/balmain-logo-300x88.png\" alt=\"logo Balmain\" width=\"150\" height=\"44\" \/><\/p>\n<p>La Balmain Haute Elegance Mini B80913386 est une montre suisse con\u00e7ue pour les femmes appr\u00e9ciant la finesse et la pr\u00e9cision. Son bo\u00eetier rond en acier inoxydable de 24 mm de diam\u00e8tre et 4,95 mm d&#8217;\u00e9paisseur abrite un cadran en nacre orn\u00e9 de chiffres romains argent\u00e9s, offrant une lecture claire et \u00e9l\u00e9gante de l&#8217;heure. Les aiguilles argent\u00e9es compl\u00e8tent harmonieusement l&#8217;ensemble.<\/p>\n<p>Prot\u00e9g\u00e9 par un verre saphir r\u00e9sistant aux rayures, le cadran conserve sa beaut\u00e9 au fil du temps. Le mouvement \u00e0 quartz assure une pr\u00e9cision fiable, tandis que l&#8217;\u00e9tanch\u00e9it\u00e9 de 5 ATM permet une utilisation quotidienne sans souci.<\/p>\n<p>Le bracelet en acier inoxydable argent\u00e9 ajoute une touche de sophistication, faisant de cette montre un accessoire id\u00e9al pour toutes les occasions.<\/p>\n<p>D\u00e9j\u00e0 garanties 2 ans, le service apr\u00e8s-vente de la bijouterie <strong>Temps &amp; OR<\/strong> vous apporte une confiance suppl\u00e9mentaire pour ces produits. Selon vos besoins, ces montres peuvent \u00eatre \u00e9galement r\u00e9serv\u00e9es \u00e0 la bijouterie. La mise \u00e0 mesure offerte ainsi qu&#8217;un emballage cadeau vous y seront propos\u00e9s.<\/p>\n<p><div class=\"alert alert_error\"><div class=\"alert_icon\"><svg viewBox=\"0 0 28 28\"><defs><style>.path{fill:none;stroke:#000;stroke-miterlimit:10;stroke-width:1.5px;}<\/style><\/defs><g><circle cx=\"14\" cy=\"20\" r=\"0.33\" class=\"path\"\/><line x1=\"14\" y1=\"8.72\" x2=\"14\" y2=\"16.72\" class=\"path\"\/><path d=\"M12.6,3.42,1.54,22.58A1.61,1.61,0,0,0,2.93,25H25.07a1.61,1.61,0,0,0,1.39-2.42L15.4,3.42A1.61,1.61,0,0,0,12.6,3.42Z\" class=\"path\"\/><\/g><\/svg><\/div><div class=\"alert_wrapper\">Le montant affich\u00e9 peut \u00eatre modifi\u00e9 par le fournisseur sans que nous en soyons inform\u00e9s. Une diff\u00e9rence entre le prix affich\u00e9 ici et en magasin reste possible.<\/div><a href=\"#\" class=\"close mfn-close-icon\"><span class=\"icon\">\u2715<\/span><\/a><\/div>\n<div class=\"alert alert_info\"><div class=\"alert_icon\"><svg viewBox=\"0 0 28 28\"><defs><style>.path{fill:none;stroke:#000;stroke-miterlimit:10;stroke-width:1.5px;}<\/style><\/defs><g><circle class=\"path\" cx=\"14\" cy=\"14\" r=\"12\"\/><path class=\"path\" d=\"M11.2,9.12a3.4,3.4,0,0,1,3-1.69,2.84,2.84,0,0,1,3,2.76,3.16,3.16,0,0,1-.84,2.23c-.63.74-1.58,1.18-2.19,1.88a1,1,0,0,0-.26.64v2.32\"\/><circle class=\"path\" cx=\"14\" cy=\"20\" r=\"0.33\"\/><\/g><\/svg><\/div><div class=\"alert_wrapper\">Faites vos demandes particuli\u00e8res ou passez votre commande via ce formulaire <\/div><a href=\"#\" class=\"close mfn-close-icon\"><span class=\"icon\">\u2715<\/span><\/a><\/div>\n <a class=\"button  button_size_3\" href=\"https:\/\/tempsetor.be\/galerie\/ma-commande\/\"     target=\"_blank\"    title=\"\"><span class=\"button_label\">&gt; Formulaire<\/span><\/a>\n<\/p>\n","protected":false},"featured_media":8314,"template":"","meta":{"_monsterinsights_skip_tracking":false,"_monsterinsights_sitenote_active":false,"_monsterinsights_sitenote_note":"","_monsterinsights_sitenote_category":0},"product_brand":[],"product_cat":[35,28,27],"product_tag":[],"class_list":{"0":"post-8313","1":"product","2":"type-product","3":"status-publish","4":"has-post-thumbnail","6":"product_cat-balmain-dames","7":"product_cat-montres-dames","8":"product_cat-dames","10":"first","11":"instock","12":"shipping-taxable","13":"purchasable","14":"product-type-simple"},"_links":{"self":[{"href":"https:\/\/tempsetor.be\/galerie\/wp-json\/wp\/v2\/product\/8313","targetHints":{"allow":["GET"]}}],"collection":[{"href":"https:\/\/tempsetor.be\/galerie\/wp-json\/wp\/v2\/product"}],"about":[{"href":"https:\/\/tempsetor.be\/galerie\/wp-json\/wp\/v2\/types\/product"}],"wp:featuredmedia":[{"embeddable":true,"href":"https:\/\/tempsetor.be\/galerie\/wp-json\/wp\/v2\/media\/8314"}],"wp:attachment":[{"href":"https:\/\/tempsetor.be\/galerie\/wp-json\/wp\/v2\/media?parent=8313"}],"wp:term":[{"taxonomy":"product_brand","embeddable":true,"href":"https:\/\/tempsetor.be\/galerie\/wp-json\/wp\/v2\/product_brand?post=8313"},{"taxonomy":"product_cat","embeddable":true,"href":"https:\/\/tempsetor.be\/galerie\/wp-json\/wp\/v2\/product_cat?post=8313"},{"taxonomy":"product_tag","embeddable":true,"href":"https:\/\/tempsetor.be\/galerie\/wp-json\/wp\/v2\/product_tag?post=8313"}],"curies":[{"name":"wp","href":"https:\/\/api.w.org\/{rel}","templated":true}]}}