{"id":8315,"date":"2025-02-20T13:06:42","date_gmt":"2025-02-20T12:06:42","guid":{"rendered":"https:\/\/tempsetor.be\/galerie\/?post_type=product&#038;p=8315"},"modified":"2025-02-20T14:20:34","modified_gmt":"2025-02-20T13:20:34","slug":"montre-hommes-orient-star-open-heart-av0127l00b","status":"publish","type":"product","link":"https:\/\/tempsetor.be\/galerie\/produit\/montre-hommes-orient-star-open-heart-av0127l00b\/","title":{"rendered":"Montre hommes &#8211; Orient Star &#8211; Open Heart &#8211; AV0127L00B"},"content":{"rendered":"<p>Montre Orient Star RE-AV0127L00B en <strong data-start=\"2087\" data-end=\"2106\">\u00e9dition limit\u00e9e<\/strong>, dot\u00e9e d\u2019un cadran <strong data-start=\"2126\" data-end=\"2142\">bleu Tiffany<\/strong> et d\u2019un design squelette laissant appara\u00eetre son <strong data-start=\"2192\" data-end=\"2223\">mouvement automatique F6F44<\/strong>. Bo\u00eetier en <strong data-start=\"2236\" data-end=\"2256\">acier inoxydable<\/strong> de <strong data-start=\"2260\" data-end=\"2269\">41 mm<\/strong>, bracelet assorti et \u00e9tanch\u00e9it\u00e9 <strong data-start=\"2302\" data-end=\"2312\">10 ATM<\/strong>. Profitez de <strong data-start=\"2326\" data-end=\"2360\">50 heures de r\u00e9serve de marche<\/strong> et d\u2019un indicateur d\u00e9di\u00e9 \u00e0 12h. Une pi\u00e8ce horlog\u00e8re raffin\u00e9e pour les passionn\u00e9s.<\/p>\n","protected":false},"excerpt":{"rendered":"<p><img loading=\"lazy\" decoding=\"async\" class=\"alignleft wp-image-6593\" src=\"https:\/\/tempsetor.be\/galerie\/wp-content\/uploads\/2022\/11\/Orient-logo.jpg\" alt=\"Orient logo\" width=\"151\" height=\"79\" srcset=\"https:\/\/tempsetor.be\/galerie\/wp-content\/uploads\/2022\/11\/Orient-logo.jpg 191w, https:\/\/tempsetor.be\/galerie\/wp-content\/uploads\/2022\/11\/Orient-logo-50x26.jpg 50w, https:\/\/tempsetor.be\/galerie\/wp-content\/uploads\/2022\/11\/Orient-logo-143x75.jpg 143w\" sizes=\"auto, (max-width:767px) 151px, 151px\" \/><\/p>\n<p data-start=\"2550\" data-end=\"2818\">L&#8217;Orient Star RE-AV0127L00B est une montre automatique en \u00e9dition limit\u00e9e qui incarne le savoir-faire horloger japonais. Son bo\u00eetier en acier inoxydable de 41 mm abrite un cadran bleu ciel squelett\u00e9, offrant une vue fascinante sur le mouvement m\u00e9canique calibre F6F44.<\/p>\n<p data-start=\"2823\" data-end=\"3154\">Avec une r\u00e9serve de marche de 50 heures et une \u00e9tanch\u00e9it\u00e9 jusqu&#8217;\u00e0 100 m\u00e8tres, cette montre allie performance et \u00e9l\u00e9gance. Le bracelet en acier inoxydable argent\u00e9 assure un confort optimal, tandis que le fond de bo\u00eetier transparent r\u00e9v\u00e8le le m\u00e9canisme interne et le num\u00e9ro de s\u00e9rie unique de cette \u00e9dition limit\u00e9e \u00e0 550 exemplaires.<\/p>\n<p data-start=\"3159\" data-end=\"3340\">Que vous soyez un collectionneur ou un amateur de belles montres, l&#8217;Orient Star RE-AV0127L00B saura vous s\u00e9duire par son design raffin\u00e9 et ses caract\u00e9ristiques techniques de pointe.<\/p>\n<p>D\u00e9j\u00e0 garanties 2 ans, le service apr\u00e8s-vente de la bijouterie <strong>Temps &amp; OR<\/strong> vous apporte une confiance suppl\u00e9mentaire pour ces produits. Selon vos besoins, ces montres peuvent \u00eatre \u00e9galement r\u00e9serv\u00e9es \u00e0 la bijouterie. La mise \u00e0 mesure offerte ainsi qu&#8217;un emballage cadeau vous y seront propos\u00e9s.<\/p>\n<p><div class=\"alert alert_error\"><div class=\"alert_icon\"><svg viewBox=\"0 0 28 28\"><defs><style>.path{fill:none;stroke:#000;stroke-miterlimit:10;stroke-width:1.5px;}<\/style><\/defs><g><circle cx=\"14\" cy=\"20\" r=\"0.33\" class=\"path\"\/><line x1=\"14\" y1=\"8.72\" x2=\"14\" y2=\"16.72\" class=\"path\"\/><path d=\"M12.6,3.42,1.54,22.58A1.61,1.61,0,0,0,2.93,25H25.07a1.61,1.61,0,0,0,1.39-2.42L15.4,3.42A1.61,1.61,0,0,0,12.6,3.42Z\" class=\"path\"\/><\/g><\/svg><\/div><div class=\"alert_wrapper\">Le montant affich\u00e9 peut \u00eatre modifi\u00e9 par le fournisseur sans que nous en soyons inform\u00e9s. Une diff\u00e9rence entre le prix affich\u00e9 ici et en magasin reste possible.<\/div><a href=\"#\" class=\"close mfn-close-icon\"><span class=\"icon\">\u2715<\/span><\/a><\/div>\n<div class=\"alert alert_info\"><div class=\"alert_icon\"><svg viewBox=\"0 0 28 28\"><defs><style>.path{fill:none;stroke:#000;stroke-miterlimit:10;stroke-width:1.5px;}<\/style><\/defs><g><circle class=\"path\" cx=\"14\" cy=\"14\" r=\"12\"\/><path class=\"path\" d=\"M11.2,9.12a3.4,3.4,0,0,1,3-1.69,2.84,2.84,0,0,1,3,2.76,3.16,3.16,0,0,1-.84,2.23c-.63.74-1.58,1.18-2.19,1.88a1,1,0,0,0-.26.64v2.32\"\/><circle class=\"path\" cx=\"14\" cy=\"20\" r=\"0.33\"\/><\/g><\/svg><\/div><div class=\"alert_wrapper\">Faites vos demandes particuli\u00e8res ou passez votre commande via ce formulaire <\/div><a href=\"#\" class=\"close mfn-close-icon\"><span class=\"icon\">\u2715<\/span><\/a><\/div>\n <a class=\"button  button_size_3\" href=\"https:\/\/tempsetor.be\/galerie\/ma-commande\/\"     target=\"_blank\"    title=\"\"><span class=\"button_label\">&gt; Formulaire<\/span><\/a>\n<\/p>\n","protected":false},"featured_media":8319,"template":"","meta":{"_monsterinsights_skip_tracking":false,"_monsterinsights_sitenote_active":false,"_monsterinsights_sitenote_note":"","_monsterinsights_sitenote_category":0},"product_brand":[],"product_cat":[40,2096,39],"product_tag":[],"class_list":{"0":"post-8315","1":"product","2":"type-product","3":"status-publish","4":"has-post-thumbnail","6":"product_cat-montres-hommes","7":"product_cat-orient-hommes","8":"product_cat-hommes","10":"first","11":"instock","12":"shipping-taxable","13":"purchasable","14":"product-type-simple"},"_links":{"self":[{"href":"https:\/\/tempsetor.be\/galerie\/wp-json\/wp\/v2\/product\/8315","targetHints":{"allow":["GET"]}}],"collection":[{"href":"https:\/\/tempsetor.be\/galerie\/wp-json\/wp\/v2\/product"}],"about":[{"href":"https:\/\/tempsetor.be\/galerie\/wp-json\/wp\/v2\/types\/product"}],"wp:featuredmedia":[{"embeddable":true,"href":"https:\/\/tempsetor.be\/galerie\/wp-json\/wp\/v2\/media\/8319"}],"wp:attachment":[{"href":"https:\/\/tempsetor.be\/galerie\/wp-json\/wp\/v2\/media?parent=8315"}],"wp:term":[{"taxonomy":"product_brand","embeddable":true,"href":"https:\/\/tempsetor.be\/galerie\/wp-json\/wp\/v2\/product_brand?post=8315"},{"taxonomy":"product_cat","embeddable":true,"href":"https:\/\/tempsetor.be\/galerie\/wp-json\/wp\/v2\/product_cat?post=8315"},{"taxonomy":"product_tag","embeddable":true,"href":"https:\/\/tempsetor.be\/galerie\/wp-json\/wp\/v2\/product_tag?post=8315"}],"curies":[{"name":"wp","href":"https:\/\/api.w.org\/{rel}","templated":true}]}}