{"id":8328,"date":"2025-03-16T13:57:50","date_gmt":"2025-03-16T12:57:50","guid":{"rendered":"https:\/\/tempsetor.be\/galerie\/?post_type=product&#038;p=8328"},"modified":"2025-03-16T14:03:04","modified_gmt":"2025-03-16T13:03:04","slug":"bague-dames-ti-sento-ring-12379sy","status":"publish","type":"product","link":"https:\/\/tempsetor.be\/galerie\/produit\/bague-dames-ti-sento-ring-12379sy\/","title":{"rendered":"Bague dames &#8211; TI SENTO Ring &#8211; 12379SY"},"content":{"rendered":"<p>Affirmez votre style avec la bague <strong data-start=\"164\" data-end=\"184\">TI SENTO 12379SY<\/strong>, une pi\u00e8ce audacieuse en <strong data-start=\"210\" data-end=\"233\">argent sterling 925<\/strong> plaqu\u00e9 <strong data-start=\"241\" data-end=\"253\">or jaune<\/strong>. Son design sculptural, associant des anneaux entrelac\u00e9s en <strong data-start=\"314\" data-end=\"330\">argent et or<\/strong>, cr\u00e9e un jeu de volumes \u00e9l\u00e9gant et moderne. Un bijou intemporel pour sublimer chaque tenue avec assurance et sophistication.<\/p>\n","protected":false},"excerpt":{"rendered":"<p><img loading=\"lazy\" decoding=\"async\" class=\"wp-image-8327 alignnone\" src=\"https:\/\/tempsetor.be\/galerie\/wp-content\/uploads\/2025\/03\/logo-300x157.png\" alt=\"TI SENTO logo\" width=\"151\" height=\"79\" srcset=\"https:\/\/tempsetor.be\/galerie\/wp-content\/uploads\/2025\/03\/logo-300x157.png 300w, https:\/\/tempsetor.be\/galerie\/wp-content\/uploads\/2025\/03\/logo-1024x536.png 1024w, https:\/\/tempsetor.be\/galerie\/wp-content\/uploads\/2025\/03\/logo-768x402.png 768w, https:\/\/tempsetor.be\/galerie\/wp-content\/uploads\/2025\/03\/logo-143x75.png 143w, https:\/\/tempsetor.be\/galerie\/wp-content\/uploads\/2025\/03\/logo-480x251.png 480w, https:\/\/tempsetor.be\/galerie\/wp-content\/uploads\/2025\/03\/logo-800x419.png 800w, https:\/\/tempsetor.be\/galerie\/wp-content\/uploads\/2025\/03\/logo.png 1200w\" sizes=\"auto, (max-width:767px) 151px, 151px\" \/><\/p>\n<h3 data-start=\"1784\" data-end=\"1844\"><strong data-start=\"1784\" data-end=\"1842\">TI SENTO 12379SY \u2013 Bague argent et or jaune sculptural<\/strong><\/h3>\n<p data-start=\"1846\" data-end=\"2118\">Audacieuse et raffin\u00e9e, la bague <strong data-start=\"1879\" data-end=\"1899\">TI SENTO 12379SY<\/strong> est une v\u00e9ritable d\u00e9claration de style. Son <strong data-start=\"1944\" data-end=\"1964\">design entrelac\u00e9<\/strong> associe la luminosit\u00e9 de l\u2019<strong data-start=\"1992\" data-end=\"2015\">argent sterling 925<\/strong> au <strong data-start=\"2019\" data-end=\"2038\">plaqu\u00e9 or jaune<\/strong>, cr\u00e9ant une esth\u00e9tique sculpturale qui capte la lumi\u00e8re sous tous les angles.<\/p>\n<p data-start=\"2120\" data-end=\"2430\">Sans pierre, elle mise sur la puret\u00e9 des formes et le jeu des textures pour offrir un bijou \u00e0 la fois moderne et intemporel. Parfaite pour celles qui aiment les pi\u00e8ces fortes et sophistiqu\u00e9es, cette bague peut \u00eatre port\u00e9e seule pour un effet minimaliste ou combin\u00e9e avec d\u2019autres bijoux pour un look affirm\u00e9.<\/p>\n<p data-start=\"2432\" data-end=\"2644\">Hypoallerg\u00e9nique et sans nickel, elle garantit un confort optimal tout en apportant une touche d\u2019\u00e9l\u00e9gance naturelle. Une pi\u00e8ce id\u00e9ale pour les femmes qui aiment <strong data-start=\"2593\" data-end=\"2641\">l\u2019assurance et l\u2019\u00e9l\u00e9gance dans la simplicit\u00e9<\/strong>.<\/p>\n<p data-start=\"2482\" data-end=\"2750\"><div class=\"alert alert_error\"><div class=\"alert_icon\"><svg viewBox=\"0 0 28 28\"><defs><style>.path{fill:none;stroke:#000;stroke-miterlimit:10;stroke-width:1.5px;}<\/style><\/defs><g><circle cx=\"14\" cy=\"20\" r=\"0.33\" class=\"path\"\/><line x1=\"14\" y1=\"8.72\" x2=\"14\" y2=\"16.72\" class=\"path\"\/><path d=\"M12.6,3.42,1.54,22.58A1.61,1.61,0,0,0,2.93,25H25.07a1.61,1.61,0,0,0,1.39-2.42L15.4,3.42A1.61,1.61,0,0,0,12.6,3.42Z\" class=\"path\"\/><\/g><\/svg><\/div><div class=\"alert_wrapper\">Le montant affich\u00e9 peut \u00eatre modifi\u00e9 par le fournisseur sans que nous en soyons inform\u00e9s. Une diff\u00e9rence entre le prix affich\u00e9 ici et en magasin reste possible.<\/div><a href=\"#\" class=\"close mfn-close-icon\"><span class=\"icon\">\u2715<\/span><\/a><\/div>\n<div class=\"alert alert_info\"><div class=\"alert_icon\"><svg viewBox=\"0 0 28 28\"><defs><style>.path{fill:none;stroke:#000;stroke-miterlimit:10;stroke-width:1.5px;}<\/style><\/defs><g><circle class=\"path\" cx=\"14\" cy=\"14\" r=\"12\"\/><path class=\"path\" d=\"M11.2,9.12a3.4,3.4,0,0,1,3-1.69,2.84,2.84,0,0,1,3,2.76,3.16,3.16,0,0,1-.84,2.23c-.63.74-1.58,1.18-2.19,1.88a1,1,0,0,0-.26.64v2.32\"\/><circle class=\"path\" cx=\"14\" cy=\"20\" r=\"0.33\"\/><\/g><\/svg><\/div><div class=\"alert_wrapper\">Faites vos demandes particuli\u00e8res ou passez votre commande via ce formulaire <\/div><a href=\"#\" class=\"close mfn-close-icon\"><span class=\"icon\">\u2715<\/span><\/a><\/div>\n <a class=\"button  button_size_3\" href=\"https:\/\/tempsetor.be\/galerie\/ma-commande\/\"     target=\"_blank\"    title=\"\"><span class=\"button_label\">&gt; Formulaire<\/span><\/a>\n<\/p>\n","protected":false},"featured_media":8329,"template":"","meta":{"_monsterinsights_skip_tracking":false,"_monsterinsights_sitenote_active":false,"_monsterinsights_sitenote_note":"","_monsterinsights_sitenote_category":0},"product_brand":[],"product_cat":[30,27,2503],"product_tag":[],"class_list":{"0":"post-8328","1":"product","2":"type-product","3":"status-publish","4":"has-post-thumbnail","6":"product_cat-bagues-femmes","7":"product_cat-dames","8":"product_cat-ti-sento-bague","10":"first","11":"instock","12":"shipping-taxable","13":"purchasable","14":"product-type-simple"},"_links":{"self":[{"href":"https:\/\/tempsetor.be\/galerie\/wp-json\/wp\/v2\/product\/8328","targetHints":{"allow":["GET"]}}],"collection":[{"href":"https:\/\/tempsetor.be\/galerie\/wp-json\/wp\/v2\/product"}],"about":[{"href":"https:\/\/tempsetor.be\/galerie\/wp-json\/wp\/v2\/types\/product"}],"wp:featuredmedia":[{"embeddable":true,"href":"https:\/\/tempsetor.be\/galerie\/wp-json\/wp\/v2\/media\/8329"}],"wp:attachment":[{"href":"https:\/\/tempsetor.be\/galerie\/wp-json\/wp\/v2\/media?parent=8328"}],"wp:term":[{"taxonomy":"product_brand","embeddable":true,"href":"https:\/\/tempsetor.be\/galerie\/wp-json\/wp\/v2\/product_brand?post=8328"},{"taxonomy":"product_cat","embeddable":true,"href":"https:\/\/tempsetor.be\/galerie\/wp-json\/wp\/v2\/product_cat?post=8328"},{"taxonomy":"product_tag","embeddable":true,"href":"https:\/\/tempsetor.be\/galerie\/wp-json\/wp\/v2\/product_tag?post=8328"}],"curies":[{"name":"wp","href":"https:\/\/api.w.org\/{rel}","templated":true}]}}