{"id":8342,"date":"2025-03-16T15:05:16","date_gmt":"2025-03-16T14:05:16","guid":{"rendered":"https:\/\/tempsetor.be\/galerie\/?post_type=product&#038;p=8342"},"modified":"2025-03-16T15:14:00","modified_gmt":"2025-03-16T14:14:00","slug":"bracelet-ti-sento-argent-23065zi","status":"publish","type":"product","link":"https:\/\/tempsetor.be\/galerie\/produit\/bracelet-ti-sento-argent-23065zi\/","title":{"rendered":"Bracelet TI SENTO  &#8211; argent &#8211; 23065ZI"},"content":{"rendered":"<p>\u00c9l\u00e9gant et intemporel, le <strong data-start=\"153\" data-end=\"182\">bracelet TI SENTO 23065ZI<\/strong> associe modernit\u00e9 et raffinement. Con\u00e7u en <strong data-start=\"226\" data-end=\"249\">argent sterling 925<\/strong> avec un plaquage en <strong data-start=\"270\" data-end=\"281\">platine<\/strong>, il met en valeur des motifs rectangulaires et coussin orn\u00e9s de <strong data-start=\"346\" data-end=\"362\">nacre iris\u00e9e<\/strong> et de <strong data-start=\"369\" data-end=\"389\">zirconiums pav\u00e9s<\/strong>, captant la lumi\u00e8re avec \u00e9clat. Un bijou sophistiqu\u00e9, parfait pour illuminer chaque tenue.<\/p>\n","protected":false},"excerpt":{"rendered":"<p><img loading=\"lazy\" decoding=\"async\" class=\"wp-image-8327 alignnone\" src=\"https:\/\/tempsetor.be\/galerie\/wp-content\/uploads\/2025\/03\/logo-300x157.png\" alt=\"TI SENTO logo\" width=\"151\" height=\"79\" srcset=\"https:\/\/tempsetor.be\/galerie\/wp-content\/uploads\/2025\/03\/logo-300x157.png 300w, https:\/\/tempsetor.be\/galerie\/wp-content\/uploads\/2025\/03\/logo-1024x536.png 1024w, https:\/\/tempsetor.be\/galerie\/wp-content\/uploads\/2025\/03\/logo-768x402.png 768w, https:\/\/tempsetor.be\/galerie\/wp-content\/uploads\/2025\/03\/logo-143x75.png 143w, https:\/\/tempsetor.be\/galerie\/wp-content\/uploads\/2025\/03\/logo-480x251.png 480w, https:\/\/tempsetor.be\/galerie\/wp-content\/uploads\/2025\/03\/logo-800x419.png 800w, https:\/\/tempsetor.be\/galerie\/wp-content\/uploads\/2025\/03\/logo.png 1200w\" sizes=\"auto, (max-width:767px) 151px, 151px\" \/><\/p>\n<h3 data-start=\"1841\" data-end=\"1923\"><strong data-start=\"1841\" data-end=\"1921\">TI SENTO 23065ZI \u2013 Bracelet argent plaqu\u00e9 platine, nacre et zirconiums pav\u00e9s<\/strong><\/h3>\n<p data-start=\"1925\" data-end=\"2246\">Fusionnant <strong data-start=\"1936\" data-end=\"1967\">modernit\u00e9 et sophistication<\/strong>, le <strong data-start=\"1972\" data-end=\"2001\">bracelet TI SENTO 23065ZI<\/strong> est une pi\u00e8ce embl\u00e9matique qui illumine le poignet avec subtilit\u00e9. Con\u00e7u en <strong data-start=\"2078\" data-end=\"2101\">argent sterling 925<\/strong> et plaqu\u00e9 <strong data-start=\"2112\" data-end=\"2123\">platine<\/strong>, il se distingue par un jeu de formes \u00e9l\u00e9gantes, m\u00ealant <strong data-start=\"2180\" data-end=\"2216\">motifs rectangulaires et coussin<\/strong> dans une parfaite harmonie.<\/p>\n<p data-start=\"2248\" data-end=\"2585\">Son design unique est rehauss\u00e9 par des touches de <strong data-start=\"2298\" data-end=\"2314\">nacre iris\u00e9e<\/strong>, apportant une brillance douce et naturelle, tandis que des <strong data-start=\"2375\" data-end=\"2395\">zirconiums pav\u00e9s<\/strong> captent la lumi\u00e8re pour un \u00e9clat incomparable. Son \u00e9l\u00e9ment central, un <strong data-start=\"2467\" data-end=\"2525\">maillon rectangulaire encadr\u00e9 de pierres scintillantes<\/strong>, conf\u00e8re \u00e0 ce bijou un caract\u00e8re contemporain et raffin\u00e9.<\/p>\n<p data-start=\"2587\" data-end=\"2838\">Parfait pour \u00eatre port\u00e9 seul ou en accumulation avec d\u2019autres bracelets, il s\u2019adapte \u00e0 toutes les occasions, du quotidien aux \u00e9v\u00e9nements les plus \u00e9l\u00e9gants. Hypoallerg\u00e9nique et sans nickel, il garantit un confort absolu et une qualit\u00e9 exceptionnelle.<\/p>\n<p data-start=\"2482\" data-end=\"2750\"><div class=\"alert alert_error\"><div class=\"alert_icon\"><svg viewBox=\"0 0 28 28\"><defs><style>.path{fill:none;stroke:#000;stroke-miterlimit:10;stroke-width:1.5px;}<\/style><\/defs><g><circle cx=\"14\" cy=\"20\" r=\"0.33\" class=\"path\"\/><line x1=\"14\" y1=\"8.72\" x2=\"14\" y2=\"16.72\" class=\"path\"\/><path d=\"M12.6,3.42,1.54,22.58A1.61,1.61,0,0,0,2.93,25H25.07a1.61,1.61,0,0,0,1.39-2.42L15.4,3.42A1.61,1.61,0,0,0,12.6,3.42Z\" class=\"path\"\/><\/g><\/svg><\/div><div class=\"alert_wrapper\">Le montant affich\u00e9 peut \u00eatre modifi\u00e9 par le fournisseur sans que nous en soyons inform\u00e9s. Une diff\u00e9rence entre le prix affich\u00e9 ici et en magasin reste possible.<\/div><a href=\"#\" class=\"close mfn-close-icon\"><span class=\"icon\">\u2715<\/span><\/a><\/div>\n<div class=\"alert alert_info\"><div class=\"alert_icon\"><svg viewBox=\"0 0 28 28\"><defs><style>.path{fill:none;stroke:#000;stroke-miterlimit:10;stroke-width:1.5px;}<\/style><\/defs><g><circle class=\"path\" cx=\"14\" cy=\"14\" r=\"12\"\/><path class=\"path\" d=\"M11.2,9.12a3.4,3.4,0,0,1,3-1.69,2.84,2.84,0,0,1,3,2.76,3.16,3.16,0,0,1-.84,2.23c-.63.74-1.58,1.18-2.19,1.88a1,1,0,0,0-.26.64v2.32\"\/><circle class=\"path\" cx=\"14\" cy=\"20\" r=\"0.33\"\/><\/g><\/svg><\/div><div class=\"alert_wrapper\">Faites vos demandes particuli\u00e8res ou passez votre commande via ce formulaire <\/div><a href=\"#\" class=\"close mfn-close-icon\"><span class=\"icon\">\u2715<\/span><\/a><\/div>\n <a class=\"button  button_size_3\" href=\"https:\/\/tempsetor.be\/galerie\/ma-commande\/\"     target=\"_blank\"    title=\"\"><span class=\"button_label\">&gt; Formulaire<\/span><\/a>\n<\/p>\n","protected":false},"featured_media":8343,"template":"","meta":{"_monsterinsights_skip_tracking":false,"_monsterinsights_sitenote_active":false,"_monsterinsights_sitenote_note":"","_monsterinsights_sitenote_category":0},"product_brand":[],"product_cat":[201,27,2507],"product_tag":[],"class_list":{"0":"post-8342","1":"product","2":"type-product","3":"status-publish","4":"has-post-thumbnail","6":"product_cat-bracelets-dames","7":"product_cat-dames","8":"product_cat-ti-sento-bracelet","10":"first","11":"instock","12":"shipping-taxable","13":"purchasable","14":"product-type-simple"},"_links":{"self":[{"href":"https:\/\/tempsetor.be\/galerie\/wp-json\/wp\/v2\/product\/8342","targetHints":{"allow":["GET"]}}],"collection":[{"href":"https:\/\/tempsetor.be\/galerie\/wp-json\/wp\/v2\/product"}],"about":[{"href":"https:\/\/tempsetor.be\/galerie\/wp-json\/wp\/v2\/types\/product"}],"wp:featuredmedia":[{"embeddable":true,"href":"https:\/\/tempsetor.be\/galerie\/wp-json\/wp\/v2\/media\/8343"}],"wp:attachment":[{"href":"https:\/\/tempsetor.be\/galerie\/wp-json\/wp\/v2\/media?parent=8342"}],"wp:term":[{"taxonomy":"product_brand","embeddable":true,"href":"https:\/\/tempsetor.be\/galerie\/wp-json\/wp\/v2\/product_brand?post=8342"},{"taxonomy":"product_cat","embeddable":true,"href":"https:\/\/tempsetor.be\/galerie\/wp-json\/wp\/v2\/product_cat?post=8342"},{"taxonomy":"product_tag","embeddable":true,"href":"https:\/\/tempsetor.be\/galerie\/wp-json\/wp\/v2\/product_tag?post=8342"}],"curies":[{"name":"wp","href":"https:\/\/api.w.org\/{rel}","templated":true}]}}