{"id":8361,"date":"2025-03-18T11:53:14","date_gmt":"2025-03-18T10:53:14","guid":{"rendered":"https:\/\/tempsetor.be\/galerie\/?post_type=product&#038;p=8361"},"modified":"2025-03-18T12:06:43","modified_gmt":"2025-03-18T11:06:43","slug":"collier-ti-sento-plaque-platine-34081zi-80","status":"publish","type":"product","link":"https:\/\/tempsetor.be\/galerie\/produit\/collier-ti-sento-plaque-platine-34081zi-80\/","title":{"rendered":"Collier TI SENTO  &#8211; plaqu\u00e9 platine &#8211; 34081ZI\/80"},"content":{"rendered":"<p>Le <strong data-start=\"129\" data-end=\"157\">collier TI SENTO 34081ZI<\/strong> allie \u00e9l\u00e9gance moderne et raffinement intemporel. Con\u00e7u en <strong data-start=\"217\" data-end=\"255\">argent sterling 925 plaqu\u00e9 platine<\/strong>, il met en valeur des motifs rectangulaires et coussin sertis de <strong data-start=\"321\" data-end=\"341\">zirconiums pav\u00e9s<\/strong> et d\u2019<strong data-start=\"347\" data-end=\"383\">incrustations de nacre lumineuse<\/strong>. Un bijou sophistiqu\u00e9 qui capte la lumi\u00e8re avec subtilit\u00e9, parfait pour illuminer chaque tenue.<\/p>\n","protected":false},"excerpt":{"rendered":"<p><img loading=\"lazy\" decoding=\"async\" class=\"wp-image-8327 alignnone\" src=\"https:\/\/tempsetor.be\/galerie\/wp-content\/uploads\/2025\/03\/logo-300x157.png\" alt=\"TI SENTO logo\" width=\"151\" height=\"79\" srcset=\"https:\/\/tempsetor.be\/galerie\/wp-content\/uploads\/2025\/03\/logo-300x157.png 300w, https:\/\/tempsetor.be\/galerie\/wp-content\/uploads\/2025\/03\/logo-1024x536.png 1024w, https:\/\/tempsetor.be\/galerie\/wp-content\/uploads\/2025\/03\/logo-768x402.png 768w, https:\/\/tempsetor.be\/galerie\/wp-content\/uploads\/2025\/03\/logo-143x75.png 143w, https:\/\/tempsetor.be\/galerie\/wp-content\/uploads\/2025\/03\/logo-480x251.png 480w, https:\/\/tempsetor.be\/galerie\/wp-content\/uploads\/2025\/03\/logo-800x419.png 800w, https:\/\/tempsetor.be\/galerie\/wp-content\/uploads\/2025\/03\/logo.png 1200w\" sizes=\"auto, (max-width:767px) 151px, 151px\" \/><\/p>\n<h3 data-start=\"1918\" data-end=\"1993\"><strong data-start=\"1918\" data-end=\"1991\">TI SENTO 34081ZI \u2013 Collier argent plaqu\u00e9 platine, zirconiums et nacre<\/strong><\/h3>\n<p data-start=\"1995\" data-end=\"2260\">Raffin\u00e9 et lumineux, le <strong data-start=\"2019\" data-end=\"2047\">collier TI SENTO 34081ZI<\/strong> incarne l\u2019\u00e9l\u00e9gance contemporaine avec une touche intemporelle. Con\u00e7u en <strong data-start=\"2120\" data-end=\"2143\">argent sterling 925<\/strong> et sublim\u00e9 par un <strong data-start=\"2162\" data-end=\"2185\">plaquage en platine<\/strong>, il garantit un \u00e9clat durable et une protection optimale contre l\u2019usure.<\/p>\n<p data-start=\"2262\" data-end=\"2666\">Son design sophistiqu\u00e9 se distingue par une alternance harmonieuse de <strong data-start=\"2332\" data-end=\"2368\">motifs rectangulaires et coussin<\/strong>, sertis de <strong data-start=\"2380\" data-end=\"2400\">zirconiums pav\u00e9s<\/strong> et d\u2019<strong data-start=\"2406\" data-end=\"2442\">incrustations de nacre lumineuse<\/strong>, offrant ainsi un jeu subtil de lumi\u00e8re et de textures. Chaque d\u00e9tail a \u00e9t\u00e9 pens\u00e9 pour cr\u00e9er une pi\u00e8ce unique, id\u00e9ale pour \u00eatre port\u00e9e seule ou combin\u00e9e avec d\u2019autres bijoux <strong data-start=\"2617\" data-end=\"2629\">TI SENTO<\/strong> pour un effet encore plus \u00e9l\u00e9gant.<\/p>\n<p data-start=\"2668\" data-end=\"2881\">Ce collier, \u00e0 la fois discret et audacieux, s\u2019adapte \u00e0 toutes les occasions, du quotidien aux soir\u00e9es les plus raffin\u00e9es. Hypoallerg\u00e9nique et sans nickel, il assure un confort optimal tout au long de la journ\u00e9e.<\/p>\n<p data-start=\"2482\" data-end=\"2750\"><div class=\"alert alert_error\"><div class=\"alert_icon\"><svg viewBox=\"0 0 28 28\"><defs><style>.path{fill:none;stroke:#000;stroke-miterlimit:10;stroke-width:1.5px;}<\/style><\/defs><g><circle cx=\"14\" cy=\"20\" r=\"0.33\" class=\"path\"\/><line x1=\"14\" y1=\"8.72\" x2=\"14\" y2=\"16.72\" class=\"path\"\/><path d=\"M12.6,3.42,1.54,22.58A1.61,1.61,0,0,0,2.93,25H25.07a1.61,1.61,0,0,0,1.39-2.42L15.4,3.42A1.61,1.61,0,0,0,12.6,3.42Z\" class=\"path\"\/><\/g><\/svg><\/div><div class=\"alert_wrapper\">Le montant affich\u00e9 peut \u00eatre modifi\u00e9 par le fournisseur sans que nous en soyons inform\u00e9s. Une diff\u00e9rence entre le prix affich\u00e9 ici et en magasin reste possible.<\/div><a href=\"#\" class=\"close mfn-close-icon\"><span class=\"icon\">\u2715<\/span><\/a><\/div>\n<div class=\"alert alert_info\"><div class=\"alert_icon\"><svg viewBox=\"0 0 28 28\"><defs><style>.path{fill:none;stroke:#000;stroke-miterlimit:10;stroke-width:1.5px;}<\/style><\/defs><g><circle class=\"path\" cx=\"14\" cy=\"14\" r=\"12\"\/><path class=\"path\" d=\"M11.2,9.12a3.4,3.4,0,0,1,3-1.69,2.84,2.84,0,0,1,3,2.76,3.16,3.16,0,0,1-.84,2.23c-.63.74-1.58,1.18-2.19,1.88a1,1,0,0,0-.26.64v2.32\"\/><circle class=\"path\" cx=\"14\" cy=\"20\" r=\"0.33\"\/><\/g><\/svg><\/div><div class=\"alert_wrapper\">Faites vos demandes particuli\u00e8res ou passez votre commande via ce formulaire <\/div><a href=\"#\" class=\"close mfn-close-icon\"><span class=\"icon\">\u2715<\/span><\/a><\/div>\n <a class=\"button  button_size_3\" href=\"https:\/\/tempsetor.be\/galerie\/ma-commande\/\"     target=\"_blank\"    title=\"\"><span class=\"button_label\">&gt; Formulaire<\/span><\/a>\n<\/p>\n","protected":false},"featured_media":8362,"template":"","meta":{"_monsterinsights_skip_tracking":false,"_monsterinsights_sitenote_active":false,"_monsterinsights_sitenote_note":"","_monsterinsights_sitenote_category":0},"product_brand":[],"product_cat":[33,27,2516],"product_tag":[],"class_list":{"0":"post-8361","1":"product","2":"type-product","3":"status-publish","4":"has-post-thumbnail","6":"product_cat-colliers-dames","7":"product_cat-dames","8":"product_cat-ti-sento-collier","10":"first","11":"instock","12":"shipping-taxable","13":"purchasable","14":"product-type-simple"},"_links":{"self":[{"href":"https:\/\/tempsetor.be\/galerie\/wp-json\/wp\/v2\/product\/8361","targetHints":{"allow":["GET"]}}],"collection":[{"href":"https:\/\/tempsetor.be\/galerie\/wp-json\/wp\/v2\/product"}],"about":[{"href":"https:\/\/tempsetor.be\/galerie\/wp-json\/wp\/v2\/types\/product"}],"wp:featuredmedia":[{"embeddable":true,"href":"https:\/\/tempsetor.be\/galerie\/wp-json\/wp\/v2\/media\/8362"}],"wp:attachment":[{"href":"https:\/\/tempsetor.be\/galerie\/wp-json\/wp\/v2\/media?parent=8361"}],"wp:term":[{"taxonomy":"product_brand","embeddable":true,"href":"https:\/\/tempsetor.be\/galerie\/wp-json\/wp\/v2\/product_brand?post=8361"},{"taxonomy":"product_cat","embeddable":true,"href":"https:\/\/tempsetor.be\/galerie\/wp-json\/wp\/v2\/product_cat?post=8361"},{"taxonomy":"product_tag","embeddable":true,"href":"https:\/\/tempsetor.be\/galerie\/wp-json\/wp\/v2\/product_tag?post=8361"}],"curies":[{"name":"wp","href":"https:\/\/api.w.org\/{rel}","templated":true}]}}