{"id":8366,"date":"2025-03-18T12:19:22","date_gmt":"2025-03-18T11:19:22","guid":{"rendered":"https:\/\/tempsetor.be\/galerie\/?post_type=product&#038;p=8366"},"modified":"2025-03-18T12:23:11","modified_gmt":"2025-03-18T11:23:11","slug":"collier-ti-sento-argent-sterling-925-plaque-or-jaune-34085zy","status":"publish","type":"product","link":"https:\/\/tempsetor.be\/galerie\/produit\/collier-ti-sento-argent-sterling-925-plaque-or-jaune-34085zy\/","title":{"rendered":"Collier TI SENTO  &#8211; argent sterling 925 plaqu\u00e9 or jaune &#8211; 34085ZY"},"content":{"rendered":"<p>Symbole d\u2019\u00e9ternit\u00e9 et d\u2019\u00e9l\u00e9gance, le <strong data-start=\"163\" data-end=\"191\">collier TI SENTO 34085ZY<\/strong> se distingue par son design raffin\u00e9. Con\u00e7u en <strong data-start=\"238\" data-end=\"277\">argent sterling 925 plaqu\u00e9 or jaune<\/strong>, il met en valeur un d\u00e9licat <strong data-start=\"307\" data-end=\"336\">fermoir en forme d\u2019infini<\/strong>, agr\u00e9ment\u00e9 de <strong data-start=\"351\" data-end=\"371\">zirconiums pav\u00e9s<\/strong> pour un \u00e9clat subtil. Une pi\u00e8ce intemporelle, parfaite pour \u00eatre port\u00e9e seule ou associ\u00e9e \u00e0 d\u2019autres pendentifs pour un look personnalis\u00e9.<\/p>\n","protected":false},"excerpt":{"rendered":"<p><img loading=\"lazy\" decoding=\"async\" class=\"wp-image-8327 alignnone\" src=\"https:\/\/tempsetor.be\/galerie\/wp-content\/uploads\/2025\/03\/logo-300x157.png\" alt=\"TI SENTO logo\" width=\"151\" height=\"79\" srcset=\"https:\/\/tempsetor.be\/galerie\/wp-content\/uploads\/2025\/03\/logo-300x157.png 300w, https:\/\/tempsetor.be\/galerie\/wp-content\/uploads\/2025\/03\/logo-1024x536.png 1024w, https:\/\/tempsetor.be\/galerie\/wp-content\/uploads\/2025\/03\/logo-768x402.png 768w, https:\/\/tempsetor.be\/galerie\/wp-content\/uploads\/2025\/03\/logo-143x75.png 143w, https:\/\/tempsetor.be\/galerie\/wp-content\/uploads\/2025\/03\/logo-480x251.png 480w, https:\/\/tempsetor.be\/galerie\/wp-content\/uploads\/2025\/03\/logo-800x419.png 800w, https:\/\/tempsetor.be\/galerie\/wp-content\/uploads\/2025\/03\/logo.png 1200w\" sizes=\"auto, (max-width:767px) 151px, 151px\" \/><\/p>\n<h3 data-start=\"1895\" data-end=\"1974\"><strong data-start=\"1895\" data-end=\"1972\">TI SENTO 34085ZY \u2013 Collier Infini en argent plaqu\u00e9 or jaune et zirconiums<\/strong><\/h3>\n<p data-start=\"1976\" data-end=\"2211\">Le <strong data-start=\"1979\" data-end=\"2007\">collier TI SENTO 34085ZY<\/strong> incarne l\u2019\u00e9l\u00e9gance intemporelle et la symbolique de l\u2019infini. Confectionn\u00e9 en <strong data-start=\"2086\" data-end=\"2109\">argent sterling 925<\/strong>, il est sublim\u00e9 par un <strong data-start=\"2133\" data-end=\"2157\">plaquage en or jaune<\/strong> qui lui conf\u00e8re une brillance douce et chaleureuse.<\/p>\n<p data-start=\"2213\" data-end=\"2506\">Son design unique repose sur un <strong data-start=\"2245\" data-end=\"2274\">fermoir en forme d\u2019infini<\/strong>, finement travaill\u00e9 et rehauss\u00e9 de <strong data-start=\"2310\" data-end=\"2330\">zirconiums pav\u00e9s<\/strong>, offrant un \u00e9clat subtil et raffin\u00e9. Ce fermoir ing\u00e9nieux permet d\u2019y accrocher des pendentifs ou de le combiner avec d\u2019autres colliers pour un look personnalis\u00e9 et tendance.<\/p>\n<p data-start=\"2508\" data-end=\"2772\">Avec sa longueur de <strong data-start=\"2528\" data-end=\"2537\">43 cm<\/strong>, ce collier s\u2019adapte \u00e0 toutes les occasions, qu\u2019il soit port\u00e9 seul pour une touche minimaliste ou en accumulation pour une allure plus affirm\u00e9e. Hypoallerg\u00e9nique et sans nickel, il garantit un confort optimal et une qualit\u00e9 durable.<\/p>\n<p data-start=\"2482\" data-end=\"2750\"><div class=\"alert alert_error\"><div class=\"alert_icon\"><svg viewBox=\"0 0 28 28\"><defs><style>.path{fill:none;stroke:#000;stroke-miterlimit:10;stroke-width:1.5px;}<\/style><\/defs><g><circle cx=\"14\" cy=\"20\" r=\"0.33\" class=\"path\"\/><line x1=\"14\" y1=\"8.72\" x2=\"14\" y2=\"16.72\" class=\"path\"\/><path d=\"M12.6,3.42,1.54,22.58A1.61,1.61,0,0,0,2.93,25H25.07a1.61,1.61,0,0,0,1.39-2.42L15.4,3.42A1.61,1.61,0,0,0,12.6,3.42Z\" class=\"path\"\/><\/g><\/svg><\/div><div class=\"alert_wrapper\">Le montant affich\u00e9 peut \u00eatre modifi\u00e9 par le fournisseur sans que nous en soyons inform\u00e9s. Une diff\u00e9rence entre le prix affich\u00e9 ici et en magasin reste possible.<\/div><a href=\"#\" class=\"close mfn-close-icon\"><span class=\"icon\">\u2715<\/span><\/a><\/div>\n<div class=\"alert alert_info\"><div class=\"alert_icon\"><svg viewBox=\"0 0 28 28\"><defs><style>.path{fill:none;stroke:#000;stroke-miterlimit:10;stroke-width:1.5px;}<\/style><\/defs><g><circle class=\"path\" cx=\"14\" cy=\"14\" r=\"12\"\/><path class=\"path\" d=\"M11.2,9.12a3.4,3.4,0,0,1,3-1.69,2.84,2.84,0,0,1,3,2.76,3.16,3.16,0,0,1-.84,2.23c-.63.74-1.58,1.18-2.19,1.88a1,1,0,0,0-.26.64v2.32\"\/><circle class=\"path\" cx=\"14\" cy=\"20\" r=\"0.33\"\/><\/g><\/svg><\/div><div class=\"alert_wrapper\">Faites vos demandes particuli\u00e8res ou passez votre commande via ce formulaire <\/div><a href=\"#\" class=\"close mfn-close-icon\"><span class=\"icon\">\u2715<\/span><\/a><\/div>\n <a class=\"button  button_size_3\" href=\"https:\/\/tempsetor.be\/galerie\/ma-commande\/\"     target=\"_blank\"    title=\"\"><span class=\"button_label\">&gt; Formulaire<\/span><\/a>\n<\/p>\n","protected":false},"featured_media":8367,"template":"","meta":{"_monsterinsights_skip_tracking":false,"_monsterinsights_sitenote_active":false,"_monsterinsights_sitenote_note":"","_monsterinsights_sitenote_category":0},"product_brand":[],"product_cat":[33,27,2516],"product_tag":[],"class_list":{"0":"post-8366","1":"product","2":"type-product","3":"status-publish","4":"has-post-thumbnail","6":"product_cat-colliers-dames","7":"product_cat-dames","8":"product_cat-ti-sento-collier","10":"first","11":"instock","12":"shipping-taxable","13":"purchasable","14":"product-type-simple"},"_links":{"self":[{"href":"https:\/\/tempsetor.be\/galerie\/wp-json\/wp\/v2\/product\/8366","targetHints":{"allow":["GET"]}}],"collection":[{"href":"https:\/\/tempsetor.be\/galerie\/wp-json\/wp\/v2\/product"}],"about":[{"href":"https:\/\/tempsetor.be\/galerie\/wp-json\/wp\/v2\/types\/product"}],"wp:featuredmedia":[{"embeddable":true,"href":"https:\/\/tempsetor.be\/galerie\/wp-json\/wp\/v2\/media\/8367"}],"wp:attachment":[{"href":"https:\/\/tempsetor.be\/galerie\/wp-json\/wp\/v2\/media?parent=8366"}],"wp:term":[{"taxonomy":"product_brand","embeddable":true,"href":"https:\/\/tempsetor.be\/galerie\/wp-json\/wp\/v2\/product_brand?post=8366"},{"taxonomy":"product_cat","embeddable":true,"href":"https:\/\/tempsetor.be\/galerie\/wp-json\/wp\/v2\/product_cat?post=8366"},{"taxonomy":"product_tag","embeddable":true,"href":"https:\/\/tempsetor.be\/galerie\/wp-json\/wp\/v2\/product_tag?post=8366"}],"curies":[{"name":"wp","href":"https:\/\/api.w.org\/{rel}","templated":true}]}}