{"id":8371,"date":"2025-03-18T14:00:29","date_gmt":"2025-03-18T13:00:29","guid":{"rendered":"https:\/\/tempsetor.be\/galerie\/?post_type=product&#038;p=8371"},"modified":"2025-03-18T14:09:39","modified_gmt":"2025-03-18T13:09:39","slug":"collier-ti-sento-argent-sterling-925-plaque-or-jaune-34093zy","status":"publish","type":"product","link":"https:\/\/tempsetor.be\/galerie\/produit\/collier-ti-sento-argent-sterling-925-plaque-or-jaune-34093zy\/","title":{"rendered":"Collier TI SENTO  &#8211; argent sterling 925 plaqu\u00e9 or jaune &#8211; 34093ZY"},"content":{"rendered":"<p>Le <strong data-start=\"129\" data-end=\"157\">collier TI SENTO 34093ZY<\/strong> incarne l\u2019\u00e9l\u00e9gance moderne avec une touche intemporelle. Confectionn\u00e9 en <strong data-start=\"231\" data-end=\"270\">argent sterling 925 plaqu\u00e9 or jaune<\/strong>, il met en valeur un <strong data-start=\"292\" data-end=\"319\">m\u00e9daillon ovale central<\/strong>, sublim\u00e9 par des <strong data-start=\"337\" data-end=\"357\">zirconiums pav\u00e9s<\/strong> qui captent la lumi\u00e8re avec \u00e9clat. Un bijou raffin\u00e9, parfait pour un look sophistiqu\u00e9 en toute occasion.<\/p>\n","protected":false},"excerpt":{"rendered":"<p><img loading=\"lazy\" decoding=\"async\" class=\"wp-image-8327 alignnone\" src=\"https:\/\/tempsetor.be\/galerie\/wp-content\/uploads\/2025\/03\/logo-300x157.png\" alt=\"TI SENTO logo\" width=\"151\" height=\"79\" srcset=\"https:\/\/tempsetor.be\/galerie\/wp-content\/uploads\/2025\/03\/logo-300x157.png 300w, https:\/\/tempsetor.be\/galerie\/wp-content\/uploads\/2025\/03\/logo-1024x536.png 1024w, https:\/\/tempsetor.be\/galerie\/wp-content\/uploads\/2025\/03\/logo-768x402.png 768w, https:\/\/tempsetor.be\/galerie\/wp-content\/uploads\/2025\/03\/logo-143x75.png 143w, https:\/\/tempsetor.be\/galerie\/wp-content\/uploads\/2025\/03\/logo-480x251.png 480w, https:\/\/tempsetor.be\/galerie\/wp-content\/uploads\/2025\/03\/logo-800x419.png 800w, https:\/\/tempsetor.be\/galerie\/wp-content\/uploads\/2025\/03\/logo.png 1200w\" sizes=\"auto, (max-width:767px) 151px, 151px\" \/><\/p>\n<h3 data-start=\"1873\" data-end=\"1953\"><strong data-start=\"1873\" data-end=\"1951\">TI SENTO 34093ZY &#8211; Collier en argent plaqu\u00e9 or jaune avec zirconiums pav\u00e9s<\/strong><\/h3>\n<p data-start=\"1955\" data-end=\"2244\">Alliant <strong data-start=\"1963\" data-end=\"1994\">modernit\u00e9 et sophistication<\/strong>, le <strong data-start=\"1999\" data-end=\"2027\">collier TI SENTO 34093ZY<\/strong> est un bijou d\u2019exception con\u00e7u pour illuminer chaque tenue. R\u00e9alis\u00e9 en <strong data-start=\"2099\" data-end=\"2122\">argent sterling 925<\/strong>, il est sublim\u00e9 par un <strong data-start=\"2146\" data-end=\"2170\">plaquage en or jaune<\/strong> et des <strong data-start=\"2178\" data-end=\"2200\">accents en platine<\/strong>, offrant un contraste \u00e9l\u00e9gant et raffin\u00e9.<\/p>\n<p data-start=\"2246\" data-end=\"2548\">Son pendentif ovale, \u00e9l\u00e9ment central de la pi\u00e8ce, est d\u00e9licatement orn\u00e9 de <strong data-start=\"2321\" data-end=\"2341\">zirconiums pav\u00e9s<\/strong>, captant la lumi\u00e8re pour un \u00e9clat subtil et luxueux. Ce collier, \u00e0 la fois intemporel et tendance, peut \u00eatre port\u00e9 seul pour un effet minimaliste ou associ\u00e9 \u00e0 d\u2019autres cha\u00eenes pour un look plus audacieux.<\/p>\n<p data-start=\"2550\" data-end=\"2787\">Avec une longueur de <strong data-start=\"2571\" data-end=\"2580\">42 cm<\/strong>, il \u00e9pouse parfaitement le cou et s\u2019adapte \u00e0 toutes les occasions, du quotidien aux \u00e9v\u00e9nements les plus \u00e9l\u00e9gants. Hypoallerg\u00e9nique et sans nickel, il garantit un confort absolu tout au long de la journ\u00e9e.<\/p>\n<p data-start=\"2482\" data-end=\"2750\"><div class=\"alert alert_error\"><div class=\"alert_icon\"><svg viewBox=\"0 0 28 28\"><defs><style>.path{fill:none;stroke:#000;stroke-miterlimit:10;stroke-width:1.5px;}<\/style><\/defs><g><circle cx=\"14\" cy=\"20\" r=\"0.33\" class=\"path\"\/><line x1=\"14\" y1=\"8.72\" x2=\"14\" y2=\"16.72\" class=\"path\"\/><path d=\"M12.6,3.42,1.54,22.58A1.61,1.61,0,0,0,2.93,25H25.07a1.61,1.61,0,0,0,1.39-2.42L15.4,3.42A1.61,1.61,0,0,0,12.6,3.42Z\" class=\"path\"\/><\/g><\/svg><\/div><div class=\"alert_wrapper\">Le montant affich\u00e9 peut \u00eatre modifi\u00e9 par le fournisseur sans que nous en soyons inform\u00e9s. Une diff\u00e9rence entre le prix affich\u00e9 ici et en magasin reste possible.<\/div><a href=\"#\" class=\"close mfn-close-icon\"><span class=\"icon\">\u2715<\/span><\/a><\/div>\n<div class=\"alert alert_info\"><div class=\"alert_icon\"><svg viewBox=\"0 0 28 28\"><defs><style>.path{fill:none;stroke:#000;stroke-miterlimit:10;stroke-width:1.5px;}<\/style><\/defs><g><circle class=\"path\" cx=\"14\" cy=\"14\" r=\"12\"\/><path class=\"path\" d=\"M11.2,9.12a3.4,3.4,0,0,1,3-1.69,2.84,2.84,0,0,1,3,2.76,3.16,3.16,0,0,1-.84,2.23c-.63.74-1.58,1.18-2.19,1.88a1,1,0,0,0-.26.64v2.32\"\/><circle class=\"path\" cx=\"14\" cy=\"20\" r=\"0.33\"\/><\/g><\/svg><\/div><div class=\"alert_wrapper\">Faites vos demandes particuli\u00e8res ou passez votre commande via ce formulaire <\/div><a href=\"#\" class=\"close mfn-close-icon\"><span class=\"icon\">\u2715<\/span><\/a><\/div>\n <a class=\"button  button_size_3\" href=\"https:\/\/tempsetor.be\/galerie\/ma-commande\/\"     target=\"_blank\"    title=\"\"><span class=\"button_label\">&gt; Formulaire<\/span><\/a>\n<\/p>\n","protected":false},"featured_media":8372,"template":"","meta":{"_monsterinsights_skip_tracking":false,"_monsterinsights_sitenote_active":false,"_monsterinsights_sitenote_note":"","_monsterinsights_sitenote_category":0},"product_brand":[],"product_cat":[33,27,2516],"product_tag":[],"class_list":{"0":"post-8371","1":"product","2":"type-product","3":"status-publish","4":"has-post-thumbnail","6":"product_cat-colliers-dames","7":"product_cat-dames","8":"product_cat-ti-sento-collier","10":"first","11":"instock","12":"shipping-taxable","13":"purchasable","14":"product-type-simple"},"_links":{"self":[{"href":"https:\/\/tempsetor.be\/galerie\/wp-json\/wp\/v2\/product\/8371","targetHints":{"allow":["GET"]}}],"collection":[{"href":"https:\/\/tempsetor.be\/galerie\/wp-json\/wp\/v2\/product"}],"about":[{"href":"https:\/\/tempsetor.be\/galerie\/wp-json\/wp\/v2\/types\/product"}],"wp:featuredmedia":[{"embeddable":true,"href":"https:\/\/tempsetor.be\/galerie\/wp-json\/wp\/v2\/media\/8372"}],"wp:attachment":[{"href":"https:\/\/tempsetor.be\/galerie\/wp-json\/wp\/v2\/media?parent=8371"}],"wp:term":[{"taxonomy":"product_brand","embeddable":true,"href":"https:\/\/tempsetor.be\/galerie\/wp-json\/wp\/v2\/product_brand?post=8371"},{"taxonomy":"product_cat","embeddable":true,"href":"https:\/\/tempsetor.be\/galerie\/wp-json\/wp\/v2\/product_cat?post=8371"},{"taxonomy":"product_tag","embeddable":true,"href":"https:\/\/tempsetor.be\/galerie\/wp-json\/wp\/v2\/product_tag?post=8371"}],"curies":[{"name":"wp","href":"https:\/\/api.w.org\/{rel}","templated":true}]}}