{"id":8380,"date":"2025-03-18T14:25:12","date_gmt":"2025-03-18T13:25:12","guid":{"rendered":"https:\/\/tempsetor.be\/galerie\/?post_type=product&#038;p=8380"},"modified":"2025-03-18T14:41:55","modified_gmt":"2025-03-18T13:41:55","slug":"boucles-doreilles-ti-sento-plaque-or-jaune-78012zy","status":"publish","type":"product","link":"https:\/\/tempsetor.be\/galerie\/produit\/boucles-doreilles-ti-sento-plaque-or-jaune-78012zy\/","title":{"rendered":"Boucles d\u2019oreilles TI SENTO  &#8211; plaqu\u00e9 or jaune &#8211; 78012ZY"},"content":{"rendered":"<p>Les <strong data-start=\"142\" data-end=\"181\">boucles d\u2019oreilles TI SENTO 78012ZY<\/strong> subliment votre style avec un design torsad\u00e9 \u00e9l\u00e9gant. Confectionn\u00e9es en <strong data-start=\"254\" data-end=\"277\">argent sterling 925<\/strong>, elles associent un <strong data-start=\"298\" data-end=\"324\">anneau plaqu\u00e9 or jaune<\/strong> \u00e0 un <strong data-start=\"330\" data-end=\"385\">brillant pav\u00e9 de zirconiums sur une base en platine<\/strong>. Une fusion parfaite entre modernit\u00e9 et intemporalit\u00e9, id\u00e9ale pour toutes les occasions.<\/p>\n","protected":false},"excerpt":{"rendered":"<p><img loading=\"lazy\" decoding=\"async\" class=\"wp-image-8327 alignnone\" src=\"https:\/\/tempsetor.be\/galerie\/wp-content\/uploads\/2025\/03\/logo-300x157.png\" alt=\"TI SENTO logo\" width=\"151\" height=\"79\" srcset=\"https:\/\/tempsetor.be\/galerie\/wp-content\/uploads\/2025\/03\/logo-300x157.png 300w, https:\/\/tempsetor.be\/galerie\/wp-content\/uploads\/2025\/03\/logo-1024x536.png 1024w, https:\/\/tempsetor.be\/galerie\/wp-content\/uploads\/2025\/03\/logo-768x402.png 768w, https:\/\/tempsetor.be\/galerie\/wp-content\/uploads\/2025\/03\/logo-143x75.png 143w, https:\/\/tempsetor.be\/galerie\/wp-content\/uploads\/2025\/03\/logo-480x251.png 480w, https:\/\/tempsetor.be\/galerie\/wp-content\/uploads\/2025\/03\/logo-800x419.png 800w, https:\/\/tempsetor.be\/galerie\/wp-content\/uploads\/2025\/03\/logo.png 1200w\" sizes=\"auto, (max-width:767px) 151px, 151px\" \/><\/p>\n<h3 data-start=\"1783\" data-end=\"1870\"><strong data-start=\"1783\" data-end=\"1868\">TI SENTO 78012ZY &#8211; Boucles d\u2019oreilles torsad\u00e9es en argent, or jaune et zirconiums<\/strong><\/h3>\n<p data-start=\"1872\" data-end=\"2207\">Raffin\u00e9es et modernes, les <strong data-start=\"1899\" data-end=\"1938\">boucles d\u2019oreilles TI SENTO 78012ZY<\/strong> associent textures et contrastes pour un design \u00e9l\u00e9gant et intemporel. Con\u00e7ues en <strong data-start=\"2021\" data-end=\"2044\">argent sterling 925<\/strong>, elles se distinguent par une torsade \u00e9l\u00e9gante o\u00f9 un <strong data-start=\"2098\" data-end=\"2124\">anneau plaqu\u00e9 or jaune<\/strong> s\u2019entrelace avec un <strong data-start=\"2145\" data-end=\"2204\">pav\u00e9 de zirconiums scintillants sur une base en platine<\/strong>.<\/p>\n<p data-start=\"2209\" data-end=\"2557\">Cette composition lumineuse capture la lumi\u00e8re avec subtilit\u00e9 et apporte une touche sophistiqu\u00e9e \u00e0 chaque tenue. Parfaites pour un usage quotidien comme pour des occasions sp\u00e9ciales, ces cr\u00e9oles r\u00e9inventent l\u2019\u00e9l\u00e9gance classique avec une touche contemporaine. Leur <strong data-start=\"2473\" data-end=\"2505\">fermoir \u00e0 charni\u00e8re s\u00e9curis\u00e9<\/strong> assure un maintien parfait et un confort optimal.<\/p>\n<p data-start=\"2559\" data-end=\"2676\">Hypoallerg\u00e9niques et sans nickel, elles conviennent aux peaux sensibles tout en garantissant une brillance durable.<\/p>\n<p data-start=\"2482\" data-end=\"2750\"><div class=\"alert alert_error\"><div class=\"alert_icon\"><svg viewBox=\"0 0 28 28\"><defs><style>.path{fill:none;stroke:#000;stroke-miterlimit:10;stroke-width:1.5px;}<\/style><\/defs><g><circle cx=\"14\" cy=\"20\" r=\"0.33\" class=\"path\"\/><line x1=\"14\" y1=\"8.72\" x2=\"14\" y2=\"16.72\" class=\"path\"\/><path d=\"M12.6,3.42,1.54,22.58A1.61,1.61,0,0,0,2.93,25H25.07a1.61,1.61,0,0,0,1.39-2.42L15.4,3.42A1.61,1.61,0,0,0,12.6,3.42Z\" class=\"path\"\/><\/g><\/svg><\/div><div class=\"alert_wrapper\">Le montant affich\u00e9 peut \u00eatre modifi\u00e9 par le fournisseur sans que nous en soyons inform\u00e9s. Une diff\u00e9rence entre le prix affich\u00e9 ici et en magasin reste possible.<\/div><a href=\"#\" class=\"close mfn-close-icon\"><span class=\"icon\">\u2715<\/span><\/a><\/div>\n<div class=\"alert alert_info\"><div class=\"alert_icon\"><svg viewBox=\"0 0 28 28\"><defs><style>.path{fill:none;stroke:#000;stroke-miterlimit:10;stroke-width:1.5px;}<\/style><\/defs><g><circle class=\"path\" cx=\"14\" cy=\"14\" r=\"12\"\/><path class=\"path\" d=\"M11.2,9.12a3.4,3.4,0,0,1,3-1.69,2.84,2.84,0,0,1,3,2.76,3.16,3.16,0,0,1-.84,2.23c-.63.74-1.58,1.18-2.19,1.88a1,1,0,0,0-.26.64v2.32\"\/><circle class=\"path\" cx=\"14\" cy=\"20\" r=\"0.33\"\/><\/g><\/svg><\/div><div class=\"alert_wrapper\">Faites vos demandes particuli\u00e8res ou passez votre commande via ce formulaire <\/div><a href=\"#\" class=\"close mfn-close-icon\"><span class=\"icon\">\u2715<\/span><\/a><\/div>\n <a class=\"button  button_size_3\" href=\"https:\/\/tempsetor.be\/galerie\/ma-commande\/\"     target=\"_blank\"    title=\"\"><span class=\"button_label\">&gt; Formulaire<\/span><\/a>\n<\/p>\n","protected":false},"featured_media":8383,"template":"","meta":{"_monsterinsights_skip_tracking":false,"_monsterinsights_sitenote_active":false,"_monsterinsights_sitenote_note":"","_monsterinsights_sitenote_category":0},"product_brand":[],"product_cat":[53,27,2520],"product_tag":[],"class_list":{"0":"post-8380","1":"product","2":"type-product","3":"status-publish","4":"has-post-thumbnail","6":"product_cat-boucles-doreilles-dames","7":"product_cat-dames","8":"product_cat-ti-sento-boucles-doreilles","10":"first","11":"instock","12":"shipping-taxable","13":"purchasable","14":"product-type-simple"},"_links":{"self":[{"href":"https:\/\/tempsetor.be\/galerie\/wp-json\/wp\/v2\/product\/8380","targetHints":{"allow":["GET"]}}],"collection":[{"href":"https:\/\/tempsetor.be\/galerie\/wp-json\/wp\/v2\/product"}],"about":[{"href":"https:\/\/tempsetor.be\/galerie\/wp-json\/wp\/v2\/types\/product"}],"wp:featuredmedia":[{"embeddable":true,"href":"https:\/\/tempsetor.be\/galerie\/wp-json\/wp\/v2\/media\/8383"}],"wp:attachment":[{"href":"https:\/\/tempsetor.be\/galerie\/wp-json\/wp\/v2\/media?parent=8380"}],"wp:term":[{"taxonomy":"product_brand","embeddable":true,"href":"https:\/\/tempsetor.be\/galerie\/wp-json\/wp\/v2\/product_brand?post=8380"},{"taxonomy":"product_cat","embeddable":true,"href":"https:\/\/tempsetor.be\/galerie\/wp-json\/wp\/v2\/product_cat?post=8380"},{"taxonomy":"product_tag","embeddable":true,"href":"https:\/\/tempsetor.be\/galerie\/wp-json\/wp\/v2\/product_tag?post=8380"}],"curies":[{"name":"wp","href":"https:\/\/api.w.org\/{rel}","templated":true}]}}