{"id":8385,"date":"2025-03-18T14:41:16","date_gmt":"2025-03-18T13:41:16","guid":{"rendered":"https:\/\/tempsetor.be\/galerie\/?post_type=product&#038;p=8385"},"modified":"2025-03-18T14:46:08","modified_gmt":"2025-03-18T13:46:08","slug":"boucles-doreilles-ti-sento-plaque-or-jaune-78010zy","status":"publish","type":"product","link":"https:\/\/tempsetor.be\/galerie\/produit\/boucles-doreilles-ti-sento-plaque-or-jaune-78010zy\/","title":{"rendered":"Boucles d\u2019oreilles TI SENTO &#8211; plaqu\u00e9 or jaune &#8211; 78010ZY"},"content":{"rendered":"<p>Affirmez votre style avec les <strong data-start=\"168\" data-end=\"207\">boucles d\u2019oreilles TI SENTO 78010ZY<\/strong>. Con\u00e7ues en <strong data-start=\"220\" data-end=\"243\">argent sterling 925<\/strong>, elles associent <strong data-start=\"261\" data-end=\"300\">trois anneaux \u00e9l\u00e9gamment superpos\u00e9s<\/strong> : deux en <strong data-start=\"311\" data-end=\"330\">plaqu\u00e9 or jaune<\/strong> et un central en <strong data-start=\"348\" data-end=\"399\">plaqu\u00e9 platine serti de zirconiums scintillants<\/strong>. Une fusion parfaite entre modernit\u00e9 et sophistication, id\u00e9ale pour illuminer toutes vos tenues.<\/p>\n","protected":false},"excerpt":{"rendered":"<p><img loading=\"lazy\" decoding=\"async\" class=\"wp-image-8327 alignnone\" src=\"https:\/\/tempsetor.be\/galerie\/wp-content\/uploads\/2025\/03\/logo-300x157.png\" alt=\"TI SENTO logo\" width=\"151\" height=\"79\" srcset=\"https:\/\/tempsetor.be\/galerie\/wp-content\/uploads\/2025\/03\/logo-300x157.png 300w, https:\/\/tempsetor.be\/galerie\/wp-content\/uploads\/2025\/03\/logo-1024x536.png 1024w, https:\/\/tempsetor.be\/galerie\/wp-content\/uploads\/2025\/03\/logo-768x402.png 768w, https:\/\/tempsetor.be\/galerie\/wp-content\/uploads\/2025\/03\/logo-143x75.png 143w, https:\/\/tempsetor.be\/galerie\/wp-content\/uploads\/2025\/03\/logo-480x251.png 480w, https:\/\/tempsetor.be\/galerie\/wp-content\/uploads\/2025\/03\/logo-800x419.png 800w, https:\/\/tempsetor.be\/galerie\/wp-content\/uploads\/2025\/03\/logo.png 1200w\" sizes=\"auto, (max-width:767px) 151px, 151px\" \/><\/p>\n<h3 data-start=\"1910\" data-end=\"2002\">TI SENTO 78010ZY &#8211; Boucles d\u2019oreilles triple anneau en or jaune, platine et zirconiums<\/h3>\n<p data-start=\"2004\" data-end=\"2251\">Les boucles d\u2019oreilles TI SENTO 78010ZY jouent avec les contrastes et la profondeur, cr\u00e9ant un effet sophistiqu\u00e9 et audacieux. Confectionn\u00e9es en argent sterling 925, elles pr\u00e9sentent une superposition de trois anneaux distincts :<\/p>\n<ul data-start=\"2253\" data-end=\"2464\">\n<li data-start=\"2253\" data-end=\"2325\">Deux anneaux en plaqu\u00e9 or jaune, apportant une chaleur lumineuse<\/li>\n<li data-start=\"2326\" data-end=\"2464\">Un anneau central en plaqu\u00e9 platine, sublim\u00e9 par un pav\u00e9 de zirconiums scintillants, capturant la lumi\u00e8re sous tous les angles<\/li>\n<\/ul>\n<p data-start=\"2466\" data-end=\"2750\">Ce design unique offre une esth\u00e9tique moderne et intemporelle, id\u00e9ale pour celles qui recherchent un bijou \u00e0 la fois \u00e9l\u00e9gant et remarquable. Leur fermoir \u00e0 charni\u00e8re s\u00e9curis\u00e9 garantit un ajustement parfait et un confort optimal, permettant un port quotidien sans contrainte.<\/p>\n<p data-start=\"2752\" data-end=\"2837\">Hypoallerg\u00e9niques et sans nickel, elles sont con\u00e7ues pour allier luxe et bien-\u00eatre.<\/p>\n<p data-start=\"2482\" data-end=\"2750\"><div class=\"alert alert_error\"><div class=\"alert_icon\"><svg viewBox=\"0 0 28 28\"><defs><style>.path{fill:none;stroke:#000;stroke-miterlimit:10;stroke-width:1.5px;}<\/style><\/defs><g><circle cx=\"14\" cy=\"20\" r=\"0.33\" class=\"path\"\/><line x1=\"14\" y1=\"8.72\" x2=\"14\" y2=\"16.72\" class=\"path\"\/><path d=\"M12.6,3.42,1.54,22.58A1.61,1.61,0,0,0,2.93,25H25.07a1.61,1.61,0,0,0,1.39-2.42L15.4,3.42A1.61,1.61,0,0,0,12.6,3.42Z\" class=\"path\"\/><\/g><\/svg><\/div><div class=\"alert_wrapper\">Le montant affich\u00e9 peut \u00eatre modifi\u00e9 par le fournisseur sans que nous en soyons inform\u00e9s. Une diff\u00e9rence entre le prix affich\u00e9 ici et en magasin reste possible.<\/div><a href=\"#\" class=\"close mfn-close-icon\"><span class=\"icon\">\u2715<\/span><\/a><\/div>\n<div class=\"alert alert_info\"><div class=\"alert_icon\"><svg viewBox=\"0 0 28 28\"><defs><style>.path{fill:none;stroke:#000;stroke-miterlimit:10;stroke-width:1.5px;}<\/style><\/defs><g><circle class=\"path\" cx=\"14\" cy=\"14\" r=\"12\"\/><path class=\"path\" d=\"M11.2,9.12a3.4,3.4,0,0,1,3-1.69,2.84,2.84,0,0,1,3,2.76,3.16,3.16,0,0,1-.84,2.23c-.63.74-1.58,1.18-2.19,1.88a1,1,0,0,0-.26.64v2.32\"\/><circle class=\"path\" cx=\"14\" cy=\"20\" r=\"0.33\"\/><\/g><\/svg><\/div><div class=\"alert_wrapper\">Faites vos demandes particuli\u00e8res ou passez votre commande via ce formulaire <\/div><a href=\"#\" class=\"close mfn-close-icon\"><span class=\"icon\">\u2715<\/span><\/a><\/div>\n <a class=\"button  button_size_3\" href=\"https:\/\/tempsetor.be\/galerie\/ma-commande\/\"     target=\"_blank\"    title=\"\"><span class=\"button_label\">&gt; Formulaire<\/span><\/a>\n<\/p>\n","protected":false},"featured_media":8386,"template":"","meta":{"_monsterinsights_skip_tracking":false,"_monsterinsights_sitenote_active":false,"_monsterinsights_sitenote_note":"","_monsterinsights_sitenote_category":0},"product_brand":[],"product_cat":[53,27,2520],"product_tag":[],"class_list":{"0":"post-8385","1":"product","2":"type-product","3":"status-publish","4":"has-post-thumbnail","6":"product_cat-boucles-doreilles-dames","7":"product_cat-dames","8":"product_cat-ti-sento-boucles-doreilles","10":"first","11":"instock","12":"shipping-taxable","13":"purchasable","14":"product-type-simple"},"_links":{"self":[{"href":"https:\/\/tempsetor.be\/galerie\/wp-json\/wp\/v2\/product\/8385","targetHints":{"allow":["GET"]}}],"collection":[{"href":"https:\/\/tempsetor.be\/galerie\/wp-json\/wp\/v2\/product"}],"about":[{"href":"https:\/\/tempsetor.be\/galerie\/wp-json\/wp\/v2\/types\/product"}],"wp:featuredmedia":[{"embeddable":true,"href":"https:\/\/tempsetor.be\/galerie\/wp-json\/wp\/v2\/media\/8386"}],"wp:attachment":[{"href":"https:\/\/tempsetor.be\/galerie\/wp-json\/wp\/v2\/media?parent=8385"}],"wp:term":[{"taxonomy":"product_brand","embeddable":true,"href":"https:\/\/tempsetor.be\/galerie\/wp-json\/wp\/v2\/product_brand?post=8385"},{"taxonomy":"product_cat","embeddable":true,"href":"https:\/\/tempsetor.be\/galerie\/wp-json\/wp\/v2\/product_cat?post=8385"},{"taxonomy":"product_tag","embeddable":true,"href":"https:\/\/tempsetor.be\/galerie\/wp-json\/wp\/v2\/product_tag?post=8385"}],"curies":[{"name":"wp","href":"https:\/\/api.w.org\/{rel}","templated":true}]}}