{"id":8389,"date":"2025-03-20T14:32:55","date_gmt":"2025-03-20T13:32:55","guid":{"rendered":"https:\/\/tempsetor.be\/galerie\/?post_type=product&#038;p=8389"},"modified":"2025-03-20T14:41:49","modified_gmt":"2025-03-20T13:41:49","slug":"montre-hommes-festina-noir-f20080-1","status":"publish","type":"product","link":"https:\/\/tempsetor.be\/galerie\/produit\/montre-hommes-festina-noir-f20080-1\/","title":{"rendered":"Montre hommes &#8211; Festina &#8211; noir &#8211; F20080\/1"},"content":{"rendered":"<p>La Festina Riv\u00e9 F20080\/1 incarne l&#8217;\u00e9l\u00e9gance suisse avec son design noir \u00e9pur\u00e9, son mouvement quartz pr\u00e9cis et son verre saphir r\u00e9sistant. Une montre id\u00e9ale pour l&#8217;homme moderne en qu\u00eate de sophistication.<\/p>\n","protected":false},"excerpt":{"rendered":"<p><img loading=\"lazy\" decoding=\"async\" class=\"wp-image-4096 size-full alignleft\" src=\"https:\/\/tempsetor.be\/galerie\/wp-content\/uploads\/2018\/11\/festina.png\" alt=\"logo Festina\" width=\"150\" height=\"92\" srcset=\"https:\/\/tempsetor.be\/galerie\/wp-content\/uploads\/2018\/11\/festina.png 150w, https:\/\/tempsetor.be\/galerie\/wp-content\/uploads\/2018\/11\/festina-50x31.png 50w, https:\/\/tempsetor.be\/galerie\/wp-content\/uploads\/2018\/11\/festina-122x75.png 122w\" sizes=\"auto, (max-width:767px) 150px, 150px\" \/><\/p>\n<p data-start=\"1496\" data-end=\"1661\"><span class=\"relative -mx-px my-[-0.2rem] rounded px-px py-[0.2rem]\">La Festina Riv\u00e9 F20080\/1 est une montre suisse qui allie design contemporain et performance.<\/span> <span class=\"relative -mx-px my-[-0.2rem] rounded px-px py-[0.2rem]\">Son bo\u00eetier en acier inoxydable noir de 40 mm de diam\u00e8tre et 8,8 mm d&#8217;\u00e9paisseur offre une pr\u00e9sence discr\u00e8te mais affirm\u00e9e au poignet.<\/span> <span class=\"relative -mx-px my-[-0.2rem] rounded px-px py-[0.2rem]\">Le cadran noir, prot\u00e9g\u00e9 par un verre saphir, est agr\u00e9ment\u00e9 d&#8217;aiguilles et d&#8217;index argent\u00e9s, offrant une lisibilit\u00e9 optimale.<\/span>\u200b<\/p>\n<p data-start=\"1663\" data-end=\"1788\"><span class=\"relative -mx-px my-[-0.2rem] rounded px-px py-[0.2rem]\">Cette montre est anim\u00e9e par un mouvement quartz suisse Ronda 715-SW, synonyme de fiabilit\u00e9 et de pr\u00e9cision.<\/span> <span class=\"relative -mx-px my-[-0.2rem] rounded px-px py-[0.2rem]\">Elle dispose \u00e9galement d&#8217;un guichet de date positionn\u00e9 \u00e0 3 heures pour une fonctionnalit\u00e9 accrue.<\/span>\u200b<\/p>\n<p data-start=\"1790\" data-end=\"1915\"><span class=\"relative -mx-px my-[-0.2rem] rounded px-px py-[0.2rem]\">Le bracelet en acier inoxydable noir, d&#8217;une largeur de 24,7 mm, est \u00e9quip\u00e9 d&#8217;une boucle d\u00e9ployante invisible, assurant un ajustement s\u00e9curis\u00e9 et confortable.<\/span> <span class=\"relative -mx-px my-[-0.2rem] rounded px-px py-[0.2rem]\">Avec une \u00e9tanch\u00e9it\u00e9 de 10 ATM, la Festina Riv\u00e9 F20080\/1 est adapt\u00e9e \u00e0 la natation, faisant d&#8217;elle une compagne id\u00e9ale pour le quotidien comme pour les occasions sp\u00e9ciales.<\/span>\u200b<\/p>\n<p data-start=\"1917\" data-end=\"2002\"><span class=\"relative -mx-px my-[-0.2rem] rounded px-px py-[0.2rem]\">Cette montre incarne l&#8217;excellence de l&#8217;horlogerie suisse, combinant esth\u00e9tique moderne et performance technique.<\/span><\/p>\n<p>D\u00e9j\u00e0 garanties 2 ans, la bijouterie <strong>Temps &amp; OR<\/strong> vous apporte une confiance suppl\u00e9mentaire pour ces produits. Selon vos besoins, ces montres peuvent \u00eatre \u00e9galement r\u00e9serv\u00e9es \u00e0 la bijouterie. La mise \u00e0 mesure offerte ainsi qu&#8217;un emballage cadeau vous y seront propos\u00e9s.<\/p>\n<p><div class=\"alert alert_error\"><div class=\"alert_icon\"><svg viewBox=\"0 0 28 28\"><defs><style>.path{fill:none;stroke:#000;stroke-miterlimit:10;stroke-width:1.5px;}<\/style><\/defs><g><circle cx=\"14\" cy=\"20\" r=\"0.33\" class=\"path\"\/><line x1=\"14\" y1=\"8.72\" x2=\"14\" y2=\"16.72\" class=\"path\"\/><path d=\"M12.6,3.42,1.54,22.58A1.61,1.61,0,0,0,2.93,25H25.07a1.61,1.61,0,0,0,1.39-2.42L15.4,3.42A1.61,1.61,0,0,0,12.6,3.42Z\" class=\"path\"\/><\/g><\/svg><\/div><div class=\"alert_wrapper\">Le montant affich\u00e9 peut \u00eatre modifi\u00e9 par le fournisseur sans que nous en soyons inform\u00e9s. Une diff\u00e9rence entre le prix affich\u00e9 ici et en magasin reste possible.<\/div><a href=\"#\" class=\"close mfn-close-icon\"><span class=\"icon\">\u2715<\/span><\/a><\/div>\n<div class=\"alert alert_info\"><div class=\"alert_icon\"><svg viewBox=\"0 0 28 28\"><defs><style>.path{fill:none;stroke:#000;stroke-miterlimit:10;stroke-width:1.5px;}<\/style><\/defs><g><circle class=\"path\" cx=\"14\" cy=\"14\" r=\"12\"\/><path class=\"path\" d=\"M11.2,9.12a3.4,3.4,0,0,1,3-1.69,2.84,2.84,0,0,1,3,2.76,3.16,3.16,0,0,1-.84,2.23c-.63.74-1.58,1.18-2.19,1.88a1,1,0,0,0-.26.64v2.32\"\/><circle class=\"path\" cx=\"14\" cy=\"20\" r=\"0.33\"\/><\/g><\/svg><\/div><div class=\"alert_wrapper\">Faites vos demandes particuli\u00e8res ou passez votre commande via ce formulaire <\/div><a href=\"#\" class=\"close mfn-close-icon\"><span class=\"icon\">\u2715<\/span><\/a><\/div>\n <a class=\"button  button_size_3\" href=\"https:\/\/tempsetor.be\/galerie\/ma-commande\/\"     target=\"_blank\"    title=\"\"><span class=\"button_label\">&gt; Formulaire<\/span><\/a>\n<\/p>\n","protected":false},"featured_media":8390,"template":"","meta":{"_monsterinsights_skip_tracking":false,"_monsterinsights_sitenote_active":false,"_monsterinsights_sitenote_note":"","_monsterinsights_sitenote_category":0},"product_brand":[],"product_cat":[795,40,39],"product_tag":[],"class_list":{"0":"post-8389","1":"product","2":"type-product","3":"status-publish","4":"has-post-thumbnail","6":"product_cat-festina-hommes","7":"product_cat-montres-hommes","8":"product_cat-hommes","10":"first","11":"instock","12":"shipping-taxable","13":"purchasable","14":"product-type-simple"},"_links":{"self":[{"href":"https:\/\/tempsetor.be\/galerie\/wp-json\/wp\/v2\/product\/8389","targetHints":{"allow":["GET"]}}],"collection":[{"href":"https:\/\/tempsetor.be\/galerie\/wp-json\/wp\/v2\/product"}],"about":[{"href":"https:\/\/tempsetor.be\/galerie\/wp-json\/wp\/v2\/types\/product"}],"wp:featuredmedia":[{"embeddable":true,"href":"https:\/\/tempsetor.be\/galerie\/wp-json\/wp\/v2\/media\/8390"}],"wp:attachment":[{"href":"https:\/\/tempsetor.be\/galerie\/wp-json\/wp\/v2\/media?parent=8389"}],"wp:term":[{"taxonomy":"product_brand","embeddable":true,"href":"https:\/\/tempsetor.be\/galerie\/wp-json\/wp\/v2\/product_brand?post=8389"},{"taxonomy":"product_cat","embeddable":true,"href":"https:\/\/tempsetor.be\/galerie\/wp-json\/wp\/v2\/product_cat?post=8389"},{"taxonomy":"product_tag","embeddable":true,"href":"https:\/\/tempsetor.be\/galerie\/wp-json\/wp\/v2\/product_tag?post=8389"}],"curies":[{"name":"wp","href":"https:\/\/api.w.org\/{rel}","templated":true}]}}