{"id":8400,"date":"2025-03-25T15:52:27","date_gmt":"2025-03-25T14:52:27","guid":{"rendered":"https:\/\/tempsetor.be\/galerie\/?post_type=product&#038;p=8400"},"modified":"2025-03-25T15:56:56","modified_gmt":"2025-03-25T14:56:56","slug":"montre-hommes-festina-chrono-bike-f20730-1","status":"publish","type":"product","link":"https:\/\/tempsetor.be\/galerie\/produit\/montre-hommes-festina-chrono-bike-f20730-1\/","title":{"rendered":"Montre hommes &#8211; Festina &#8211; Chrono bike &#8211; F20730\/1"},"content":{"rendered":"<p>Festina F20730\/1 : chronographe \u00e0 quartz pour homme avec bo\u00eetier acier vert 44,5 mm, cadran vert, bracelet inox vert, \u00e9tanch\u00e9it\u00e9 10 ATM et second bracelet en silicone inclus.<\/p>\n","protected":false},"excerpt":{"rendered":"<p><img loading=\"lazy\" decoding=\"async\" class=\"wp-image-4096 size-full alignleft\" src=\"https:\/\/tempsetor.be\/galerie\/wp-content\/uploads\/2018\/11\/festina.png\" alt=\"logo Festina\" width=\"150\" height=\"92\" srcset=\"https:\/\/tempsetor.be\/galerie\/wp-content\/uploads\/2018\/11\/festina.png 150w, https:\/\/tempsetor.be\/galerie\/wp-content\/uploads\/2018\/11\/festina-50x31.png 50w, https:\/\/tempsetor.be\/galerie\/wp-content\/uploads\/2018\/11\/festina-122x75.png 122w\" sizes=\"auto, (max-width:767px) 150px, 150px\" \/><\/p>\n<p class=\"\" data-start=\"2303\" data-end=\"2643\">La <strong data-start=\"2306\" data-end=\"2326\">Festina F20730\/1<\/strong>, issue de la s\u00e9rie <strong data-start=\"2346\" data-end=\"2380\">Chrono Bike \u2013 \u00c9dition Sp\u00e9ciale<\/strong>, attire imm\u00e9diatement l\u2019\u0153il avec son look monochrome vert assum\u00e9. Son <strong data-start=\"2451\" data-end=\"2473\">bo\u00eetier de 44,5 mm<\/strong> en acier inoxydable abrite un cadran parfaitement harmonis\u00e9, comprenant <strong data-start=\"2546\" data-end=\"2568\">trois sous-cadrans<\/strong> d\u00e9di\u00e9s au chronographe ainsi qu\u2019un <strong data-start=\"2604\" data-end=\"2642\">guichet date positionn\u00e9 \u00e0 6 heures<\/strong>.<\/p>\n<p class=\"\" data-start=\"2645\" data-end=\"2971\">L\u2019ensemble est compl\u00e9t\u00e9 par un <strong data-start=\"2676\" data-end=\"2724\">bracelet \u00e0 maillons en acier inoxydable vert<\/strong>, dot\u00e9 d\u2019une <strong data-start=\"2737\" data-end=\"2781\">boucle d\u00e9ployante avec boutons poussoirs<\/strong>. Le confort est \u00e9galement au rendez-vous gr\u00e2ce \u00e0 un <strong data-start=\"2834\" data-end=\"2878\">bracelet en silicone vert suppl\u00e9mentaire<\/strong>, inclus dans un \u00e9l\u00e9gant coffret, permettant d\u2019adapter la montre \u00e0 tous les styles et usages.<\/p>\n<p class=\"\" data-start=\"2973\" data-end=\"3186\">\u00c9tanche jusqu\u2019\u00e0 <strong data-start=\"2989\" data-end=\"2999\">10 ATM<\/strong>, la Festina F20730\/1 est aussi fonctionnelle que distinctive. Elle s\u2019adresse aux hommes en qu\u00eate d\u2019un garde-temps robuste, au design audacieux, pens\u00e9 pour accompagner un quotidien actif.<\/p>\n<p>D\u00e9j\u00e0 garanties 2 ans, la bijouterie <strong>Temps &amp; OR<\/strong> vous apporte une confiance suppl\u00e9mentaire pour ces produits. Selon vos besoins, ces montres peuvent \u00eatre par ailleurs r\u00e9serv\u00e9es \u00e0 la bijouterie. La mise \u00e0 mesure offerte ainsi qu&#8217;un emballage cadeau vous y seront propos\u00e9s.<\/p>\n<p><div class=\"alert alert_error\"><div class=\"alert_icon\"><svg viewBox=\"0 0 28 28\"><defs><style>.path{fill:none;stroke:#000;stroke-miterlimit:10;stroke-width:1.5px;}<\/style><\/defs><g><circle cx=\"14\" cy=\"20\" r=\"0.33\" class=\"path\"\/><line x1=\"14\" y1=\"8.72\" x2=\"14\" y2=\"16.72\" class=\"path\"\/><path d=\"M12.6,3.42,1.54,22.58A1.61,1.61,0,0,0,2.93,25H25.07a1.61,1.61,0,0,0,1.39-2.42L15.4,3.42A1.61,1.61,0,0,0,12.6,3.42Z\" class=\"path\"\/><\/g><\/svg><\/div><div class=\"alert_wrapper\">Le montant affich\u00e9 peut \u00eatre modifi\u00e9 par le fournisseur sans que nous en soyons inform\u00e9s. Une diff\u00e9rence entre le prix affich\u00e9 ici et en magasin reste possible.<\/div><a href=\"#\" class=\"close mfn-close-icon\"><span class=\"icon\">\u2715<\/span><\/a><\/div>\n<div class=\"alert alert_info\"><div class=\"alert_icon\"><svg viewBox=\"0 0 28 28\"><defs><style>.path{fill:none;stroke:#000;stroke-miterlimit:10;stroke-width:1.5px;}<\/style><\/defs><g><circle class=\"path\" cx=\"14\" cy=\"14\" r=\"12\"\/><path class=\"path\" d=\"M11.2,9.12a3.4,3.4,0,0,1,3-1.69,2.84,2.84,0,0,1,3,2.76,3.16,3.16,0,0,1-.84,2.23c-.63.74-1.58,1.18-2.19,1.88a1,1,0,0,0-.26.64v2.32\"\/><circle class=\"path\" cx=\"14\" cy=\"20\" r=\"0.33\"\/><\/g><\/svg><\/div><div class=\"alert_wrapper\">Faites vos demandes particuli\u00e8res ou passez votre commande via ce formulaire <\/div><a href=\"#\" class=\"close mfn-close-icon\"><span class=\"icon\">\u2715<\/span><\/a><\/div>\n <a class=\"button  button_size_3\" href=\"https:\/\/tempsetor.be\/galerie\/ma-commande\/\"     target=\"_blank\"    title=\"\"><span class=\"button_label\">&gt; Formulaire<\/span><\/a>\n<\/p>\n","protected":false},"featured_media":8401,"template":"","meta":{"_monsterinsights_skip_tracking":false,"_monsterinsights_sitenote_active":false,"_monsterinsights_sitenote_note":"","_monsterinsights_sitenote_category":0},"product_brand":[],"product_cat":[795,40,39],"product_tag":[],"class_list":{"0":"post-8400","1":"product","2":"type-product","3":"status-publish","4":"has-post-thumbnail","6":"product_cat-festina-hommes","7":"product_cat-montres-hommes","8":"product_cat-hommes","10":"first","11":"instock","12":"shipping-taxable","13":"purchasable","14":"product-type-simple"},"_links":{"self":[{"href":"https:\/\/tempsetor.be\/galerie\/wp-json\/wp\/v2\/product\/8400","targetHints":{"allow":["GET"]}}],"collection":[{"href":"https:\/\/tempsetor.be\/galerie\/wp-json\/wp\/v2\/product"}],"about":[{"href":"https:\/\/tempsetor.be\/galerie\/wp-json\/wp\/v2\/types\/product"}],"wp:featuredmedia":[{"embeddable":true,"href":"https:\/\/tempsetor.be\/galerie\/wp-json\/wp\/v2\/media\/8401"}],"wp:attachment":[{"href":"https:\/\/tempsetor.be\/galerie\/wp-json\/wp\/v2\/media?parent=8400"}],"wp:term":[{"taxonomy":"product_brand","embeddable":true,"href":"https:\/\/tempsetor.be\/galerie\/wp-json\/wp\/v2\/product_brand?post=8400"},{"taxonomy":"product_cat","embeddable":true,"href":"https:\/\/tempsetor.be\/galerie\/wp-json\/wp\/v2\/product_cat?post=8400"},{"taxonomy":"product_tag","embeddable":true,"href":"https:\/\/tempsetor.be\/galerie\/wp-json\/wp\/v2\/product_tag?post=8400"}],"curies":[{"name":"wp","href":"https:\/\/api.w.org\/{rel}","templated":true}]}}