{"id":8403,"date":"2025-03-27T13:50:21","date_gmt":"2025-03-27T12:50:21","guid":{"rendered":"https:\/\/tempsetor.be\/galerie\/?post_type=product&#038;p=8403"},"modified":"2025-03-27T13:55:35","modified_gmt":"2025-03-27T12:55:35","slug":"montre-hommes-hamilton-classique-americain-h38446730","status":"publish","type":"product","link":"https:\/\/tempsetor.be\/galerie\/produit\/montre-hommes-hamilton-classique-americain-h38446730\/","title":{"rendered":"Montre hommes Hamilton &#8211;  Classique Am\u00e9ricain &#8211; H38446730"},"content":{"rendered":"<p><span class=\"relative -mx-px my-[-0.2rem] rounded px-px py-[0.2rem]\">La Hamilton Intra-Matic Auto Chrono H38446730 incarne l&#8217;\u00e9l\u00e9gance sportive avec son bo\u00eetier de 40 mm en PVD noir, son cadran noir mat et son bracelet en cuir perfor\u00e9.<\/span> <span class=\"relative -mx-px my-[-0.2rem] rounded px-px py-[0.2rem]\">Dot\u00e9e d&#8217;un mouvement automatique avec chronographe et d&#8217;une r\u00e9serve de marche de 60 heures, elle allie performance et style vintage.<\/span><\/p>\n","protected":false},"excerpt":{"rendered":"<p><img loading=\"lazy\" decoding=\"async\" class=\"size-full wp-image-5425 alignleft\" src=\"https:\/\/www.tempsetor.be\/galerie\/wp-content\/uploads\/2020\/12\/Hamilton.png\" alt=\"logo Hamilton\" width=\"150\" height=\"29\" srcset=\"https:\/\/tempsetor.be\/galerie\/wp-content\/uploads\/2020\/12\/Hamilton.png 150w, https:\/\/tempsetor.be\/galerie\/wp-content\/uploads\/2020\/12\/Hamilton-50x10.png 50w\" sizes=\"auto, (max-width:767px) 150px, 150px\" \/><\/p>\n<h1 class=\"page-title large\"><\/h1>\n<div class=\"product-main-attributes\">\n<p class=\"\" data-start=\"1947\" data-end=\"2152\"><span class=\"relative -mx-px my-[-0.2rem] rounded px-px py-[0.2rem]\">Inspir\u00e9e par l&#8217;h\u00e9ritage des chronographes des ann\u00e9es 1960, la Hamilton Intra-Matic Auto Chrono r\u00e9f\u00e9rence H38446730 revisite le design vintage avec une touche contemporaine.<\/span> <span class=\"relative -mx-px my-[-0.2rem] rounded px-px py-[0.2rem]\">Son bo\u00eetier en acier inoxydable de 40 mm, rev\u00eatu de PVD noir, conf\u00e8re \u00e0 cette montre une allure furtive et \u00e9l\u00e9gante.<\/span> <span class=\"relative -mx-px my-[-0.2rem] rounded px-px py-[0.2rem]\">Le cadran noir mat est agr\u00e9ment\u00e9 de deux sous-cadrans azur\u00e9s pour le chronographe et la petite seconde, offrant une lisibilit\u00e9 optimale.<\/span> <span class=\"relative -mx-px my-[-0.2rem] rounded px-px py-[0.2rem]\">Les index appliqu\u00e9s noircis, dot\u00e9s de blocs luminescents, et les aiguilles noircies avec rev\u00eatement Super-LumiNova assurent une visibilit\u00e9 parfaite m\u00eame dans l&#8217;obscurit\u00e9.<\/span>\u200b<\/p>\n<p class=\"\" data-start=\"2154\" data-end=\"2279\"><span class=\"relative -mx-px my-[-0.2rem] rounded px-px py-[0.2rem]\">Au c\u0153ur de cette montre bat le calibre automatique Hamilton H-31, bas\u00e9 sur l&#8217;ETA Valjoux 7753, offrant une r\u00e9serve de marche de 60 heures.<\/span> <span class=\"relative -mx-px my-[-0.2rem] rounded px-px py-[0.2rem]\">Les fonctions chronographe avec compteur 30 minutes \u00e0 3 heures, petite seconde \u00e0 9 heures et le guichet de date discret \u00e0 6 heures avec disque noir et chiffres blancs ajoutent \u00e0 la fonctionnalit\u00e9 de ce garde-temps.<\/span>\u200b<\/p>\n<p class=\"\" data-start=\"2281\" data-end=\"2406\"><span class=\"relative -mx-px my-[-0.2rem] rounded px-px py-[0.2rem]\">Le bracelet en cuir noir perfor\u00e9 de style racing, associ\u00e9 \u00e0 une boucle ardillon en acier inoxydable avec rev\u00eatement PVD noir, renforce le caract\u00e8re sportif de la montre.<\/span> <span class=\"relative -mx-px my-[-0.2rem] rounded px-px py-[0.2rem]\">Avec une \u00e9tanch\u00e9it\u00e9 jusqu&#8217;\u00e0 100 m\u00e8tres (10 ATM), l&#8217;Intra-Matic Auto Chrono est pr\u00eate \u00e0 vous accompagner dans toutes vos activit\u00e9s, alliant performance et style avec brio.<\/span><\/p>\n<\/div>\n<p><div class=\"alert alert_error\"><div class=\"alert_icon\"><svg viewBox=\"0 0 28 28\"><defs><style>.path{fill:none;stroke:#000;stroke-miterlimit:10;stroke-width:1.5px;}<\/style><\/defs><g><circle cx=\"14\" cy=\"20\" r=\"0.33\" class=\"path\"\/><line x1=\"14\" y1=\"8.72\" x2=\"14\" y2=\"16.72\" class=\"path\"\/><path d=\"M12.6,3.42,1.54,22.58A1.61,1.61,0,0,0,2.93,25H25.07a1.61,1.61,0,0,0,1.39-2.42L15.4,3.42A1.61,1.61,0,0,0,12.6,3.42Z\" class=\"path\"\/><\/g><\/svg><\/div><div class=\"alert_wrapper\">Le montant affich\u00e9 peut \u00eatre modifi\u00e9 par le fournisseur sans que nous en soyons inform\u00e9s. Une diff\u00e9rence entre le prix affich\u00e9 ici et en magasin reste possible.<\/div><a href=\"#\" class=\"close mfn-close-icon\"><span class=\"icon\">\u2715<\/span><\/a><\/div>\n<div class=\"alert alert_info\"><div class=\"alert_icon\"><svg viewBox=\"0 0 28 28\"><defs><style>.path{fill:none;stroke:#000;stroke-miterlimit:10;stroke-width:1.5px;}<\/style><\/defs><g><circle class=\"path\" cx=\"14\" cy=\"14\" r=\"12\"\/><path class=\"path\" d=\"M11.2,9.12a3.4,3.4,0,0,1,3-1.69,2.84,2.84,0,0,1,3,2.76,3.16,3.16,0,0,1-.84,2.23c-.63.74-1.58,1.18-2.19,1.88a1,1,0,0,0-.26.64v2.32\"\/><circle class=\"path\" cx=\"14\" cy=\"20\" r=\"0.33\"\/><\/g><\/svg><\/div><div class=\"alert_wrapper\">Faites vos demandes particuli\u00e8res ou passez votre commande via ce formulaire <\/div><a href=\"#\" class=\"close mfn-close-icon\"><span class=\"icon\">\u2715<\/span><\/a><\/div>\n <a class=\"button  button_size_3\" href=\"https:\/\/tempsetor.be\/galerie\/ma-commande\/\"     target=\"_blank\"    title=\"\"><span class=\"button_label\">&gt; Formulaire<\/span><\/a>\n<\/p>\n<div id=\"gtx-trans\" style=\"position: absolute; left: 625px; top: 260.55px;\">\n<div class=\"gtx-trans-icon\"><\/div>\n<\/div>\n","protected":false},"featured_media":8404,"template":"","meta":{"_monsterinsights_skip_tracking":false,"_monsterinsights_sitenote_active":false,"_monsterinsights_sitenote_note":"","_monsterinsights_sitenote_category":0},"product_brand":[],"product_cat":[1628,40,39],"product_tag":[],"class_list":{"0":"post-8403","1":"product","2":"type-product","3":"status-publish","4":"has-post-thumbnail","6":"product_cat-hamilton-hommes","7":"product_cat-montres-hommes","8":"product_cat-hommes","10":"first","11":"instock","12":"shipping-taxable","13":"purchasable","14":"product-type-simple"},"_links":{"self":[{"href":"https:\/\/tempsetor.be\/galerie\/wp-json\/wp\/v2\/product\/8403","targetHints":{"allow":["GET"]}}],"collection":[{"href":"https:\/\/tempsetor.be\/galerie\/wp-json\/wp\/v2\/product"}],"about":[{"href":"https:\/\/tempsetor.be\/galerie\/wp-json\/wp\/v2\/types\/product"}],"wp:featuredmedia":[{"embeddable":true,"href":"https:\/\/tempsetor.be\/galerie\/wp-json\/wp\/v2\/media\/8404"}],"wp:attachment":[{"href":"https:\/\/tempsetor.be\/galerie\/wp-json\/wp\/v2\/media?parent=8403"}],"wp:term":[{"taxonomy":"product_brand","embeddable":true,"href":"https:\/\/tempsetor.be\/galerie\/wp-json\/wp\/v2\/product_brand?post=8403"},{"taxonomy":"product_cat","embeddable":true,"href":"https:\/\/tempsetor.be\/galerie\/wp-json\/wp\/v2\/product_cat?post=8403"},{"taxonomy":"product_tag","embeddable":true,"href":"https:\/\/tempsetor.be\/galerie\/wp-json\/wp\/v2\/product_tag?post=8403"}],"curies":[{"name":"wp","href":"https:\/\/api.w.org\/{rel}","templated":true}]}}