{"id":8409,"date":"2025-04-10T19:22:46","date_gmt":"2025-04-10T17:22:46","guid":{"rendered":"https:\/\/tempsetor.be\/galerie\/?post_type=product&#038;p=8409"},"modified":"2025-04-10T19:34:51","modified_gmt":"2025-04-10T17:34:51","slug":"bougie-baobab-folia-maquis","status":"publish","type":"product","link":"https:\/\/tempsetor.be\/galerie\/produit\/bougie-baobab-folia-maquis\/","title":{"rendered":"Bougie Baobab &#8211; Folia &#8211; Maquis"},"content":{"rendered":"<p>D\u00e9couvrez la <strong data-start=\"244\" data-end=\"270\">bougie parfum\u00e9e Maquis<\/strong> de la collection Folia par Baobab Collection. <span class=\"relative -mx-px my-[-0.2rem] rounded px-px py-[0.2rem] transition-colors duration-100 ease-in-out\">Avec ses notes envo\u00fbtantes de <strong data-start=\"30\" data-end=\"41\">muscade<\/strong>, <strong data-start=\"43\" data-end=\"63\">bois de cannelle<\/strong> et <strong data-start=\"67\" data-end=\"79\">galbanum<\/strong>, elle apporte une touche chaleureuse et \u00e9pic\u00e9e \u00e0 votre int\u00e9rieur.<\/span> <strong data-start=\"355\" data-end=\"373\">Prix : 95,00 \u20ac<\/strong>.\u200b<\/p>\n","protected":false},"excerpt":{"rendered":"<h3><img loading=\"lazy\" decoding=\"async\" class=\"size-full wp-image-4311 alignleft\" src=\"https:\/\/tempsetor.be\/galerie\/wp-content\/uploads\/2019\/03\/baobab.jpg\" alt=\"logo Baobab\" width=\"128\" height=\"142\" srcset=\"https:\/\/tempsetor.be\/galerie\/wp-content\/uploads\/2019\/03\/baobab.jpg 128w, https:\/\/tempsetor.be\/galerie\/wp-content\/uploads\/2019\/03\/baobab-45x50.jpg 45w, https:\/\/tempsetor.be\/galerie\/wp-content\/uploads\/2019\/03\/baobab-68x75.jpg 68w\" sizes=\"auto, (max-width:767px) 128px, 128px\" \/><\/h3>\n<h2 data-start=\"1505\" data-end=\"1566\"><strong data-start=\"1505\" data-end=\"1566\">Bougie Parfum\u00e9e Baobab Folia Maquis \u2013 \u00c9l\u00e9gance et Chaleur<\/strong><\/h2>\n<p class=\"\" data-start=\"1568\" data-end=\"1693\"><span class=\"relative -mx-px my-[-0.2rem] rounded px-px py-[0.2rem] transition-colors duration-100 ease-in-out\">La <strong data-start=\"3\" data-end=\"29\">bougie parfum\u00e9e Maquis<\/strong> de la collection <strong data-start=\"47\" data-end=\"56\">Folia<\/strong> par <strong data-start=\"61\" data-end=\"82\">Baobab Collection<\/strong> est une invitation \u00e0 un voyage sensoriel au c\u0153ur des senteurs \u00e9pic\u00e9es et bois\u00e9es.<\/span> <span class=\"relative -mx-px my-[-0.2rem] rounded px-px py-[0.2rem] transition-colors duration-100 ease-in-out\">Inspir\u00e9e par la richesse aromatique du maquis m\u00e9diterran\u00e9en, cette bougie diffuse un parfum envo\u00fbtant qui transforme votre espace en un havre de chaleur et de sophistication.<\/span>\u200b<\/p>\n<p class=\"\" data-start=\"1695\" data-end=\"1717\"><strong data-start=\"1695\" data-end=\"1717\">Notes olfactives :<\/strong><\/p>\n<ul data-start=\"1718\" data-end=\"2033\">\n<li class=\"\" data-start=\"1718\" data-end=\"1819\">\n<p class=\"\" data-start=\"1720\" data-end=\"1819\"><strong data-start=\"1720\" data-end=\"1731\">Muscade<\/strong> : <span class=\"relative -mx-px my-[-0.2rem] rounded px-px py-[0.2rem] transition-colors duration-100 ease-in-out\">Apporte une touche \u00e9pic\u00e9e et chaleureuse.<\/span>\u200b<\/p>\n<\/li>\n<li class=\"\" data-start=\"1820\" data-end=\"1930\">\n<p class=\"\" data-start=\"1822\" data-end=\"1930\"><strong data-start=\"1822\" data-end=\"1842\">Bois de cannelle<\/strong> : <span class=\"relative -mx-px my-[-0.2rem] rounded px-px py-[0.2rem] transition-colors duration-100 ease-in-out\">Diffuse une senteur douce et bois\u00e9e, r\u00e9confortante.<\/span>\u200b<\/p>\n<\/li>\n<li class=\"\" data-start=\"1931\" data-end=\"2033\">\n<p class=\"\" data-start=\"1933\" data-end=\"2033\"><strong data-start=\"1933\" data-end=\"1945\">Galbanum<\/strong> : <span class=\"relative -mx-px my-[-0.2rem] rounded px-px py-[0.2rem] transition-colors duration-100 ease-in-out\">Offre une note verte et r\u00e9sineuse, ajoutant de la profondeur au parfum.<\/span>\u200b<\/p>\n<\/li>\n<\/ul>\n<p class=\"\" data-start=\"2035\" data-end=\"2173\"><strong data-start=\"2035\" data-end=\"2047\">Design :<\/strong> <span class=\"relative -mx-px my-[-0.2rem] rounded px-px py-[0.2rem] transition-colors duration-100 ease-in-out\">Pr\u00e9sent\u00e9e dans un contenant en c\u00e9ramique \u00e9l\u00e9gant, chaque bougie est le fruit d&#8217;un artisanat m\u00e9ticuleux.<\/span> <span class=\"relative -mx-px my-[-0.2rem] rounded px-px py-[0.2rem] transition-colors duration-100 ease-in-out\">Fabriqu\u00e9e \u00e0 la main au Portugal, la c\u00e9ramique est moul\u00e9e, \u00e9maill\u00e9e et cuite \u00e0 haute temp\u00e9rature, conf\u00e9rant \u00e0 chaque pi\u00e8ce une finition unique et raffin\u00e9e.<\/span>\u200b<\/p>\n<h3 data-start=\"2175\" data-end=\"2220\"><strong data-start=\"2175\" data-end=\"2220\">Pourquoi choisir la bougie Folia Maquis ?<\/strong><\/h3>\n<ul data-start=\"2221\" data-end=\"2559\">\n<li class=\"\" data-start=\"2221\" data-end=\"2331\">\n<p class=\"\" data-start=\"2223\" data-end=\"2331\"><strong data-start=\"2223\" data-end=\"2243\">Parfum Envo\u00fbtant<\/strong> : <span class=\"relative -mx-px my-[-0.2rem] rounded px-px py-[0.2rem] transition-colors duration-100 ease-in-out\">Une combinaison harmonieuse de notes \u00e9pic\u00e9es et bois\u00e9es pour une ambiance chaleureuse.<\/span>\u200b<\/p>\n<\/li>\n<li class=\"\" data-start=\"2332\" data-end=\"2447\">\n<p class=\"\" data-start=\"2334\" data-end=\"2447\"><strong data-start=\"2334\" data-end=\"2359\">Artisanat d&#8217;Exception<\/strong> : <span class=\"relative -mx-px my-[-0.2rem] rounded px-px py-[0.2rem] transition-colors duration-100 ease-in-out\">Chaque contenant en c\u00e9ramique est une \u0153uvre d&#8217;art, t\u00e9moignant d&#8217;un savoir-faire traditionnel.<\/span>\u200b<\/p>\n<\/li>\n<li class=\"\" data-start=\"2448\" data-end=\"2559\">\n<p class=\"\" data-start=\"2450\" data-end=\"2559\"><strong data-start=\"2450\" data-end=\"2471\">\u00c9l\u00e9ment D\u00e9coratif<\/strong> : <span class=\"relative -mx-px my-[-0.2rem] rounded px-px py-[0.2rem] transition-colors duration-100 ease-in-out\">Son design sophistiqu\u00e9 s&#8217;int\u00e8gre parfaitement \u00e0 tout int\u00e9rieur, ajoutant une touche d&#8217;\u00e9l\u00e9gance.<\/span>\u200b<\/p>\n<\/li>\n<\/ul>\n<p class=\"\" data-start=\"2561\" data-end=\"2646\"><span class=\"relative -mx-px my-[-0.2rem] rounded px-px py-[0.2rem] transition-colors duration-100 ease-in-out\">Offrez-vous une exp\u00e9rience sensorielle unique avec la bougie Folia Maquis, o\u00f9 le parfum envo\u00fbtant rencontre l&#8217;artisanat d&#8217;exception pour sublimer votre int\u00e9rieur.<\/span>\u200b<\/p>\n<p class=\"\" data-start=\"2648\" data-end=\"2730\">\ud83d\udc49 <strong data-start=\"2651\" data-end=\"2730\">Disponible d\u00e8s maintenant au prix de 95,00 \u20ac <\/strong><\/p>\n<div class=\"icon_box_jmn\">\n<h4>Tailles disponibles en magasin (en cm)<\/h4>\n<\/div>\n<p><div class=\"column one-third mobile-one\"><div class=\"mcb-column-inner\"><div class=\"icon_box icon_position_top has_border\"><div class=\"icon_wrapper\"><div class=\"icon\"><i class=\"icon-bitbucket\" aria-hidden=\"true\"><\/i><\/div><\/div><div class=\"desc_wrapper\"><h4 class=\"title \">Max 10<\/h4><div class=\"desc\">95\u20ac<\/div><\/div><\/div>\n<\/div><\/div>\n<div class=\"column one-third mobile-one\"><div class=\"mcb-column-inner\"><div class=\"icon_box icon_position_top has_border\"><div class=\"icon_wrapper\"><div class=\"icon\"><i class=\"icon-bitbucket\" aria-hidden=\"true\"><\/i><\/div><\/div><div class=\"desc_wrapper\"><h4 class=\"title \">Max 16<\/h4><div class=\"desc\">130\u20ac<\/div><\/div><\/div>\n<\/div><\/div>\n<\/p>\n<p><div class=\"alert alert_error\"><div class=\"alert_icon\"><svg viewBox=\"0 0 28 28\"><defs><style>.path{fill:none;stroke:#000;stroke-miterlimit:10;stroke-width:1.5px;}<\/style><\/defs><g><circle cx=\"14\" cy=\"20\" r=\"0.33\" class=\"path\"\/><line x1=\"14\" y1=\"8.72\" x2=\"14\" y2=\"16.72\" class=\"path\"\/><path d=\"M12.6,3.42,1.54,22.58A1.61,1.61,0,0,0,2.93,25H25.07a1.61,1.61,0,0,0,1.39-2.42L15.4,3.42A1.61,1.61,0,0,0,12.6,3.42Z\" class=\"path\"\/><\/g><\/svg><\/div><div class=\"alert_wrapper\">Le montant affich\u00e9 peut \u00eatre modifi\u00e9 par le fournisseur sans que nous en soyons inform\u00e9s. Une diff\u00e9rence entre le prix affich\u00e9 ici et en magasin reste possible.<\/div><a href=\"#\" class=\"close mfn-close-icon\"><span class=\"icon\">\u2715<\/span><\/a><\/div>\n<div class=\"alert alert_info\"><div class=\"alert_icon\"><svg viewBox=\"0 0 28 28\"><defs><style>.path{fill:none;stroke:#000;stroke-miterlimit:10;stroke-width:1.5px;}<\/style><\/defs><g><circle class=\"path\" cx=\"14\" cy=\"14\" r=\"12\"\/><path class=\"path\" d=\"M11.2,9.12a3.4,3.4,0,0,1,3-1.69,2.84,2.84,0,0,1,3,2.76,3.16,3.16,0,0,1-.84,2.23c-.63.74-1.58,1.18-2.19,1.88a1,1,0,0,0-.26.64v2.32\"\/><circle class=\"path\" cx=\"14\" cy=\"20\" r=\"0.33\"\/><\/g><\/svg><\/div><div class=\"alert_wrapper\">Faites vos demandes particuli\u00e8res ou passez votre commande via ce formulaire <\/div><a href=\"#\" class=\"close mfn-close-icon\"><span class=\"icon\">\u2715<\/span><\/a><\/div>\n <a class=\"button  button_size_3\" href=\"https:\/\/tempsetor.be\/galerie\/ma-commande\/\"     target=\"_blank\"    title=\"\"><span class=\"button_label\">&gt; Formulaire<\/span><\/a>\n<\/p>\n","protected":false},"featured_media":8412,"template":"","meta":{"_monsterinsights_skip_tracking":false,"_monsterinsights_sitenote_active":false,"_monsterinsights_sitenote_note":"","_monsterinsights_sitenote_category":0},"product_brand":[],"product_cat":[903,1005],"product_tag":[],"class_list":{"0":"post-8409","1":"product","2":"type-product","3":"status-publish","4":"has-post-thumbnail","6":"product_cat-baobab","7":"product_cat-baobab-bougies","9":"first","10":"instock","11":"shipping-taxable","12":"purchasable","13":"product-type-simple"},"_links":{"self":[{"href":"https:\/\/tempsetor.be\/galerie\/wp-json\/wp\/v2\/product\/8409","targetHints":{"allow":["GET"]}}],"collection":[{"href":"https:\/\/tempsetor.be\/galerie\/wp-json\/wp\/v2\/product"}],"about":[{"href":"https:\/\/tempsetor.be\/galerie\/wp-json\/wp\/v2\/types\/product"}],"wp:featuredmedia":[{"embeddable":true,"href":"https:\/\/tempsetor.be\/galerie\/wp-json\/wp\/v2\/media\/8412"}],"wp:attachment":[{"href":"https:\/\/tempsetor.be\/galerie\/wp-json\/wp\/v2\/media?parent=8409"}],"wp:term":[{"taxonomy":"product_brand","embeddable":true,"href":"https:\/\/tempsetor.be\/galerie\/wp-json\/wp\/v2\/product_brand?post=8409"},{"taxonomy":"product_cat","embeddable":true,"href":"https:\/\/tempsetor.be\/galerie\/wp-json\/wp\/v2\/product_cat?post=8409"},{"taxonomy":"product_tag","embeddable":true,"href":"https:\/\/tempsetor.be\/galerie\/wp-json\/wp\/v2\/product_tag?post=8409"}],"curies":[{"name":"wp","href":"https:\/\/api.w.org\/{rel}","templated":true}]}}