{"id":8417,"date":"2025-05-10T12:56:53","date_gmt":"2025-05-10T10:56:53","guid":{"rendered":"https:\/\/tempsetor.be\/galerie\/?post_type=product&#038;p=8417"},"modified":"2025-05-10T15:19:30","modified_gmt":"2025-05-10T13:19:30","slug":"montre-hommes-festina-chrono-bike-f20726-1","status":"publish","type":"product","link":"https:\/\/tempsetor.be\/galerie\/produit\/montre-hommes-festina-chrono-bike-f20726-1\/","title":{"rendered":"Montre hommes &#8211; Festina &#8211; Chrono bike &#8211; F20726\/1"},"content":{"rendered":"<p>La <strong data-start=\"2156\" data-end=\"2188\">Festina Chrono Bike F20726\/1<\/strong> est une montre sportive, inspir\u00e9e de l\u2019univers du cyclisme, au design audacieux, dot\u00e9e d&#8217;un bo\u00eetier en acier de 45,5 mm, d&#8217;un cadran sable avec sous-cadrans noirs et d&#8217;un bracelet en silicone beige. Elle offre un chronographe 60 minutes, un affichage 24 heures et une \u00e9tanch\u00e9it\u00e9 de 20 ATM, id\u00e9ale pour les passionn\u00e9s de sport et de style.<\/p>\n","protected":false},"excerpt":{"rendered":"<p><img loading=\"lazy\" decoding=\"async\" class=\"wp-image-4096 size-full alignleft\" src=\"https:\/\/tempsetor.be\/galerie\/wp-content\/uploads\/2018\/11\/festina.png\" alt=\"logo Festina\" width=\"150\" height=\"92\" srcset=\"https:\/\/tempsetor.be\/galerie\/wp-content\/uploads\/2018\/11\/festina.png 150w, https:\/\/tempsetor.be\/galerie\/wp-content\/uploads\/2018\/11\/festina-50x31.png 50w, https:\/\/tempsetor.be\/galerie\/wp-content\/uploads\/2018\/11\/festina-122x75.png 122w\" sizes=\"auto, (max-width:767px) 150px, 150px\" \/><\/p>\n<p class=\"\" data-start=\"2545\" data-end=\"2904\">La <strong data-start=\"2548\" data-end=\"2580\">Festina Chrono Bike F20726\/1<\/strong> est une montre masculine, inspir\u00e9e de l\u2019univers du cyclisme, qui allie robustesse et \u00e9l\u00e9gance sportive. Son bo\u00eetier en acier inoxydable 316L de 45,5 mm, associ\u00e9 \u00e0 une lunette anthracite, conf\u00e8re une allure dynamique et moderne. Le cadran sable, agr\u00e9ment\u00e9 de sous-cadrans noirs, offre une lisibilit\u00e9 optimale, renforc\u00e9e par des aiguilles et index luminescents.<\/p>\n<p class=\"\" data-start=\"2906\" data-end=\"3268\">\u00c9quip\u00e9e d&#8217;un mouvement quartz Miyota 0S20, cette montre assure une pr\u00e9cision fiable au quotidien. Elle propose un chronographe 60 minutes, un affichage 24 heures et une petite seconde, r\u00e9pondant aux besoins des amateurs de fonctionnalit\u00e9s avanc\u00e9es. Le bracelet en silicone beige de 22 mm, avec boucle ardillon, garantit un confort durable et une tenue s\u00e9curis\u00e9e.<\/p>\n<p class=\"\" data-start=\"3270\" data-end=\"3528\">Avec une \u00e9tanch\u00e9it\u00e9 de 20 ATM (200 m\u00e8tres), la Festina Chrono Bike F20726\/1 est pr\u00eate \u00e0 vous accompagner dans toutes vos activit\u00e9s, qu&#8217;elles soient terrestres ou aquatiques. Un choix parfait pour ceux qui recherchent une montre performante au design affirm\u00e9.<\/p>\n<p>D\u00e9j\u00e0 garanties 2 ans, la bijouterie <strong>Temps &amp; OR<\/strong> vous apporte une confiance suppl\u00e9mentaire pour ces produits. Selon vos besoins, ces montres peuvent \u00eatre \u00e9galement r\u00e9serv\u00e9es \u00e0 la bijouterie. La mise \u00e0 mesure offerte ainsi qu&#8217;un emballage cadeau vous y seront propos\u00e9s.<\/p>\n<p><div class=\"alert alert_error\"><div class=\"alert_icon\"><svg viewBox=\"0 0 28 28\"><defs><style>.path{fill:none;stroke:#000;stroke-miterlimit:10;stroke-width:1.5px;}<\/style><\/defs><g><circle cx=\"14\" cy=\"20\" r=\"0.33\" class=\"path\"\/><line x1=\"14\" y1=\"8.72\" x2=\"14\" y2=\"16.72\" class=\"path\"\/><path d=\"M12.6,3.42,1.54,22.58A1.61,1.61,0,0,0,2.93,25H25.07a1.61,1.61,0,0,0,1.39-2.42L15.4,3.42A1.61,1.61,0,0,0,12.6,3.42Z\" class=\"path\"\/><\/g><\/svg><\/div><div class=\"alert_wrapper\">Le montant affich\u00e9 peut \u00eatre modifi\u00e9 par le fournisseur sans que nous en soyons inform\u00e9s. Une diff\u00e9rence entre le prix affich\u00e9 ici et en magasin reste possible.<\/div><a href=\"#\" class=\"close mfn-close-icon\"><span class=\"icon\">\u2715<\/span><\/a><\/div>\n<div class=\"alert alert_info\"><div class=\"alert_icon\"><svg viewBox=\"0 0 28 28\"><defs><style>.path{fill:none;stroke:#000;stroke-miterlimit:10;stroke-width:1.5px;}<\/style><\/defs><g><circle class=\"path\" cx=\"14\" cy=\"14\" r=\"12\"\/><path class=\"path\" d=\"M11.2,9.12a3.4,3.4,0,0,1,3-1.69,2.84,2.84,0,0,1,3,2.76,3.16,3.16,0,0,1-.84,2.23c-.63.74-1.58,1.18-2.19,1.88a1,1,0,0,0-.26.64v2.32\"\/><circle class=\"path\" cx=\"14\" cy=\"20\" r=\"0.33\"\/><\/g><\/svg><\/div><div class=\"alert_wrapper\">Faites vos demandes particuli\u00e8res ou passez votre commande via ce formulaire <\/div><a href=\"#\" class=\"close mfn-close-icon\"><span class=\"icon\">\u2715<\/span><\/a><\/div>\n <a class=\"button  button_size_3\" href=\"https:\/\/tempsetor.be\/galerie\/ma-commande\/\"     target=\"_blank\"    title=\"\"><span class=\"button_label\">&gt; Formulaire<\/span><\/a>\n<\/p>\n","protected":false},"featured_media":8418,"template":"","meta":{"_monsterinsights_skip_tracking":false,"_monsterinsights_sitenote_active":false,"_monsterinsights_sitenote_note":"","_monsterinsights_sitenote_category":0},"product_brand":[],"product_cat":[795,40,39],"product_tag":[],"class_list":{"0":"post-8417","1":"product","2":"type-product","3":"status-publish","4":"has-post-thumbnail","6":"product_cat-festina-hommes","7":"product_cat-montres-hommes","8":"product_cat-hommes","10":"first","11":"instock","12":"shipping-taxable","13":"purchasable","14":"product-type-simple"},"_links":{"self":[{"href":"https:\/\/tempsetor.be\/galerie\/wp-json\/wp\/v2\/product\/8417","targetHints":{"allow":["GET"]}}],"collection":[{"href":"https:\/\/tempsetor.be\/galerie\/wp-json\/wp\/v2\/product"}],"about":[{"href":"https:\/\/tempsetor.be\/galerie\/wp-json\/wp\/v2\/types\/product"}],"wp:featuredmedia":[{"embeddable":true,"href":"https:\/\/tempsetor.be\/galerie\/wp-json\/wp\/v2\/media\/8418"}],"wp:attachment":[{"href":"https:\/\/tempsetor.be\/galerie\/wp-json\/wp\/v2\/media?parent=8417"}],"wp:term":[{"taxonomy":"product_brand","embeddable":true,"href":"https:\/\/tempsetor.be\/galerie\/wp-json\/wp\/v2\/product_brand?post=8417"},{"taxonomy":"product_cat","embeddable":true,"href":"https:\/\/tempsetor.be\/galerie\/wp-json\/wp\/v2\/product_cat?post=8417"},{"taxonomy":"product_tag","embeddable":true,"href":"https:\/\/tempsetor.be\/galerie\/wp-json\/wp\/v2\/product_tag?post=8417"}],"curies":[{"name":"wp","href":"https:\/\/api.w.org\/{rel}","templated":true}]}}