{"id":8441,"date":"2025-06-25T15:13:58","date_gmt":"2025-06-25T13:13:58","guid":{"rendered":"https:\/\/tempsetor.be\/galerie\/?post_type=product&#038;p=8441"},"modified":"2025-06-25T15:24:42","modified_gmt":"2025-06-25T13:24:42","slug":"montre-hommes-bulova-racer-chronograph-98b432","status":"publish","type":"product","link":"https:\/\/tempsetor.be\/galerie\/produit\/montre-hommes-bulova-racer-chronograph-98b432\/","title":{"rendered":"Montre hommes Bulova &#8211; Racer Chronograph &#8211; 98B432"},"content":{"rendered":"<p>Montre chronographe Bulova 98B432 : bo\u00eetier acier 42\u202fmm, verre saphir antireflet, cadran bleu textur\u00e9 avec touches orange, mouvement quartz 0S21, \u00e9tanche 100\u202fm, bracelet acier 22\u202fmm avec boucle d\u00e9ployante. Un m\u00e9lange subtil de performance et de style, disponible \u00e0 569\u202f\u20ac.<\/p>\n","protected":false},"excerpt":{"rendered":"<p><img loading=\"lazy\" decoding=\"async\" class=\"wp-image-4746 size-full alignleft\" src=\"https:\/\/tempsetor.be\/galerie\/wp-content\/uploads\/2019\/07\/Bulova-150px.png\" alt=\"Bulova logo\" width=\"150\" height=\"28\" srcset=\"https:\/\/tempsetor.be\/galerie\/wp-content\/uploads\/2019\/07\/Bulova-150px.png 150w, https:\/\/tempsetor.be\/galerie\/wp-content\/uploads\/2019\/07\/Bulova-150px-50x9.png 50w\" sizes=\"auto, (max-width:767px) 150px, 150px\" \/><\/p>\n<p data-start=\"2712\" data-end=\"3017\">Bulova pr\u00e9sente la 98B432, issue de la collection Racer : une montre chronographe inspir\u00e9e de l\u2019univers automobile. Son bo\u00eetier en acier inoxydable de 42\u202fmm, fa\u00e7onn\u00e9 pour rappeler les lignes des bolides, abrite un verre saphir anti\u2011reflet et un fond viss\u00e9 assurant une \u00e9tanch\u00e9it\u00e9 jusqu\u2019\u00e0 100\u202fm (10\u202fATM).<\/p>\n<p data-start=\"3019\" data-end=\"3346\">Le cadran bleu textur\u00e9, rythm\u00e9 par un anneau tachym\u00e8tre noir et orange, int\u00e8gre des index argent\u00e9s et des aiguilles luminescentes, offrant une excellente lisibilit\u00e9. Il renferme un guichet date nich\u00e9 \u00e0 6\u202fh ainsi que deux sous\u2011cadrans chronographe (minutes et 24\u202fh), compl\u00e9t\u00e9s d\u2019une trotteuse orang\u00e9e pour une lecture pr\u00e9cise.<\/p>\n<p data-start=\"3348\" data-end=\"3664\">Anim\u00e9e par le mouvement quartz Miyota (Citizen) 0S21, la montre propose un chronographe jusqu\u2019\u00e0 60\u202fminutes, un affichage 24\u202fh, et une pr\u00e9cision de l\u2019ordre de 15\u202fs\/mois. Le bracelet en acier massif de 22\u202fmm, \u00e9quip\u00e9 d\u2019une boucle d\u00e9ployante \u00e0 double poussoir, assure un confort optimal et une mise en place s\u00e9curis\u00e9e.<\/p>\n<p>D\u00e9j\u00e0 garanties 2 ans, la bijouterie <strong>Temps &amp; OR<\/strong> vous apporte une confiance suppl\u00e9mentaire pour ces produits. Selon vos besoins, ces montres peuvent \u00eatre \u00e9galement r\u00e9serv\u00e9es \u00e0 la bijouterie. La mise \u00e0 mesure offerte ainsi qu&#8217;un emballage cadeau vous y seront propos\u00e9s.<\/p>\n<p><div class=\"alert alert_error\"><div class=\"alert_icon\"><svg viewBox=\"0 0 28 28\"><defs><style>.path{fill:none;stroke:#000;stroke-miterlimit:10;stroke-width:1.5px;}<\/style><\/defs><g><circle cx=\"14\" cy=\"20\" r=\"0.33\" class=\"path\"\/><line x1=\"14\" y1=\"8.72\" x2=\"14\" y2=\"16.72\" class=\"path\"\/><path d=\"M12.6,3.42,1.54,22.58A1.61,1.61,0,0,0,2.93,25H25.07a1.61,1.61,0,0,0,1.39-2.42L15.4,3.42A1.61,1.61,0,0,0,12.6,3.42Z\" class=\"path\"\/><\/g><\/svg><\/div><div class=\"alert_wrapper\">Le montant affich\u00e9 peut \u00eatre modifi\u00e9 par le fournisseur sans que nous en soyons inform\u00e9s. Une diff\u00e9rence entre le prix affich\u00e9 ici et en magasin reste possible.<\/div><a href=\"#\" class=\"close mfn-close-icon\"><span class=\"icon\">\u2715<\/span><\/a><\/div>\n<div class=\"alert alert_info\"><div class=\"alert_icon\"><svg viewBox=\"0 0 28 28\"><defs><style>.path{fill:none;stroke:#000;stroke-miterlimit:10;stroke-width:1.5px;}<\/style><\/defs><g><circle class=\"path\" cx=\"14\" cy=\"14\" r=\"12\"\/><path class=\"path\" d=\"M11.2,9.12a3.4,3.4,0,0,1,3-1.69,2.84,2.84,0,0,1,3,2.76,3.16,3.16,0,0,1-.84,2.23c-.63.74-1.58,1.18-2.19,1.88a1,1,0,0,0-.26.64v2.32\"\/><circle class=\"path\" cx=\"14\" cy=\"20\" r=\"0.33\"\/><\/g><\/svg><\/div><div class=\"alert_wrapper\">Faites vos demandes particuli\u00e8res ou passez votre commande via ce formulaire <\/div><a href=\"#\" class=\"close mfn-close-icon\"><span class=\"icon\">\u2715<\/span><\/a><\/div>\n <a class=\"button  button_size_3\" href=\"https:\/\/tempsetor.be\/galerie\/ma-commande\/\"     target=\"_blank\"    title=\"\"><span class=\"button_label\">&gt; Formulaire<\/span><\/a>\n<\/p>\n","protected":false},"featured_media":8442,"template":"","meta":{"_monsterinsights_skip_tracking":false,"_monsterinsights_sitenote_active":false,"_monsterinsights_sitenote_note":"","_monsterinsights_sitenote_category":0},"product_brand":[],"product_cat":[1216,40,39],"product_tag":[],"class_list":{"0":"post-8441","1":"product","2":"type-product","3":"status-publish","4":"has-post-thumbnail","6":"product_cat-bulova-hommes","7":"product_cat-montres-hommes","8":"product_cat-hommes","10":"first","11":"instock","12":"shipping-taxable","13":"purchasable","14":"product-type-simple"},"_links":{"self":[{"href":"https:\/\/tempsetor.be\/galerie\/wp-json\/wp\/v2\/product\/8441","targetHints":{"allow":["GET"]}}],"collection":[{"href":"https:\/\/tempsetor.be\/galerie\/wp-json\/wp\/v2\/product"}],"about":[{"href":"https:\/\/tempsetor.be\/galerie\/wp-json\/wp\/v2\/types\/product"}],"wp:featuredmedia":[{"embeddable":true,"href":"https:\/\/tempsetor.be\/galerie\/wp-json\/wp\/v2\/media\/8442"}],"wp:attachment":[{"href":"https:\/\/tempsetor.be\/galerie\/wp-json\/wp\/v2\/media?parent=8441"}],"wp:term":[{"taxonomy":"product_brand","embeddable":true,"href":"https:\/\/tempsetor.be\/galerie\/wp-json\/wp\/v2\/product_brand?post=8441"},{"taxonomy":"product_cat","embeddable":true,"href":"https:\/\/tempsetor.be\/galerie\/wp-json\/wp\/v2\/product_cat?post=8441"},{"taxonomy":"product_tag","embeddable":true,"href":"https:\/\/tempsetor.be\/galerie\/wp-json\/wp\/v2\/product_tag?post=8441"}],"curies":[{"name":"wp","href":"https:\/\/api.w.org\/{rel}","templated":true}]}}