{"id":8452,"date":"2025-07-10T00:30:58","date_gmt":"2025-07-09T22:30:58","guid":{"rendered":"https:\/\/tempsetor.be\/galerie\/?post_type=product&#038;p=8452"},"modified":"2025-07-10T00:41:27","modified_gmt":"2025-07-09T22:41:27","slug":"montre-briston-kennedy-streamlier-hm-30-252030-sa-t-1-nb","status":"publish","type":"product","link":"https:\/\/tempsetor.be\/galerie\/produit\/montre-briston-kennedy-streamlier-hm-30-252030-sa-t-1-nb\/","title":{"rendered":"Montre Briston &#8211; Kennedy Streamlier HM 30 &#8211; 252030.SA.T.1.NB"},"content":{"rendered":"<p>La Briston Streamliner Kennedy HM 30\u202fmm est une montre au caract\u00e8re marqu\u00e9 : bo\u00eetier carr\u00e9 acier et ac\u00e9tate \u201ctortue\u201d, cadran noir double-couche guilloch\u00e9, aiguilles luminescentes, couronne 12\u202fh avec cabochon lapis-lazuli, mouvement quartz suisse Ronda 751, \u00e9tanche 50\u202fm, bracelet NATO noir interchangeable \u2014 style, pr\u00e9cision et \u00e9l\u00e9gance au quotidien.<\/p>\n","protected":false},"excerpt":{"rendered":"<h3><img loading=\"lazy\" decoding=\"async\" class=\"wp-image-2750 size-full alignleft\" src=\"https:\/\/tempsetor.be\/galerie\/wp-content\/uploads\/2015\/04\/briston-1.jpg\" alt=\"\" width=\"150\" height=\"75\" \/><\/h3>\n<p data-start=\"1055\" data-end=\"1094\"><span class=\"relative -mx-px my-[-0.2rem] rounded px-px py-[0.2rem] transition-colors duration-100 ease-in-out\">La <strong data-start=\"3\" data-end=\"43\">Briston Streamliner Kennedy HM 30 mm<\/strong> est une montre soigneusement con\u00e7ue pour les femmes en qu\u00eate de caract\u00e8re et d\u2019\u00e9l\u00e9gance. Son bo\u00eetier carr\u00e9 de 30 \u00d7 30\u202fmm, en acier 316L bross\u00e9 poli, s\u2019orne de c\u00f4t\u00e9s en ac\u00e9tate de cellulose \u201ctortue\u201d d\u2019inspiration vintage et d\u2019une couronne originale situ\u00e9e \u00e0 12\u202fh, sertie d\u2019un cabochon en lapis\u2011lazuli. Le verre min\u00e9ral bomb\u00e9 K1, \u00e9pais de 2,2\u202fmm, assure robustesse et esth\u00e9tique.<\/span><\/p>\n<p data-start=\"1096\" data-end=\"1135\"><span class=\"relative -mx-px my-[-0.2rem] rounded px-px py-[0.2rem] transition-colors duration-100 ease-in-out\">Le cadran noir se structure en double niveau avec un sous\u2011cadran blanc, des chiffres romains et arabes d\u00e9coup\u00e9s, une zone centrale guilloch\u00e9e et un chemin de fer minutieux. Les aiguilles dauphine polies, munies d\u2019inserts Super\u2011LumiNova C1, garantissent une lisibilit\u00e9 dans l\u2019obscurit\u00e9.<\/span><\/p>\n<p data-start=\"1137\" data-end=\"1176\"><span class=\"relative -mx-px my-[-0.2rem] rounded px-px py-[0.2rem] transition-colors duration-100 ease-in-out\">\u00c0 l\u2019int\u00e9rieur, le mouvement quartz suisse Ronda Normtech 751 \u00e0 une pierre offre une pr\u00e9cision fiable et jusqu\u2019\u00e0 7\u202fans d\u2019autonomie. L\u2019\u00e9tanch\u00e9it\u00e9 de 5\u202fATM permet une r\u00e9sistance \u00e0 l\u2019eau jusqu\u2019\u00e0 50\u202fm, tandis que le bracelet NATO noir interchangeable de 18\u202fmm, \u00e9quip\u00e9 d\u2019une boucle ardillon grav\u00e9e Briston et d\u2019un syst\u00e8me sans outil, offre confort et personnalisation.<\/span><\/p>\n<p data-start=\"1178\" data-end=\"1391\"><strong data-start=\"1178\" data-end=\"1191\">Fonctions<\/strong> : affichage heures\/minutes.<br data-start=\"1219\" data-end=\"1222\" \/><strong data-start=\"1222\" data-end=\"1236\">\u00c9tanch\u00e9it\u00e9<\/strong> : 5\u202fATM \/ 50\u202fm.<br data-start=\"1252\" data-end=\"1255\" \/><strong data-start=\"1255\" data-end=\"1267\">Bracelet<\/strong> : NATO noir 18\u202fmm, interchangeable.<br data-start=\"1303\" data-end=\"1306\" \/><strong data-start=\"1306\" data-end=\"1320\">Esth\u00e9tique<\/strong> : couronne \u00e0 12\u202fh cabochon, ac\u00e9tate \u201ctortue\u201d, guilloch\u00e9, style pr\u00e9ppy.<\/p>\n<p><div class=\"alert alert_error\"><div class=\"alert_icon\"><svg viewBox=\"0 0 28 28\"><defs><style>.path{fill:none;stroke:#000;stroke-miterlimit:10;stroke-width:1.5px;}<\/style><\/defs><g><circle cx=\"14\" cy=\"20\" r=\"0.33\" class=\"path\"\/><line x1=\"14\" y1=\"8.72\" x2=\"14\" y2=\"16.72\" class=\"path\"\/><path d=\"M12.6,3.42,1.54,22.58A1.61,1.61,0,0,0,2.93,25H25.07a1.61,1.61,0,0,0,1.39-2.42L15.4,3.42A1.61,1.61,0,0,0,12.6,3.42Z\" class=\"path\"\/><\/g><\/svg><\/div><div class=\"alert_wrapper\">Le montant affich\u00e9 peut \u00eatre modifi\u00e9 par le fournisseur sans que nous en soyons inform\u00e9s. Une diff\u00e9rence entre le prix affich\u00e9 ici et en magasin reste possible.<\/div><a href=\"#\" class=\"close mfn-close-icon\"><span class=\"icon\">\u2715<\/span><\/a><\/div>\n<div class=\"alert alert_info\"><div class=\"alert_icon\"><svg viewBox=\"0 0 28 28\"><defs><style>.path{fill:none;stroke:#000;stroke-miterlimit:10;stroke-width:1.5px;}<\/style><\/defs><g><circle class=\"path\" cx=\"14\" cy=\"14\" r=\"12\"\/><path class=\"path\" d=\"M11.2,9.12a3.4,3.4,0,0,1,3-1.69,2.84,2.84,0,0,1,3,2.76,3.16,3.16,0,0,1-.84,2.23c-.63.74-1.58,1.18-2.19,1.88a1,1,0,0,0-.26.64v2.32\"\/><circle class=\"path\" cx=\"14\" cy=\"20\" r=\"0.33\"\/><\/g><\/svg><\/div><div class=\"alert_wrapper\">Faites vos demandes particuli\u00e8res ou passez votre commande via ce formulaire <\/div><a href=\"#\" class=\"close mfn-close-icon\"><span class=\"icon\">\u2715<\/span><\/a><\/div>\n <a class=\"button  button_size_3\" href=\"https:\/\/tempsetor.be\/galerie\/ma-commande\/\"     target=\"_blank\"    title=\"\"><span class=\"button_label\">&gt; Formulaire<\/span><\/a>\n<\/p>\n","protected":false},"featured_media":8454,"template":"","meta":{"_monsterinsights_skip_tracking":false,"_monsterinsights_sitenote_active":false,"_monsterinsights_sitenote_note":"","_monsterinsights_sitenote_category":0},"product_brand":[],"product_cat":[56,65,28,40,27,39],"product_tag":[],"class_list":{"0":"post-8452","1":"product","2":"type-product","3":"status-publish","4":"has-post-thumbnail","6":"product_cat-briston-dames","7":"product_cat-briston-hommes","8":"product_cat-montres-dames","9":"product_cat-montres-hommes","10":"product_cat-dames","11":"product_cat-hommes","13":"first","14":"instock","15":"shipping-taxable","16":"purchasable","17":"product-type-simple"},"_links":{"self":[{"href":"https:\/\/tempsetor.be\/galerie\/wp-json\/wp\/v2\/product\/8452","targetHints":{"allow":["GET"]}}],"collection":[{"href":"https:\/\/tempsetor.be\/galerie\/wp-json\/wp\/v2\/product"}],"about":[{"href":"https:\/\/tempsetor.be\/galerie\/wp-json\/wp\/v2\/types\/product"}],"wp:featuredmedia":[{"embeddable":true,"href":"https:\/\/tempsetor.be\/galerie\/wp-json\/wp\/v2\/media\/8454"}],"wp:attachment":[{"href":"https:\/\/tempsetor.be\/galerie\/wp-json\/wp\/v2\/media?parent=8452"}],"wp:term":[{"taxonomy":"product_brand","embeddable":true,"href":"https:\/\/tempsetor.be\/galerie\/wp-json\/wp\/v2\/product_brand?post=8452"},{"taxonomy":"product_cat","embeddable":true,"href":"https:\/\/tempsetor.be\/galerie\/wp-json\/wp\/v2\/product_cat?post=8452"},{"taxonomy":"product_tag","embeddable":true,"href":"https:\/\/tempsetor.be\/galerie\/wp-json\/wp\/v2\/product_tag?post=8452"}],"curies":[{"name":"wp","href":"https:\/\/api.w.org\/{rel}","templated":true}]}}