{"id":8460,"date":"2025-07-16T15:23:29","date_gmt":"2025-07-16T13:23:29","guid":{"rendered":"https:\/\/tempsetor.be\/galerie\/?post_type=product&#038;p=8460"},"modified":"2025-07-16T15:33:06","modified_gmt":"2025-07-16T13:33:06","slug":"montre-hommes-briston-clubmaster-legend-diver-navy-blue-241740-sa-t-15-fnb","status":"publish","type":"product","link":"https:\/\/tempsetor.be\/galerie\/produit\/montre-hommes-briston-clubmaster-legend-diver-navy-blue-241740-sa-t-15-fnb\/","title":{"rendered":"Montre hommes Briston &#8211; Clubmaster Legend Diver Navy Blue &#8211; 241740.SA.T.15.FNB"},"content":{"rendered":"<p>La Briston Clubmaster Legend Diver Navy Blue 40\u202fmm est une montre automatique robuste et \u00e9l\u00e9gante : bo\u00eetier acier et ac\u00e9tate, lunette saphir unidirectionnelle, verre saphir \u00e9pais, index et aiguilles Super\u2011LumiNova C3, mouvement Miyota 8315 avec 60\u202fh de r\u00e9serve de marche, bracelet FKM bleu interchangeable, \u00e9tanche 200\u202fm.<\/p>\n","protected":false},"excerpt":{"rendered":"<h3><img loading=\"lazy\" decoding=\"async\" class=\"wp-image-2750 size-full alignleft\" src=\"https:\/\/tempsetor.be\/galerie\/wp-content\/uploads\/2015\/04\/briston-1.jpg\" alt=\"\" width=\"150\" height=\"75\" \/><\/h3>\n<p data-start=\"1146\" data-end=\"1185\"><span class=\"relative -mx-px my-[-0.2rem] rounded px-px py-[0.2rem] transition-colors duration-100 ease-in-out\">La <strong data-start=\"3\" data-end=\"54\">Briston Clubmaster Legend Diver Navy Blue 40\u202fmm<\/strong> se distingue par son esth\u00e9tique sportive raffin\u00e9e. Son bo\u00eetier coussin de 40\u202f\u00d7\u202f40\u202fmm, en acier 316L poli et ac\u00e9tate tortue poli \u00e0 la main, est parfaitement mis en valeur par une lunette tournante unidirectionnelle en verre saphir de 2,60\u202fmm et un verre saphir ultra\u2011r\u00e9sistant. La couronne viss\u00e9e grav\u00e9e assure une excellente \u00e9tanch\u00e9it\u00e9.<\/span><\/p>\n<p data-start=\"1187\" data-end=\"1226\"><span class=\"relative -mx-px my-[-0.2rem] rounded px-px py-[0.2rem] transition-colors duration-100 ease-in-out\">Le cadran bleu marine semi\u2011brillant de 29\u202fmm d\u2019ouverture est \u00e9l\u00e9gant et fonctionnel : index et aiguilles baton en acier poli, tous rehauss\u00e9s d\u2019inserts Super\u2011LumiNova C3 pour une parfaite lecture en toutes conditions. Le guichet date \u00e0 3\u202fh ajoute une touche de praticit\u00e9.<\/span><\/p>\n<p data-start=\"1228\" data-end=\"1267\"><span class=\"relative -mx-px my-[-0.2rem] rounded px-px py-[0.2rem] transition-colors duration-100 ease-in-out\">\u00c0 l\u2019int\u00e9rieur, le calibre automatique Miyota 8315 d\u00e9livre 21\u202f600\u202fvibrations par heure, avec remontage bidirectionnel et une r\u00e9serve de marche de 60\u202fheures. Il assure une mesure pr\u00e9cise des heures, minutes, secondes et la date.<\/span><\/p>\n<p data-start=\"1269\" data-end=\"1308\"><span class=\"relative -mx-px my-[-0.2rem] rounded px-px py-[0.2rem] transition-colors duration-100 ease-in-out\">\u00c9tanche \u00e0 200\u202fm (20\u202fATM), ce mod\u00e8le est id\u00e9al pour les plongeurs amateurs, mais \u00e9galement adapt\u00e9 \u00e0 un usage quotidien raffin\u00e9. Il est mont\u00e9 sur un bracelet fluoro\u2011\u00e9lastom\u00e8re FKM bleu marine de 20\u202fmm, vulcanis\u00e9, avec syst\u00e8me Presto pour un changement rapide et une boucle ardillon en acier grav\u00e9e Briston.<\/span><\/p>\n<p data-start=\"1310\" data-end=\"1466\"><strong data-start=\"1310\" data-end=\"1323\">Fonctions<\/strong> : heures, minutes, secondes centrales, date.<br data-start=\"1368\" data-end=\"1371\" \/><strong data-start=\"1371\" data-end=\"1385\">\u00c9tanch\u00e9it\u00e9<\/strong> : 20\u202fATM \/ 200\u202fm.<br data-start=\"1403\" data-end=\"1406\" \/><strong data-start=\"1406\" data-end=\"1418\">Bracelet<\/strong> : FKM bleu 20\u202fmm, interchangeable sans outil.<\/p>\n<p data-start=\"1468\" data-end=\"1507\"><span class=\"relative -mx-px my-[-0.2rem] rounded px-px py-[0.2rem] transition-colors duration-100 ease-in-out\">Un mod\u00e8le alliant design italien artisanal, performance horlog\u00e8re et \u00e9l\u00e9gance sportive pour l\u2019homme moderne exigeant.<\/span><\/p>\n<p><div class=\"alert alert_error\"><div class=\"alert_icon\"><svg viewBox=\"0 0 28 28\"><defs><style>.path{fill:none;stroke:#000;stroke-miterlimit:10;stroke-width:1.5px;}<\/style><\/defs><g><circle cx=\"14\" cy=\"20\" r=\"0.33\" class=\"path\"\/><line x1=\"14\" y1=\"8.72\" x2=\"14\" y2=\"16.72\" class=\"path\"\/><path d=\"M12.6,3.42,1.54,22.58A1.61,1.61,0,0,0,2.93,25H25.07a1.61,1.61,0,0,0,1.39-2.42L15.4,3.42A1.61,1.61,0,0,0,12.6,3.42Z\" class=\"path\"\/><\/g><\/svg><\/div><div class=\"alert_wrapper\">Le montant affich\u00e9 peut \u00eatre modifi\u00e9 par le fournisseur sans que nous en soyons inform\u00e9s. Une diff\u00e9rence entre le prix affich\u00e9 ici et en magasin reste possible.<\/div><a href=\"#\" class=\"close mfn-close-icon\"><span class=\"icon\">\u2715<\/span><\/a><\/div>\n<div class=\"alert alert_info\"><div class=\"alert_icon\"><svg viewBox=\"0 0 28 28\"><defs><style>.path{fill:none;stroke:#000;stroke-miterlimit:10;stroke-width:1.5px;}<\/style><\/defs><g><circle class=\"path\" cx=\"14\" cy=\"14\" r=\"12\"\/><path class=\"path\" d=\"M11.2,9.12a3.4,3.4,0,0,1,3-1.69,2.84,2.84,0,0,1,3,2.76,3.16,3.16,0,0,1-.84,2.23c-.63.74-1.58,1.18-2.19,1.88a1,1,0,0,0-.26.64v2.32\"\/><circle class=\"path\" cx=\"14\" cy=\"20\" r=\"0.33\"\/><\/g><\/svg><\/div><div class=\"alert_wrapper\">Faites vos demandes particuli\u00e8res ou passez votre commande via ce formulaire <\/div><a href=\"#\" class=\"close mfn-close-icon\"><span class=\"icon\">\u2715<\/span><\/a><\/div>\n <a class=\"button  button_size_3\" href=\"https:\/\/tempsetor.be\/galerie\/ma-commande\/\"     target=\"_blank\"    title=\"\"><span class=\"button_label\">&gt; Formulaire<\/span><\/a>\n<\/p>\n","protected":false},"featured_media":8461,"template":"","meta":{"_monsterinsights_skip_tracking":false,"_monsterinsights_sitenote_active":false,"_monsterinsights_sitenote_note":"","_monsterinsights_sitenote_category":0},"product_brand":[],"product_cat":[65,40,39],"product_tag":[],"class_list":{"0":"post-8460","1":"product","2":"type-product","3":"status-publish","4":"has-post-thumbnail","6":"product_cat-briston-hommes","7":"product_cat-montres-hommes","8":"product_cat-hommes","10":"first","11":"instock","12":"shipping-taxable","13":"purchasable","14":"product-type-simple"},"_links":{"self":[{"href":"https:\/\/tempsetor.be\/galerie\/wp-json\/wp\/v2\/product\/8460","targetHints":{"allow":["GET"]}}],"collection":[{"href":"https:\/\/tempsetor.be\/galerie\/wp-json\/wp\/v2\/product"}],"about":[{"href":"https:\/\/tempsetor.be\/galerie\/wp-json\/wp\/v2\/types\/product"}],"wp:featuredmedia":[{"embeddable":true,"href":"https:\/\/tempsetor.be\/galerie\/wp-json\/wp\/v2\/media\/8461"}],"wp:attachment":[{"href":"https:\/\/tempsetor.be\/galerie\/wp-json\/wp\/v2\/media?parent=8460"}],"wp:term":[{"taxonomy":"product_brand","embeddable":true,"href":"https:\/\/tempsetor.be\/galerie\/wp-json\/wp\/v2\/product_brand?post=8460"},{"taxonomy":"product_cat","embeddable":true,"href":"https:\/\/tempsetor.be\/galerie\/wp-json\/wp\/v2\/product_cat?post=8460"},{"taxonomy":"product_tag","embeddable":true,"href":"https:\/\/tempsetor.be\/galerie\/wp-json\/wp\/v2\/product_tag?post=8460"}],"curies":[{"name":"wp","href":"https:\/\/api.w.org\/{rel}","templated":true}]}}