{"id":8470,"date":"2025-07-26T18:11:15","date_gmt":"2025-07-26T16:11:15","guid":{"rendered":"https:\/\/tempsetor.be\/galerie\/?post_type=product&#038;p=8470"},"modified":"2025-07-27T15:36:12","modified_gmt":"2025-07-27T13:36:12","slug":"montre-hommes-raidillon-speed-c10-007","status":"publish","type":"product","link":"https:\/\/tempsetor.be\/galerie\/produit\/montre-hommes-raidillon-speed-c10-007\/","title":{"rendered":"Montre hommes Raidillon &#8211; SPEED-C10-007"},"content":{"rendered":"<p>Raidillon Speed\u202fC10\u2011007\u202f: chronographe automatique hommage \u00e0 la victoire Aston Martin #007 lors du centenaire des 24\u202fHeures de Spa (juin 2024), en partenariat avec Comtoyou Racing. Bo\u00eetier acier 42\u202fmm, cadran vert-jaune, mouvement Sellita SW500 (62\u202fh), guichet jour\u2011date, bracelet Rally cuir noir surpiquage vert fluo, \u00e9tanch\u00e9it\u00e9 10\u202fATM. Limit\u00e9 \u00e0 55 exemplaires. Prix\u202f: 3\u202f595\u202f\u20ac.<\/p>\n","protected":false},"excerpt":{"rendered":"<h3><img loading=\"lazy\" decoding=\"async\" class=\"size-full wp-image-2753 alignleft\" src=\"https:\/\/tempsetor.be\/galerie\/wp-content\/uploads\/2015\/04\/raidillon.jpg\" alt=\"\" width=\"150\" height=\"75\" srcset=\"https:\/\/tempsetor.be\/galerie\/wp-content\/uploads\/2015\/04\/raidillon.jpg 150w, https:\/\/tempsetor.be\/galerie\/wp-content\/uploads\/2015\/04\/raidillon-50x25.jpg 50w\" sizes=\"auto, (max-width:767px) 150px, 150px\" \/><\/h3>\n<h2 data-start=\"2609\" data-end=\"2690\">\u00c9dition limit\u00e9e \u00e0 55 exemplaires<\/h2>\n<p data-start=\"2692\" data-end=\"3150\">En hommage \u00e0 la victoire historique de l\u2019Aston Martin Vantage #007 pilot\u00e9e par Comtoyou Racing lors du centenaire des 24\u202fHeures de Spa en juin 2024, la Speed\u202fC10\u2011007 incarne le mariage parfait entre performance m\u00e9canique et design raffin\u00e9. Son bo\u00eetier de 42\u202fmm en acier inoxydable bross\u00e9, rehauss\u00e9 d\u2019une plaque lat\u00e9rale num\u00e9rot\u00e9e, abrite un cadran vert rehauss\u00e9 de deux bandes jaunes et de compteurs blancs, \u00e9voquant l\u2019esth\u00e9tique de la voiture victorieuse.<\/p>\n<p data-start=\"3152\" data-end=\"3472\">Le verre saphir, dot\u00e9 d\u2019un double traitement antireflet, assure une lisibilit\u00e9 optimale. Les aiguilles argent\u00e9es facett\u00e9es et les index luminescents renforcent la clart\u00e9 de lecture. Le chronographe propose deux compteurs (30\u202fmin \u00e0 12\u202fh, 12\u202fh \u00e0 6\u202fh), une petite seconde ind\u00e9pendante \u00e0 9\u202fh et un guichet jour\u2011date \u00e0 3\u202fh.<\/p>\n<p data-start=\"3474\" data-end=\"3743\">Le mouvement Sellita SW500 automatique assure une r\u00e9serve de marche d\u2019environ 62\u202fheures. Gr\u00e2ce au fond transparent, vous pouvez admirer la m\u00e9canique horlog\u00e8re dans les moindres d\u00e9tails. Ce mod\u00e8le est \u00e9tanche jusqu\u2019\u00e0 10\u202fATM, ce qui lui conf\u00e8re robustesse et fiabilit\u00e9.<\/p>\n<p data-start=\"3745\" data-end=\"3905\">Le bracelet Rally en cuir noir, surpiqu\u00e9 de vert fluo assorti au cadran, est \u00e9quip\u00e9 d\u2019une boucle d\u00e9ployante avec extension de confort et logo Raidillon grav\u00e9.<\/p>\n<p data-start=\"3907\" data-end=\"4004\">Chaque exemplaire est limit\u00e9 \u00e0 55 pi\u00e8ces, accompagn\u00e9 d\u2019une garantie de 3 ans.<\/p>\n<p>D\u00e9j\u00e0 garanties 2 ans, la bijouterie <strong>Temps &amp; OR<\/strong> vous apporte une confiance suppl\u00e9mentaire pour ces produits. Selon vos besoins, ces montres peuvent \u00eatre \u00e9galement r\u00e9serv\u00e9es \u00e0 la bijouterie. La mise \u00e0 mesure offerte ainsi qu&#8217;un emballage cadeau vous y seront propos\u00e9s.<\/p>\n<p><div class=\"alert alert_error\"><div class=\"alert_icon\"><svg viewBox=\"0 0 28 28\"><defs><style>.path{fill:none;stroke:#000;stroke-miterlimit:10;stroke-width:1.5px;}<\/style><\/defs><g><circle cx=\"14\" cy=\"20\" r=\"0.33\" class=\"path\"\/><line x1=\"14\" y1=\"8.72\" x2=\"14\" y2=\"16.72\" class=\"path\"\/><path d=\"M12.6,3.42,1.54,22.58A1.61,1.61,0,0,0,2.93,25H25.07a1.61,1.61,0,0,0,1.39-2.42L15.4,3.42A1.61,1.61,0,0,0,12.6,3.42Z\" class=\"path\"\/><\/g><\/svg><\/div><div class=\"alert_wrapper\">Le montant affich\u00e9 peut \u00eatre modifi\u00e9 par le fournisseur sans que nous en soyons inform\u00e9s. Une diff\u00e9rence entre le prix affich\u00e9 ici et en magasin reste possible.<\/div><a href=\"#\" class=\"close mfn-close-icon\"><span class=\"icon\">\u2715<\/span><\/a><\/div>\n<div class=\"alert alert_info\"><div class=\"alert_icon\"><svg viewBox=\"0 0 28 28\"><defs><style>.path{fill:none;stroke:#000;stroke-miterlimit:10;stroke-width:1.5px;}<\/style><\/defs><g><circle class=\"path\" cx=\"14\" cy=\"14\" r=\"12\"\/><path class=\"path\" d=\"M11.2,9.12a3.4,3.4,0,0,1,3-1.69,2.84,2.84,0,0,1,3,2.76,3.16,3.16,0,0,1-.84,2.23c-.63.74-1.58,1.18-2.19,1.88a1,1,0,0,0-.26.64v2.32\"\/><circle class=\"path\" cx=\"14\" cy=\"20\" r=\"0.33\"\/><\/g><\/svg><\/div><div class=\"alert_wrapper\">Faites vos demandes particuli\u00e8res ou passez votre commande via ce formulaire <\/div><a href=\"#\" class=\"close mfn-close-icon\"><span class=\"icon\">\u2715<\/span><\/a><\/div>\n <a class=\"button  button_size_3\" href=\"https:\/\/tempsetor.be\/galerie\/ma-commande\/\"     target=\"_blank\"    title=\"\"><span class=\"button_label\">&gt; Formulaire<\/span><\/a>\n<\/p>\n","protected":false},"featured_media":8471,"template":"","meta":{"_monsterinsights_skip_tracking":false,"_monsterinsights_sitenote_active":false,"_monsterinsights_sitenote_note":"","_monsterinsights_sitenote_category":0},"product_brand":[],"product_cat":[40,39,69],"product_tag":[],"class_list":{"0":"post-8470","1":"product","2":"type-product","3":"status-publish","4":"has-post-thumbnail","6":"product_cat-montres-hommes","7":"product_cat-hommes","8":"product_cat-raidillon-hommes","10":"first","11":"instock","12":"shipping-taxable","13":"purchasable","14":"product-type-simple"},"_links":{"self":[{"href":"https:\/\/tempsetor.be\/galerie\/wp-json\/wp\/v2\/product\/8470","targetHints":{"allow":["GET"]}}],"collection":[{"href":"https:\/\/tempsetor.be\/galerie\/wp-json\/wp\/v2\/product"}],"about":[{"href":"https:\/\/tempsetor.be\/galerie\/wp-json\/wp\/v2\/types\/product"}],"wp:featuredmedia":[{"embeddable":true,"href":"https:\/\/tempsetor.be\/galerie\/wp-json\/wp\/v2\/media\/8471"}],"wp:attachment":[{"href":"https:\/\/tempsetor.be\/galerie\/wp-json\/wp\/v2\/media?parent=8470"}],"wp:term":[{"taxonomy":"product_brand","embeddable":true,"href":"https:\/\/tempsetor.be\/galerie\/wp-json\/wp\/v2\/product_brand?post=8470"},{"taxonomy":"product_cat","embeddable":true,"href":"https:\/\/tempsetor.be\/galerie\/wp-json\/wp\/v2\/product_cat?post=8470"},{"taxonomy":"product_tag","embeddable":true,"href":"https:\/\/tempsetor.be\/galerie\/wp-json\/wp\/v2\/product_tag?post=8470"}],"curies":[{"name":"wp","href":"https:\/\/api.w.org\/{rel}","templated":true}]}}