{"id":8473,"date":"2025-07-27T15:40:26","date_gmt":"2025-07-27T13:40:26","guid":{"rendered":"https:\/\/tempsetor.be\/galerie\/?post_type=product&#038;p=8473"},"modified":"2025-08-01T13:15:09","modified_gmt":"2025-08-01T11:15:09","slug":"montre-hommes-raidillon-miles-c10-1077","status":"publish","type":"product","link":"https:\/\/tempsetor.be\/galerie\/produit\/montre-hommes-raidillon-miles-c10-1077\/","title":{"rendered":"Montre hommes Raidillon &#8211; MILES-C10-1077"},"content":{"rendered":"<p>Raidillon MILES C10\u20111077\u202f: chronographe automatique en \u00e9dition limit\u00e9e \u00e0 55 pi\u00e8ces, bo\u00eetier coussin acier\u202f41\u202fmm, cadran noir textur\u00e9 asphalte, mouvement Sellita SW500 (r\u00e9serve 62\u202fh), guichet jour\u2011date, bracelet en cuir vert racing, \u00e9tanch\u00e9it\u00e9 10\u202fATM. Prix\u202f: 3\u202f350\u202f\u20ac.<\/p>\n","protected":false},"excerpt":{"rendered":"<h2><img loading=\"lazy\" decoding=\"async\" class=\"size-full wp-image-2753 alignleft\" src=\"https:\/\/tempsetor.be\/galerie\/wp-content\/uploads\/2015\/04\/raidillon.jpg\" alt=\"\" width=\"150\" height=\"75\" srcset=\"https:\/\/tempsetor.be\/galerie\/wp-content\/uploads\/2015\/04\/raidillon.jpg 150w, https:\/\/tempsetor.be\/galerie\/wp-content\/uploads\/2015\/04\/raidillon-50x25.jpg 50w\" sizes=\"auto, (max-width:767px) 150px, 150px\" \/><\/h2>\n<h2 data-start=\"2283\" data-end=\"2380\">S\u00e9rie AM\u202f007 \u2022 \u00c9dition limit\u00e9e \u00e0 55 exemplaires<\/h2>\n<p data-start=\"2382\" data-end=\"3140\">La MILES\u202fC10\u20111077 c\u00e9l\u00e8bre, avec style, la victoire historique d\u2019Aston Martin #007 aux 24 Heures de Spa, au volant d\u2019un partenariat prestigieux entre Raidillon et Comtoyou Racing. Son bo\u00eetier coussin de 41\u202fmm en acier inoxydable poli et bross\u00e9, coiff\u00e9 d\u2019un verre saphir antireflet, r\u00e9v\u00e8le un cadran noir au motif \u00e9voquant l&#8217;asphalte du circuit.<br data-start=\"2725\" data-end=\"2728\" \/>Les deux compteurs chronographe (30\u202fmin \u00e0 12\u202fh, 12\u202fh \u00e0 6\u202fh), la petite seconde \u00e0 9\u202fh et le guichet jour\u2011date \u00e0 3\u202fh sont harmonis\u00e9s par des aiguilles facett\u00e9es argent\u00e9es et des index luminescents garantissant une excellente lisibilit\u00e9. Le fond transparent viss\u00e9 permet de d\u00e9couvrir le calibre automatique Sellita SW500, une m\u00e9canique suisse robuste et raffin\u00e9e dot\u00e9e d\u2019une r\u00e9serve de marche d\u2019environ 62\u202fheures.<\/p>\n<p data-start=\"3142\" data-end=\"3355\">Avec son \u00e9tanch\u00e9it\u00e9 de 10\u202fATM, cette pi\u00e8ce conjugue performance et fiabilit\u00e9. Le bracelet en cuir vert racing, muni d\u2019une boucle d\u00e9ployante double-pli grav\u00e9e Raidillon, accentue son caract\u00e8re sportif et \u00e9l\u00e9gant.<\/p>\n<p data-start=\"3357\" data-end=\"3525\">Mod\u00e8le num\u00e9rot\u00e9 et limit\u00e9 \u00e0 55 pi\u00e8ces, la Miles\u202fC10\u20111077 est une pi\u00e8ce d\u2019exception, reflet de l\u2019histoire automobile et de l\u2019horlogerie de pr\u00e9cision.<\/p>\n<p>D\u00e9j\u00e0 garanties 2 ans, la bijouterie <strong>Temps &amp; OR<\/strong> vous apporte une confiance suppl\u00e9mentaire pour ces produits. Selon vos besoins, ces montres peuvent \u00eatre \u00e9galement r\u00e9serv\u00e9es \u00e0 la bijouterie. La mise \u00e0 mesure offerte ainsi qu&#8217;un emballage cadeau vous y seront propos\u00e9s.<\/p>\n<p><div class=\"alert alert_error\"><div class=\"alert_icon\"><svg viewBox=\"0 0 28 28\"><defs><style>.path{fill:none;stroke:#000;stroke-miterlimit:10;stroke-width:1.5px;}<\/style><\/defs><g><circle cx=\"14\" cy=\"20\" r=\"0.33\" class=\"path\"\/><line x1=\"14\" y1=\"8.72\" x2=\"14\" y2=\"16.72\" class=\"path\"\/><path d=\"M12.6,3.42,1.54,22.58A1.61,1.61,0,0,0,2.93,25H25.07a1.61,1.61,0,0,0,1.39-2.42L15.4,3.42A1.61,1.61,0,0,0,12.6,3.42Z\" class=\"path\"\/><\/g><\/svg><\/div><div class=\"alert_wrapper\">Le montant affich\u00e9 peut \u00eatre modifi\u00e9 par le fournisseur sans que nous en soyons inform\u00e9s. Une diff\u00e9rence entre le prix affich\u00e9 ici et en magasin reste possible.<\/div><a href=\"#\" class=\"close mfn-close-icon\"><span class=\"icon\">\u2715<\/span><\/a><\/div>\n<div class=\"alert alert_info\"><div class=\"alert_icon\"><svg viewBox=\"0 0 28 28\"><defs><style>.path{fill:none;stroke:#000;stroke-miterlimit:10;stroke-width:1.5px;}<\/style><\/defs><g><circle class=\"path\" cx=\"14\" cy=\"14\" r=\"12\"\/><path class=\"path\" d=\"M11.2,9.12a3.4,3.4,0,0,1,3-1.69,2.84,2.84,0,0,1,3,2.76,3.16,3.16,0,0,1-.84,2.23c-.63.74-1.58,1.18-2.19,1.88a1,1,0,0,0-.26.64v2.32\"\/><circle class=\"path\" cx=\"14\" cy=\"20\" r=\"0.33\"\/><\/g><\/svg><\/div><div class=\"alert_wrapper\">Faites vos demandes particuli\u00e8res ou passez votre commande via ce formulaire <\/div><a href=\"#\" class=\"close mfn-close-icon\"><span class=\"icon\">\u2715<\/span><\/a><\/div>\n <a class=\"button  button_size_3\" href=\"https:\/\/tempsetor.be\/galerie\/ma-commande\/\"     target=\"_blank\"    title=\"\"><span class=\"button_label\">&gt; Formulaire<\/span><\/a>\n<\/p>\n","protected":false},"featured_media":8475,"template":"","meta":{"_monsterinsights_skip_tracking":false,"_monsterinsights_sitenote_active":false,"_monsterinsights_sitenote_note":"","_monsterinsights_sitenote_category":0},"product_brand":[],"product_cat":[40,39,69],"product_tag":[],"class_list":{"0":"post-8473","1":"product","2":"type-product","3":"status-publish","4":"has-post-thumbnail","6":"product_cat-montres-hommes","7":"product_cat-hommes","8":"product_cat-raidillon-hommes","10":"first","11":"instock","12":"shipping-taxable","13":"purchasable","14":"product-type-simple"},"_links":{"self":[{"href":"https:\/\/tempsetor.be\/galerie\/wp-json\/wp\/v2\/product\/8473","targetHints":{"allow":["GET"]}}],"collection":[{"href":"https:\/\/tempsetor.be\/galerie\/wp-json\/wp\/v2\/product"}],"about":[{"href":"https:\/\/tempsetor.be\/galerie\/wp-json\/wp\/v2\/types\/product"}],"wp:featuredmedia":[{"embeddable":true,"href":"https:\/\/tempsetor.be\/galerie\/wp-json\/wp\/v2\/media\/8475"}],"wp:attachment":[{"href":"https:\/\/tempsetor.be\/galerie\/wp-json\/wp\/v2\/media?parent=8473"}],"wp:term":[{"taxonomy":"product_brand","embeddable":true,"href":"https:\/\/tempsetor.be\/galerie\/wp-json\/wp\/v2\/product_brand?post=8473"},{"taxonomy":"product_cat","embeddable":true,"href":"https:\/\/tempsetor.be\/galerie\/wp-json\/wp\/v2\/product_cat?post=8473"},{"taxonomy":"product_tag","embeddable":true,"href":"https:\/\/tempsetor.be\/galerie\/wp-json\/wp\/v2\/product_tag?post=8473"}],"curies":[{"name":"wp","href":"https:\/\/api.w.org\/{rel}","templated":true}]}}