{"id":8476,"date":"2025-08-01T13:14:17","date_gmt":"2025-08-01T11:14:17","guid":{"rendered":"https:\/\/tempsetor.be\/galerie\/?post_type=product&#038;p=8476"},"modified":"2025-08-01T13:24:57","modified_gmt":"2025-08-01T11:24:57","slug":"montre-hommes-raidillon-gran-turismo-gt-a-4007","status":"publish","type":"product","link":"https:\/\/tempsetor.be\/galerie\/produit\/montre-hommes-raidillon-gran-turismo-gt-a-4007\/","title":{"rendered":"Montre hommes Raidillon &#8211; GRAN TURISMO GT-A-4007"},"content":{"rendered":"<p>Raidillon GT\u2011A\u20114007\u202f: montre automatique Gran Turismo en \u00e9dition limit\u00e9e \u00e0 55 pi\u00e8ces, bo\u00eetier acier 40\u202fmm, cadran vert damier sans compteur, calibre Sellita SW200 (r\u00e9serve \u2248\u202f41\u202fh), guichet date, bracelet acier GT, \u00e9tanch\u00e9it\u00e9 10\u202fATM. Histoire d\u2019une victoire Aston Martin #007 lors du centenaire de Spa (juin\u202f2024). Prix\u202f: 2\u202f290\u202f\u20ac.<\/p>\n","protected":false},"excerpt":{"rendered":"<h2><img loading=\"lazy\" decoding=\"async\" class=\"size-full wp-image-2753 alignleft\" src=\"https:\/\/tempsetor.be\/galerie\/wp-content\/uploads\/2015\/04\/raidillon.jpg\" alt=\"\" width=\"150\" height=\"75\" srcset=\"https:\/\/tempsetor.be\/galerie\/wp-content\/uploads\/2015\/04\/raidillon.jpg 150w, https:\/\/tempsetor.be\/galerie\/wp-content\/uploads\/2015\/04\/raidillon-50x25.jpg 50w\" sizes=\"auto, (max-width:767px) 150px, 150px\" \/><\/h2>\n<h3 data-start=\"2487\" data-end=\"2577\"><strong data-start=\"2506\" data-end=\"2542\">Raidillon Gran Turismo GT\u2011A\u20114007<\/strong> \u2022 \u00c9dition limit\u00e9e \u00e0 55 exemplaires<\/h3>\n<p data-start=\"2579\" data-end=\"2835\">Fruit du partenariat entre Raidillon et Comtoyou Racing, la GT\u2011A\u20114007 rend hommage \u00e0 la victoire Aston Martin Vantage #007 lors du centenaire des 24\u202fHeures de Spa, en juin\u202f2024. Chaque exemplaire num\u00e9rot\u00e9 incarne la pr\u00e9cision, la vitesse et le raffinement.<\/p>\n<p data-start=\"2837\" data-end=\"3240\">Son bo\u00eetier de 40\u202fmm en acier inoxydable poli arbore une plaque lat\u00e9rale num\u00e9rot\u00e9e. Le cadran vert \u00e0 motif damier, sans compteurs, est ponctu\u00e9 d\u2019un grand \u00ab\u202f55\u202f\u00bb \u00e0 9\u202fh et d\u2019un guichet date \u00e0 3\u202fh. Le verre saphir dot\u00e9 d\u2019un double traitement antireflet prot\u00e8ge des reflets pour une lisibilit\u00e9 parfaite. Les aiguilles et index argent\u00e9s luminescents assurent une excellente visibilit\u00e9, m\u00eame dans l\u2019obscurit\u00e9.<\/p>\n<p data-start=\"3242\" data-end=\"3585\">Automatique Swiss made, le calibre Sellita SW200 \u00e0 26 rubis assure les fonctions heures, minutes, secondes et date, avec une r\u00e9serve de marche d\u2019environ 41\u202fh. Parfaitement \u00e9tanche \u00e0 10\u202fATM, ce mod\u00e8le allie robustesse et \u00e9l\u00e9gance. Le bracelet acier sportif, orn\u00e9 du logo Raidillon grav\u00e9, compl\u00e8te le style Gran Turismo de cette pi\u00e8ce exclusive.<\/p>\n<p data-start=\"3587\" data-end=\"3650\">S\u00e9rie limit\u00e9e \u00e0 55 montres, garantie 3 ans.<\/p>\n<p>D\u00e9j\u00e0 garanties 2 ans, la bijouterie <strong>Temps &amp; OR<\/strong> vous apporte une confiance suppl\u00e9mentaire pour ces produits. Selon vos besoins, ces montres peuvent \u00eatre \u00e9galement r\u00e9serv\u00e9es \u00e0 la bijouterie. La mise \u00e0 mesure offerte ainsi qu&#8217;un emballage cadeau vous y seront propos\u00e9s.<\/p>\n<p><div class=\"alert alert_error\"><div class=\"alert_icon\"><svg viewBox=\"0 0 28 28\"><defs><style>.path{fill:none;stroke:#000;stroke-miterlimit:10;stroke-width:1.5px;}<\/style><\/defs><g><circle cx=\"14\" cy=\"20\" r=\"0.33\" class=\"path\"\/><line x1=\"14\" y1=\"8.72\" x2=\"14\" y2=\"16.72\" class=\"path\"\/><path d=\"M12.6,3.42,1.54,22.58A1.61,1.61,0,0,0,2.93,25H25.07a1.61,1.61,0,0,0,1.39-2.42L15.4,3.42A1.61,1.61,0,0,0,12.6,3.42Z\" class=\"path\"\/><\/g><\/svg><\/div><div class=\"alert_wrapper\">Le montant affich\u00e9 peut \u00eatre modifi\u00e9 par le fournisseur sans que nous en soyons inform\u00e9s. Une diff\u00e9rence entre le prix affich\u00e9 ici et en magasin reste possible.<\/div><a href=\"#\" class=\"close mfn-close-icon\"><span class=\"icon\">\u2715<\/span><\/a><\/div>\n<div class=\"alert alert_info\"><div class=\"alert_icon\"><svg viewBox=\"0 0 28 28\"><defs><style>.path{fill:none;stroke:#000;stroke-miterlimit:10;stroke-width:1.5px;}<\/style><\/defs><g><circle class=\"path\" cx=\"14\" cy=\"14\" r=\"12\"\/><path class=\"path\" d=\"M11.2,9.12a3.4,3.4,0,0,1,3-1.69,2.84,2.84,0,0,1,3,2.76,3.16,3.16,0,0,1-.84,2.23c-.63.74-1.58,1.18-2.19,1.88a1,1,0,0,0-.26.64v2.32\"\/><circle class=\"path\" cx=\"14\" cy=\"20\" r=\"0.33\"\/><\/g><\/svg><\/div><div class=\"alert_wrapper\">Faites vos demandes particuli\u00e8res ou passez votre commande via ce formulaire <\/div><a href=\"#\" class=\"close mfn-close-icon\"><span class=\"icon\">\u2715<\/span><\/a><\/div>\n <a class=\"button  button_size_3\" href=\"https:\/\/tempsetor.be\/galerie\/ma-commande\/\"     target=\"_blank\"    title=\"\"><span class=\"button_label\">&gt; Formulaire<\/span><\/a>\n<\/p>\n","protected":false},"featured_media":8477,"template":"","meta":{"_monsterinsights_skip_tracking":false,"_monsterinsights_sitenote_active":false,"_monsterinsights_sitenote_note":"","_monsterinsights_sitenote_category":0},"product_brand":[],"product_cat":[40,39,69],"product_tag":[],"class_list":{"0":"post-8476","1":"product","2":"type-product","3":"status-publish","4":"has-post-thumbnail","6":"product_cat-montres-hommes","7":"product_cat-hommes","8":"product_cat-raidillon-hommes","10":"first","11":"instock","12":"shipping-taxable","13":"purchasable","14":"product-type-simple"},"_links":{"self":[{"href":"https:\/\/tempsetor.be\/galerie\/wp-json\/wp\/v2\/product\/8476","targetHints":{"allow":["GET"]}}],"collection":[{"href":"https:\/\/tempsetor.be\/galerie\/wp-json\/wp\/v2\/product"}],"about":[{"href":"https:\/\/tempsetor.be\/galerie\/wp-json\/wp\/v2\/types\/product"}],"wp:featuredmedia":[{"embeddable":true,"href":"https:\/\/tempsetor.be\/galerie\/wp-json\/wp\/v2\/media\/8477"}],"wp:attachment":[{"href":"https:\/\/tempsetor.be\/galerie\/wp-json\/wp\/v2\/media?parent=8476"}],"wp:term":[{"taxonomy":"product_brand","embeddable":true,"href":"https:\/\/tempsetor.be\/galerie\/wp-json\/wp\/v2\/product_brand?post=8476"},{"taxonomy":"product_cat","embeddable":true,"href":"https:\/\/tempsetor.be\/galerie\/wp-json\/wp\/v2\/product_cat?post=8476"},{"taxonomy":"product_tag","embeddable":true,"href":"https:\/\/tempsetor.be\/galerie\/wp-json\/wp\/v2\/product_tag?post=8476"}],"curies":[{"name":"wp","href":"https:\/\/api.w.org\/{rel}","templated":true}]}}