{"id":8483,"date":"2025-08-03T21:38:56","date_gmt":"2025-08-03T19:38:56","guid":{"rendered":"https:\/\/tempsetor.be\/galerie\/?post_type=product&#038;p=8483"},"modified":"2025-08-03T21:48:49","modified_gmt":"2025-08-03T19:48:49","slug":"buddha-to-buddha-nathalie-xs-silver-bracelet-j209-d","status":"publish","type":"product","link":"https:\/\/tempsetor.be\/galerie\/produit\/buddha-to-buddha-nathalie-xs-silver-bracelet-j209-d\/","title":{"rendered":"Buddha to Buddha &#8211; Nathalie XS Silver Bracelet &#8211; J209 D"},"content":{"rendered":"<p>Le bracelet <strong data-start=\"2272\" data-end=\"2326\">Buddha To Buddha J209 E Nathalie\u202fXS (19\u202fcm, 12\u202fmm)<\/strong> en <strong data-start=\"2330\" data-end=\"2361\">argent sterling recycl\u00e9 925<\/strong> incarne l\u2019artisanat de la gamme Heritage. Con\u00e7u pour les femmes, il allie pr\u00e9sence affirm\u00e9e et \u00e9l\u00e9gance discr\u00e8te. Disponible chez Temps &amp; Or au prix de 379\u202f\u20ac.<\/p>\n","protected":false},"excerpt":{"rendered":"<p><img loading=\"lazy\" decoding=\"async\" class=\"wp-image-3980 size-full alignleft\" src=\"https:\/\/tempsetor.be\/galerie\/wp-content\/uploads\/2018\/07\/buddha-to-buddha-logo-150px.png\" alt=\"Buddha to Buddha\" width=\"150\" height=\"144\" srcset=\"https:\/\/tempsetor.be\/galerie\/wp-content\/uploads\/2018\/07\/buddha-to-buddha-logo-150px.png 150w, https:\/\/tempsetor.be\/galerie\/wp-content\/uploads\/2018\/07\/buddha-to-buddha-logo-150px-50x48.png 50w, https:\/\/tempsetor.be\/galerie\/wp-content\/uploads\/2018\/07\/buddha-to-buddha-logo-150px-78x75.png 78w\" sizes=\"auto, (max-width:767px) 150px, 150px\" \/><\/p>\n<h2 data-start=\"2574\" data-end=\"2978\">Bracelet <strong data-start=\"2583\" data-end=\"2610\">Buddha To Buddha J209 E<\/strong>, mod\u00e8le <strong data-start=\"2619\" data-end=\"2634\">Nathalie\u202fXS<\/strong><\/h2>\n<p data-start=\"2574\" data-end=\"2978\">Issu de la prestigieuse collection Heritage. Con\u00e7u sp\u00e9cifiquement pour dames, ce bracelet mesure <strong data-start=\"2732\" data-end=\"2741\">19\u202fcm<\/strong> (taille\u202fE) avec une largeur de <strong data-start=\"2773\" data-end=\"2782\">12\u202fmm<\/strong>, offrant un \u00e9quilibre parfait entre d\u00e9licatesse et prestance. Fabriqu\u00e9 \u00e0 la main \u00e0 Bali, il est r\u00e9alis\u00e9 en <strong data-start=\"2890\" data-end=\"2921\">argent sterling 925 recycl\u00e9<\/strong>, garantissant qualit\u00e9, durabilit\u00e9 et engagement \u00e9thique.<\/p>\n<p data-start=\"2980\" data-end=\"3252\">La structure en double maillon typique de la collection Nathalie offre un design fluide mais affirm\u00e9, qui capte la lumi\u00e8re avec \u00e9l\u00e9gance. Id\u00e9al port\u00e9 seul ou en combinaison avec d\u2019autres pi\u00e8ces de la marque, ce bracelet s\u2019int\u00e8gre parfaitement \u00e0 un style soign\u00e9 et moderne.<\/p>\n<p data-start=\"3254\" data-end=\"3283\">Fonctionnalit\u00e9s sp\u00e9cifiques :<\/p>\n<ul>\n<li data-start=\"3286\" data-end=\"3356\">Artisanat enti\u00e8rement manuel, reflet de l\u2019expertise Buddha To Buddha<\/li>\n<li data-start=\"3286\" data-end=\"3356\">Mat\u00e9riau durable : argent sterling recycl\u00e9 925<\/li>\n<li data-start=\"3410\" data-end=\"3456\">Design Heritage iconique avec double maillon<\/li>\n<li data-start=\"3459\" data-end=\"3506\">Ajustement pr\u00e9cis gr\u00e2ce \u00e0 la taille E (19\u202fcm)<\/li>\n<\/ul>\n<p data-start=\"3508\" data-end=\"3564\">Un bijou raffin\u00e9 qui c\u00e9l\u00e8bre la f\u00e9minit\u00e9 avec caract\u00e8re.<\/p>\n<p><div class=\"alert alert_error\"><div class=\"alert_icon\"><svg viewBox=\"0 0 28 28\"><defs><style>.path{fill:none;stroke:#000;stroke-miterlimit:10;stroke-width:1.5px;}<\/style><\/defs><g><circle cx=\"14\" cy=\"20\" r=\"0.33\" class=\"path\"\/><line x1=\"14\" y1=\"8.72\" x2=\"14\" y2=\"16.72\" class=\"path\"\/><path d=\"M12.6,3.42,1.54,22.58A1.61,1.61,0,0,0,2.93,25H25.07a1.61,1.61,0,0,0,1.39-2.42L15.4,3.42A1.61,1.61,0,0,0,12.6,3.42Z\" class=\"path\"\/><\/g><\/svg><\/div><div class=\"alert_wrapper\">Le montant affich\u00e9 peut \u00eatre modifi\u00e9 par le fournisseur sans que nous en soyons inform\u00e9s. Une diff\u00e9rence entre le prix affich\u00e9 ici et en magasin reste possible.<\/div><a href=\"#\" class=\"close mfn-close-icon\"><span class=\"icon\">\u2715<\/span><\/a><\/div>\n<div class=\"alert alert_info\"><div class=\"alert_icon\"><svg viewBox=\"0 0 28 28\"><defs><style>.path{fill:none;stroke:#000;stroke-miterlimit:10;stroke-width:1.5px;}<\/style><\/defs><g><circle class=\"path\" cx=\"14\" cy=\"14\" r=\"12\"\/><path class=\"path\" d=\"M11.2,9.12a3.4,3.4,0,0,1,3-1.69,2.84,2.84,0,0,1,3,2.76,3.16,3.16,0,0,1-.84,2.23c-.63.74-1.58,1.18-2.19,1.88a1,1,0,0,0-.26.64v2.32\"\/><circle class=\"path\" cx=\"14\" cy=\"20\" r=\"0.33\"\/><\/g><\/svg><\/div><div class=\"alert_wrapper\">Faites vos demandes particuli\u00e8res ou passez votre commande via ce formulaire <\/div><a href=\"#\" class=\"close mfn-close-icon\"><span class=\"icon\">\u2715<\/span><\/a><\/div>\n <a class=\"button  button_size_3\" href=\"https:\/\/tempsetor.be\/galerie\/ma-commande\/\"     target=\"_blank\"    title=\"\"><span class=\"button_label\">&gt; Formulaire<\/span><\/a>\n<\/p>\n","protected":false},"featured_media":8486,"template":"","meta":{"_monsterinsights_skip_tracking":false,"_monsterinsights_sitenote_active":false,"_monsterinsights_sitenote_note":"","_monsterinsights_sitenote_category":0},"product_brand":[],"product_cat":[201,745,27],"product_tag":[],"class_list":{"0":"post-8483","1":"product","2":"type-product","3":"status-publish","4":"has-post-thumbnail","6":"product_cat-bracelets-dames","7":"product_cat-buddha-to-buddha-dames","8":"product_cat-dames","10":"first","11":"instock","12":"shipping-taxable","13":"purchasable","14":"product-type-simple"},"_links":{"self":[{"href":"https:\/\/tempsetor.be\/galerie\/wp-json\/wp\/v2\/product\/8483","targetHints":{"allow":["GET"]}}],"collection":[{"href":"https:\/\/tempsetor.be\/galerie\/wp-json\/wp\/v2\/product"}],"about":[{"href":"https:\/\/tempsetor.be\/galerie\/wp-json\/wp\/v2\/types\/product"}],"wp:featuredmedia":[{"embeddable":true,"href":"https:\/\/tempsetor.be\/galerie\/wp-json\/wp\/v2\/media\/8486"}],"wp:attachment":[{"href":"https:\/\/tempsetor.be\/galerie\/wp-json\/wp\/v2\/media?parent=8483"}],"wp:term":[{"taxonomy":"product_brand","embeddable":true,"href":"https:\/\/tempsetor.be\/galerie\/wp-json\/wp\/v2\/product_brand?post=8483"},{"taxonomy":"product_cat","embeddable":true,"href":"https:\/\/tempsetor.be\/galerie\/wp-json\/wp\/v2\/product_cat?post=8483"},{"taxonomy":"product_tag","embeddable":true,"href":"https:\/\/tempsetor.be\/galerie\/wp-json\/wp\/v2\/product_tag?post=8483"}],"curies":[{"name":"wp","href":"https:\/\/api.w.org\/{rel}","templated":true}]}}