{"id":8490,"date":"2025-08-04T13:52:52","date_gmt":"2025-08-04T11:52:52","guid":{"rendered":"https:\/\/tempsetor.be\/galerie\/?post_type=product&#038;p=8490"},"modified":"2025-08-04T13:56:20","modified_gmt":"2025-08-04T11:56:20","slug":"buddha-to-buddha-bracelet-pour-dames-ben-mini-j101gv","status":"publish","type":"product","link":"https:\/\/tempsetor.be\/galerie\/produit\/buddha-to-buddha-bracelet-pour-dames-ben-mini-j101gv\/","title":{"rendered":"Buddha to Buddha &#8211; bracelet pour dames &#8211; Ben Mini &#8211; J101GV"},"content":{"rendered":"<p>Subtil et raffin\u00e9, le <strong data-start=\"2839\" data-end=\"2877\">Buddha to Buddha Ben Mini (J101GV)<\/strong> est un bracelet en <strong data-start=\"2897\" data-end=\"2928\">argent sterling 925 recycl\u00e9<\/strong> plaqu\u00e9 or (3\u202fmicrons), avec une largeur de <strong data-start=\"2972\" data-end=\"2982\">4,2\u202fmm<\/strong> et une longueur de <strong data-start=\"3002\" data-end=\"3011\">19\u202fcm<\/strong>, \u00e9quip\u00e9 d\u2019un fermoir s\u00e9curis\u00e9. Il incarne l\u2019\u00e9l\u00e9gance au f\u00e9minin dans une cr\u00e9ation artisanale unique.<\/p>\n","protected":false},"excerpt":{"rendered":"<p><img loading=\"lazy\" decoding=\"async\" class=\"wp-image-3980 size-full alignleft\" src=\"https:\/\/tempsetor.be\/galerie\/wp-content\/uploads\/2018\/07\/buddha-to-buddha-logo-150px.png\" alt=\"Buddha to Buddha\" width=\"150\" height=\"144\" srcset=\"https:\/\/tempsetor.be\/galerie\/wp-content\/uploads\/2018\/07\/buddha-to-buddha-logo-150px.png 150w, https:\/\/tempsetor.be\/galerie\/wp-content\/uploads\/2018\/07\/buddha-to-buddha-logo-150px-50x48.png 50w, https:\/\/tempsetor.be\/galerie\/wp-content\/uploads\/2018\/07\/buddha-to-buddha-logo-150px-78x75.png 78w\" sizes=\"auto, (max-width:767px) 150px, 150px\" \/><\/p>\n<p data-start=\"2574\" data-end=\"2978\">Le bracelet <strong data-start=\"3172\" data-end=\"3220\">Buddha to Buddha Ben Mini (r\u00e9f\u00e9rence J101GV)<\/strong> est une cr\u00e9ation f\u00e9minine d\u00e9licate issue de la collection Ben Mini. Con\u00e7u pour une morphologie f\u00e9minine, ce bijou allie finesse (largeur de <strong data-start=\"3361\" data-end=\"3371\">4,2\u202fmm<\/strong>) et confort (longueur <strong data-start=\"3394\" data-end=\"3403\">19\u202fcm<\/strong>, taille E). Fabriqu\u00e9 \u00e0 la main \u00e0 Bali dans un <strong data-start=\"3450\" data-end=\"3481\">argent sterling 925 recycl\u00e9<\/strong>, il est ensuite sublim\u00e9 par un plaquage or de qualit\u00e9 <strong data-start=\"3536\" data-end=\"3552\">goud\u202fvermeil<\/strong>, d\u2019une \u00e9paisseur d\u2019environ <strong data-start=\"3580\" data-end=\"3604\">3\u202fmicrons (or 18\u202fct)<\/strong>. Chaque pi\u00e8ce est le fruit d\u2019un travail artisanal m\u00e9ticuleux, garantissant son caract\u00e8re unique.<\/p>\n<p data-start=\"2574\" data-end=\"2978\">Le bracelet se ferme par un <strong data-start=\"3730\" data-end=\"3754\">fermoir bo\u00eete solide<\/strong>, compl\u00e9t\u00e9 d\u2019une s\u00e9curit\u00e9 anti-perte, offrant fiabilit\u00e9 et tranquillit\u00e9 au quotidien.<\/p>\n<p data-start=\"2574\" data-end=\"2978\">Poids approximatif : <strong data-start=\"3861\" data-end=\"3869\">13\u202fg<\/strong>. Ce bracelet est parfait pour celles qui recherchent un bijou discret mais riche en caract\u00e8re.<\/p>\n<p><div class=\"alert alert_error\"><div class=\"alert_icon\"><svg viewBox=\"0 0 28 28\"><defs><style>.path{fill:none;stroke:#000;stroke-miterlimit:10;stroke-width:1.5px;}<\/style><\/defs><g><circle cx=\"14\" cy=\"20\" r=\"0.33\" class=\"path\"\/><line x1=\"14\" y1=\"8.72\" x2=\"14\" y2=\"16.72\" class=\"path\"\/><path d=\"M12.6,3.42,1.54,22.58A1.61,1.61,0,0,0,2.93,25H25.07a1.61,1.61,0,0,0,1.39-2.42L15.4,3.42A1.61,1.61,0,0,0,12.6,3.42Z\" class=\"path\"\/><\/g><\/svg><\/div><div class=\"alert_wrapper\">Le montant affich\u00e9 peut \u00eatre modifi\u00e9 par le fournisseur sans que nous en soyons inform\u00e9s. Une diff\u00e9rence entre le prix affich\u00e9 ici et en magasin reste possible.<\/div><a href=\"#\" class=\"close mfn-close-icon\"><span class=\"icon\">\u2715<\/span><\/a><\/div>\n<div class=\"alert alert_info\"><div class=\"alert_icon\"><svg viewBox=\"0 0 28 28\"><defs><style>.path{fill:none;stroke:#000;stroke-miterlimit:10;stroke-width:1.5px;}<\/style><\/defs><g><circle class=\"path\" cx=\"14\" cy=\"14\" r=\"12\"\/><path class=\"path\" d=\"M11.2,9.12a3.4,3.4,0,0,1,3-1.69,2.84,2.84,0,0,1,3,2.76,3.16,3.16,0,0,1-.84,2.23c-.63.74-1.58,1.18-2.19,1.88a1,1,0,0,0-.26.64v2.32\"\/><circle class=\"path\" cx=\"14\" cy=\"20\" r=\"0.33\"\/><\/g><\/svg><\/div><div class=\"alert_wrapper\">Faites vos demandes particuli\u00e8res ou passez votre commande via ce formulaire <\/div><a href=\"#\" class=\"close mfn-close-icon\"><span class=\"icon\">\u2715<\/span><\/a><\/div>\n <a class=\"button  button_size_3\" href=\"https:\/\/tempsetor.be\/galerie\/ma-commande\/\"     target=\"_blank\"    title=\"\"><span class=\"button_label\">&gt; Formulaire<\/span><\/a>\n<\/p>\n","protected":false},"featured_media":8491,"template":"","meta":{"_monsterinsights_skip_tracking":false,"_monsterinsights_sitenote_active":false,"_monsterinsights_sitenote_note":"","_monsterinsights_sitenote_category":0},"product_brand":[],"product_cat":[201,745,27],"product_tag":[],"class_list":{"0":"post-8490","1":"product","2":"type-product","3":"status-publish","4":"has-post-thumbnail","6":"product_cat-bracelets-dames","7":"product_cat-buddha-to-buddha-dames","8":"product_cat-dames","10":"first","11":"instock","12":"shipping-taxable","13":"purchasable","14":"product-type-simple"},"_links":{"self":[{"href":"https:\/\/tempsetor.be\/galerie\/wp-json\/wp\/v2\/product\/8490","targetHints":{"allow":["GET"]}}],"collection":[{"href":"https:\/\/tempsetor.be\/galerie\/wp-json\/wp\/v2\/product"}],"about":[{"href":"https:\/\/tempsetor.be\/galerie\/wp-json\/wp\/v2\/types\/product"}],"wp:featuredmedia":[{"embeddable":true,"href":"https:\/\/tempsetor.be\/galerie\/wp-json\/wp\/v2\/media\/8491"}],"wp:attachment":[{"href":"https:\/\/tempsetor.be\/galerie\/wp-json\/wp\/v2\/media?parent=8490"}],"wp:term":[{"taxonomy":"product_brand","embeddable":true,"href":"https:\/\/tempsetor.be\/galerie\/wp-json\/wp\/v2\/product_brand?post=8490"},{"taxonomy":"product_cat","embeddable":true,"href":"https:\/\/tempsetor.be\/galerie\/wp-json\/wp\/v2\/product_cat?post=8490"},{"taxonomy":"product_tag","embeddable":true,"href":"https:\/\/tempsetor.be\/galerie\/wp-json\/wp\/v2\/product_tag?post=8490"}],"curies":[{"name":"wp","href":"https:\/\/api.w.org\/{rel}","templated":true}]}}