{"id":8506,"date":"2025-09-09T14:26:25","date_gmt":"2025-09-09T12:26:25","guid":{"rendered":"https:\/\/tempsetor.be\/galerie\/?post_type=product&#038;p=8506"},"modified":"2025-09-09T17:22:53","modified_gmt":"2025-09-09T15:22:53","slug":"montre-hommes-orient-bambino-ra%e2%80%91ac0m01s30b","status":"publish","type":"product","link":"https:\/\/tempsetor.be\/galerie\/produit\/montre-hommes-orient-bambino-ra%e2%80%91ac0m01s30b\/","title":{"rendered":"Montre hommes &#8211; Orient &#8211; Bambino &#8211; RA\u2011AC0M01S30B"},"content":{"rendered":"<p data-start=\"3062\" data-end=\"3376\">Une montre au charme intemporel : la <strong data-start=\"3099\" data-end=\"3143\">Orient Bambino Version\u202f7 (RA\u2011AC0M01S30B)<\/strong> associe \u00e9l\u00e9gance vintage (38,4\u202fmm, verre bomb\u00e9, index dor\u00e9s), mouvement automatique F6724, stop\u2011seconde, r\u00e9serve de marche de 40\u202fh et fond transparent. \u00c9tanche 30\u202fm, bracelet cuir brun. Raffin\u00e9e, fiable et disponible d\u00e8s maintenant.<\/p>\n","protected":false},"excerpt":{"rendered":"<p><img loading=\"lazy\" decoding=\"async\" class=\"alignleft wp-image-6593\" src=\"https:\/\/tempsetor.be\/galerie\/wp-content\/uploads\/2022\/11\/Orient-logo.jpg\" alt=\"Orient logo\" width=\"151\" height=\"79\" srcset=\"https:\/\/tempsetor.be\/galerie\/wp-content\/uploads\/2022\/11\/Orient-logo.jpg 191w, https:\/\/tempsetor.be\/galerie\/wp-content\/uploads\/2022\/11\/Orient-logo-50x26.jpg 50w, https:\/\/tempsetor.be\/galerie\/wp-content\/uploads\/2022\/11\/Orient-logo-143x75.jpg 143w\" sizes=\"auto, (max-width:767px) 151px, 151px\" \/><\/p>\n<p data-start=\"3422\" data-end=\"3867\">Orient pr\u00e9sente la <strong data-start=\"3441\" data-end=\"3478\">Bambino Version\u202f7 (RA\u2011AC0M01S30B)<\/strong> : une montre m\u00e9canique automatique au style classique et raffin\u00e9. Le bo\u00eetier en acier inoxydable dor\u00e9 (diam\u00e8tre 38,4\u202fmm, \u00e9paisseur &lt;13\u202fmm) se pare d\u2019un verre min\u00e9ral bomb\u00e9, accentuant l\u2019effet du cadran blanc aux aiguilles et index dor\u00e9s. Le calibre F6724, con\u00e7u par Orient, propose remontage manuel, stop-seconde pour un r\u00e9glage pr\u00e9cis, et offre une r\u00e9serve de marche d\u2019environ 40 heures.<\/p>\n<p data-start=\"3869\" data-end=\"4247\">Le fond transparent vous permet d\u2019admirer la m\u00e9canique en action. \u00c9tanche \u00e0 30\u202fm, cette montre vous accompagne au quotidien en toute s\u00e9r\u00e9nit\u00e9. Elle est munie d\u2019un bracelet en cuir brun fa\u00e7on crocodile, de 20\u202fmm d\u2019entre-corne, et d\u2019une boucle ardillon coordonn\u00e9e en or. Fonctionnalit\u00e9s essentielles : affichage de la date \u00e0 3\u202fh, fond transparent, stop-seconde, r\u00e9serve de marche.<\/p>\n<p>D\u00e9j\u00e0 garanties 2 ans, le service apr\u00e8s-vente de la bijouterie <strong>Temps &amp; OR<\/strong> vous apporte une confiance suppl\u00e9mentaire pour ces produits. Selon vos besoins, ces montres peuvent \u00eatre \u00e9galement r\u00e9serv\u00e9es \u00e0 la bijouterie. La mise \u00e0 mesure offerte ainsi qu&#8217;un emballage cadeau vous y seront propos\u00e9s.<\/p>\n<p><div class=\"alert alert_error\"><div class=\"alert_icon\"><svg viewBox=\"0 0 28 28\"><defs><style>.path{fill:none;stroke:#000;stroke-miterlimit:10;stroke-width:1.5px;}<\/style><\/defs><g><circle cx=\"14\" cy=\"20\" r=\"0.33\" class=\"path\"\/><line x1=\"14\" y1=\"8.72\" x2=\"14\" y2=\"16.72\" class=\"path\"\/><path d=\"M12.6,3.42,1.54,22.58A1.61,1.61,0,0,0,2.93,25H25.07a1.61,1.61,0,0,0,1.39-2.42L15.4,3.42A1.61,1.61,0,0,0,12.6,3.42Z\" class=\"path\"\/><\/g><\/svg><\/div><div class=\"alert_wrapper\">Le montant affich\u00e9 peut \u00eatre modifi\u00e9 par le fournisseur sans que nous en soyons inform\u00e9s. Une diff\u00e9rence entre le prix affich\u00e9 ici et en magasin reste possible.<\/div><a href=\"#\" class=\"close mfn-close-icon\"><span class=\"icon\">\u2715<\/span><\/a><\/div>\n<div class=\"alert alert_info\"><div class=\"alert_icon\"><svg viewBox=\"0 0 28 28\"><defs><style>.path{fill:none;stroke:#000;stroke-miterlimit:10;stroke-width:1.5px;}<\/style><\/defs><g><circle class=\"path\" cx=\"14\" cy=\"14\" r=\"12\"\/><path class=\"path\" d=\"M11.2,9.12a3.4,3.4,0,0,1,3-1.69,2.84,2.84,0,0,1,3,2.76,3.16,3.16,0,0,1-.84,2.23c-.63.74-1.58,1.18-2.19,1.88a1,1,0,0,0-.26.64v2.32\"\/><circle class=\"path\" cx=\"14\" cy=\"20\" r=\"0.33\"\/><\/g><\/svg><\/div><div class=\"alert_wrapper\">Faites vos demandes particuli\u00e8res ou passez votre commande via ce formulaire <\/div><a href=\"#\" class=\"close mfn-close-icon\"><span class=\"icon\">\u2715<\/span><\/a><\/div>\n <a class=\"button  button_size_3\" href=\"https:\/\/tempsetor.be\/galerie\/ma-commande\/\"     target=\"_blank\"    title=\"\"><span class=\"button_label\">&gt; Formulaire<\/span><\/a>\n<\/p>\n","protected":false},"featured_media":8508,"template":"","meta":{"_monsterinsights_skip_tracking":false,"_monsterinsights_sitenote_active":false,"_monsterinsights_sitenote_note":"","_monsterinsights_sitenote_category":0},"product_brand":[],"product_cat":[40,2096,39],"product_tag":[],"class_list":{"0":"post-8506","1":"product","2":"type-product","3":"status-publish","4":"has-post-thumbnail","6":"product_cat-montres-hommes","7":"product_cat-orient-hommes","8":"product_cat-hommes","10":"first","11":"instock","12":"shipping-taxable","13":"purchasable","14":"product-type-simple"},"_links":{"self":[{"href":"https:\/\/tempsetor.be\/galerie\/wp-json\/wp\/v2\/product\/8506","targetHints":{"allow":["GET"]}}],"collection":[{"href":"https:\/\/tempsetor.be\/galerie\/wp-json\/wp\/v2\/product"}],"about":[{"href":"https:\/\/tempsetor.be\/galerie\/wp-json\/wp\/v2\/types\/product"}],"wp:featuredmedia":[{"embeddable":true,"href":"https:\/\/tempsetor.be\/galerie\/wp-json\/wp\/v2\/media\/8508"}],"wp:attachment":[{"href":"https:\/\/tempsetor.be\/galerie\/wp-json\/wp\/v2\/media?parent=8506"}],"wp:term":[{"taxonomy":"product_brand","embeddable":true,"href":"https:\/\/tempsetor.be\/galerie\/wp-json\/wp\/v2\/product_brand?post=8506"},{"taxonomy":"product_cat","embeddable":true,"href":"https:\/\/tempsetor.be\/galerie\/wp-json\/wp\/v2\/product_cat?post=8506"},{"taxonomy":"product_tag","embeddable":true,"href":"https:\/\/tempsetor.be\/galerie\/wp-json\/wp\/v2\/product_tag?post=8506"}],"curies":[{"name":"wp","href":"https:\/\/api.w.org\/{rel}","templated":true}]}}