{"id":8516,"date":"2025-09-17T20:05:06","date_gmt":"2025-09-17T18:05:06","guid":{"rendered":"https:\/\/tempsetor.be\/galerie\/?post_type=product&#038;p=8516"},"modified":"2025-09-17T20:10:01","modified_gmt":"2025-09-17T18:10:01","slug":"bougie-baobab-woods-sherwood","status":"publish","type":"product","link":"https:\/\/tempsetor.be\/galerie\/produit\/bougie-baobab-woods-sherwood\/","title":{"rendered":"Bougie Baobab &#8211; Woods &#8211; Sherwood"},"content":{"rendered":"<p>Sherwood de la collection Woods vous invite \u00e0 un voyage olfactif bois\u00e9 : romarin, c\u00e8dre et v\u00e9tiver forment une harmonie riche et raffin\u00e9e. Log\u00e9e dans un verre souffl\u00e9\u2011bouche vert profond rehauss\u00e9 de reflets kaki et bruns, cette bougie \u00e9dition limit\u00e9e s\u00e9duit par son design et son parfum intense.<\/p>\n","protected":false},"excerpt":{"rendered":"<p><img loading=\"lazy\" decoding=\"async\" class=\"size-full wp-image-4311 alignleft\" src=\"https:\/\/tempsetor.be\/galerie\/wp-content\/uploads\/2019\/03\/baobab.jpg\" alt=\"logo Baobab\" width=\"128\" height=\"142\" srcset=\"https:\/\/tempsetor.be\/galerie\/wp-content\/uploads\/2019\/03\/baobab.jpg 128w, https:\/\/tempsetor.be\/galerie\/wp-content\/uploads\/2019\/03\/baobab-45x50.jpg 45w, https:\/\/tempsetor.be\/galerie\/wp-content\/uploads\/2019\/03\/baobab-68x75.jpg 68w\" sizes=\"auto, (max-width:767px) 128px, 128px\" \/><\/p>\n<p data-start=\"2971\" data-end=\"3313\">La bougie Sherwood incarne l\u2019esprit de la collection Woods : un hommage aux for\u00eats, au calme et \u00e0 la majest\u00e9 des arbres anciens. Sa fragrance est compos\u00e9e de trois notes olfactives majeures : le romarin en t\u00eate, aromatique et frais ; le bois de c\u00e8dre en c\u0153ur, profond et chaleureux ; et le v\u00e9tiver en fond, sec et enveloppant.<\/p>\n<p data-start=\"3315\" data-end=\"3557\">Le contenant est en verre souffl\u00e9\u2011bouche, d\u00e9cor\u00e9 de lignes verticales qui rappellent les troncs d\u2019arbres se dressant vers le ciel. La teinte principale est un vert profond, ponctu\u00e9 de nuances kaki, parfois brunes ou jaunes selon la lumi\u00e8re.<\/p>\n<div class=\"icon_box_jmn\">\n<h4>Tailles disponibles en magasin (en cm)<\/h4>\n<p><div class=\"column one-fourth mobile-one\"><div class=\"mcb-column-inner\"><div class=\"icon_box icon_position_top has_border\"><div class=\"icon_wrapper\"><div class=\"icon\"><i class=\"icon-bitbucket\" aria-hidden=\"true\"><\/i><\/div><\/div><div class=\"desc_wrapper\"><h4 class=\"title \">Max 10<\/h4><div class=\"desc\">105\u20ac<\/div><\/div><\/div>\n<\/div><\/div>\n<div class=\"column one-fourth mobile-one\"><div class=\"mcb-column-inner\"><div class=\"icon_box icon_position_top has_border\"><div class=\"icon_wrapper\"><div class=\"icon\"><i class=\"icon-bitbucket\" aria-hidden=\"true\"><\/i><\/div><\/div><div class=\"desc_wrapper\"><h4 class=\"title \">Max 16<\/h4><div class=\"desc\">165<\/div><\/div><\/div>\n<\/div><\/div>\n<div class=\"column one-fourth mobile-one\"><div class=\"mcb-column-inner\"><div class=\"icon_box icon_position_top has_border\"><div class=\"icon_wrapper\"><div class=\"icon\"><i class=\"icon-bitbucket\" aria-hidden=\"true\"><\/i><\/div><\/div><div class=\"desc_wrapper\"><h4 class=\"title \">Max 24<\/h4><div class=\"desc\">325\u20ac<\/div><\/div><\/div>\n<\/div><\/div>\n<div class=\"column one-fourth mobile-one\"><div class=\"mcb-column-inner\"><div class=\"icon_box icon_position_top has_border\"><div class=\"icon_wrapper\"><div class=\"icon\"><i class=\"icon-bitbucket\" aria-hidden=\"true\"><\/i><\/div><\/div><div class=\"desc_wrapper\"><h4 class=\"title \">Maxi Max<\/h4><div class=\"desc\">non<\/div><\/div><\/div>\n<\/div><\/div>\n<\/p>\n<p><div class=\"alert alert_error\"><div class=\"alert_icon\"><svg viewBox=\"0 0 28 28\"><defs><style>.path{fill:none;stroke:#000;stroke-miterlimit:10;stroke-width:1.5px;}<\/style><\/defs><g><circle cx=\"14\" cy=\"20\" r=\"0.33\" class=\"path\"\/><line x1=\"14\" y1=\"8.72\" x2=\"14\" y2=\"16.72\" class=\"path\"\/><path d=\"M12.6,3.42,1.54,22.58A1.61,1.61,0,0,0,2.93,25H25.07a1.61,1.61,0,0,0,1.39-2.42L15.4,3.42A1.61,1.61,0,0,0,12.6,3.42Z\" class=\"path\"\/><\/g><\/svg><\/div><div class=\"alert_wrapper\">Le montant affich\u00e9 peut \u00eatre modifi\u00e9 par le fournisseur sans que nous en soyons inform\u00e9s. Une diff\u00e9rence entre le prix affich\u00e9 ici et en magasin reste possible.<\/div><a href=\"#\" class=\"close mfn-close-icon\"><span class=\"icon\">\u2715<\/span><\/a><\/div>\n<div class=\"alert alert_info\"><div class=\"alert_icon\"><svg viewBox=\"0 0 28 28\"><defs><style>.path{fill:none;stroke:#000;stroke-miterlimit:10;stroke-width:1.5px;}<\/style><\/defs><g><circle class=\"path\" cx=\"14\" cy=\"14\" r=\"12\"\/><path class=\"path\" d=\"M11.2,9.12a3.4,3.4,0,0,1,3-1.69,2.84,2.84,0,0,1,3,2.76,3.16,3.16,0,0,1-.84,2.23c-.63.74-1.58,1.18-2.19,1.88a1,1,0,0,0-.26.64v2.32\"\/><circle class=\"path\" cx=\"14\" cy=\"20\" r=\"0.33\"\/><\/g><\/svg><\/div><div class=\"alert_wrapper\">Faites vos demandes particuli\u00e8res ou passez votre commande via ce formulaire <\/div><a href=\"#\" class=\"close mfn-close-icon\"><span class=\"icon\">\u2715<\/span><\/a><\/div>\n <a class=\"button  button_size_3\" href=\"https:\/\/tempsetor.be\/galerie\/ma-commande\/\"     target=\"_blank\"    title=\"\"><span class=\"button_label\">&gt; Formulaire<\/span><\/a>\n<\/p>\n<\/div>\n","protected":false},"featured_media":8519,"template":"","meta":{"_monsterinsights_skip_tracking":false,"_monsterinsights_sitenote_active":false,"_monsterinsights_sitenote_note":"","_monsterinsights_sitenote_category":0},"product_brand":[],"product_cat":[1070,903,1005],"product_tag":[],"class_list":{"0":"post-8516","1":"product","2":"type-product","3":"status-publish","4":"has-post-thumbnail","6":"product_cat-accessoirelifestyle","7":"product_cat-baobab","8":"product_cat-baobab-bougies","10":"first","11":"instock","12":"shipping-taxable","13":"purchasable","14":"product-type-simple"},"_links":{"self":[{"href":"https:\/\/tempsetor.be\/galerie\/wp-json\/wp\/v2\/product\/8516","targetHints":{"allow":["GET"]}}],"collection":[{"href":"https:\/\/tempsetor.be\/galerie\/wp-json\/wp\/v2\/product"}],"about":[{"href":"https:\/\/tempsetor.be\/galerie\/wp-json\/wp\/v2\/types\/product"}],"wp:featuredmedia":[{"embeddable":true,"href":"https:\/\/tempsetor.be\/galerie\/wp-json\/wp\/v2\/media\/8519"}],"wp:attachment":[{"href":"https:\/\/tempsetor.be\/galerie\/wp-json\/wp\/v2\/media?parent=8516"}],"wp:term":[{"taxonomy":"product_brand","embeddable":true,"href":"https:\/\/tempsetor.be\/galerie\/wp-json\/wp\/v2\/product_brand?post=8516"},{"taxonomy":"product_cat","embeddable":true,"href":"https:\/\/tempsetor.be\/galerie\/wp-json\/wp\/v2\/product_cat?post=8516"},{"taxonomy":"product_tag","embeddable":true,"href":"https:\/\/tempsetor.be\/galerie\/wp-json\/wp\/v2\/product_tag?post=8516"}],"curies":[{"name":"wp","href":"https:\/\/api.w.org\/{rel}","templated":true}]}}