{"id":8527,"date":"2025-09-19T14:01:10","date_gmt":"2025-09-19T12:01:10","guid":{"rendered":"https:\/\/tempsetor.be\/galerie\/?post_type=product&#038;p=8527"},"modified":"2025-09-19T14:10:06","modified_gmt":"2025-09-19T12:10:06","slug":"bougie-baobab-woods-risoud","status":"publish","type":"product","link":"https:\/\/tempsetor.be\/galerie\/produit\/bougie-baobab-woods-risoud\/","title":{"rendered":"Bougie Baobab &#8211; Woods &#8211; Risoud"},"content":{"rendered":"<p>La bougie <strong data-start=\"2818\" data-end=\"2850\">Baobab Woods Risoud (MAX\u202f10)<\/strong> propose un parfum captivant m\u00ealant cumin \u00e9pic\u00e9, prune velout\u00e9e et patchouli profond. Port\u00e9e par un verre rouge souffl\u00e9 \u00e0 la main et \u00e9quip\u00e9 de quatre m\u00e8ches, elle \u00e9voque l\u2019atmosph\u00e8re majestueuse de la for\u00eat de Risoud. Parfaite pour instaurer une ambiance chaleureuse et raffin\u00e9e.<\/p>\n","protected":false},"excerpt":{"rendered":"<p><img loading=\"lazy\" decoding=\"async\" class=\"size-full wp-image-4311 alignleft\" src=\"https:\/\/tempsetor.be\/galerie\/wp-content\/uploads\/2019\/03\/baobab.jpg\" alt=\"logo Baobab\" width=\"128\" height=\"142\" srcset=\"https:\/\/tempsetor.be\/galerie\/wp-content\/uploads\/2019\/03\/baobab.jpg 128w, https:\/\/tempsetor.be\/galerie\/wp-content\/uploads\/2019\/03\/baobab-45x50.jpg 45w, https:\/\/tempsetor.be\/galerie\/wp-content\/uploads\/2019\/03\/baobab-68x75.jpg 68w\" sizes=\"auto, (max-width:767px) 128px, 128px\" \/><\/p>\n<p data-start=\"2678\" data-end=\"2919\">La bougie <strong data-start=\"2688\" data-end=\"2733\">Baobab &#8211; Woods &#8211; Risoud <\/strong>est une cr\u00e9ation olfactive et artisanale inspir\u00e9e de la for\u00eat de Risoud, vaste sapini\u00e8re situ\u00e9e \u00e0 la fronti\u00e8re franco\u2011suisse. Elle exprime un caract\u00e8re sauvage, pr\u00e9cieux et enveloppant.<\/p>\n<p data-start=\"2921\" data-end=\"2955\"><strong data-start=\"2921\" data-end=\"2953\">Parfums &amp; ambiance olfactive<\/strong><\/p>\n<p data-start=\"2958\" data-end=\"3011\">T\u00eate : cumin \u2014 note \u00e9pic\u00e9e, chaleureuse et vibrante<br \/>\nC\u0153ur : prune \u2014 douceur fruit\u00e9e, rondeur velout\u00e9e<br \/>\nFond : patchouli \u2014 bois dense, caract\u00e8re profond et bois\u00e9<\/p>\n<p data-start=\"3128\" data-end=\"3158\"><strong data-start=\"3128\" data-end=\"3156\">Mat\u00e9riaux &amp; savoir\u2011faire<\/strong><\/p>\n<p data-start=\"3161\" data-end=\"3236\">Verre rouge profond, souffl\u00e9 \u00e0 la main, d\u00e9cor\u00e9 de fils de verre verticaux<\/p>\n<p data-start=\"3306\" data-end=\"3334\"><strong data-start=\"3306\" data-end=\"3332\">Conseils d\u2019utilisation<\/strong><\/p>\n<p data-start=\"3337\" data-end=\"3414\">Laisser toujours fondre toute la surface de cire lors de chaque utilisation<br \/>\nNe pas br\u00fbler le dernier centim\u00e8tre de cire<\/p>\n<p data-start=\"3464\" data-end=\"3736\"><strong data-start=\"3464\" data-end=\"3481\">Style &amp; usage<\/strong><br data-start=\"3481\" data-end=\"3484\" \/>Objet d\u00e9coratif et parfum d\u2019int\u00e9rieur, cette bougie allie beaut\u00e9 artisanale et exp\u00e9rience sensorielle. Son design intense et sa fragrance bois\u00e9e s\u2019int\u00e8grent dans un int\u00e9rieur \u00e9l\u00e9gant, et accompagnent parfaitement les moments de d\u00e9tente ou de r\u00e9ception.<\/p>\n<p data-start=\"2779\" data-end=\"2813\"><span style=\"font-size: 21px;\">Tailles disponibles en magasin (en cm)<\/span><\/p>\n<div class=\"icon_box_jmn\">\n<p><div class=\"column one-fourth mobile-one\"><div class=\"mcb-column-inner\"><div class=\"icon_box icon_position_top has_border\"><div class=\"icon_wrapper\"><div class=\"icon\"><i class=\"icon-bitbucket\" aria-hidden=\"true\"><\/i><\/div><\/div><div class=\"desc_wrapper\"><h4 class=\"title \">Max 10<\/h4><div class=\"desc\">105\u20ac<\/div><\/div><\/div>\n<\/div><\/div>\n<div class=\"column one-fourth mobile-one\"><div class=\"mcb-column-inner\"><div class=\"icon_box icon_position_top has_border\"><div class=\"icon_wrapper\"><div class=\"icon\"><i class=\"icon-bitbucket\" aria-hidden=\"true\"><\/i><\/div><\/div><div class=\"desc_wrapper\"><h4 class=\"title \">Max 16<\/h4><div class=\"desc\">165<\/div><\/div><\/div>\n<\/div><\/div>\n<div class=\"column one-fourth mobile-one\"><div class=\"mcb-column-inner\"><div class=\"icon_box icon_position_top has_border\"><div class=\"icon_wrapper\"><div class=\"icon\"><i class=\"icon-bitbucket\" aria-hidden=\"true\"><\/i><\/div><\/div><div class=\"desc_wrapper\"><h4 class=\"title \">Max 24<\/h4><div class=\"desc\">325\u20ac<\/div><\/div><\/div>\n<\/div><\/div>\n<div class=\"column one-fourth mobile-one\"><div class=\"mcb-column-inner\"><div class=\"icon_box icon_position_top has_border\"><div class=\"icon_wrapper\"><div class=\"icon\"><i class=\"icon-bitbucket\" aria-hidden=\"true\"><\/i><\/div><\/div><div class=\"desc_wrapper\"><h4 class=\"title \">Maxi Max<\/h4><div class=\"desc\">non<\/div><\/div><\/div>\n<\/div><\/div>\n<\/p>\n<p><div class=\"alert alert_error\"><div class=\"alert_icon\"><svg viewBox=\"0 0 28 28\"><defs><style>.path{fill:none;stroke:#000;stroke-miterlimit:10;stroke-width:1.5px;}<\/style><\/defs><g><circle cx=\"14\" cy=\"20\" r=\"0.33\" class=\"path\"\/><line x1=\"14\" y1=\"8.72\" x2=\"14\" y2=\"16.72\" class=\"path\"\/><path d=\"M12.6,3.42,1.54,22.58A1.61,1.61,0,0,0,2.93,25H25.07a1.61,1.61,0,0,0,1.39-2.42L15.4,3.42A1.61,1.61,0,0,0,12.6,3.42Z\" class=\"path\"\/><\/g><\/svg><\/div><div class=\"alert_wrapper\">Le montant affich\u00e9 peut \u00eatre modifi\u00e9 par le fournisseur sans que nous en soyons inform\u00e9s. Une diff\u00e9rence entre le prix affich\u00e9 ici et en magasin reste possible.<\/div><a href=\"#\" class=\"close mfn-close-icon\"><span class=\"icon\">\u2715<\/span><\/a><\/div>\n<div class=\"alert alert_info\"><div class=\"alert_icon\"><svg viewBox=\"0 0 28 28\"><defs><style>.path{fill:none;stroke:#000;stroke-miterlimit:10;stroke-width:1.5px;}<\/style><\/defs><g><circle class=\"path\" cx=\"14\" cy=\"14\" r=\"12\"\/><path class=\"path\" d=\"M11.2,9.12a3.4,3.4,0,0,1,3-1.69,2.84,2.84,0,0,1,3,2.76,3.16,3.16,0,0,1-.84,2.23c-.63.74-1.58,1.18-2.19,1.88a1,1,0,0,0-.26.64v2.32\"\/><circle class=\"path\" cx=\"14\" cy=\"20\" r=\"0.33\"\/><\/g><\/svg><\/div><div class=\"alert_wrapper\">Faites vos demandes particuli\u00e8res ou passez votre commande via ce formulaire <\/div><a href=\"#\" class=\"close mfn-close-icon\"><span class=\"icon\">\u2715<\/span><\/a><\/div>\n <a class=\"button  button_size_3\" href=\"https:\/\/tempsetor.be\/galerie\/ma-commande\/\"     target=\"_blank\"    title=\"\"><span class=\"button_label\">&gt; Formulaire<\/span><\/a>\n<\/p>\n<\/div>\n","protected":false},"featured_media":8529,"template":"","meta":{"_monsterinsights_skip_tracking":false,"_monsterinsights_sitenote_active":false,"_monsterinsights_sitenote_note":"","_monsterinsights_sitenote_category":0},"product_brand":[],"product_cat":[1070,903,1005],"product_tag":[],"class_list":{"0":"post-8527","1":"product","2":"type-product","3":"status-publish","4":"has-post-thumbnail","6":"product_cat-accessoirelifestyle","7":"product_cat-baobab","8":"product_cat-baobab-bougies","10":"first","11":"instock","12":"shipping-taxable","13":"purchasable","14":"product-type-simple"},"_links":{"self":[{"href":"https:\/\/tempsetor.be\/galerie\/wp-json\/wp\/v2\/product\/8527","targetHints":{"allow":["GET"]}}],"collection":[{"href":"https:\/\/tempsetor.be\/galerie\/wp-json\/wp\/v2\/product"}],"about":[{"href":"https:\/\/tempsetor.be\/galerie\/wp-json\/wp\/v2\/types\/product"}],"wp:featuredmedia":[{"embeddable":true,"href":"https:\/\/tempsetor.be\/galerie\/wp-json\/wp\/v2\/media\/8529"}],"wp:attachment":[{"href":"https:\/\/tempsetor.be\/galerie\/wp-json\/wp\/v2\/media?parent=8527"}],"wp:term":[{"taxonomy":"product_brand","embeddable":true,"href":"https:\/\/tempsetor.be\/galerie\/wp-json\/wp\/v2\/product_brand?post=8527"},{"taxonomy":"product_cat","embeddable":true,"href":"https:\/\/tempsetor.be\/galerie\/wp-json\/wp\/v2\/product_cat?post=8527"},{"taxonomy":"product_tag","embeddable":true,"href":"https:\/\/tempsetor.be\/galerie\/wp-json\/wp\/v2\/product_tag?post=8527"}],"curies":[{"name":"wp","href":"https:\/\/api.w.org\/{rel}","templated":true}]}}