{"id":8533,"date":"2025-09-19T20:56:30","date_gmt":"2025-09-19T18:56:30","guid":{"rendered":"https:\/\/tempsetor.be\/galerie\/?post_type=product&#038;p=8533"},"modified":"2025-09-19T21:02:09","modified_gmt":"2025-09-19T19:02:09","slug":"bougie-baobab-my-first-baobab-marrakech","status":"publish","type":"product","link":"https:\/\/tempsetor.be\/galerie\/produit\/bougie-baobab-my-first-baobab-marrakech\/","title":{"rendered":"Bougie Baobab &#8211; My first Baobab &#8211; Marrakech"},"content":{"rendered":"<p>Coffret cadeau <em data-start=\"2319\" data-end=\"2346\">My First Baobab Marrakech<\/em> : bougie parfum\u00e9e + diffuseur, aux notes de fleur d\u2019oranger, cuir et patchouli. Design s\u00e9rigraphi\u00e9 inspir\u00e9 de la M\u00e9dina de Marrakech, une ambiance raffin\u00e9e.<\/p>\n","protected":false},"excerpt":{"rendered":"<h3><img loading=\"lazy\" decoding=\"async\" class=\"size-full wp-image-4311 alignleft\" src=\"https:\/\/tempsetor.be\/galerie\/wp-content\/uploads\/2019\/03\/baobab.jpg\" alt=\"logo Baobab\" width=\"128\" height=\"142\" srcset=\"https:\/\/tempsetor.be\/galerie\/wp-content\/uploads\/2019\/03\/baobab.jpg 128w, https:\/\/tempsetor.be\/galerie\/wp-content\/uploads\/2019\/03\/baobab-45x50.jpg 45w, https:\/\/tempsetor.be\/galerie\/wp-content\/uploads\/2019\/03\/baobab-68x75.jpg 68w\" sizes=\"auto, (max-width:767px) 128px, 128px\" \/><\/h3>\n<h3 data-start=\"2565\" data-end=\"2601\">Gift Box <em data-start=\"2574\" data-end=\"2601\">My First Baobab Marrakech<\/em><\/h3>\n<p data-start=\"2603\" data-end=\"2897\">Ce coffret r\u00e9unit deux objets parfum\u00e9s d\u2019exception : une bougie et un diffuseur de la collection <em data-start=\"2700\" data-end=\"2727\">My First Baobab Marrakech<\/em>. L\u2019ensemble est envelopp\u00e9 d\u2019un univers visuel inspir\u00e9 des portes de la M\u00e9dina, avec un motif s\u00e9rigraphi\u00e9 vibrant m\u00ealant art d\u00e9coratif marocain et savoir\u2011faire artisanal.<\/p>\n<p data-start=\"2899\" data-end=\"3141\">Les notes olfactives se composent de <strong data-start=\"2936\" data-end=\"2955\">fleur d\u2019oranger<\/strong>, point de d\u00e9part lumineux floral ; <strong data-start=\"2991\" data-end=\"2999\">cuir<\/strong>, rappel subtil des tanneries marocaines, apportant profondeur et caract\u00e8re ; <strong data-start=\"3077\" data-end=\"3090\">patchouli<\/strong>, touche bois\u00e9e qui finit le sillage avec \u00e9l\u00e9gance.<\/p>\n<p data-start=\"3143\" data-end=\"3358\">C\u2019est un cadeau complet ou un choix d\u00e9coratif raffin\u00e9 pour votre int\u00e9rieur : le parfum enveloppe les espaces, le design sublime l\u2019ambiance, et le duo bougie + diffuseur donne une exp\u00e9rience sensorielle longue dur\u00e9e.<\/p>\n<p data-start=\"3360\" data-end=\"3576\"><div class=\"alert alert_error\"><div class=\"alert_icon\"><svg viewBox=\"0 0 28 28\"><defs><style>.path{fill:none;stroke:#000;stroke-miterlimit:10;stroke-width:1.5px;}<\/style><\/defs><g><circle cx=\"14\" cy=\"20\" r=\"0.33\" class=\"path\"\/><line x1=\"14\" y1=\"8.72\" x2=\"14\" y2=\"16.72\" class=\"path\"\/><path d=\"M12.6,3.42,1.54,22.58A1.61,1.61,0,0,0,2.93,25H25.07a1.61,1.61,0,0,0,1.39-2.42L15.4,3.42A1.61,1.61,0,0,0,12.6,3.42Z\" class=\"path\"\/><\/g><\/svg><\/div><div class=\"alert_wrapper\">Le montant affich\u00e9 peut \u00eatre modifi\u00e9 par le fournisseur sans que nous en soyons inform\u00e9s. Une diff\u00e9rence entre le prix affich\u00e9 ici et en magasin reste possible.<\/div><a href=\"#\" class=\"close mfn-close-icon\"><span class=\"icon\">\u2715<\/span><\/a><\/div>\n<div class=\"alert alert_info\"><div class=\"alert_icon\"><svg viewBox=\"0 0 28 28\"><defs><style>.path{fill:none;stroke:#000;stroke-miterlimit:10;stroke-width:1.5px;}<\/style><\/defs><g><circle class=\"path\" cx=\"14\" cy=\"14\" r=\"12\"\/><path class=\"path\" d=\"M11.2,9.12a3.4,3.4,0,0,1,3-1.69,2.84,2.84,0,0,1,3,2.76,3.16,3.16,0,0,1-.84,2.23c-.63.74-1.58,1.18-2.19,1.88a1,1,0,0,0-.26.64v2.32\"\/><circle class=\"path\" cx=\"14\" cy=\"20\" r=\"0.33\"\/><\/g><\/svg><\/div><div class=\"alert_wrapper\">Faites vos demandes particuli\u00e8res ou passez votre commande via ce formulaire <\/div><a href=\"#\" class=\"close mfn-close-icon\"><span class=\"icon\">\u2715<\/span><\/a><\/div>\n <a class=\"button  button_size_3\" href=\"https:\/\/tempsetor.be\/galerie\/ma-commande\/\"     target=\"_blank\"    title=\"\"><span class=\"button_label\">&gt; Formulaire<\/span><\/a>\n<\/p>\n","protected":false},"featured_media":8534,"template":"","meta":{"_monsterinsights_skip_tracking":false,"_monsterinsights_sitenote_active":false,"_monsterinsights_sitenote_note":"","_monsterinsights_sitenote_category":0},"product_brand":[],"product_cat":[1070,903,1005],"product_tag":[],"class_list":{"0":"post-8533","1":"product","2":"type-product","3":"status-publish","4":"has-post-thumbnail","6":"product_cat-accessoirelifestyle","7":"product_cat-baobab","8":"product_cat-baobab-bougies","10":"first","11":"instock","12":"shipping-taxable","13":"purchasable","14":"product-type-simple"},"_links":{"self":[{"href":"https:\/\/tempsetor.be\/galerie\/wp-json\/wp\/v2\/product\/8533","targetHints":{"allow":["GET"]}}],"collection":[{"href":"https:\/\/tempsetor.be\/galerie\/wp-json\/wp\/v2\/product"}],"about":[{"href":"https:\/\/tempsetor.be\/galerie\/wp-json\/wp\/v2\/types\/product"}],"wp:featuredmedia":[{"embeddable":true,"href":"https:\/\/tempsetor.be\/galerie\/wp-json\/wp\/v2\/media\/8534"}],"wp:attachment":[{"href":"https:\/\/tempsetor.be\/galerie\/wp-json\/wp\/v2\/media?parent=8533"}],"wp:term":[{"taxonomy":"product_brand","embeddable":true,"href":"https:\/\/tempsetor.be\/galerie\/wp-json\/wp\/v2\/product_brand?post=8533"},{"taxonomy":"product_cat","embeddable":true,"href":"https:\/\/tempsetor.be\/galerie\/wp-json\/wp\/v2\/product_cat?post=8533"},{"taxonomy":"product_tag","embeddable":true,"href":"https:\/\/tempsetor.be\/galerie\/wp-json\/wp\/v2\/product_tag?post=8533"}],"curies":[{"name":"wp","href":"https:\/\/api.w.org\/{rel}","templated":true}]}}