{"id":8536,"date":"2025-09-22T20:32:23","date_gmt":"2025-09-22T18:32:23","guid":{"rendered":"https:\/\/tempsetor.be\/galerie\/?post_type=product&#038;p=8536"},"modified":"2025-09-22T20:40:10","modified_gmt":"2025-09-22T18:40:10","slug":"montre-dames-orient-open-heart-ra-ag0020s10b","status":"publish","type":"product","link":"https:\/\/tempsetor.be\/galerie\/produit\/montre-dames-orient-open-heart-ra-ag0020s10b\/","title":{"rendered":"Montre dames Orient &#8211; Open Heart &#8211; RA-AG0020S10B"},"content":{"rendered":"<p>Montre dames Orient RA\u2011AG0020S10B \u2013 magnifique automatique <em data-start=\"2683\" data-end=\"2695\">open-heart<\/em> d\u2019un diam\u00e8tre de 36\u202fmm, bo\u00eetier et bracelet acier bicolore argent\/rose gold, cadran blanc avec d\u00e9tails raffin\u00e9s. \u00c9tanch\u00e9it\u00e9 30\u202fm, calibre F6T22 22 rubis, r\u00e9serve de marche environ 40\u202fh.<\/p>\n","protected":false},"excerpt":{"rendered":"<p><img loading=\"lazy\" decoding=\"async\" class=\"wp-image-6593 size-full\" src=\"https:\/\/tempsetor.be\/galerie\/wp-content\/uploads\/2022\/11\/Orient-logo.jpg\" alt=\"Orient logo\" width=\"191\" height=\"100\" srcset=\"https:\/\/tempsetor.be\/galerie\/wp-content\/uploads\/2022\/11\/Orient-logo.jpg 191w, https:\/\/tempsetor.be\/galerie\/wp-content\/uploads\/2022\/11\/Orient-logo-50x26.jpg 50w, https:\/\/tempsetor.be\/galerie\/wp-content\/uploads\/2022\/11\/Orient-logo-143x75.jpg 143w\" sizes=\"auto, (max-width:767px) 191px, 191px\" \/><\/p>\n<p data-start=\"2978\" data-end=\"3250\">La Orient RA\u2011AG0020S10B est une montre automatique f\u00e9minine qui allie tradition horlog\u00e8re et esth\u00e9tique contemporaine. Avec son bo\u00eetier en acier inoxydable de <strong data-start=\"3137\" data-end=\"3146\">36 mm<\/strong> de diam\u00e8tre et une \u00e9paisseur d\u2019environ <strong data-start=\"3186\" data-end=\"3197\">12,7 mm<\/strong>, elle apporte une pr\u00e9sence ma\u00eetris\u00e9e sur le poignet.<\/p>\n<p data-start=\"3252\" data-end=\"3649\">Le cadran blanc offre un charme subtil gr\u00e2ce \u00e0 sa fen\u00eatre <em data-start=\"3310\" data-end=\"3322\">open\u2011heart<\/em>, qui r\u00e9v\u00e8le le mouvement automatique calibre <strong data-start=\"3368\" data-end=\"3377\">F6T22<\/strong> : 22 rubis, r\u00e9serve de marche de l\u2019ordre de <strong data-start=\"3422\" data-end=\"3435\">40 heures<\/strong>, et seconde centrale. Les chiffres romains aux positions 12 h et 6 h contrastent \u00e9l\u00e9gamment avec les index b\u00e2tons dor\u00e9s\/rose gold, tandis que le style des aiguilles en feuille ajoute une touche classique raffin\u00e9e.<\/p>\n<p data-start=\"3651\" data-end=\"3894\">Le verre min\u00e9ral prot\u00e8ge le cadran, et le fond transparent du bo\u00eetier permet d\u2019admirer le mouvement depuis l\u2019arri\u00e8re. Le bracelet acier bicolore (argent avec touches rose gold) compl\u00e8te ce design harmonieux, avec un fermoir d\u00e9ployant s\u00e9curis\u00e9.<\/p>\n<p data-start=\"3896\" data-end=\"4068\">C\u00f4t\u00e9 r\u00e9sistance, cette montre est \u00e9tanche \u00e0 <strong data-start=\"3940\" data-end=\"3953\">30 m\u00e8tres,<\/strong> id\u00e9ale pour un usage quotidien (pluie, lavage des mains), mais \u00e0 \u00e9viter pour la baignade ou la douche prolong\u00e9e.<\/p>\n<p data-start=\"4070\" data-end=\"4196\">Fonctions : heures, minutes, secondes. Pas de complications additionnelles, mais un bel \u00e9quilibre entre utilit\u00e9 et esth\u00e9tisme.<\/p>\n<p><div class=\"alert alert_error\"><div class=\"alert_icon\"><svg viewBox=\"0 0 28 28\"><defs><style>.path{fill:none;stroke:#000;stroke-miterlimit:10;stroke-width:1.5px;}<\/style><\/defs><g><circle cx=\"14\" cy=\"20\" r=\"0.33\" class=\"path\"\/><line x1=\"14\" y1=\"8.72\" x2=\"14\" y2=\"16.72\" class=\"path\"\/><path d=\"M12.6,3.42,1.54,22.58A1.61,1.61,0,0,0,2.93,25H25.07a1.61,1.61,0,0,0,1.39-2.42L15.4,3.42A1.61,1.61,0,0,0,12.6,3.42Z\" class=\"path\"\/><\/g><\/svg><\/div><div class=\"alert_wrapper\">Le montant affich\u00e9 peut \u00eatre modifi\u00e9 par le fournisseur sans que nous en soyons inform\u00e9s. Une diff\u00e9rence entre le prix affich\u00e9 ici et en magasin reste possible.<\/div><a href=\"#\" class=\"close mfn-close-icon\"><span class=\"icon\">\u2715<\/span><\/a><\/div>\n<div class=\"alert alert_info\"><div class=\"alert_icon\"><svg viewBox=\"0 0 28 28\"><defs><style>.path{fill:none;stroke:#000;stroke-miterlimit:10;stroke-width:1.5px;}<\/style><\/defs><g><circle class=\"path\" cx=\"14\" cy=\"14\" r=\"12\"\/><path class=\"path\" d=\"M11.2,9.12a3.4,3.4,0,0,1,3-1.69,2.84,2.84,0,0,1,3,2.76,3.16,3.16,0,0,1-.84,2.23c-.63.74-1.58,1.18-2.19,1.88a1,1,0,0,0-.26.64v2.32\"\/><circle class=\"path\" cx=\"14\" cy=\"20\" r=\"0.33\"\/><\/g><\/svg><\/div><div class=\"alert_wrapper\">Faites vos demandes particuli\u00e8res ou passez votre commande via ce formulaire <\/div><a href=\"#\" class=\"close mfn-close-icon\"><span class=\"icon\">\u2715<\/span><\/a><\/div>\n <a class=\"button  button_size_3\" href=\"https:\/\/tempsetor.be\/galerie\/ma-commande\/\"     target=\"_blank\"    title=\"\"><span class=\"button_label\">&gt; Formulaire<\/span><\/a>\n<\/p>\n","protected":false},"featured_media":8537,"template":"","meta":{"_monsterinsights_skip_tracking":false,"_monsterinsights_sitenote_active":false,"_monsterinsights_sitenote_note":"","_monsterinsights_sitenote_category":0},"product_brand":[],"product_cat":[28,2594,27],"product_tag":[],"class_list":{"0":"post-8536","1":"product","2":"type-product","3":"status-publish","4":"has-post-thumbnail","6":"product_cat-montres-dames","7":"product_cat-orient-dames","8":"product_cat-dames","10":"first","11":"instock","12":"shipping-taxable","13":"purchasable","14":"product-type-simple"},"_links":{"self":[{"href":"https:\/\/tempsetor.be\/galerie\/wp-json\/wp\/v2\/product\/8536","targetHints":{"allow":["GET"]}}],"collection":[{"href":"https:\/\/tempsetor.be\/galerie\/wp-json\/wp\/v2\/product"}],"about":[{"href":"https:\/\/tempsetor.be\/galerie\/wp-json\/wp\/v2\/types\/product"}],"wp:featuredmedia":[{"embeddable":true,"href":"https:\/\/tempsetor.be\/galerie\/wp-json\/wp\/v2\/media\/8537"}],"wp:attachment":[{"href":"https:\/\/tempsetor.be\/galerie\/wp-json\/wp\/v2\/media?parent=8536"}],"wp:term":[{"taxonomy":"product_brand","embeddable":true,"href":"https:\/\/tempsetor.be\/galerie\/wp-json\/wp\/v2\/product_brand?post=8536"},{"taxonomy":"product_cat","embeddable":true,"href":"https:\/\/tempsetor.be\/galerie\/wp-json\/wp\/v2\/product_cat?post=8536"},{"taxonomy":"product_tag","embeddable":true,"href":"https:\/\/tempsetor.be\/galerie\/wp-json\/wp\/v2\/product_tag?post=8536"}],"curies":[{"name":"wp","href":"https:\/\/api.w.org\/{rel}","templated":true}]}}