{"id":8541,"date":"2025-09-23T15:34:38","date_gmt":"2025-09-23T13:34:38","guid":{"rendered":"https:\/\/tempsetor.be\/galerie\/?post_type=product&#038;p=8541"},"modified":"2025-10-20T15:21:31","modified_gmt":"2025-10-20T13:21:31","slug":"montre-dames-orient-star-classic-re-nd0022lnd0022l00b","status":"publish","type":"product","link":"https:\/\/tempsetor.be\/galerie\/produit\/montre-dames-orient-star-classic-re-nd0022lnd0022l00b\/","title":{"rendered":"Montre dames Orient Star &#8211; Classic &#8211; RE-ND0022L"},"content":{"rendered":"<p>Montre Orient Star RE\u2011ND0022L00B \u2013 \u00e9dition limit\u00e9e 600 pi\u00e8ces, calibre m\u00e9canique 55C22 \u00e0 remontage automatique et manuel, bo\u00eetier acier de 30,5\u202fmm avec cadran d\u00e9grad\u00e9 bleu\u2011gris open heart, r\u00e9serve de marche ~40\u202fh, \u00e9tanch\u00e9it\u00e9 50\u202fm, bracelet m\u00e9tal.<\/p>\n","protected":false},"excerpt":{"rendered":"<p><img loading=\"lazy\" decoding=\"async\" class=\"wp-image-6615 size-full\" src=\"https:\/\/tempsetor.be\/galerie\/wp-content\/uploads\/2022\/11\/orientstar-logo.jpg\" alt=\"Orient Star - logo\" width=\"191\" height=\"81\" srcset=\"https:\/\/tempsetor.be\/galerie\/wp-content\/uploads\/2022\/11\/orientstar-logo.jpg 191w, https:\/\/tempsetor.be\/galerie\/wp-content\/uploads\/2022\/11\/orientstar-logo-50x21.jpg 50w, https:\/\/tempsetor.be\/galerie\/wp-content\/uploads\/2022\/11\/orientstar-logo-150x64.jpg 150w\" sizes=\"auto, (max-width:767px) 191px, 191px\" \/><\/p>\n<p data-start=\"2978\" data-end=\"3250\">L\u2019Orient Star RE\u2011ND0022L00B est une montre automatique raffin\u00e9e en \u00e9dition limit\u00e9e \u00e0 600 exemplaires, qui incarne le charme discret et la ma\u00eetrise horlog\u00e8re japonaise. Son bo\u00eetier en acier inoxydable de 30,5 mm est associ\u00e9 \u00e0 une couronne plaqu\u00e9e or rose et un bracelet m\u00e9tallique \u00e9l\u00e9gant. Le cadran d\u00e9grad\u00e9 bleu\u2011gris \u00e9voque les paysages d\u2019hiver, avec une ouverture subtile laissant appara\u00eetre le c\u0153ur battant du mouvement m\u00e9canique.<\/p>\n<p data-start=\"2978\" data-end=\"3250\">Ce calibre 55C22, \u00e0 remontage automatique et manuel, offre une r\u00e9serve de marche d\u2019environ 40 heures. La montre est \u00e9tanche jusqu\u2019\u00e0 50 m\u00e8tres et dispose d\u2019un fond transparent viss\u00e9, permettant d\u2019admirer le m\u00e9canisme en action.<\/p>\n<p data-start=\"2978\" data-end=\"3250\">Chaque exemplaire est num\u00e9rot\u00e9 individuellement, soulignant son exclusivit\u00e9. Un garde-temps \u00e0 la fois po\u00e9tique et technique, pens\u00e9 pour celles qui recherchent une montre unique et pr\u00e9cieuse au quotidien.<\/p>\n<p><div class=\"alert alert_error\"><div class=\"alert_icon\"><svg viewBox=\"0 0 28 28\"><defs><style>.path{fill:none;stroke:#000;stroke-miterlimit:10;stroke-width:1.5px;}<\/style><\/defs><g><circle cx=\"14\" cy=\"20\" r=\"0.33\" class=\"path\"\/><line x1=\"14\" y1=\"8.72\" x2=\"14\" y2=\"16.72\" class=\"path\"\/><path d=\"M12.6,3.42,1.54,22.58A1.61,1.61,0,0,0,2.93,25H25.07a1.61,1.61,0,0,0,1.39-2.42L15.4,3.42A1.61,1.61,0,0,0,12.6,3.42Z\" class=\"path\"\/><\/g><\/svg><\/div><div class=\"alert_wrapper\">Le montant affich\u00e9 peut \u00eatre modifi\u00e9 par le fournisseur sans que nous en soyons inform\u00e9s. Une diff\u00e9rence entre le prix affich\u00e9 ici et en magasin reste possible.<\/div><a href=\"#\" class=\"close mfn-close-icon\"><span class=\"icon\">\u2715<\/span><\/a><\/div>\n<div class=\"alert alert_info\"><div class=\"alert_icon\"><svg viewBox=\"0 0 28 28\"><defs><style>.path{fill:none;stroke:#000;stroke-miterlimit:10;stroke-width:1.5px;}<\/style><\/defs><g><circle class=\"path\" cx=\"14\" cy=\"14\" r=\"12\"\/><path class=\"path\" d=\"M11.2,9.12a3.4,3.4,0,0,1,3-1.69,2.84,2.84,0,0,1,3,2.76,3.16,3.16,0,0,1-.84,2.23c-.63.74-1.58,1.18-2.19,1.88a1,1,0,0,0-.26.64v2.32\"\/><circle class=\"path\" cx=\"14\" cy=\"20\" r=\"0.33\"\/><\/g><\/svg><\/div><div class=\"alert_wrapper\">Faites vos demandes particuli\u00e8res ou passez votre commande via ce formulaire <\/div><a href=\"#\" class=\"close mfn-close-icon\"><span class=\"icon\">\u2715<\/span><\/a><\/div>\n <a class=\"button  button_size_3\" href=\"https:\/\/tempsetor.be\/galerie\/ma-commande\/\"     target=\"_blank\"    title=\"\"><span class=\"button_label\">&gt; Formulaire<\/span><\/a>\n<\/p>\n","protected":false},"featured_media":8542,"template":"","meta":{"_monsterinsights_skip_tracking":false,"_monsterinsights_sitenote_active":false,"_monsterinsights_sitenote_note":"","_monsterinsights_sitenote_category":0},"product_brand":[],"product_cat":[28,2594,27],"product_tag":[],"class_list":{"0":"post-8541","1":"product","2":"type-product","3":"status-publish","4":"has-post-thumbnail","6":"product_cat-montres-dames","7":"product_cat-orient-dames","8":"product_cat-dames","10":"first","11":"instock","12":"shipping-taxable","13":"purchasable","14":"product-type-simple"},"_links":{"self":[{"href":"https:\/\/tempsetor.be\/galerie\/wp-json\/wp\/v2\/product\/8541","targetHints":{"allow":["GET"]}}],"collection":[{"href":"https:\/\/tempsetor.be\/galerie\/wp-json\/wp\/v2\/product"}],"about":[{"href":"https:\/\/tempsetor.be\/galerie\/wp-json\/wp\/v2\/types\/product"}],"wp:featuredmedia":[{"embeddable":true,"href":"https:\/\/tempsetor.be\/galerie\/wp-json\/wp\/v2\/media\/8542"}],"wp:attachment":[{"href":"https:\/\/tempsetor.be\/galerie\/wp-json\/wp\/v2\/media?parent=8541"}],"wp:term":[{"taxonomy":"product_brand","embeddable":true,"href":"https:\/\/tempsetor.be\/galerie\/wp-json\/wp\/v2\/product_brand?post=8541"},{"taxonomy":"product_cat","embeddable":true,"href":"https:\/\/tempsetor.be\/galerie\/wp-json\/wp\/v2\/product_cat?post=8541"},{"taxonomy":"product_tag","embeddable":true,"href":"https:\/\/tempsetor.be\/galerie\/wp-json\/wp\/v2\/product_tag?post=8541"}],"curies":[{"name":"wp","href":"https:\/\/api.w.org\/{rel}","templated":true}]}}